{"id":1293,"date":"2024-06-21T07:14:17","date_gmt":"2024-06-21T07:14:17","guid":{"rendered":"https:\/\/sssmachinery.com\/?post_type=product&#038;p=1293"},"modified":"2024-06-21T07:14:18","modified_gmt":"2024-06-21T07:14:18","slug":"apple-puree-pulp-production-line-apple-brush-clean-machine-fruit-production-line","status":"publish","type":"product","link":"https:\/\/sssmachinery.com\/it\/prodotto\/apple-puree-pulp-production-line-apple-brush-clean-machine-fruit-production-line\/","title":{"rendered":"Linea di produzione della polpa di purea di mele Macchina per la pulizia delle spazzole di mele Linea di produzione della frutta"},"content":{"rendered":"<h1><span style=\"color: #0000ff;\">Descrizione del prodotto<\/span><\/h1>\n<hr \/>\n<ul>\n<li>La linea di produzione di purea di mele Apple Brush Clean Machine \u00e8 un sistema all'avanguardia progettato per migliorare l'efficienza e la produttivit\u00e0 della produzione di purea di mele. Questa linea di produzione avanzata comprende una macchina specializzata per la pulizia delle mele che pulisce efficacemente le mele prima della polpa.<\/li>\n<li>Con la nostra tecnologia all'avanguardia, potete essere certi di ottenere una produzione di alta qualit\u00e0 e di massimizzare la resa riducendo al minimo gli scarti nella vostra attivit\u00e0 di lavorazione delle mele. La macchina per la pulizia delle mele con spazzole \u00e8 dotata di componenti ad alte prestazioni che garantiscono una pulizia accurata e la preparazione delle mele per la polpa.<\/li>\n<li>Investendo nella nostra linea di produzione di purea di mele, potrete ottimizzare il vostro processo produttivo e aumentare la vostra produzione complessiva. Le nostre macchine sono costruite per offrire prestazioni costanti e affidabili, aiutandovi a ottenere risultati ottimali nella produzione di purea di mele.<\/li>\n<li>Contattateci oggi stesso per ricevere un preventivo gratuito e per saperne di pi\u00f9 su come la nostra linea di produzione avanzata pu\u00f2 essere vantaggiosa per la vostra azienda. Aumentate l'efficienza e migliorate la qualit\u00e0 dei vostri prodotti di purea di mele con la linea di produzione di purea di mele Apple Brush Clean Machine.<\/li>\n<\/ul>\n<h2><span style=\"color: #0000ff;\">Parametri del modulo<\/span><\/h2>\n<hr \/>\n<table class=\"has-title all magic-4\">\n<tbody>\n<tr>\n<td colspan=\"1\" rowspan=\"1\">\n<div class=\"magic-5\" data-spm-anchor-id=\"a2700.details.0.i61.725725806jUgEy\"><strong>articolo<\/strong><\/div>\n<\/td>\n<td colspan=\"1\" rowspan=\"1\">\n<div class=\"magic-6\"><strong>valore<\/strong><\/div>\n<\/td>\n<\/tr>\n<tr>\n<td colspan=\"1\" rowspan=\"1\">\n<div class=\"magic-5\"><strong>Industrie applicabili<\/strong><\/div>\n<\/td>\n<td colspan=\"1\" rowspan=\"1\">\n<div class=\"magic-6\"><strong>Stabilimento di produzione, Fabbrica di alimenti e bevande, Altro<\/strong><\/div>\n<\/td>\n<\/tr>\n<tr>\n<td colspan=\"1\" rowspan=\"1\">\n<div class=\"magic-5\"><strong>Posizione dello showroom<\/strong><\/div>\n<\/td>\n<td colspan=\"1\" rowspan=\"1\">\n<div class=\"magic-6\"><strong>Nessuno<\/strong><\/div>\n<\/td>\n<\/tr>\n<tr>\n<td colspan=\"1\" rowspan=\"1\">\n<div class=\"magic-5\"><strong>Video uscita-ispezione<\/strong><\/div>\n<\/td>\n<td colspan=\"1\" rowspan=\"1\">\n<div class=\"magic-6\"><strong>Fornito<\/strong><\/div>\n<\/td>\n<\/tr>\n<tr>\n<td colspan=\"1\" rowspan=\"1\">\n<div class=\"magic-5\"><strong>Rapporto di prova del macchinario<\/strong><\/div>\n<\/td>\n<td colspan=\"1\" rowspan=\"1\">\n<div class=\"magic-6\"><strong>Fornito<\/strong><\/div>\n<\/td>\n<\/tr>\n<tr>\n<td colspan=\"1\" rowspan=\"1\">\n<div class=\"magic-5\"><strong>Tipo di marketing<\/strong><\/div>\n<\/td>\n<td colspan=\"1\" rowspan=\"1\">\n<div class=\"magic-6\"><strong>Nuovo prodotto 2024<\/strong><\/div>\n<\/td>\n<\/tr>\n<tr>\n<td colspan=\"1\" rowspan=\"1\">\n<div class=\"magic-5\"><strong>Garanzia dei componenti principali<\/strong><\/div>\n<\/td>\n<td colspan=\"1\" rowspan=\"1\">\n<div class=\"magic-6\"><strong>1 anno<\/strong><\/div>\n<\/td>\n<\/tr>\n<tr>\n<td colspan=\"1\" rowspan=\"1\">\n<div class=\"magic-5\"><strong>Componenti principali<\/strong><\/div>\n<\/td>\n<td colspan=\"1\" rowspan=\"1\">\n<div class=\"magic-6\"><strong>PLC, motore, motore<\/strong><\/div>\n<\/td>\n<\/tr>\n<tr>\n<td colspan=\"1\" rowspan=\"1\">\n<div class=\"magic-5\"><strong>Condizione<\/strong><\/div>\n<\/td>\n<td colspan=\"1\" rowspan=\"1\">\n<div class=\"magic-6\"><strong>Nuovo<\/strong><\/div>\n<\/td>\n<\/tr>\n<tr>\n<td colspan=\"1\" rowspan=\"1\">\n<div class=\"magic-5\"><strong>Luogo di origine<\/strong><\/div>\n<\/td>\n<td colspan=\"1\" rowspan=\"1\">\n<div class=\"magic-6\"><strong>Cina<\/strong><\/div>\n<\/td>\n<\/tr>\n<tr>\n<td colspan=\"1\" rowspan=\"1\">\n<div class=\"magic-5\"><strong>Nome del marchio<\/strong><\/div>\n<\/td>\n<td colspan=\"1\" rowspan=\"1\">\n<div class=\"magic-6\"><strong>SSS<\/strong><\/div>\n<\/td>\n<\/tr>\n<tr>\n<td colspan=\"1\" rowspan=\"1\">\n<div class=\"magic-5\"><strong>Tipo<\/strong><\/div>\n<\/td>\n<td colspan=\"1\" rowspan=\"1\">\n<div class=\"magic-6\"><strong>Disidratatore alimentare industriale<\/strong><\/div>\n<\/td>\n<\/tr>\n<tr>\n<td colspan=\"1\" rowspan=\"1\">\n<div class=\"magic-5\"><strong>Tensione<\/strong><\/div>\n<\/td>\n<td colspan=\"1\" rowspan=\"1\">\n<div class=\"magic-6\"><strong>220V 380V 400V<\/strong><\/div>\n<\/td>\n<\/tr>\n<tr>\n<td colspan=\"1\" rowspan=\"1\">\n<div class=\"magic-5\"><strong>Garanzia<\/strong><\/div>\n<\/td>\n<td colspan=\"1\" rowspan=\"1\">\n<div class=\"magic-6\"><strong>1 anno<\/strong><\/div>\n<\/td>\n<\/tr>\n<tr>\n<td colspan=\"1\" rowspan=\"1\">\n<div class=\"magic-5\"><strong>Applicazione<\/strong><\/div>\n<\/td>\n<td colspan=\"1\" rowspan=\"1\">\n<div class=\"magic-6\"><strong>Mela pera arancia Cotogna e cos\u00ec via\u00a0<\/strong><\/div>\n<\/td>\n<\/tr>\n<tr>\n<td colspan=\"1\" rowspan=\"1\">\n<div class=\"magic-5\"><strong>Nome<\/strong><\/div>\n<\/td>\n<td colspan=\"1\" rowspan=\"1\">\n<div class=\"magic-6\"><strong>Linea di lavorazione del succo di polpa della purea di frutta<\/strong><\/div>\n<\/td>\n<\/tr>\n<tr>\n<td colspan=\"1\" rowspan=\"1\">\n<div class=\"magic-5\"><strong>Servizio post-vendita fornito<\/strong><\/div>\n<\/td>\n<td colspan=\"1\" rowspan=\"1\">\n<div class=\"magic-6\"><strong>Servizio Macchine all'estero<\/strong><\/div>\n<\/td>\n<\/tr>\n<tr>\n<td colspan=\"1\" rowspan=\"1\">\n<div class=\"magic-5\"><strong>Materiale<\/strong><\/div>\n<\/td>\n<td colspan=\"1\" rowspan=\"1\">\n<div class=\"magic-6\"><strong>Acciaio inox 304<\/strong><\/div>\n<\/td>\n<\/tr>\n<tr>\n<td colspan=\"1\" rowspan=\"1\">\n<div class=\"magic-5\"><strong>Potenza<\/strong><\/div>\n<\/td>\n<td colspan=\"1\" rowspan=\"1\">\n<div class=\"magic-6\"><strong>Macchine specifiche<\/strong><\/div>\n<\/td>\n<\/tr>\n<tr>\n<td colspan=\"1\" rowspan=\"1\">\n<div class=\"magic-5\"><strong>Vantaggio<\/strong><\/div>\n<\/td>\n<td colspan=\"1\" rowspan=\"1\">\n<div class=\"magic-6\"><strong>Basso consumo Alta efficienza<\/strong><\/div>\n<\/td>\n<\/tr>\n<tr>\n<td colspan=\"1\" rowspan=\"1\">\n<div class=\"magic-5\"><strong>Prodotto finale<\/strong><\/div>\n<\/td>\n<td colspan=\"1\" rowspan=\"1\">\n<div class=\"magic-6\"><strong>Purea Polpa Succo Pasta\u00a0<\/strong><\/div>\n<\/td>\n<\/tr>\n<tr>\n<td colspan=\"1\" rowspan=\"1\">\n<div class=\"magic-5\"><strong>Pacchetto<\/strong><\/div>\n<\/td>\n<td colspan=\"1\" rowspan=\"1\">\n<div class=\"magic-6\"><strong>Pacchetto di legno o esportazione adatta<\/strong><\/div>\n<\/td>\n<\/tr>\n<tr>\n<td colspan=\"1\" rowspan=\"1\">\n<div class=\"magic-5\"><strong>Certificazione<\/strong><\/div>\n<\/td>\n<td colspan=\"1\" rowspan=\"1\">\n<div class=\"magic-6\"><strong>CE\/ISO9001<\/strong><\/div>\n<\/td>\n<\/tr>\n<tr>\n<td colspan=\"1\" rowspan=\"1\">\n<div class=\"magic-5\"><strong>Operazione<\/strong><\/div>\n<\/td>\n<td colspan=\"1\" rowspan=\"1\">\n<div class=\"magic-6\"><strong>Facilmente<\/strong><\/div>\n<\/td>\n<\/tr>\n<\/tbody>\n<\/table>","protected":false},"excerpt":{"rendered":"<p>Product description The Apple puree pulp production line Apple Brush Clean Machine is a state-of-the-art system designed to enhance efficiency [&hellip;]<\/p>","protected":false},"featured_media":1295,"template":"","meta":{"_uag_custom_page_level_css":"","_monsterinsights_skip_tracking":false,"_monsterinsights_sitenote_active":false,"_monsterinsights_sitenote_note":"","_monsterinsights_sitenote_category":0,"site-sidebar-layout":"default","site-content-layout":"","ast-site-content-layout":"default","site-content-style":"default","site-sidebar-style":"default","ast-global-header-display":"","ast-banner-title-visibility":"","ast-main-header-display":"","ast-hfb-above-header-display":"","ast-hfb-below-header-display":"","ast-hfb-mobile-header-display":"","site-post-title":"","ast-breadcrumbs-content":"","ast-featured-img":"","footer-sml-layout":"","theme-transparent-header-meta":"default","adv-header-id-meta":"","stick-header-meta":"default","header-above-stick-meta":"","header-main-stick-meta":"","header-below-stick-meta":"","astra-migrate-meta-layouts":"set","ast-page-background-enabled":"default","ast-page-background-meta":{"desktop":{"background-color":"var(--ast-global-color-4)","background-image":"","background-repeat":"repeat","background-position":"center center","background-size":"auto","background-attachment":"scroll","background-type":"","background-media":"","overlay-type":"","overlay-color":"","overlay-opacity":"","overlay-gradient":""},"tablet":{"background-color":"","background-image":"","background-repeat":"repeat","background-position":"center center","background-size":"auto","background-attachment":"scroll","background-type":"","background-media":"","overlay-type":"","overlay-color":"","overlay-opacity":"","overlay-gradient":""},"mobile":{"background-color":"","background-image":"","background-repeat":"repeat","background-position":"center center","background-size":"auto","background-attachment":"scroll","background-type":"","background-media":"","overlay-type":"","overlay-color":"","overlay-opacity":"","overlay-gradient":""}},"ast-content-background-meta":{"desktop":{"background-color":"var(--ast-global-color-5)","background-image":"","background-repeat":"repeat","background-position":"center center","background-size":"auto","background-attachment":"scroll","background-type":"","background-media":"","overlay-type":"","overlay-color":"","overlay-opacity":"","overlay-gradient":""},"tablet":{"background-color":"var(--ast-global-color-5)","background-image":"","background-repeat":"repeat","background-position":"center center","background-size":"auto","background-attachment":"scroll","background-type":"","background-media":"","overlay-type":"","overlay-color":"","overlay-opacity":"","overlay-gradient":""},"mobile":{"background-color":"var(--ast-global-color-5)","background-image":"","background-repeat":"repeat","background-position":"center center","background-size":"auto","background-attachment":"scroll","background-type":"","background-media":"","overlay-type":"","overlay-color":"","overlay-opacity":"","overlay-gradient":""}}},"product_cat":[24,31,34],"product_tag":[],"yoast_head":"<!-- This site is optimized with the Yoast SEO Premium plugin v22.6 (Yoast SEO v22.6) - https:\/\/yoast.com\/wordpress\/plugins\/seo\/ -->\n<title>Apple puree pulp production line Apple Brush Clean Machine Fruit production line - SSS Food Machinery Technology<\/title>\n<meta name=\"description\" content=\"Boost efficiency with our advanced Fruit production line. From cleaning to pulping, our machines ensure top-quality output. Maximize yield and minimize waste for your apple processing business. Get a free quote today!\" \/>\n<meta name=\"robots\" content=\"index, follow, max-snippet:-1, max-image-preview:large, max-video-preview:-1\" \/>\n<link rel=\"canonical\" href=\"https:\/\/sssmachinery.com\/it\/prodotto\/apple-puree-pulp-production-line-apple-brush-clean-machine-fruit-production-line\/\" \/>\n<meta property=\"og:locale\" content=\"it_IT\" \/>\n<meta property=\"og:type\" content=\"article\" \/>\n<meta property=\"og:title\" content=\"Apple puree pulp production line Apple Brush Clean Machine Fruit production line\" \/>\n<meta property=\"og:description\" content=\"Boost efficiency with our advanced Fruit production line. From cleaning to pulping, our machines ensure top-quality output. Maximize yield and minimize waste for your apple processing business. Get a free quote today!\" \/>\n<meta property=\"og:url\" content=\"https:\/\/sssmachinery.com\/it\/prodotto\/apple-puree-pulp-production-line-apple-brush-clean-machine-fruit-production-line\/\" \/>\n<meta property=\"og:site_name\" content=\"SSS Food Machinery Technology\" \/>\n<meta property=\"article:modified_time\" content=\"2024-06-21T07:14:18+00:00\" \/>\n<meta name=\"twitter:card\" content=\"summary_large_image\" \/>\n<meta name=\"twitter:label1\" content=\"Tempo di lettura stimato\" \/>\n\t<meta name=\"twitter:data1\" content=\"2 minuti\" \/>\n<script type=\"application\/ld+json\" class=\"yoast-schema-graph\">{\"@context\":\"https:\/\/schema.org\",\"@graph\":[{\"@type\":\"WebPage\",\"@id\":\"https:\/\/sssmachinery.com\/product\/apple-puree-pulp-production-line-apple-brush-clean-machine-fruit-production-line\/\",\"url\":\"https:\/\/sssmachinery.com\/product\/apple-puree-pulp-production-line-apple-brush-clean-machine-fruit-production-line\/\",\"name\":\"Apple puree pulp production line Apple Brush Clean Machine Fruit production line - SSS Food Machinery Technology\",\"isPartOf\":{\"@id\":\"https:\/\/sssmachinery.com\/#website\"},\"primaryImageOfPage\":{\"@id\":\"https:\/\/sssmachinery.com\/product\/apple-puree-pulp-production-line-apple-brush-clean-machine-fruit-production-line\/#primaryimage\"},\"image\":{\"@id\":\"https:\/\/sssmachinery.com\/product\/apple-puree-pulp-production-line-apple-brush-clean-machine-fruit-production-line\/#primaryimage\"},\"thumbnailUrl\":\"https:\/\/sssmachinery.com\/wp-content\/uploads\/2024\/06\/6-1.avif\",\"datePublished\":\"2024-06-21T07:14:17+00:00\",\"dateModified\":\"2024-06-21T07:14:18+00:00\",\"description\":\"Boost efficiency with our advanced Fruit production line. From cleaning to pulping, our machines ensure top-quality output. Maximize yield and minimize waste for your apple processing business. Get a free quote today!\",\"breadcrumb\":{\"@id\":\"https:\/\/sssmachinery.com\/product\/apple-puree-pulp-production-line-apple-brush-clean-machine-fruit-production-line\/#breadcrumb\"},\"inLanguage\":\"it-IT\",\"potentialAction\":[{\"@type\":\"ReadAction\",\"target\":[\"https:\/\/sssmachinery.com\/product\/apple-puree-pulp-production-line-apple-brush-clean-machine-fruit-production-line\/\"]}]},{\"@type\":\"ImageObject\",\"inLanguage\":\"it-IT\",\"@id\":\"https:\/\/sssmachinery.com\/product\/apple-puree-pulp-production-line-apple-brush-clean-machine-fruit-production-line\/#primaryimage\",\"url\":\"https:\/\/sssmachinery.com\/wp-content\/uploads\/2024\/06\/6-1.avif\",\"contentUrl\":\"https:\/\/sssmachinery.com\/wp-content\/uploads\/2024\/06\/6-1.avif\",\"width\":1280,\"height\":1280,\"caption\":\"Fruit production line\"},{\"@type\":\"BreadcrumbList\",\"@id\":\"https:\/\/sssmachinery.com\/product\/apple-puree-pulp-production-line-apple-brush-clean-machine-fruit-production-line\/#breadcrumb\",\"itemListElement\":[{\"@type\":\"ListItem\",\"position\":1,\"name\":\"\u9996\u9875\",\"item\":\"https:\/\/sssmachinery.com\/\"},{\"@type\":\"ListItem\",\"position\":2,\"name\":\"Products\",\"item\":\"https:\/\/sssmachinery.com\/products\/\"},{\"@type\":\"ListItem\",\"position\":3,\"name\":\"Apple puree pulp production line Apple Brush Clean Machine Fruit production line\"}]},{\"@type\":\"WebSite\",\"@id\":\"https:\/\/sssmachinery.com\/#website\",\"url\":\"https:\/\/sssmachinery.com\/\",\"name\":\"SSS Food Machinery Technology\",\"description\":\"BEST SOLUTIONS FOR TORTILLA MACHINERY\",\"publisher\":{\"@id\":\"https:\/\/sssmachinery.com\/#organization\"},\"potentialAction\":[{\"@type\":\"SearchAction\",\"target\":{\"@type\":\"EntryPoint\",\"urlTemplate\":\"https:\/\/sssmachinery.com\/?s={search_term_string}\"},\"query-input\":\"required name=search_term_string\"}],\"inLanguage\":\"it-IT\"},{\"@type\":\"Organization\",\"@id\":\"https:\/\/sssmachinery.com\/#organization\",\"name\":\"SSS Food Machinery Technology\",\"url\":\"https:\/\/sssmachinery.com\/\",\"logo\":{\"@type\":\"ImageObject\",\"inLanguage\":\"it-IT\",\"@id\":\"https:\/\/sssmachinery.com\/#\/schema\/logo\/image\/\",\"url\":\"https:\/\/sssmachinery.com\/wp-content\/uploads\/2024\/05\/cropped-logo-1.png\",\"contentUrl\":\"https:\/\/sssmachinery.com\/wp-content\/uploads\/2024\/05\/cropped-logo-1.png\",\"width\":512,\"height\":512,\"caption\":\"SSS Food Machinery Technology\"},\"image\":{\"@id\":\"https:\/\/sssmachinery.com\/#\/schema\/logo\/image\/\"}}]}<\/script>\n<!-- \/ Yoast SEO Premium plugin. -->","yoast_head_json":{"title":"Apple puree pulp production line Apple Brush Clean Machine Fruit production line - SSS Food Machinery Technology","description":"Boost efficiency with our advanced Fruit production line. From cleaning to pulping, our machines ensure top-quality output. Maximize yield and minimize waste for your apple processing business. Get a free quote today!","robots":{"index":"index","follow":"follow","max-snippet":"max-snippet:-1","max-image-preview":"max-image-preview:large","max-video-preview":"max-video-preview:-1"},"canonical":"https:\/\/sssmachinery.com\/it\/prodotto\/apple-puree-pulp-production-line-apple-brush-clean-machine-fruit-production-line\/","og_locale":"it_IT","og_type":"article","og_title":"Apple puree pulp production line Apple Brush Clean Machine Fruit production line","og_description":"Boost efficiency with our advanced Fruit production line. From cleaning to pulping, our machines ensure top-quality output. Maximize yield and minimize waste for your apple processing business. Get a free quote today!","og_url":"https:\/\/sssmachinery.com\/it\/prodotto\/apple-puree-pulp-production-line-apple-brush-clean-machine-fruit-production-line\/","og_site_name":"SSS Food Machinery Technology","article_modified_time":"2024-06-21T07:14:18+00:00","twitter_card":"summary_large_image","twitter_misc":{"Tempo di lettura stimato":"2 minuti"},"schema":{"@context":"https:\/\/schema.org","@graph":[{"@type":"WebPage","@id":"https:\/\/sssmachinery.com\/product\/apple-puree-pulp-production-line-apple-brush-clean-machine-fruit-production-line\/","url":"https:\/\/sssmachinery.com\/product\/apple-puree-pulp-production-line-apple-brush-clean-machine-fruit-production-line\/","name":"Apple puree pulp production line Apple Brush Clean Machine Fruit production line - SSS Food Machinery Technology","isPartOf":{"@id":"https:\/\/sssmachinery.com\/#website"},"primaryImageOfPage":{"@id":"https:\/\/sssmachinery.com\/product\/apple-puree-pulp-production-line-apple-brush-clean-machine-fruit-production-line\/#primaryimage"},"image":{"@id":"https:\/\/sssmachinery.com\/product\/apple-puree-pulp-production-line-apple-brush-clean-machine-fruit-production-line\/#primaryimage"},"thumbnailUrl":"https:\/\/sssmachinery.com\/wp-content\/uploads\/2024\/06\/6-1.avif","datePublished":"2024-06-21T07:14:17+00:00","dateModified":"2024-06-21T07:14:18+00:00","description":"Boost efficiency with our advanced Fruit production line. From cleaning to pulping, our machines ensure top-quality output. Maximize yield and minimize waste for your apple processing business. Get a free quote today!","breadcrumb":{"@id":"https:\/\/sssmachinery.com\/product\/apple-puree-pulp-production-line-apple-brush-clean-machine-fruit-production-line\/#breadcrumb"},"inLanguage":"it-IT","potentialAction":[{"@type":"ReadAction","target":["https:\/\/sssmachinery.com\/product\/apple-puree-pulp-production-line-apple-brush-clean-machine-fruit-production-line\/"]}]},{"@type":"ImageObject","inLanguage":"it-IT","@id":"https:\/\/sssmachinery.com\/product\/apple-puree-pulp-production-line-apple-brush-clean-machine-fruit-production-line\/#primaryimage","url":"https:\/\/sssmachinery.com\/wp-content\/uploads\/2024\/06\/6-1.avif","contentUrl":"https:\/\/sssmachinery.com\/wp-content\/uploads\/2024\/06\/6-1.avif","width":1280,"height":1280,"caption":"Fruit production line"},{"@type":"BreadcrumbList","@id":"https:\/\/sssmachinery.com\/product\/apple-puree-pulp-production-line-apple-brush-clean-machine-fruit-production-line\/#breadcrumb","itemListElement":[{"@type":"ListItem","position":1,"name":"\u9996\u9875","item":"https:\/\/sssmachinery.com\/"},{"@type":"ListItem","position":2,"name":"Products","item":"https:\/\/sssmachinery.com\/products\/"},{"@type":"ListItem","position":3,"name":"Apple puree pulp production line Apple Brush Clean Machine Fruit production line"}]},{"@type":"WebSite","@id":"https:\/\/sssmachinery.com\/#website","url":"https:\/\/sssmachinery.com\/","name":"SSS Food Machinery Technology","description":"BEST SOLUTIONS FOR TORTILLA MACHINERY","publisher":{"@id":"https:\/\/sssmachinery.com\/#organization"},"potentialAction":[{"@type":"SearchAction","target":{"@type":"EntryPoint","urlTemplate":"https:\/\/sssmachinery.com\/?s={search_term_string}"},"query-input":"required name=search_term_string"}],"inLanguage":"it-IT"},{"@type":"Organization","@id":"https:\/\/sssmachinery.com\/#organization","name":"SSS Food Machinery Technology","url":"https:\/\/sssmachinery.com\/","logo":{"@type":"ImageObject","inLanguage":"it-IT","@id":"https:\/\/sssmachinery.com\/#\/schema\/logo\/image\/","url":"https:\/\/sssmachinery.com\/wp-content\/uploads\/2024\/05\/cropped-logo-1.png","contentUrl":"https:\/\/sssmachinery.com\/wp-content\/uploads\/2024\/05\/cropped-logo-1.png","width":512,"height":512,"caption":"SSS Food Machinery Technology"},"image":{"@id":"https:\/\/sssmachinery.com\/#\/schema\/logo\/image\/"}}]}},"uagb_featured_image_src":{"full":["https:\/\/sssmachinery.com\/wp-content\/uploads\/2024\/06\/6-1.avif",1280,1280,false],"thumbnail":["https:\/\/sssmachinery.com\/wp-content\/uploads\/2024\/06\/6-1-150x150.avif",150,150,true],"medium":["https:\/\/sssmachinery.com\/wp-content\/uploads\/2024\/06\/6-1-300x300.avif",300,300,true],"medium_large":["https:\/\/sssmachinery.com\/wp-content\/uploads\/2024\/06\/6-1-768x768.avif",768,768,true],"large":["https:\/\/sssmachinery.com\/wp-content\/uploads\/2024\/06\/6-1-1024x1024.avif",1024,1024,true],"1536x1536":["https:\/\/sssmachinery.com\/wp-content\/uploads\/2024\/06\/6-1.avif",1280,1280,false],"2048x2048":["https:\/\/sssmachinery.com\/wp-content\/uploads\/2024\/06\/6-1.avif",1280,1280,false],"trp-custom-language-flag":["https:\/\/sssmachinery.com\/wp-content\/uploads\/2024\/06\/6-1-12x12.avif",12,12,true],"woocommerce_thumbnail":["https:\/\/sssmachinery.com\/wp-content\/uploads\/2024\/06\/6-1-300x300.avif",300,300,true],"woocommerce_single":["https:\/\/sssmachinery.com\/wp-content\/uploads\/2024\/06\/6-1-600x600.avif",600,600,true],"woocommerce_gallery_thumbnail":["https:\/\/sssmachinery.com\/wp-content\/uploads\/2024\/06\/6-1-100x100.avif",100,100,true]},"uagb_author_info":{"display_name":"info","author_link":"https:\/\/sssmachinery.com\/it\/author\/"},"uagb_comment_info":0,"uagb_excerpt":"Product description The Apple puree pulp production line Apple Brush Clean Machine is a state-of-the-art system designed to enhance efficiency [&hellip;]","_links":{"self":[{"href":"https:\/\/sssmachinery.com\/it\/wp-json\/wp\/v2\/product\/1293"}],"collection":[{"href":"https:\/\/sssmachinery.com\/it\/wp-json\/wp\/v2\/product"}],"about":[{"href":"https:\/\/sssmachinery.com\/it\/wp-json\/wp\/v2\/types\/product"}],"wp:featuredmedia":[{"embeddable":true,"href":"https:\/\/sssmachinery.com\/it\/wp-json\/wp\/v2\/media\/1295"}],"wp:attachment":[{"href":"https:\/\/sssmachinery.com\/it\/wp-json\/wp\/v2\/media?parent=1293"}],"wp:term":[{"taxonomy":"product_cat","embeddable":true,"href":"https:\/\/sssmachinery.com\/it\/wp-json\/wp\/v2\/product_cat?post=1293"},{"taxonomy":"product_tag","embeddable":true,"href":"https:\/\/sssmachinery.com\/it\/wp-json\/wp\/v2\/product_tag?post=1293"}],"curies":[{"name":"wp","href":"https:\/\/api.w.org\/{rel}","templated":true}]}}