{"id":988,"date":"2024-06-05T01:27:23","date_gmt":"2024-06-05T01:27:23","guid":{"rendered":"https:\/\/sssmachinery.com\/?post_type=product&#038;p=988"},"modified":"2024-06-12T02:16:49","modified_gmt":"2024-06-12T02:16:49","slug":"full-automatic-lavash-production-line-high-quality-8000pcs-per-hour-tortilla-making-machine","status":"publish","type":"product","link":"https:\/\/sssmachinery.com\/fr\/produit\/full-automatic-lavash-production-line-high-quality-8000pcs-per-hour-tortilla-making-machine\/","title":{"rendered":"Ligne de production enti\u00e8rement automatique de haute qualit\u00e9 8000pcs par heure machine \u00e0 fabriquer des tortillas"},"content":{"rendered":"<h1><span style=\"color: #0000ff;\"><strong>Description du produit<\/strong><\/span><\/h1>\n<hr \/>\n<h4><strong>CARACT\u00c9RISTIQUES PRINCIPALES<\/strong><\/h4>\n<p>1) Transport automatique de la boule de p\u00e2te vers la chambre de formage \u00e0 chauffage hydraulique.<br \/>\n2) Le syst\u00e8me de pressage hydraulique permet de presser parfaitement la boule de p\u00e2te dans la peau de la tortilla.<br \/>\n3) La bande transporteuse du four est compos\u00e9e de t\u00e9flons qui emp\u00eachent la peau des tortillas de coller sur la bande transporteuse.<br \/>\n4) Fonctionnement dans un environnement hautement automatis\u00e9 et intellectualis\u00e9, sans pollution.<br \/>\n5) Ligne de refroidissement de 3*6M.<\/p>\n<h4><strong>Pi\u00e8ces constitutives de chaque machine de la ligne de production de tortillas<\/strong><\/h4>\n<p>1 : Le rouleau se compose d'un premier \u00e9l\u00e9ment de roulement, d'un deuxi\u00e8me \u00e9l\u00e9ment de roulement, d'un troisi\u00e8me \u00e9l\u00e9ment de roulement, d'un m\u00e9canisme de roulement, et d'un m\u00e9canisme d'entra\u00eenement.<br \/>\nm\u00e9canisme de transport.<br \/>\n2 : La diviseuse de p\u00e2te se compose d'un couteau, d'un m\u00e9canisme de transport et d'un dispositif de division.<br \/>\n3 : La table de transport est compos\u00e9e d'un m\u00e9canisme de transport. 4 : La machine de pressage est compos\u00e9e de plaques chauffantes sup\u00e9rieures et inf\u00e9rieures,<br \/>\nm\u00e9canisme hydraulique, bande transporteuse \u00e0 haute temp\u00e9rature et convoyeur<br \/>\ncha\u00eene.<br \/>\n4 : Le four se compose d'un tube chauffant \u00e9lectrique, d'une plaque \u00e0 cha\u00eene et d'une cha\u00eene de transport.<br \/>\n5 : Le convoyeur de refroidissement se compose d'une cha\u00eene de refroidissement, d'un moteur de transport et d'un ventilateur de refroidissement.<br \/>\n6 : Le compteur-empileur se compose d'un m\u00e9canisme de comptage photo\u00e9lectrique, d'un m\u00e9canisme de transport et d'un dispositif pneumatique.<\/p>\n<h2><span style=\"color: #0000ff;\">Sp\u00e9cifications<\/span><\/h2>\n<hr \/>\n<table style=\"height: 229px;\" width=\"1224\">\n<tbody>\n<tr>\n<td width=\"193\"><strong>Mod\u00e8le<\/strong><\/td>\n<td width=\"193\"><strong>SSS-BP-60<\/strong><\/td>\n<\/tr>\n<tr>\n<td width=\"193\"><strong>Capacit\u00e9<\/strong><\/td>\n<td width=\"193\"><strong>2000-3800pcs\/heure<\/strong><\/td>\n<\/tr>\n<tr>\n<td width=\"193\"><strong>Puissance totale de fonctionnement<\/strong><\/td>\n<td width=\"193\"><strong>42,57 kW<\/strong><\/td>\n<\/tr>\n<tr>\n<td width=\"193\"><strong>Dimension<\/strong><\/td>\n<td width=\"193\"><strong>26000x2030x1915mm<\/strong><\/td>\n<\/tr>\n<tr>\n<td width=\"193\"><strong>Diam\u00e8tre du produit<\/strong><\/td>\n<td width=\"193\"><strong>\u2264270mm<\/strong><\/td>\n<\/tr>\n<tr>\n<td width=\"193\"><strong>Consommation de gaz<\/strong><\/td>\n<td width=\"193\"><strong>4-14m\u00b3\/heure<\/strong><\/td>\n<\/tr>\n<\/tbody>\n<\/table>","protected":false},"excerpt":{"rendered":"<p>Product description MAIN FEATURES 1) Automatic conveying of dough ball to hydraulic heating forming chember. 2) Hydraulic pressing system perfectly [&hellip;]<\/p>","protected":false},"featured_media":1062,"template":"","meta":{"_uag_custom_page_level_css":"","_monsterinsights_skip_tracking":false,"_monsterinsights_sitenote_active":false,"_monsterinsights_sitenote_note":"","_monsterinsights_sitenote_category":0,"site-sidebar-layout":"default","site-content-layout":"","ast-site-content-layout":"default","site-content-style":"default","site-sidebar-style":"default","ast-global-header-display":"","ast-banner-title-visibility":"","ast-main-header-display":"","ast-hfb-above-header-display":"","ast-hfb-below-header-display":"","ast-hfb-mobile-header-display":"","site-post-title":"","ast-breadcrumbs-content":"","ast-featured-img":"","footer-sml-layout":"","theme-transparent-header-meta":"default","adv-header-id-meta":"","stick-header-meta":"default","header-above-stick-meta":"","header-main-stick-meta":"","header-below-stick-meta":"","astra-migrate-meta-layouts":"set","ast-page-background-enabled":"default","ast-page-background-meta":{"desktop":{"background-color":"var(--ast-global-color-4)","background-image":"","background-repeat":"repeat","background-position":"center center","background-size":"auto","background-attachment":"scroll","background-type":"","background-media":"","overlay-type":"","overlay-color":"","overlay-opacity":"","overlay-gradient":""},"tablet":{"background-color":"","background-image":"","background-repeat":"repeat","background-position":"center center","background-size":"auto","background-attachment":"scroll","background-type":"","background-media":"","overlay-type":"","overlay-color":"","overlay-opacity":"","overlay-gradient":""},"mobile":{"background-color":"","background-image":"","background-repeat":"repeat","background-position":"center center","background-size":"auto","background-attachment":"scroll","background-type":"","background-media":"","overlay-type":"","overlay-color":"","overlay-opacity":"","overlay-gradient":""}},"ast-content-background-meta":{"desktop":{"background-color":"var(--ast-global-color-5)","background-image":"","background-repeat":"repeat","background-position":"center center","background-size":"auto","background-attachment":"scroll","background-type":"","background-media":"","overlay-type":"","overlay-color":"","overlay-opacity":"","overlay-gradient":""},"tablet":{"background-color":"var(--ast-global-color-5)","background-image":"","background-repeat":"repeat","background-position":"center center","background-size":"auto","background-attachment":"scroll","background-type":"","background-media":"","overlay-type":"","overlay-color":"","overlay-opacity":"","overlay-gradient":""},"mobile":{"background-color":"var(--ast-global-color-5)","background-image":"","background-repeat":"repeat","background-position":"center center","background-size":"auto","background-attachment":"scroll","background-type":"","background-media":"","overlay-type":"","overlay-color":"","overlay-opacity":"","overlay-gradient":""}}},"product_cat":[22,28],"product_tag":[],"yoast_head":"<!-- This site is optimized with the Yoast SEO Premium plugin v22.6 (Yoast SEO v22.6) - https:\/\/yoast.com\/wordpress\/plugins\/seo\/ -->\n<title>Full automatic production line high quality 8000pcs per hour tortilla making machine - SSS Food Machinery Technology<\/title>\n<meta name=\"description\" content=\"Fully automatic tortilla making machine. this machine ensures consistent quality and efficiency. Get a factory-direct price on this performing equipment .\" \/>\n<meta name=\"robots\" content=\"index, follow, max-snippet:-1, max-image-preview:large, max-video-preview:-1\" \/>\n<link rel=\"canonical\" href=\"https:\/\/sssmachinery.com\/fr\/produit\/full-automatic-lavash-production-line-high-quality-8000pcs-per-hour-tortilla-making-machine\/\" \/>\n<meta property=\"og:locale\" content=\"fr_FR\" \/>\n<meta property=\"og:type\" content=\"article\" \/>\n<meta property=\"og:title\" content=\"Full automatic production line high quality 8000pcs per hour tortilla making machine\" \/>\n<meta property=\"og:description\" content=\"Fully automatic tortilla making machine. this machine ensures consistent quality and efficiency. Get a factory-direct price on this performing equipment .\" \/>\n<meta property=\"og:url\" content=\"https:\/\/sssmachinery.com\/fr\/produit\/full-automatic-lavash-production-line-high-quality-8000pcs-per-hour-tortilla-making-machine\/\" \/>\n<meta property=\"og:site_name\" content=\"SSS Food Machinery Technology\" \/>\n<meta property=\"article:modified_time\" content=\"2024-06-12T02:16:49+00:00\" \/>\n<meta property=\"og:image\" content=\"https:\/\/sssmachinery.com\/wp-content\/uploads\/2024\/06\/IMG_0064-1.jpg\" \/>\n\t<meta property=\"og:image:width\" content=\"750\" \/>\n\t<meta property=\"og:image:height\" content=\"750\" \/>\n\t<meta property=\"og:image:type\" content=\"image\/jpeg\" \/>\n<meta name=\"twitter:card\" content=\"summary_large_image\" \/>\n<meta name=\"twitter:label1\" content=\"Dur\u00e9e de lecture estim\u00e9e\" \/>\n\t<meta name=\"twitter:data1\" content=\"2 minutes\" \/>\n<script type=\"application\/ld+json\" class=\"yoast-schema-graph\">{\"@context\":\"https:\/\/schema.org\",\"@graph\":[{\"@type\":\"WebPage\",\"@id\":\"https:\/\/sssmachinery.com\/product\/full-automatic-lavash-production-line-high-quality-8000pcs-per-hour-tortilla-making-machine\/\",\"url\":\"https:\/\/sssmachinery.com\/product\/full-automatic-lavash-production-line-high-quality-8000pcs-per-hour-tortilla-making-machine\/\",\"name\":\"Full automatic production line high quality 8000pcs per hour tortilla making machine - SSS Food Machinery Technology\",\"isPartOf\":{\"@id\":\"https:\/\/sssmachinery.com\/#website\"},\"primaryImageOfPage\":{\"@id\":\"https:\/\/sssmachinery.com\/product\/full-automatic-lavash-production-line-high-quality-8000pcs-per-hour-tortilla-making-machine\/#primaryimage\"},\"image\":{\"@id\":\"https:\/\/sssmachinery.com\/product\/full-automatic-lavash-production-line-high-quality-8000pcs-per-hour-tortilla-making-machine\/#primaryimage\"},\"thumbnailUrl\":\"https:\/\/sssmachinery.com\/wp-content\/uploads\/2024\/06\/IMG_0064-1.jpg\",\"datePublished\":\"2024-06-05T01:27:23+00:00\",\"dateModified\":\"2024-06-12T02:16:49+00:00\",\"description\":\"Fully automatic tortilla making machine. this machine ensures consistent quality and efficiency. Get a factory-direct price on this performing equipment .\",\"breadcrumb\":{\"@id\":\"https:\/\/sssmachinery.com\/product\/full-automatic-lavash-production-line-high-quality-8000pcs-per-hour-tortilla-making-machine\/#breadcrumb\"},\"inLanguage\":\"fr-FR\",\"potentialAction\":[{\"@type\":\"ReadAction\",\"target\":[\"https:\/\/sssmachinery.com\/product\/full-automatic-lavash-production-line-high-quality-8000pcs-per-hour-tortilla-making-machine\/\"]}]},{\"@type\":\"ImageObject\",\"inLanguage\":\"fr-FR\",\"@id\":\"https:\/\/sssmachinery.com\/product\/full-automatic-lavash-production-line-high-quality-8000pcs-per-hour-tortilla-making-machine\/#primaryimage\",\"url\":\"https:\/\/sssmachinery.com\/wp-content\/uploads\/2024\/06\/IMG_0064-1.jpg\",\"contentUrl\":\"https:\/\/sssmachinery.com\/wp-content\/uploads\/2024\/06\/IMG_0064-1.jpg\",\"width\":750,\"height\":750,\"caption\":\"Tortilla Machine Production line\"},{\"@type\":\"BreadcrumbList\",\"@id\":\"https:\/\/sssmachinery.com\/product\/full-automatic-lavash-production-line-high-quality-8000pcs-per-hour-tortilla-making-machine\/#breadcrumb\",\"itemListElement\":[{\"@type\":\"ListItem\",\"position\":1,\"name\":\"\u9996\u9875\",\"item\":\"https:\/\/sssmachinery.com\/\"},{\"@type\":\"ListItem\",\"position\":2,\"name\":\"Products\",\"item\":\"https:\/\/sssmachinery.com\/products\/\"},{\"@type\":\"ListItem\",\"position\":3,\"name\":\"Full automatic production line high quality 8000pcs per hour tortilla making machine\"}]},{\"@type\":\"WebSite\",\"@id\":\"https:\/\/sssmachinery.com\/#website\",\"url\":\"https:\/\/sssmachinery.com\/\",\"name\":\"SSS Food Machinery Technology\",\"description\":\"BEST SOLUTIONS FOR TORTILLA MACHINERY\",\"publisher\":{\"@id\":\"https:\/\/sssmachinery.com\/#organization\"},\"potentialAction\":[{\"@type\":\"SearchAction\",\"target\":{\"@type\":\"EntryPoint\",\"urlTemplate\":\"https:\/\/sssmachinery.com\/?s={search_term_string}\"},\"query-input\":\"required name=search_term_string\"}],\"inLanguage\":\"fr-FR\"},{\"@type\":\"Organization\",\"@id\":\"https:\/\/sssmachinery.com\/#organization\",\"name\":\"SSS Food Machinery Technology\",\"url\":\"https:\/\/sssmachinery.com\/\",\"logo\":{\"@type\":\"ImageObject\",\"inLanguage\":\"fr-FR\",\"@id\":\"https:\/\/sssmachinery.com\/#\/schema\/logo\/image\/\",\"url\":\"https:\/\/sssmachinery.com\/wp-content\/uploads\/2024\/05\/cropped-logo-1.png\",\"contentUrl\":\"https:\/\/sssmachinery.com\/wp-content\/uploads\/2024\/05\/cropped-logo-1.png\",\"width\":512,\"height\":512,\"caption\":\"SSS Food Machinery Technology\"},\"image\":{\"@id\":\"https:\/\/sssmachinery.com\/#\/schema\/logo\/image\/\"}}]}<\/script>\n<!-- \/ Yoast SEO Premium plugin. -->","yoast_head_json":{"title":"Full automatic production line high quality 8000pcs per hour tortilla making machine - SSS Food Machinery Technology","description":"Fully automatic tortilla making machine. this machine ensures consistent quality and efficiency. Get a factory-direct price on this performing equipment .","robots":{"index":"index","follow":"follow","max-snippet":"max-snippet:-1","max-image-preview":"max-image-preview:large","max-video-preview":"max-video-preview:-1"},"canonical":"https:\/\/sssmachinery.com\/fr\/produit\/full-automatic-lavash-production-line-high-quality-8000pcs-per-hour-tortilla-making-machine\/","og_locale":"fr_FR","og_type":"article","og_title":"Full automatic production line high quality 8000pcs per hour tortilla making machine","og_description":"Fully automatic tortilla making machine. this machine ensures consistent quality and efficiency. Get a factory-direct price on this performing equipment .","og_url":"https:\/\/sssmachinery.com\/fr\/produit\/full-automatic-lavash-production-line-high-quality-8000pcs-per-hour-tortilla-making-machine\/","og_site_name":"SSS Food Machinery Technology","article_modified_time":"2024-06-12T02:16:49+00:00","og_image":[{"width":750,"height":750,"url":"https:\/\/sssmachinery.com\/wp-content\/uploads\/2024\/06\/IMG_0064-1.jpg","type":"image\/jpeg"}],"twitter_card":"summary_large_image","twitter_misc":{"Dur\u00e9e de lecture estim\u00e9e":"2 minutes"},"schema":{"@context":"https:\/\/schema.org","@graph":[{"@type":"WebPage","@id":"https:\/\/sssmachinery.com\/product\/full-automatic-lavash-production-line-high-quality-8000pcs-per-hour-tortilla-making-machine\/","url":"https:\/\/sssmachinery.com\/product\/full-automatic-lavash-production-line-high-quality-8000pcs-per-hour-tortilla-making-machine\/","name":"Full automatic production line high quality 8000pcs per hour tortilla making machine - SSS Food Machinery Technology","isPartOf":{"@id":"https:\/\/sssmachinery.com\/#website"},"primaryImageOfPage":{"@id":"https:\/\/sssmachinery.com\/product\/full-automatic-lavash-production-line-high-quality-8000pcs-per-hour-tortilla-making-machine\/#primaryimage"},"image":{"@id":"https:\/\/sssmachinery.com\/product\/full-automatic-lavash-production-line-high-quality-8000pcs-per-hour-tortilla-making-machine\/#primaryimage"},"thumbnailUrl":"https:\/\/sssmachinery.com\/wp-content\/uploads\/2024\/06\/IMG_0064-1.jpg","datePublished":"2024-06-05T01:27:23+00:00","dateModified":"2024-06-12T02:16:49+00:00","description":"Fully automatic tortilla making machine. this machine ensures consistent quality and efficiency. Get a factory-direct price on this performing equipment .","breadcrumb":{"@id":"https:\/\/sssmachinery.com\/product\/full-automatic-lavash-production-line-high-quality-8000pcs-per-hour-tortilla-making-machine\/#breadcrumb"},"inLanguage":"fr-FR","potentialAction":[{"@type":"ReadAction","target":["https:\/\/sssmachinery.com\/product\/full-automatic-lavash-production-line-high-quality-8000pcs-per-hour-tortilla-making-machine\/"]}]},{"@type":"ImageObject","inLanguage":"fr-FR","@id":"https:\/\/sssmachinery.com\/product\/full-automatic-lavash-production-line-high-quality-8000pcs-per-hour-tortilla-making-machine\/#primaryimage","url":"https:\/\/sssmachinery.com\/wp-content\/uploads\/2024\/06\/IMG_0064-1.jpg","contentUrl":"https:\/\/sssmachinery.com\/wp-content\/uploads\/2024\/06\/IMG_0064-1.jpg","width":750,"height":750,"caption":"Tortilla Machine Production line"},{"@type":"BreadcrumbList","@id":"https:\/\/sssmachinery.com\/product\/full-automatic-lavash-production-line-high-quality-8000pcs-per-hour-tortilla-making-machine\/#breadcrumb","itemListElement":[{"@type":"ListItem","position":1,"name":"\u9996\u9875","item":"https:\/\/sssmachinery.com\/"},{"@type":"ListItem","position":2,"name":"Products","item":"https:\/\/sssmachinery.com\/products\/"},{"@type":"ListItem","position":3,"name":"Full automatic production line high quality 8000pcs per hour tortilla making machine"}]},{"@type":"WebSite","@id":"https:\/\/sssmachinery.com\/#website","url":"https:\/\/sssmachinery.com\/","name":"SSS Food Machinery Technology","description":"BEST SOLUTIONS FOR TORTILLA MACHINERY","publisher":{"@id":"https:\/\/sssmachinery.com\/#organization"},"potentialAction":[{"@type":"SearchAction","target":{"@type":"EntryPoint","urlTemplate":"https:\/\/sssmachinery.com\/?s={search_term_string}"},"query-input":"required name=search_term_string"}],"inLanguage":"fr-FR"},{"@type":"Organization","@id":"https:\/\/sssmachinery.com\/#organization","name":"SSS Food Machinery Technology","url":"https:\/\/sssmachinery.com\/","logo":{"@type":"ImageObject","inLanguage":"fr-FR","@id":"https:\/\/sssmachinery.com\/#\/schema\/logo\/image\/","url":"https:\/\/sssmachinery.com\/wp-content\/uploads\/2024\/05\/cropped-logo-1.png","contentUrl":"https:\/\/sssmachinery.com\/wp-content\/uploads\/2024\/05\/cropped-logo-1.png","width":512,"height":512,"caption":"SSS Food Machinery Technology"},"image":{"@id":"https:\/\/sssmachinery.com\/#\/schema\/logo\/image\/"}}]}},"uagb_featured_image_src":{"full":["https:\/\/sssmachinery.com\/wp-content\/uploads\/2024\/06\/IMG_0064-1.jpg",750,750,false],"thumbnail":["https:\/\/sssmachinery.com\/wp-content\/uploads\/2024\/06\/IMG_0064-1-150x150.jpg",150,150,true],"medium":["https:\/\/sssmachinery.com\/wp-content\/uploads\/2024\/06\/IMG_0064-1-300x300.jpg",300,300,true],"medium_large":["https:\/\/sssmachinery.com\/wp-content\/uploads\/2024\/06\/IMG_0064-1.jpg",750,750,false],"large":["https:\/\/sssmachinery.com\/wp-content\/uploads\/2024\/06\/IMG_0064-1.jpg",750,750,false],"1536x1536":["https:\/\/sssmachinery.com\/wp-content\/uploads\/2024\/06\/IMG_0064-1.jpg",750,750,false],"2048x2048":["https:\/\/sssmachinery.com\/wp-content\/uploads\/2024\/06\/IMG_0064-1.jpg",750,750,false],"trp-custom-language-flag":["https:\/\/sssmachinery.com\/wp-content\/uploads\/2024\/06\/IMG_0064-1.jpg",12,12,false],"woocommerce_thumbnail":["https:\/\/sssmachinery.com\/wp-content\/uploads\/2024\/06\/IMG_0064-1-300x300.jpg",300,300,true],"woocommerce_single":["https:\/\/sssmachinery.com\/wp-content\/uploads\/2024\/06\/IMG_0064-1-600x600.jpg",600,600,true],"woocommerce_gallery_thumbnail":["https:\/\/sssmachinery.com\/wp-content\/uploads\/2024\/06\/IMG_0064-1-100x100.jpg",100,100,true]},"uagb_author_info":{"display_name":"info","author_link":"https:\/\/sssmachinery.com\/fr\/author\/"},"uagb_comment_info":0,"uagb_excerpt":"Product description MAIN FEATURES 1) Automatic conveying of dough ball to hydraulic heating forming chember. 2) Hydraulic pressing system perfectly [&hellip;]","_links":{"self":[{"href":"https:\/\/sssmachinery.com\/fr\/wp-json\/wp\/v2\/product\/988"}],"collection":[{"href":"https:\/\/sssmachinery.com\/fr\/wp-json\/wp\/v2\/product"}],"about":[{"href":"https:\/\/sssmachinery.com\/fr\/wp-json\/wp\/v2\/types\/product"}],"wp:featuredmedia":[{"embeddable":true,"href":"https:\/\/sssmachinery.com\/fr\/wp-json\/wp\/v2\/media\/1062"}],"wp:attachment":[{"href":"https:\/\/sssmachinery.com\/fr\/wp-json\/wp\/v2\/media?parent=988"}],"wp:term":[{"taxonomy":"product_cat","embeddable":true,"href":"https:\/\/sssmachinery.com\/fr\/wp-json\/wp\/v2\/product_cat?post=988"},{"taxonomy":"product_tag","embeddable":true,"href":"https:\/\/sssmachinery.com\/fr\/wp-json\/wp\/v2\/product_tag?post=988"}],"curies":[{"name":"wp","href":"https:\/\/api.w.org\/{rel}","templated":true}]}}