{"id":979,"date":"2024-06-04T08:25:34","date_gmt":"2024-06-04T08:25:34","guid":{"rendered":"https:\/\/sssmachinery.com\/?post_type=product&#038;p=979"},"modified":"2024-06-17T03:31:13","modified_gmt":"2024-06-17T03:31:13","slug":"high-quality-arabic-bread-machine-pita-naan-bread-making-machine","status":"publish","type":"product","link":"https:\/\/sssmachinery.com\/fr\/produit\/high-quality-arabic-bread-machine-pita-naan-bread-making-machine\/","title":{"rendered":"Machine \u00e0 pain arabe de haute qualit\u00e9 Machine \u00e0 pain pita"},"content":{"rendered":"<h1><span style=\"color: #0000ff;\"><strong>Description du produit<\/strong><\/span><\/h1>\n<hr \/>\n<h4><span style=\"font-weight: 400;\"><b><strong data-spm-anchor-id=\"a2700.pc-decorate.0.i3.5a9d3333wunepK\">Principales caract\u00e9ristiques de la machine \u00e0 fabriquer le pain pita<\/strong><\/b><\/span><\/h4>\n<p style=\"font-weight: 400;\">1. un budget limit\u00e9 peut \u00e9galement vous permettre de disposer d'une ligne de production de pain compl\u00e8te<br \/>\n2. Fabriqu\u00e9 en acier inoxydable, enti\u00e8rement<br \/>\n3. ne nuit pas \u00e0 la p\u00e2te, imite les pains faits \u00e0 la main et conserve un go\u00fbt agr\u00e9able<br \/>\n4. La taille et le poids des pains peuvent \u00eatre ajust\u00e9s en fonction des besoins par le r\u00e9glage de l'automate.<br \/>\n5. Concevoir la machine pour fabriquer diff\u00e9rents types de pain en fonction des exigences du client.<\/p>\n<p><img loading=\"lazy\" decoding=\"async\" class=\"alignnone  wp-image-982\" src=\"https:\/\/sssmachinery.com\/wp-content\/uploads\/2024\/06\/H2c74e144dbde426cab42f24ef9c3c926V-300x217.avif\" alt=\"\" width=\"347\" height=\"251\" srcset=\"https:\/\/sssmachinery.com\/wp-content\/uploads\/2024\/06\/H2c74e144dbde426cab42f24ef9c3c926V-300x217.avif 300w, https:\/\/sssmachinery.com\/wp-content\/uploads\/2024\/06\/H2c74e144dbde426cab42f24ef9c3c926V-600x434.avif 600w, https:\/\/sssmachinery.com\/wp-content\/uploads\/2024\/06\/H2c74e144dbde426cab42f24ef9c3c926V.avif 754w\" sizes=\"(max-width: 347px) 100vw, 347px\" \/><\/p>\n<div><span data-spm-anchor-id=\"a2700.pc-decorate.0.i5.5a9d3333wunepK\">La machine \u00e0 pain pita est sp\u00e9cialement con\u00e7ue pour le pain pita et les produits similaires. La machine \u00e0 pain pita adopte le principe du laminage et du formage en continu de plusieurs rouleaux en une seule fois, avec une taille et une \u00e9paisseur uniformes. La vitesse de formage et l'\u00e9paisseur du produit peuvent \u00eatre r\u00e9gl\u00e9es.<\/span><\/div>\n<div>\n<div>Les diff\u00e9rents moules sont adapt\u00e9s aux diff\u00e9rents produits : Roti, Tortilla, Chapati, Pita, pain arabe, Naan, pochette de Shawarma, Paratha, enveloppes d'Empanada, enveloppes de Wonton, base de Pizza, etc.<\/div>\n<div><\/div>\n<\/div>","protected":false},"excerpt":{"rendered":"<p>Product description Main Features of Pita Bread Making Machine 1.Limited budget can also give you a complete bread production line [&hellip;]<\/p>","protected":false},"featured_media":986,"template":"","meta":{"_uag_custom_page_level_css":"","_monsterinsights_skip_tracking":false,"_monsterinsights_sitenote_active":false,"_monsterinsights_sitenote_note":"","_monsterinsights_sitenote_category":0,"site-sidebar-layout":"default","site-content-layout":"","ast-site-content-layout":"default","site-content-style":"default","site-sidebar-style":"default","ast-global-header-display":"","ast-banner-title-visibility":"","ast-main-header-display":"","ast-hfb-above-header-display":"","ast-hfb-below-header-display":"","ast-hfb-mobile-header-display":"","site-post-title":"","ast-breadcrumbs-content":"","ast-featured-img":"","footer-sml-layout":"","theme-transparent-header-meta":"default","adv-header-id-meta":"","stick-header-meta":"default","header-above-stick-meta":"","header-main-stick-meta":"","header-below-stick-meta":"","astra-migrate-meta-layouts":"set","ast-page-background-enabled":"default","ast-page-background-meta":{"desktop":{"background-color":"var(--ast-global-color-4)","background-image":"","background-repeat":"repeat","background-position":"center center","background-size":"auto","background-attachment":"scroll","background-type":"","background-media":"","overlay-type":"","overlay-color":"","overlay-opacity":"","overlay-gradient":""},"tablet":{"background-color":"","background-image":"","background-repeat":"repeat","background-position":"center center","background-size":"auto","background-attachment":"scroll","background-type":"","background-media":"","overlay-type":"","overlay-color":"","overlay-opacity":"","overlay-gradient":""},"mobile":{"background-color":"","background-image":"","background-repeat":"repeat","background-position":"center center","background-size":"auto","background-attachment":"scroll","background-type":"","background-media":"","overlay-type":"","overlay-color":"","overlay-opacity":"","overlay-gradient":""}},"ast-content-background-meta":{"desktop":{"background-color":"var(--ast-global-color-5)","background-image":"","background-repeat":"repeat","background-position":"center center","background-size":"auto","background-attachment":"scroll","background-type":"","background-media":"","overlay-type":"","overlay-color":"","overlay-opacity":"","overlay-gradient":""},"tablet":{"background-color":"var(--ast-global-color-5)","background-image":"","background-repeat":"repeat","background-position":"center center","background-size":"auto","background-attachment":"scroll","background-type":"","background-media":"","overlay-type":"","overlay-color":"","overlay-opacity":"","overlay-gradient":""},"mobile":{"background-color":"var(--ast-global-color-5)","background-image":"","background-repeat":"repeat","background-position":"center center","background-size":"auto","background-attachment":"scroll","background-type":"","background-media":"","overlay-type":"","overlay-color":"","overlay-opacity":"","overlay-gradient":""}}},"product_cat":[29,22],"product_tag":[],"yoast_head":"<!-- This site is optimized with the Yoast SEO Premium plugin v22.6 (Yoast SEO v22.6) - https:\/\/yoast.com\/wordpress\/plugins\/seo\/ -->\n<title>High Quality Arabic Bread Machine Pita bread making machine<\/title>\n<meta name=\"description\" content=\"Experience the authentic taste of Arabic bread made with passion. Our high-quality pita bread making machine crafts deliciously soft, fluffy pitas bursting with flavor. Bring the warmth of tradition to your kitchen !\" \/>\n<meta name=\"robots\" content=\"index, follow, max-snippet:-1, max-image-preview:large, max-video-preview:-1\" \/>\n<link rel=\"canonical\" href=\"https:\/\/sssmachinery.com\/fr\/produit\/high-quality-arabic-bread-machine-pita-naan-bread-making-machine\/\" \/>\n<meta property=\"og:locale\" content=\"fr_FR\" \/>\n<meta property=\"og:type\" content=\"article\" \/>\n<meta property=\"og:title\" content=\"High Quality Arabic Bread Machine Pita bread making machine\" \/>\n<meta property=\"og:description\" content=\"Experience the authentic taste of Arabic bread made with passion. Our high-quality pita bread making machine crafts deliciously soft, fluffy pitas bursting with flavor. Bring the warmth of tradition to your kitchen !\" \/>\n<meta property=\"og:url\" content=\"https:\/\/sssmachinery.com\/fr\/produit\/high-quality-arabic-bread-machine-pita-naan-bread-making-machine\/\" \/>\n<meta property=\"og:site_name\" content=\"SSS Food Machinery Technology\" \/>\n<meta property=\"article:modified_time\" content=\"2024-06-17T03:31:13+00:00\" \/>\n<meta name=\"twitter:card\" content=\"summary_large_image\" \/>\n<meta name=\"twitter:label1\" content=\"Dur\u00e9e de lecture estim\u00e9e\" \/>\n\t<meta name=\"twitter:data1\" content=\"1 minute\" \/>\n<script type=\"application\/ld+json\" class=\"yoast-schema-graph\">{\"@context\":\"https:\/\/schema.org\",\"@graph\":[{\"@type\":\"WebPage\",\"@id\":\"https:\/\/sssmachinery.com\/product\/high-quality-arabic-bread-machine-pita-naan-bread-making-machine\/\",\"url\":\"https:\/\/sssmachinery.com\/product\/high-quality-arabic-bread-machine-pita-naan-bread-making-machine\/\",\"name\":\"High Quality Arabic Bread Machine Pita bread making machine\",\"isPartOf\":{\"@id\":\"https:\/\/sssmachinery.com\/#website\"},\"primaryImageOfPage\":{\"@id\":\"https:\/\/sssmachinery.com\/product\/high-quality-arabic-bread-machine-pita-naan-bread-making-machine\/#primaryimage\"},\"image\":{\"@id\":\"https:\/\/sssmachinery.com\/product\/high-quality-arabic-bread-machine-pita-naan-bread-making-machine\/#primaryimage\"},\"thumbnailUrl\":\"https:\/\/sssmachinery.com\/wp-content\/uploads\/2024\/06\/66.avif\",\"datePublished\":\"2024-06-04T08:25:34+00:00\",\"dateModified\":\"2024-06-17T03:31:13+00:00\",\"description\":\"Experience the authentic taste of Arabic bread made with passion. Our high-quality pita bread making machine crafts deliciously soft, fluffy pitas bursting with flavor. Bring the warmth of tradition to your kitchen !\",\"breadcrumb\":{\"@id\":\"https:\/\/sssmachinery.com\/product\/high-quality-arabic-bread-machine-pita-naan-bread-making-machine\/#breadcrumb\"},\"inLanguage\":\"fr-FR\",\"potentialAction\":[{\"@type\":\"ReadAction\",\"target\":[\"https:\/\/sssmachinery.com\/product\/high-quality-arabic-bread-machine-pita-naan-bread-making-machine\/\"]}]},{\"@type\":\"ImageObject\",\"inLanguage\":\"fr-FR\",\"@id\":\"https:\/\/sssmachinery.com\/product\/high-quality-arabic-bread-machine-pita-naan-bread-making-machine\/#primaryimage\",\"url\":\"https:\/\/sssmachinery.com\/wp-content\/uploads\/2024\/06\/66.avif\",\"contentUrl\":\"https:\/\/sssmachinery.com\/wp-content\/uploads\/2024\/06\/66.avif\",\"width\":1000,\"height\":1000,\"caption\":\"Small Tortilla Making Machine\"},{\"@type\":\"BreadcrumbList\",\"@id\":\"https:\/\/sssmachinery.com\/product\/high-quality-arabic-bread-machine-pita-naan-bread-making-machine\/#breadcrumb\",\"itemListElement\":[{\"@type\":\"ListItem\",\"position\":1,\"name\":\"\u9996\u9875\",\"item\":\"https:\/\/sssmachinery.com\/\"},{\"@type\":\"ListItem\",\"position\":2,\"name\":\"Products\",\"item\":\"https:\/\/sssmachinery.com\/products\/\"},{\"@type\":\"ListItem\",\"position\":3,\"name\":\"High Quality Arabic Bread Machine Pita bread making machine\"}]},{\"@type\":\"WebSite\",\"@id\":\"https:\/\/sssmachinery.com\/#website\",\"url\":\"https:\/\/sssmachinery.com\/\",\"name\":\"SSS Food Machinery Technology\",\"description\":\"BEST SOLUTIONS FOR TORTILLA MACHINERY\",\"publisher\":{\"@id\":\"https:\/\/sssmachinery.com\/#organization\"},\"potentialAction\":[{\"@type\":\"SearchAction\",\"target\":{\"@type\":\"EntryPoint\",\"urlTemplate\":\"https:\/\/sssmachinery.com\/?s={search_term_string}\"},\"query-input\":\"required name=search_term_string\"}],\"inLanguage\":\"fr-FR\"},{\"@type\":\"Organization\",\"@id\":\"https:\/\/sssmachinery.com\/#organization\",\"name\":\"SSS Food Machinery Technology\",\"url\":\"https:\/\/sssmachinery.com\/\",\"logo\":{\"@type\":\"ImageObject\",\"inLanguage\":\"fr-FR\",\"@id\":\"https:\/\/sssmachinery.com\/#\/schema\/logo\/image\/\",\"url\":\"https:\/\/sssmachinery.com\/wp-content\/uploads\/2024\/05\/cropped-logo-1.png\",\"contentUrl\":\"https:\/\/sssmachinery.com\/wp-content\/uploads\/2024\/05\/cropped-logo-1.png\",\"width\":512,\"height\":512,\"caption\":\"SSS Food Machinery Technology\"},\"image\":{\"@id\":\"https:\/\/sssmachinery.com\/#\/schema\/logo\/image\/\"}}]}<\/script>\n<!-- \/ Yoast SEO Premium plugin. -->","yoast_head_json":{"title":"High Quality Arabic Bread Machine Pita bread making machine","description":"Experience the authentic taste of Arabic bread made with passion. Our high-quality pita bread making machine crafts deliciously soft, fluffy pitas bursting with flavor. Bring the warmth of tradition to your kitchen !","robots":{"index":"index","follow":"follow","max-snippet":"max-snippet:-1","max-image-preview":"max-image-preview:large","max-video-preview":"max-video-preview:-1"},"canonical":"https:\/\/sssmachinery.com\/fr\/produit\/high-quality-arabic-bread-machine-pita-naan-bread-making-machine\/","og_locale":"fr_FR","og_type":"article","og_title":"High Quality Arabic Bread Machine Pita bread making machine","og_description":"Experience the authentic taste of Arabic bread made with passion. Our high-quality pita bread making machine crafts deliciously soft, fluffy pitas bursting with flavor. Bring the warmth of tradition to your kitchen !","og_url":"https:\/\/sssmachinery.com\/fr\/produit\/high-quality-arabic-bread-machine-pita-naan-bread-making-machine\/","og_site_name":"SSS Food Machinery Technology","article_modified_time":"2024-06-17T03:31:13+00:00","twitter_card":"summary_large_image","twitter_misc":{"Dur\u00e9e de lecture estim\u00e9e":"1 minute"},"schema":{"@context":"https:\/\/schema.org","@graph":[{"@type":"WebPage","@id":"https:\/\/sssmachinery.com\/product\/high-quality-arabic-bread-machine-pita-naan-bread-making-machine\/","url":"https:\/\/sssmachinery.com\/product\/high-quality-arabic-bread-machine-pita-naan-bread-making-machine\/","name":"High Quality Arabic Bread Machine Pita bread making machine","isPartOf":{"@id":"https:\/\/sssmachinery.com\/#website"},"primaryImageOfPage":{"@id":"https:\/\/sssmachinery.com\/product\/high-quality-arabic-bread-machine-pita-naan-bread-making-machine\/#primaryimage"},"image":{"@id":"https:\/\/sssmachinery.com\/product\/high-quality-arabic-bread-machine-pita-naan-bread-making-machine\/#primaryimage"},"thumbnailUrl":"https:\/\/sssmachinery.com\/wp-content\/uploads\/2024\/06\/66.avif","datePublished":"2024-06-04T08:25:34+00:00","dateModified":"2024-06-17T03:31:13+00:00","description":"Experience the authentic taste of Arabic bread made with passion. Our high-quality pita bread making machine crafts deliciously soft, fluffy pitas bursting with flavor. Bring the warmth of tradition to your kitchen !","breadcrumb":{"@id":"https:\/\/sssmachinery.com\/product\/high-quality-arabic-bread-machine-pita-naan-bread-making-machine\/#breadcrumb"},"inLanguage":"fr-FR","potentialAction":[{"@type":"ReadAction","target":["https:\/\/sssmachinery.com\/product\/high-quality-arabic-bread-machine-pita-naan-bread-making-machine\/"]}]},{"@type":"ImageObject","inLanguage":"fr-FR","@id":"https:\/\/sssmachinery.com\/product\/high-quality-arabic-bread-machine-pita-naan-bread-making-machine\/#primaryimage","url":"https:\/\/sssmachinery.com\/wp-content\/uploads\/2024\/06\/66.avif","contentUrl":"https:\/\/sssmachinery.com\/wp-content\/uploads\/2024\/06\/66.avif","width":1000,"height":1000,"caption":"Small Tortilla Making Machine"},{"@type":"BreadcrumbList","@id":"https:\/\/sssmachinery.com\/product\/high-quality-arabic-bread-machine-pita-naan-bread-making-machine\/#breadcrumb","itemListElement":[{"@type":"ListItem","position":1,"name":"\u9996\u9875","item":"https:\/\/sssmachinery.com\/"},{"@type":"ListItem","position":2,"name":"Products","item":"https:\/\/sssmachinery.com\/products\/"},{"@type":"ListItem","position":3,"name":"High Quality Arabic Bread Machine Pita bread making machine"}]},{"@type":"WebSite","@id":"https:\/\/sssmachinery.com\/#website","url":"https:\/\/sssmachinery.com\/","name":"SSS Food Machinery Technology","description":"BEST SOLUTIONS FOR TORTILLA MACHINERY","publisher":{"@id":"https:\/\/sssmachinery.com\/#organization"},"potentialAction":[{"@type":"SearchAction","target":{"@type":"EntryPoint","urlTemplate":"https:\/\/sssmachinery.com\/?s={search_term_string}"},"query-input":"required name=search_term_string"}],"inLanguage":"fr-FR"},{"@type":"Organization","@id":"https:\/\/sssmachinery.com\/#organization","name":"SSS Food Machinery Technology","url":"https:\/\/sssmachinery.com\/","logo":{"@type":"ImageObject","inLanguage":"fr-FR","@id":"https:\/\/sssmachinery.com\/#\/schema\/logo\/image\/","url":"https:\/\/sssmachinery.com\/wp-content\/uploads\/2024\/05\/cropped-logo-1.png","contentUrl":"https:\/\/sssmachinery.com\/wp-content\/uploads\/2024\/05\/cropped-logo-1.png","width":512,"height":512,"caption":"SSS Food Machinery Technology"},"image":{"@id":"https:\/\/sssmachinery.com\/#\/schema\/logo\/image\/"}}]}},"uagb_featured_image_src":{"full":["https:\/\/sssmachinery.com\/wp-content\/uploads\/2024\/06\/66.avif",1000,1000,false],"thumbnail":["https:\/\/sssmachinery.com\/wp-content\/uploads\/2024\/06\/66-150x150.avif",150,150,true],"medium":["https:\/\/sssmachinery.com\/wp-content\/uploads\/2024\/06\/66-300x300.avif",300,300,true],"medium_large":["https:\/\/sssmachinery.com\/wp-content\/uploads\/2024\/06\/66-768x768.avif",768,768,true],"large":["https:\/\/sssmachinery.com\/wp-content\/uploads\/2024\/06\/66.avif",1000,1000,false],"1536x1536":["https:\/\/sssmachinery.com\/wp-content\/uploads\/2024\/06\/66.avif",1000,1000,false],"2048x2048":["https:\/\/sssmachinery.com\/wp-content\/uploads\/2024\/06\/66.avif",1000,1000,false],"trp-custom-language-flag":["https:\/\/sssmachinery.com\/wp-content\/uploads\/2024\/06\/66.avif",12,12,false],"woocommerce_thumbnail":["https:\/\/sssmachinery.com\/wp-content\/uploads\/2024\/06\/66-300x300.avif",300,300,true],"woocommerce_single":["https:\/\/sssmachinery.com\/wp-content\/uploads\/2024\/06\/66-600x600.avif",600,600,true],"woocommerce_gallery_thumbnail":["https:\/\/sssmachinery.com\/wp-content\/uploads\/2024\/06\/66-100x100.avif",100,100,true]},"uagb_author_info":{"display_name":"info","author_link":"https:\/\/sssmachinery.com\/fr\/author\/"},"uagb_comment_info":0,"uagb_excerpt":"Product description Main Features of Pita Bread Making Machine 1.Limited budget can also give you a complete bread production line [&hellip;]","_links":{"self":[{"href":"https:\/\/sssmachinery.com\/fr\/wp-json\/wp\/v2\/product\/979"}],"collection":[{"href":"https:\/\/sssmachinery.com\/fr\/wp-json\/wp\/v2\/product"}],"about":[{"href":"https:\/\/sssmachinery.com\/fr\/wp-json\/wp\/v2\/types\/product"}],"wp:featuredmedia":[{"embeddable":true,"href":"https:\/\/sssmachinery.com\/fr\/wp-json\/wp\/v2\/media\/986"}],"wp:attachment":[{"href":"https:\/\/sssmachinery.com\/fr\/wp-json\/wp\/v2\/media?parent=979"}],"wp:term":[{"taxonomy":"product_cat","embeddable":true,"href":"https:\/\/sssmachinery.com\/fr\/wp-json\/wp\/v2\/product_cat?post=979"},{"taxonomy":"product_tag","embeddable":true,"href":"https:\/\/sssmachinery.com\/fr\/wp-json\/wp\/v2\/product_tag?post=979"}],"curies":[{"name":"wp","href":"https:\/\/api.w.org\/{rel}","templated":true}]}}