{"id":972,"date":"2024-06-04T07:45:41","date_gmt":"2024-06-04T07:45:41","guid":{"rendered":"https:\/\/sssmachinery.com\/?post_type=product&#038;p=972"},"modified":"2024-06-28T03:26:33","modified_gmt":"2024-06-28T03:26:33","slug":"tortilla-making-machinery-automatic-roti-tandoori-roti-maker-machin","status":"publish","type":"product","link":"https:\/\/sssmachinery.com\/fr\/produit\/tortilla-making-machinery-automatic-roti-tandoori-roti-maker-machin\/","title":{"rendered":"Machine \u00e0 fabriquer des tortillas Machine automatique \u00e0 fabriquer des Roti Tandoori Roti"},"content":{"rendered":"<h1><span style=\"color: #0000ff;\"><strong>Description du produit<\/strong><\/span><\/h1>\n<hr \/>\n<h4 class=\"magic-10\"><b class=\"magic-11\"><span class=\"magic-12\" style=\"color: #0b16bd;\"><span data-spm-anchor-id=\"a2700.details.0.i55.62fd336aUV4Vgc\">Petite machine \u00e0 fabriquer des tortillas <\/span><\/span><\/b><b class=\"magic-11\"><span class=\"magic-12\" style=\"color: #0b16bd;\">Machine \u00e0 Taco Roti avec four \u00e9lectrique 100-450mm :<\/span><\/b><\/h4>\n<div>\n<h4><span class=\"magic-13\"><b>\u00a0<\/b><\/span><span class=\"magic-13\"><b>Caract\u00e9ristiques principales :<\/b> <\/span><\/h4>\n<p style=\"text-align: left;\"><span class=\"magic-13\">Cette machine de fabrication de tortillas adopte un syst\u00e8me de contr\u00f4le PLC et une fonction de m\u00e9moire d'\u00e9cran tactile, en utilisant des composants \u00e9lectriques de marques internationales r\u00e9put\u00e9es pour garantir des performances stables et une maintenance ais\u00e9e.<\/span><\/p>\n<h4><b>Champ d'application :<\/b><\/h4>\n<p>La machine convient \u00e0 la fabrication de tortillas, de chapati, de roti, de cr\u00eapes plates et de toutes sortes de pains plats et minces \u00e0 base de farine.<\/p>\n<div><span class=\"magic-13\" style=\"color: #0000ff;\">\u00a0<\/span><\/div>\n<h2><span class=\"magic-14\" style=\"color: #0000ff;\"><span class=\"magic-13\"><b>Machine \u00e0 tortilla Caract\u00e9ristiques :<\/b><\/span><\/span><\/h2>\n<hr \/>\n<div><span class=\"magic-13\">-Fabriqu\u00e9 en acier inoxydable de qualit\u00e9 alimentaire et bande transporteuse haute temp\u00e9rature en T\u00e9flon.<\/span><\/div>\n<div><span class=\"magic-13\">-Le temps\/la temp\u00e9rature de cuisson et la vitesse de transport sont r\u00e9glables.<br \/>\n<\/span><\/div>\n<div><span class=\"magic-13\">-24 heures de travail continu avec des performances stables.<\/span><\/div>\n<div><span class=\"magic-13\">-Conception compacte int\u00e9gr\u00e9e, facile \u00e0 transporter.<\/span><\/div>\n<div><span class=\"magic-13\">-La taille et l'\u00e9paisseur du pain sont r\u00e9glables. <\/span><\/div>\n<\/div>\n<div><span class=\"magic-13\">-Haute qualit\u00e9 et prix comp\u00e9titif.<\/span><\/div>\n<div><span class=\"magic-13\">-Accessoires \/ pi\u00e8ces d\u00e9tach\u00e9es gratuits<\/span><\/div>\n<div><span class=\"magic-13\">-Bon aspect.<\/span><\/div>\n<div><span class=\"magic-13\">-Fonctionnement facile.<\/span><\/div>\n<div><\/div>","protected":false},"excerpt":{"rendered":"<p>Product description Small Tortilla Making Machiney Taco Roti Maker with Electric Baking Oven 100-450mm: \u00a0Main features: This Tortilla Making machinery [&hellip;]<\/p>","protected":false},"featured_media":1044,"template":"","meta":{"_uag_custom_page_level_css":"","_monsterinsights_skip_tracking":false,"_monsterinsights_sitenote_active":false,"_monsterinsights_sitenote_note":"","_monsterinsights_sitenote_category":0,"site-sidebar-layout":"default","site-content-layout":"","ast-site-content-layout":"default","site-content-style":"default","site-sidebar-style":"default","ast-global-header-display":"","ast-banner-title-visibility":"","ast-main-header-display":"","ast-hfb-above-header-display":"","ast-hfb-below-header-display":"","ast-hfb-mobile-header-display":"","site-post-title":"","ast-breadcrumbs-content":"","ast-featured-img":"","footer-sml-layout":"","theme-transparent-header-meta":"default","adv-header-id-meta":"","stick-header-meta":"default","header-above-stick-meta":"","header-main-stick-meta":"","header-below-stick-meta":"","astra-migrate-meta-layouts":"set","ast-page-background-enabled":"default","ast-page-background-meta":{"desktop":{"background-color":"var(--ast-global-color-4)","background-image":"","background-repeat":"repeat","background-position":"center center","background-size":"auto","background-attachment":"scroll","background-type":"","background-media":"","overlay-type":"","overlay-color":"","overlay-opacity":"","overlay-gradient":""},"tablet":{"background-color":"","background-image":"","background-repeat":"repeat","background-position":"center center","background-size":"auto","background-attachment":"scroll","background-type":"","background-media":"","overlay-type":"","overlay-color":"","overlay-opacity":"","overlay-gradient":""},"mobile":{"background-color":"","background-image":"","background-repeat":"repeat","background-position":"center center","background-size":"auto","background-attachment":"scroll","background-type":"","background-media":"","overlay-type":"","overlay-color":"","overlay-opacity":"","overlay-gradient":""}},"ast-content-background-meta":{"desktop":{"background-color":"var(--ast-global-color-5)","background-image":"","background-repeat":"repeat","background-position":"center center","background-size":"auto","background-attachment":"scroll","background-type":"","background-media":"","overlay-type":"","overlay-color":"","overlay-opacity":"","overlay-gradient":""},"tablet":{"background-color":"var(--ast-global-color-5)","background-image":"","background-repeat":"repeat","background-position":"center center","background-size":"auto","background-attachment":"scroll","background-type":"","background-media":"","overlay-type":"","overlay-color":"","overlay-opacity":"","overlay-gradient":""},"mobile":{"background-color":"var(--ast-global-color-5)","background-image":"","background-repeat":"repeat","background-position":"center center","background-size":"auto","background-attachment":"scroll","background-type":"","background-media":"","overlay-type":"","overlay-color":"","overlay-opacity":"","overlay-gradient":""}}},"product_cat":[27,22],"product_tag":[],"yoast_head":"<!-- This site is optimized with the Yoast SEO Premium plugin v22.6 (Yoast SEO v22.6) - https:\/\/yoast.com\/wordpress\/plugins\/seo\/ -->\n<title>Tortilla Making Machinery Automatic Roti Tandoori Roti Maker Machine<\/title>\n<meta name=\"description\" content=\"Elevate your tortilla game with our top-of-the-line tortilla making machinery. Produce consistently delicious, professional-quality tortillas with ease.\" \/>\n<meta name=\"robots\" content=\"index, follow, max-snippet:-1, max-image-preview:large, max-video-preview:-1\" \/>\n<link rel=\"canonical\" href=\"https:\/\/sssmachinery.com\/fr\/produit\/tortilla-making-machinery-automatic-roti-tandoori-roti-maker-machin\/\" \/>\n<meta property=\"og:locale\" content=\"fr_FR\" \/>\n<meta property=\"og:type\" content=\"article\" \/>\n<meta property=\"og:title\" content=\"Tortilla Making Machinery Automatic Roti Tandoori Roti Maker Machine\" \/>\n<meta property=\"og:description\" content=\"Elevate your tortilla game with our top-of-the-line tortilla making machinery. Produce consistently delicious, professional-quality tortillas with ease.\" \/>\n<meta property=\"og:url\" content=\"https:\/\/sssmachinery.com\/fr\/produit\/tortilla-making-machinery-automatic-roti-tandoori-roti-maker-machin\/\" \/>\n<meta property=\"og:site_name\" content=\"SSS Food Machinery Technology\" \/>\n<meta property=\"article:modified_time\" content=\"2024-06-28T03:26:33+00:00\" \/>\n<meta property=\"og:image\" content=\"https:\/\/sssmachinery.com\/wp-content\/uploads\/2024\/06\/Hf1bc360a5b634554901748fd3a1fff9081.jpg\" \/>\n\t<meta property=\"og:image:width\" content=\"800\" \/>\n\t<meta property=\"og:image:height\" content=\"800\" \/>\n\t<meta property=\"og:image:type\" content=\"image\/jpeg\" \/>\n<meta name=\"twitter:card\" content=\"summary_large_image\" \/>\n<meta name=\"twitter:label1\" content=\"Dur\u00e9e de lecture estim\u00e9e\" \/>\n\t<meta name=\"twitter:data1\" content=\"1 minute\" \/>\n<script type=\"application\/ld+json\" class=\"yoast-schema-graph\">{\"@context\":\"https:\/\/schema.org\",\"@graph\":[{\"@type\":\"WebPage\",\"@id\":\"https:\/\/sssmachinery.com\/product\/tortilla-making-machinery-automatic-roti-tandoori-roti-maker-machin\/\",\"url\":\"https:\/\/sssmachinery.com\/product\/tortilla-making-machinery-automatic-roti-tandoori-roti-maker-machin\/\",\"name\":\"Tortilla Making Machinery Automatic Roti Tandoori Roti Maker Machine\",\"isPartOf\":{\"@id\":\"https:\/\/sssmachinery.com\/#website\"},\"primaryImageOfPage\":{\"@id\":\"https:\/\/sssmachinery.com\/product\/tortilla-making-machinery-automatic-roti-tandoori-roti-maker-machin\/#primaryimage\"},\"image\":{\"@id\":\"https:\/\/sssmachinery.com\/product\/tortilla-making-machinery-automatic-roti-tandoori-roti-maker-machin\/#primaryimage\"},\"thumbnailUrl\":\"https:\/\/sssmachinery.com\/wp-content\/uploads\/2024\/06\/Hf1bc360a5b634554901748fd3a1fff9081.jpg\",\"datePublished\":\"2024-06-04T07:45:41+00:00\",\"dateModified\":\"2024-06-28T03:26:33+00:00\",\"description\":\"Elevate your tortilla game with our top-of-the-line tortilla making machinery. Produce consistently delicious, professional-quality tortillas with ease.\",\"breadcrumb\":{\"@id\":\"https:\/\/sssmachinery.com\/product\/tortilla-making-machinery-automatic-roti-tandoori-roti-maker-machin\/#breadcrumb\"},\"inLanguage\":\"fr-FR\",\"potentialAction\":[{\"@type\":\"ReadAction\",\"target\":[\"https:\/\/sssmachinery.com\/product\/tortilla-making-machinery-automatic-roti-tandoori-roti-maker-machin\/\"]}]},{\"@type\":\"ImageObject\",\"inLanguage\":\"fr-FR\",\"@id\":\"https:\/\/sssmachinery.com\/product\/tortilla-making-machinery-automatic-roti-tandoori-roti-maker-machin\/#primaryimage\",\"url\":\"https:\/\/sssmachinery.com\/wp-content\/uploads\/2024\/06\/Hf1bc360a5b634554901748fd3a1fff9081.jpg\",\"contentUrl\":\"https:\/\/sssmachinery.com\/wp-content\/uploads\/2024\/06\/Hf1bc360a5b634554901748fd3a1fff9081.jpg\",\"width\":800,\"height\":800,\"caption\":\"small tortilla machine\"},{\"@type\":\"BreadcrumbList\",\"@id\":\"https:\/\/sssmachinery.com\/product\/tortilla-making-machinery-automatic-roti-tandoori-roti-maker-machin\/#breadcrumb\",\"itemListElement\":[{\"@type\":\"ListItem\",\"position\":1,\"name\":\"\u9996\u9875\",\"item\":\"https:\/\/sssmachinery.com\/\"},{\"@type\":\"ListItem\",\"position\":2,\"name\":\"Products\",\"item\":\"https:\/\/sssmachinery.com\/products\/\"},{\"@type\":\"ListItem\",\"position\":3,\"name\":\"Tortilla Making Machinery Automatic Roti Tandoori Roti Maker Machine\"}]},{\"@type\":\"WebSite\",\"@id\":\"https:\/\/sssmachinery.com\/#website\",\"url\":\"https:\/\/sssmachinery.com\/\",\"name\":\"SSS Food Machinery Technology\",\"description\":\"BEST SOLUTIONS FOR TORTILLA MACHINERY\",\"publisher\":{\"@id\":\"https:\/\/sssmachinery.com\/#organization\"},\"potentialAction\":[{\"@type\":\"SearchAction\",\"target\":{\"@type\":\"EntryPoint\",\"urlTemplate\":\"https:\/\/sssmachinery.com\/?s={search_term_string}\"},\"query-input\":\"required name=search_term_string\"}],\"inLanguage\":\"fr-FR\"},{\"@type\":\"Organization\",\"@id\":\"https:\/\/sssmachinery.com\/#organization\",\"name\":\"SSS Food Machinery Technology\",\"url\":\"https:\/\/sssmachinery.com\/\",\"logo\":{\"@type\":\"ImageObject\",\"inLanguage\":\"fr-FR\",\"@id\":\"https:\/\/sssmachinery.com\/#\/schema\/logo\/image\/\",\"url\":\"https:\/\/sssmachinery.com\/wp-content\/uploads\/2024\/05\/cropped-logo-1.png\",\"contentUrl\":\"https:\/\/sssmachinery.com\/wp-content\/uploads\/2024\/05\/cropped-logo-1.png\",\"width\":512,\"height\":512,\"caption\":\"SSS Food Machinery Technology\"},\"image\":{\"@id\":\"https:\/\/sssmachinery.com\/#\/schema\/logo\/image\/\"}}]}<\/script>\n<!-- \/ Yoast SEO Premium plugin. -->","yoast_head_json":{"title":"Tortilla Making Machinery Automatic Roti Tandoori Roti Maker Machine","description":"Elevate your tortilla game with our top-of-the-line tortilla making machinery. Produce consistently delicious, professional-quality tortillas with ease.","robots":{"index":"index","follow":"follow","max-snippet":"max-snippet:-1","max-image-preview":"max-image-preview:large","max-video-preview":"max-video-preview:-1"},"canonical":"https:\/\/sssmachinery.com\/fr\/produit\/tortilla-making-machinery-automatic-roti-tandoori-roti-maker-machin\/","og_locale":"fr_FR","og_type":"article","og_title":"Tortilla Making Machinery Automatic Roti Tandoori Roti Maker Machine","og_description":"Elevate your tortilla game with our top-of-the-line tortilla making machinery. Produce consistently delicious, professional-quality tortillas with ease.","og_url":"https:\/\/sssmachinery.com\/fr\/produit\/tortilla-making-machinery-automatic-roti-tandoori-roti-maker-machin\/","og_site_name":"SSS Food Machinery Technology","article_modified_time":"2024-06-28T03:26:33+00:00","og_image":[{"width":800,"height":800,"url":"https:\/\/sssmachinery.com\/wp-content\/uploads\/2024\/06\/Hf1bc360a5b634554901748fd3a1fff9081.jpg","type":"image\/jpeg"}],"twitter_card":"summary_large_image","twitter_misc":{"Dur\u00e9e de lecture estim\u00e9e":"1 minute"},"schema":{"@context":"https:\/\/schema.org","@graph":[{"@type":"WebPage","@id":"https:\/\/sssmachinery.com\/product\/tortilla-making-machinery-automatic-roti-tandoori-roti-maker-machin\/","url":"https:\/\/sssmachinery.com\/product\/tortilla-making-machinery-automatic-roti-tandoori-roti-maker-machin\/","name":"Tortilla Making Machinery Automatic Roti Tandoori Roti Maker Machine","isPartOf":{"@id":"https:\/\/sssmachinery.com\/#website"},"primaryImageOfPage":{"@id":"https:\/\/sssmachinery.com\/product\/tortilla-making-machinery-automatic-roti-tandoori-roti-maker-machin\/#primaryimage"},"image":{"@id":"https:\/\/sssmachinery.com\/product\/tortilla-making-machinery-automatic-roti-tandoori-roti-maker-machin\/#primaryimage"},"thumbnailUrl":"https:\/\/sssmachinery.com\/wp-content\/uploads\/2024\/06\/Hf1bc360a5b634554901748fd3a1fff9081.jpg","datePublished":"2024-06-04T07:45:41+00:00","dateModified":"2024-06-28T03:26:33+00:00","description":"Elevate your tortilla game with our top-of-the-line tortilla making machinery. Produce consistently delicious, professional-quality tortillas with ease.","breadcrumb":{"@id":"https:\/\/sssmachinery.com\/product\/tortilla-making-machinery-automatic-roti-tandoori-roti-maker-machin\/#breadcrumb"},"inLanguage":"fr-FR","potentialAction":[{"@type":"ReadAction","target":["https:\/\/sssmachinery.com\/product\/tortilla-making-machinery-automatic-roti-tandoori-roti-maker-machin\/"]}]},{"@type":"ImageObject","inLanguage":"fr-FR","@id":"https:\/\/sssmachinery.com\/product\/tortilla-making-machinery-automatic-roti-tandoori-roti-maker-machin\/#primaryimage","url":"https:\/\/sssmachinery.com\/wp-content\/uploads\/2024\/06\/Hf1bc360a5b634554901748fd3a1fff9081.jpg","contentUrl":"https:\/\/sssmachinery.com\/wp-content\/uploads\/2024\/06\/Hf1bc360a5b634554901748fd3a1fff9081.jpg","width":800,"height":800,"caption":"small tortilla machine"},{"@type":"BreadcrumbList","@id":"https:\/\/sssmachinery.com\/product\/tortilla-making-machinery-automatic-roti-tandoori-roti-maker-machin\/#breadcrumb","itemListElement":[{"@type":"ListItem","position":1,"name":"\u9996\u9875","item":"https:\/\/sssmachinery.com\/"},{"@type":"ListItem","position":2,"name":"Products","item":"https:\/\/sssmachinery.com\/products\/"},{"@type":"ListItem","position":3,"name":"Tortilla Making Machinery Automatic Roti Tandoori Roti Maker Machine"}]},{"@type":"WebSite","@id":"https:\/\/sssmachinery.com\/#website","url":"https:\/\/sssmachinery.com\/","name":"SSS Food Machinery Technology","description":"BEST SOLUTIONS FOR TORTILLA MACHINERY","publisher":{"@id":"https:\/\/sssmachinery.com\/#organization"},"potentialAction":[{"@type":"SearchAction","target":{"@type":"EntryPoint","urlTemplate":"https:\/\/sssmachinery.com\/?s={search_term_string}"},"query-input":"required name=search_term_string"}],"inLanguage":"fr-FR"},{"@type":"Organization","@id":"https:\/\/sssmachinery.com\/#organization","name":"SSS Food Machinery Technology","url":"https:\/\/sssmachinery.com\/","logo":{"@type":"ImageObject","inLanguage":"fr-FR","@id":"https:\/\/sssmachinery.com\/#\/schema\/logo\/image\/","url":"https:\/\/sssmachinery.com\/wp-content\/uploads\/2024\/05\/cropped-logo-1.png","contentUrl":"https:\/\/sssmachinery.com\/wp-content\/uploads\/2024\/05\/cropped-logo-1.png","width":512,"height":512,"caption":"SSS Food Machinery Technology"},"image":{"@id":"https:\/\/sssmachinery.com\/#\/schema\/logo\/image\/"}}]}},"uagb_featured_image_src":{"full":["https:\/\/sssmachinery.com\/wp-content\/uploads\/2024\/06\/Hf1bc360a5b634554901748fd3a1fff9081.jpg",800,800,false],"thumbnail":["https:\/\/sssmachinery.com\/wp-content\/uploads\/2024\/06\/Hf1bc360a5b634554901748fd3a1fff9081-150x150.jpg",150,150,true],"medium":["https:\/\/sssmachinery.com\/wp-content\/uploads\/2024\/06\/Hf1bc360a5b634554901748fd3a1fff9081-300x300.jpg",300,300,true],"medium_large":["https:\/\/sssmachinery.com\/wp-content\/uploads\/2024\/06\/Hf1bc360a5b634554901748fd3a1fff9081-768x768.jpg",768,768,true],"large":["https:\/\/sssmachinery.com\/wp-content\/uploads\/2024\/06\/Hf1bc360a5b634554901748fd3a1fff9081.jpg",800,800,false],"1536x1536":["https:\/\/sssmachinery.com\/wp-content\/uploads\/2024\/06\/Hf1bc360a5b634554901748fd3a1fff9081.jpg",800,800,false],"2048x2048":["https:\/\/sssmachinery.com\/wp-content\/uploads\/2024\/06\/Hf1bc360a5b634554901748fd3a1fff9081.jpg",800,800,false],"trp-custom-language-flag":["https:\/\/sssmachinery.com\/wp-content\/uploads\/2024\/06\/Hf1bc360a5b634554901748fd3a1fff9081.jpg",12,12,false],"woocommerce_thumbnail":["https:\/\/sssmachinery.com\/wp-content\/uploads\/2024\/06\/Hf1bc360a5b634554901748fd3a1fff9081-300x300.jpg",300,300,true],"woocommerce_single":["https:\/\/sssmachinery.com\/wp-content\/uploads\/2024\/06\/Hf1bc360a5b634554901748fd3a1fff9081-600x600.jpg",600,600,true],"woocommerce_gallery_thumbnail":["https:\/\/sssmachinery.com\/wp-content\/uploads\/2024\/06\/Hf1bc360a5b634554901748fd3a1fff9081-100x100.jpg",100,100,true]},"uagb_author_info":{"display_name":"info","author_link":"https:\/\/sssmachinery.com\/fr\/author\/"},"uagb_comment_info":0,"uagb_excerpt":"Product description Small Tortilla Making Machiney Taco Roti Maker with Electric Baking Oven 100-450mm: \u00a0Main features: This Tortilla Making machinery [&hellip;]","_links":{"self":[{"href":"https:\/\/sssmachinery.com\/fr\/wp-json\/wp\/v2\/product\/972"}],"collection":[{"href":"https:\/\/sssmachinery.com\/fr\/wp-json\/wp\/v2\/product"}],"about":[{"href":"https:\/\/sssmachinery.com\/fr\/wp-json\/wp\/v2\/types\/product"}],"wp:featuredmedia":[{"embeddable":true,"href":"https:\/\/sssmachinery.com\/fr\/wp-json\/wp\/v2\/media\/1044"}],"wp:attachment":[{"href":"https:\/\/sssmachinery.com\/fr\/wp-json\/wp\/v2\/media?parent=972"}],"wp:term":[{"taxonomy":"product_cat","embeddable":true,"href":"https:\/\/sssmachinery.com\/fr\/wp-json\/wp\/v2\/product_cat?post=972"},{"taxonomy":"product_tag","embeddable":true,"href":"https:\/\/sssmachinery.com\/fr\/wp-json\/wp\/v2\/product_tag?post=972"}],"curies":[{"name":"wp","href":"https:\/\/api.w.org\/{rel}","templated":true}]}}