{"id":968,"date":"2024-06-03T07:59:39","date_gmt":"2024-06-03T07:59:39","guid":{"rendered":"https:\/\/sssmachinery.com\/?post_type=product&#038;p=968"},"modified":"2024-06-18T01:47:27","modified_gmt":"2024-06-18T01:47:27","slug":"drink-water-production-line-filling-and-packaging-machines-3000-bottles-h","status":"publish","type":"product","link":"https:\/\/sssmachinery.com\/fr\/produit\/drink-water-production-line-filling-and-packaging-machines-3000-bottles-h\/","title":{"rendered":"Ligne de production de boissons \u00e9nergisantes Ligne de production de bouteilles PET 2T\/H pour le remplissage d'eau gazeuse"},"content":{"rendered":"<h1 class=\"second-level-title\"><span style=\"color: #0000ff;\">Description du produit<\/span><\/h1>\n<hr \/>\n<div class=\"desc\">\n<ul>\n<li>La ligne de production de boissons \u00e9nergisantes est une machine de remplissage et d'emballage 3 en 1 de pointe qui combine les fonctions de lavage, de remplissage et de scellage en un seul syst\u00e8me efficace. Entra\u00een\u00e9e par un puissant moteur de transmission, cette ligne de production offre un haut degr\u00e9 d'automatisation, ce qui permet un fonctionnement sans faille avec une intervention humaine minimale.<\/li>\n<li>Avec sa structure compacte et sa belle apparence, la ligne de production de boissons \u00e9nergisantes est non seulement pratique, mais aussi esth\u00e9tique. Con\u00e7ue pour un fonctionnement et un entretien ais\u00e9s, elle est facile \u00e0 utiliser et \u00e0 maintenir en parfait \u00e9tat. La s\u00e9curit\u00e9 et la fiabilit\u00e9 sont les principales caract\u00e9ristiques de cette machine, qui garantit le bon d\u00e9roulement de votre processus de production.<\/li>\n<li>L'une des principales caract\u00e9ristiques de la ligne de production de boissons \u00e9nergisantes est sa capacit\u00e9 de production r\u00e9glable en continu. Cela signifie que vous pouvez facilement adapter la machine \u00e0 vos besoins de production sp\u00e9cifiques, qu'il s'agisse d'augmenter ou de r\u00e9duire vos op\u00e9rations. Gr\u00e2ce \u00e0 ce niveau de flexibilit\u00e9, vous pouvez maximiser l'efficacit\u00e9 et optimiser votre production.<\/li>\n<li>Dans l'ensemble, la ligne de production de boissons \u00e9nergisantes est une solution haut de gamme pour les entreprises qui cherchent \u00e0 rationaliser leur processus de production et \u00e0 accro\u00eetre leur productivit\u00e9. Ses fonctions avanc\u00e9es, sa conception conviviale et ses performances fiables en font un atout pr\u00e9cieux pour tout fabricant de boissons \u00e9nergisantes.<\/li>\n<\/ul>\n<h2><span style=\"color: #0000ff;\">Param\u00e8tres du formulaire<\/span><\/h2>\n<hr \/>\n<table class=\"has-title all magic-9\">\n<tbody>\n<tr>\n<td colspan=\"1\" rowspan=\"1\">\n<div class=\"magic-15\" style=\"text-align: center;\" data-spm-anchor-id=\"a2700.details.0.i53.747e74032yFyEj\"><strong>article<\/strong><\/div>\n<\/td>\n<td style=\"text-align: center;\" colspan=\"1\" rowspan=\"1\">\n<div class=\"magic-16\"><strong>valeur<\/strong><\/div>\n<\/td>\n<\/tr>\n<tr>\n<td colspan=\"1\" rowspan=\"1\">\n<div class=\"magic-15\" style=\"text-align: center;\"><strong>Condition<\/strong><\/div>\n<\/td>\n<td style=\"text-align: center;\" colspan=\"1\" rowspan=\"1\">\n<div class=\"magic-16\"><strong>Nouveau<\/strong><\/div>\n<\/td>\n<\/tr>\n<tr>\n<td colspan=\"1\" rowspan=\"1\">\n<div class=\"magic-15\" style=\"text-align: center;\" data-spm-anchor-id=\"a2700.details.0.i54.747e74032yFyEj\"><strong>Nom de la marque<\/strong><\/div>\n<\/td>\n<td colspan=\"1\" rowspan=\"1\">\n<div class=\"magic-16\" style=\"text-align: center;\"><strong>sss<\/strong><\/div>\n<\/td>\n<\/tr>\n<tr>\n<td colspan=\"1\" rowspan=\"1\">\n<div class=\"magic-15\" style=\"text-align: center;\"><strong>Poids<\/strong><\/div>\n<\/td>\n<td style=\"text-align: center;\" colspan=\"1\" rowspan=\"1\">\n<div class=\"magic-16\"><strong>10000KG<\/strong><\/div>\n<\/td>\n<\/tr>\n<tr>\n<td style=\"text-align: center;\" colspan=\"1\" rowspan=\"1\">\n<div class=\"magic-15\"><strong>Grade automatique<\/strong><\/div>\n<\/td>\n<td colspan=\"1\" rowspan=\"1\">\n<div class=\"magic-16\" style=\"text-align: center;\"><strong>Semi-automatique<\/strong><\/div>\n<\/td>\n<\/tr>\n<tr>\n<td colspan=\"1\" rowspan=\"1\">\n<div class=\"magic-15\" style=\"text-align: center;\"><strong>Capacit\u00e9 des machines<\/strong><\/div>\n<\/td>\n<td style=\"text-align: center;\" colspan=\"1\" rowspan=\"1\">\n<div class=\"magic-16\"><strong>personnalis\u00e9<\/strong><\/div>\n<\/td>\n<\/tr>\n<tr>\n<td style=\"text-align: center;\" colspan=\"1\" rowspan=\"1\">\n<div class=\"magic-15\"><strong>Machines cl\u00e9s<\/strong><\/div>\n<\/td>\n<td colspan=\"1\" rowspan=\"1\">\n<div class=\"magic-16\" style=\"text-align: center;\"><strong>Machines d'\u00e9tiquetage, machines de remplissage, machines d'emballage, machines de scellement, machines de codage<\/strong><\/div>\n<\/td>\n<\/tr>\n<tr>\n<td colspan=\"1\" rowspan=\"1\">\n<div class=\"magic-15\" style=\"text-align: center;\"><strong>Type de produit<\/strong><\/div>\n<\/td>\n<td style=\"text-align: center;\" colspan=\"1\" rowspan=\"1\">\n<div class=\"magic-16\"><strong>Eau p\u00e9tillante<\/strong><\/div>\n<\/td>\n<\/tr>\n<tr>\n<td colspan=\"1\" rowspan=\"1\">\n<div class=\"magic-15\" style=\"text-align: center;\"><strong>produit<\/strong><\/div>\n<\/td>\n<td colspan=\"1\" rowspan=\"1\">\n<div class=\"magic-16\" style=\"text-align: center;\"><strong>ligne de production de boissons \u00e9nergisantes<\/strong><\/div>\n<\/td>\n<\/tr>\n<tr>\n<td style=\"text-align: center;\" colspan=\"1\" rowspan=\"1\">\n<div class=\"magic-15\"><strong>Utilisation<\/strong><\/div>\n<\/td>\n<td colspan=\"1\" rowspan=\"1\">\n<div class=\"magic-16\" style=\"text-align: center;\"><strong>\u00c9quipement pour produits de boisson<\/strong><\/div>\n<\/td>\n<\/tr>\n<tr>\n<td colspan=\"1\" rowspan=\"1\">\n<div class=\"magic-15\" style=\"text-align: center;\"><strong>Type<\/strong><\/div>\n<\/td>\n<td colspan=\"1\" rowspan=\"1\">\n<div class=\"magic-16\" style=\"text-align: center;\"><strong>Sur mesure<\/strong><\/div>\n<\/td>\n<\/tr>\n<tr>\n<td style=\"text-align: center;\" colspan=\"1\" rowspan=\"1\">\n<div class=\"magic-15\"><strong>Mat\u00e9riau<\/strong><\/div>\n<\/td>\n<td colspan=\"1\" rowspan=\"1\">\n<div class=\"magic-16\" style=\"text-align: center;\"><strong>SUS304<\/strong><\/div>\n<\/td>\n<\/tr>\n<tr>\n<td colspan=\"1\" rowspan=\"1\">\n<div class=\"magic-15\" style=\"text-align: center;\"><strong>Capacit\u00e9<\/strong><\/div>\n<\/td>\n<td style=\"text-align: center;\" colspan=\"1\" rowspan=\"1\">\n<div class=\"magic-16\"><strong>2000-30000bph<\/strong><\/div>\n<\/td>\n<\/tr>\n<tr>\n<td style=\"text-align: center;\" colspan=\"1\" rowspan=\"1\">\n<div class=\"magic-15\"><strong>emballage des produits<\/strong><\/div>\n<\/td>\n<td colspan=\"1\" rowspan=\"1\">\n<div class=\"magic-16\" style=\"text-align: center;\"><strong>peut<\/strong><\/div>\n<\/td>\n<\/tr>\n<tr>\n<td colspan=\"1\" rowspan=\"1\">\n<div class=\"magic-15\" style=\"text-align: center;\"><strong>M\u00e9thode de chauffage<\/strong><\/div>\n<\/td>\n<td style=\"text-align: center;\" colspan=\"1\" rowspan=\"1\">\n<div class=\"magic-16\"><strong>Chauffage \u00e0 la vapeur<\/strong><\/div>\n<\/td>\n<\/tr>\n<tr>\n<td style=\"text-align: center;\" colspan=\"1\" rowspan=\"1\">\n<div class=\"magic-15\"><strong>Syst\u00e8me de contr\u00f4le<\/strong><\/div>\n<\/td>\n<td colspan=\"1\" rowspan=\"1\">\n<div class=\"magic-16\" style=\"text-align: center;\"><strong>\u00c9cran tactile<\/strong><\/div>\n<\/td>\n<\/tr>\n<tr>\n<td colspan=\"1\" rowspan=\"1\">\n<div class=\"magic-15\" style=\"text-align: center;\"><strong>volume de la canette<\/strong><\/div>\n<\/td>\n<td colspan=\"1\" rowspan=\"1\">\n<div class=\"magic-16\" style=\"text-align: center;\"><strong>250ml,330ml,500ml<\/strong><\/div>\n<\/td>\n<\/tr>\n<tr>\n<td style=\"text-align: center;\" colspan=\"1\" rowspan=\"1\">\n<div class=\"magic-15\"><strong>Fonctionnalit\u00e9<\/strong><\/div>\n<\/td>\n<td colspan=\"1\" rowspan=\"1\">\n<div class=\"magic-16\" style=\"text-align: center;\"><strong>projet cl\u00e9 en main<\/strong><\/div>\n<\/td>\n<\/tr>\n<\/tbody>\n<\/table>\n<\/div>","protected":false},"excerpt":{"rendered":"<p>Product Description The energy drink production line is a state-of-the-art 3 in 1 filling and packaging machine that combines the [&hellip;]<\/p>","protected":false},"featured_media":1160,"template":"","meta":{"_uag_custom_page_level_css":"","_monsterinsights_skip_tracking":false,"_monsterinsights_sitenote_active":false,"_monsterinsights_sitenote_note":"","_monsterinsights_sitenote_category":0,"site-sidebar-layout":"default","site-content-layout":"","ast-site-content-layout":"default","site-content-style":"default","site-sidebar-style":"default","ast-global-header-display":"","ast-banner-title-visibility":"","ast-main-header-display":"","ast-hfb-above-header-display":"","ast-hfb-below-header-display":"","ast-hfb-mobile-header-display":"","site-post-title":"","ast-breadcrumbs-content":"","ast-featured-img":"","footer-sml-layout":"","theme-transparent-header-meta":"default","adv-header-id-meta":"","stick-header-meta":"default","header-above-stick-meta":"","header-main-stick-meta":"","header-below-stick-meta":"","astra-migrate-meta-layouts":"set","ast-page-background-enabled":"default","ast-page-background-meta":{"desktop":{"background-color":"var(--ast-global-color-4)","background-image":"","background-repeat":"repeat","background-position":"center center","background-size":"auto","background-attachment":"scroll","background-type":"","background-media":"","overlay-type":"","overlay-color":"","overlay-opacity":"","overlay-gradient":""},"tablet":{"background-color":"","background-image":"","background-repeat":"repeat","background-position":"center center","background-size":"auto","background-attachment":"scroll","background-type":"","background-media":"","overlay-type":"","overlay-color":"","overlay-opacity":"","overlay-gradient":""},"mobile":{"background-color":"","background-image":"","background-repeat":"repeat","background-position":"center center","background-size":"auto","background-attachment":"scroll","background-type":"","background-media":"","overlay-type":"","overlay-color":"","overlay-opacity":"","overlay-gradient":""}},"ast-content-background-meta":{"desktop":{"background-color":"var(--ast-global-color-5)","background-image":"","background-repeat":"repeat","background-position":"center center","background-size":"auto","background-attachment":"scroll","background-type":"","background-media":"","overlay-type":"","overlay-color":"","overlay-opacity":"","overlay-gradient":""},"tablet":{"background-color":"var(--ast-global-color-5)","background-image":"","background-repeat":"repeat","background-position":"center center","background-size":"auto","background-attachment":"scroll","background-type":"","background-media":"","overlay-type":"","overlay-color":"","overlay-opacity":"","overlay-gradient":""},"mobile":{"background-color":"var(--ast-global-color-5)","background-image":"","background-repeat":"repeat","background-position":"center center","background-size":"auto","background-attachment":"scroll","background-type":"","background-media":"","overlay-type":"","overlay-color":"","overlay-opacity":"","overlay-gradient":""}}},"product_cat":[36,25],"product_tag":[],"yoast_head":"<!-- This site is optimized with the Yoast SEO Premium plugin v22.6 (Yoast SEO v22.6) - https:\/\/yoast.com\/wordpress\/plugins\/seo\/ -->\n<title>Energy drink production line 2T\/H PET bottle manufacturer sparkling water beverage filling production line - SSS Food Machinery Technology<\/title>\n<meta name=\"description\" content=\"Welcome to our page dedicated to our energy drink production line, designed for 2T\/H PET bottle manufacturing and sparkling water beverage filling. Learn more about our top-of-the-line equipment and technology that ensures efficient and high-quality production. Explore our range of products and discover how our production line can help you meet your beverage manufacturing needs.\" \/>\n<meta name=\"robots\" content=\"index, follow, max-snippet:-1, max-image-preview:large, max-video-preview:-1\" \/>\n<link rel=\"canonical\" href=\"https:\/\/sssmachinery.com\/fr\/produit\/drink-water-production-line-filling-and-packaging-machines-3000-bottles-h\/\" \/>\n<meta property=\"og:locale\" content=\"fr_FR\" \/>\n<meta property=\"og:type\" content=\"article\" \/>\n<meta property=\"og:title\" content=\"Energy drink production line 2T\/H PET bottle manufacturer sparkling water beverage filling production line\" \/>\n<meta property=\"og:description\" content=\"Welcome to our page dedicated to our energy drink production line, designed for 2T\/H PET bottle manufacturing and sparkling water beverage filling. Learn more about our top-of-the-line equipment and technology that ensures efficient and high-quality production. Explore our range of products and discover how our production line can help you meet your beverage manufacturing needs.\" \/>\n<meta property=\"og:url\" content=\"https:\/\/sssmachinery.com\/fr\/produit\/drink-water-production-line-filling-and-packaging-machines-3000-bottles-h\/\" \/>\n<meta property=\"og:site_name\" content=\"SSS Food Machinery Technology\" \/>\n<meta property=\"article:modified_time\" content=\"2024-06-18T01:47:27+00:00\" \/>\n<meta name=\"twitter:card\" content=\"summary_large_image\" \/>\n<meta name=\"twitter:label1\" content=\"Dur\u00e9e de lecture estim\u00e9e\" \/>\n\t<meta name=\"twitter:data1\" content=\"2 minutes\" \/>\n<script type=\"application\/ld+json\" class=\"yoast-schema-graph\">{\"@context\":\"https:\/\/schema.org\",\"@graph\":[{\"@type\":\"WebPage\",\"@id\":\"https:\/\/sssmachinery.com\/product\/drink-water-production-line-filling-and-packaging-machines-3000-bottles-h\/\",\"url\":\"https:\/\/sssmachinery.com\/product\/drink-water-production-line-filling-and-packaging-machines-3000-bottles-h\/\",\"name\":\"Energy drink production line 2T\/H PET bottle manufacturer sparkling water beverage filling production line - SSS Food Machinery Technology\",\"isPartOf\":{\"@id\":\"https:\/\/sssmachinery.com\/#website\"},\"primaryImageOfPage\":{\"@id\":\"https:\/\/sssmachinery.com\/product\/drink-water-production-line-filling-and-packaging-machines-3000-bottles-h\/#primaryimage\"},\"image\":{\"@id\":\"https:\/\/sssmachinery.com\/product\/drink-water-production-line-filling-and-packaging-machines-3000-bottles-h\/#primaryimage\"},\"thumbnailUrl\":\"https:\/\/sssmachinery.com\/wp-content\/uploads\/2024\/06\/1.avif\",\"datePublished\":\"2024-06-03T07:59:39+00:00\",\"dateModified\":\"2024-06-18T01:47:27+00:00\",\"description\":\"Welcome to our page dedicated to our energy drink production line, designed for 2T\/H PET bottle manufacturing and sparkling water beverage filling. Learn more about our top-of-the-line equipment and technology that ensures efficient and high-quality production. Explore our range of products and discover how our production line can help you meet your beverage manufacturing needs.\",\"breadcrumb\":{\"@id\":\"https:\/\/sssmachinery.com\/product\/drink-water-production-line-filling-and-packaging-machines-3000-bottles-h\/#breadcrumb\"},\"inLanguage\":\"fr-FR\",\"potentialAction\":[{\"@type\":\"ReadAction\",\"target\":[\"https:\/\/sssmachinery.com\/product\/drink-water-production-line-filling-and-packaging-machines-3000-bottles-h\/\"]}]},{\"@type\":\"ImageObject\",\"inLanguage\":\"fr-FR\",\"@id\":\"https:\/\/sssmachinery.com\/product\/drink-water-production-line-filling-and-packaging-machines-3000-bottles-h\/#primaryimage\",\"url\":\"https:\/\/sssmachinery.com\/wp-content\/uploads\/2024\/06\/1.avif\",\"contentUrl\":\"https:\/\/sssmachinery.com\/wp-content\/uploads\/2024\/06\/1.avif\",\"width\":1200,\"height\":1200,\"caption\":\"energy drink production line\"},{\"@type\":\"BreadcrumbList\",\"@id\":\"https:\/\/sssmachinery.com\/product\/drink-water-production-line-filling-and-packaging-machines-3000-bottles-h\/#breadcrumb\",\"itemListElement\":[{\"@type\":\"ListItem\",\"position\":1,\"name\":\"\u9996\u9875\",\"item\":\"https:\/\/sssmachinery.com\/\"},{\"@type\":\"ListItem\",\"position\":2,\"name\":\"Products\",\"item\":\"https:\/\/sssmachinery.com\/products\/\"},{\"@type\":\"ListItem\",\"position\":3,\"name\":\"Energy drink production line 2T\/H PET bottle manufacturer sparkling water beverage filling production line\"}]},{\"@type\":\"WebSite\",\"@id\":\"https:\/\/sssmachinery.com\/#website\",\"url\":\"https:\/\/sssmachinery.com\/\",\"name\":\"SSS Food Machinery Technology\",\"description\":\"BEST SOLUTIONS FOR TORTILLA MACHINERY\",\"publisher\":{\"@id\":\"https:\/\/sssmachinery.com\/#organization\"},\"potentialAction\":[{\"@type\":\"SearchAction\",\"target\":{\"@type\":\"EntryPoint\",\"urlTemplate\":\"https:\/\/sssmachinery.com\/?s={search_term_string}\"},\"query-input\":\"required name=search_term_string\"}],\"inLanguage\":\"fr-FR\"},{\"@type\":\"Organization\",\"@id\":\"https:\/\/sssmachinery.com\/#organization\",\"name\":\"SSS Food Machinery Technology\",\"url\":\"https:\/\/sssmachinery.com\/\",\"logo\":{\"@type\":\"ImageObject\",\"inLanguage\":\"fr-FR\",\"@id\":\"https:\/\/sssmachinery.com\/#\/schema\/logo\/image\/\",\"url\":\"https:\/\/sssmachinery.com\/wp-content\/uploads\/2024\/05\/cropped-logo-1.png\",\"contentUrl\":\"https:\/\/sssmachinery.com\/wp-content\/uploads\/2024\/05\/cropped-logo-1.png\",\"width\":512,\"height\":512,\"caption\":\"SSS Food Machinery Technology\"},\"image\":{\"@id\":\"https:\/\/sssmachinery.com\/#\/schema\/logo\/image\/\"}}]}<\/script>\n<!-- \/ Yoast SEO Premium plugin. -->","yoast_head_json":{"title":"Energy drink production line 2T\/H PET bottle manufacturer sparkling water beverage filling production line - SSS Food Machinery Technology","description":"Welcome to our page dedicated to our energy drink production line, designed for 2T\/H PET bottle manufacturing and sparkling water beverage filling. Learn more about our top-of-the-line equipment and technology that ensures efficient and high-quality production. Explore our range of products and discover how our production line can help you meet your beverage manufacturing needs.","robots":{"index":"index","follow":"follow","max-snippet":"max-snippet:-1","max-image-preview":"max-image-preview:large","max-video-preview":"max-video-preview:-1"},"canonical":"https:\/\/sssmachinery.com\/fr\/produit\/drink-water-production-line-filling-and-packaging-machines-3000-bottles-h\/","og_locale":"fr_FR","og_type":"article","og_title":"Energy drink production line 2T\/H PET bottle manufacturer sparkling water beverage filling production line","og_description":"Welcome to our page dedicated to our energy drink production line, designed for 2T\/H PET bottle manufacturing and sparkling water beverage filling. Learn more about our top-of-the-line equipment and technology that ensures efficient and high-quality production. Explore our range of products and discover how our production line can help you meet your beverage manufacturing needs.","og_url":"https:\/\/sssmachinery.com\/fr\/produit\/drink-water-production-line-filling-and-packaging-machines-3000-bottles-h\/","og_site_name":"SSS Food Machinery Technology","article_modified_time":"2024-06-18T01:47:27+00:00","twitter_card":"summary_large_image","twitter_misc":{"Dur\u00e9e de lecture estim\u00e9e":"2 minutes"},"schema":{"@context":"https:\/\/schema.org","@graph":[{"@type":"WebPage","@id":"https:\/\/sssmachinery.com\/product\/drink-water-production-line-filling-and-packaging-machines-3000-bottles-h\/","url":"https:\/\/sssmachinery.com\/product\/drink-water-production-line-filling-and-packaging-machines-3000-bottles-h\/","name":"Energy drink production line 2T\/H PET bottle manufacturer sparkling water beverage filling production line - SSS Food Machinery Technology","isPartOf":{"@id":"https:\/\/sssmachinery.com\/#website"},"primaryImageOfPage":{"@id":"https:\/\/sssmachinery.com\/product\/drink-water-production-line-filling-and-packaging-machines-3000-bottles-h\/#primaryimage"},"image":{"@id":"https:\/\/sssmachinery.com\/product\/drink-water-production-line-filling-and-packaging-machines-3000-bottles-h\/#primaryimage"},"thumbnailUrl":"https:\/\/sssmachinery.com\/wp-content\/uploads\/2024\/06\/1.avif","datePublished":"2024-06-03T07:59:39+00:00","dateModified":"2024-06-18T01:47:27+00:00","description":"Welcome to our page dedicated to our energy drink production line, designed for 2T\/H PET bottle manufacturing and sparkling water beverage filling. Learn more about our top-of-the-line equipment and technology that ensures efficient and high-quality production. Explore our range of products and discover how our production line can help you meet your beverage manufacturing needs.","breadcrumb":{"@id":"https:\/\/sssmachinery.com\/product\/drink-water-production-line-filling-and-packaging-machines-3000-bottles-h\/#breadcrumb"},"inLanguage":"fr-FR","potentialAction":[{"@type":"ReadAction","target":["https:\/\/sssmachinery.com\/product\/drink-water-production-line-filling-and-packaging-machines-3000-bottles-h\/"]}]},{"@type":"ImageObject","inLanguage":"fr-FR","@id":"https:\/\/sssmachinery.com\/product\/drink-water-production-line-filling-and-packaging-machines-3000-bottles-h\/#primaryimage","url":"https:\/\/sssmachinery.com\/wp-content\/uploads\/2024\/06\/1.avif","contentUrl":"https:\/\/sssmachinery.com\/wp-content\/uploads\/2024\/06\/1.avif","width":1200,"height":1200,"caption":"energy drink production line"},{"@type":"BreadcrumbList","@id":"https:\/\/sssmachinery.com\/product\/drink-water-production-line-filling-and-packaging-machines-3000-bottles-h\/#breadcrumb","itemListElement":[{"@type":"ListItem","position":1,"name":"\u9996\u9875","item":"https:\/\/sssmachinery.com\/"},{"@type":"ListItem","position":2,"name":"Products","item":"https:\/\/sssmachinery.com\/products\/"},{"@type":"ListItem","position":3,"name":"Energy drink production line 2T\/H PET bottle manufacturer sparkling water beverage filling production line"}]},{"@type":"WebSite","@id":"https:\/\/sssmachinery.com\/#website","url":"https:\/\/sssmachinery.com\/","name":"SSS Food Machinery Technology","description":"BEST SOLUTIONS FOR TORTILLA MACHINERY","publisher":{"@id":"https:\/\/sssmachinery.com\/#organization"},"potentialAction":[{"@type":"SearchAction","target":{"@type":"EntryPoint","urlTemplate":"https:\/\/sssmachinery.com\/?s={search_term_string}"},"query-input":"required name=search_term_string"}],"inLanguage":"fr-FR"},{"@type":"Organization","@id":"https:\/\/sssmachinery.com\/#organization","name":"SSS Food Machinery Technology","url":"https:\/\/sssmachinery.com\/","logo":{"@type":"ImageObject","inLanguage":"fr-FR","@id":"https:\/\/sssmachinery.com\/#\/schema\/logo\/image\/","url":"https:\/\/sssmachinery.com\/wp-content\/uploads\/2024\/05\/cropped-logo-1.png","contentUrl":"https:\/\/sssmachinery.com\/wp-content\/uploads\/2024\/05\/cropped-logo-1.png","width":512,"height":512,"caption":"SSS Food Machinery Technology"},"image":{"@id":"https:\/\/sssmachinery.com\/#\/schema\/logo\/image\/"}}]}},"uagb_featured_image_src":{"full":["https:\/\/sssmachinery.com\/wp-content\/uploads\/2024\/06\/1.avif",1200,1200,false],"thumbnail":["https:\/\/sssmachinery.com\/wp-content\/uploads\/2024\/06\/1-150x150.avif",150,150,true],"medium":["https:\/\/sssmachinery.com\/wp-content\/uploads\/2024\/06\/1-300x300.avif",300,300,true],"medium_large":["https:\/\/sssmachinery.com\/wp-content\/uploads\/2024\/06\/1-768x768.avif",768,768,true],"large":["https:\/\/sssmachinery.com\/wp-content\/uploads\/2024\/06\/1-1024x1024.avif",1024,1024,true],"1536x1536":["https:\/\/sssmachinery.com\/wp-content\/uploads\/2024\/06\/1.avif",1200,1200,false],"2048x2048":["https:\/\/sssmachinery.com\/wp-content\/uploads\/2024\/06\/1.avif",1200,1200,false],"trp-custom-language-flag":["https:\/\/sssmachinery.com\/wp-content\/uploads\/2024\/06\/1.avif",12,12,false],"woocommerce_thumbnail":["https:\/\/sssmachinery.com\/wp-content\/uploads\/2024\/06\/1-300x300.avif",300,300,true],"woocommerce_single":["https:\/\/sssmachinery.com\/wp-content\/uploads\/2024\/06\/1-600x600.avif",600,600,true],"woocommerce_gallery_thumbnail":["https:\/\/sssmachinery.com\/wp-content\/uploads\/2024\/06\/1-100x100.avif",100,100,true]},"uagb_author_info":{"display_name":"info","author_link":"https:\/\/sssmachinery.com\/fr\/author\/"},"uagb_comment_info":0,"uagb_excerpt":"Product Description The energy drink production line is a state-of-the-art 3 in 1 filling and packaging machine that combines the [&hellip;]","_links":{"self":[{"href":"https:\/\/sssmachinery.com\/fr\/wp-json\/wp\/v2\/product\/968"}],"collection":[{"href":"https:\/\/sssmachinery.com\/fr\/wp-json\/wp\/v2\/product"}],"about":[{"href":"https:\/\/sssmachinery.com\/fr\/wp-json\/wp\/v2\/types\/product"}],"wp:featuredmedia":[{"embeddable":true,"href":"https:\/\/sssmachinery.com\/fr\/wp-json\/wp\/v2\/media\/1160"}],"wp:attachment":[{"href":"https:\/\/sssmachinery.com\/fr\/wp-json\/wp\/v2\/media?parent=968"}],"wp:term":[{"taxonomy":"product_cat","embeddable":true,"href":"https:\/\/sssmachinery.com\/fr\/wp-json\/wp\/v2\/product_cat?post=968"},{"taxonomy":"product_tag","embeddable":true,"href":"https:\/\/sssmachinery.com\/fr\/wp-json\/wp\/v2\/product_tag?post=968"}],"curies":[{"name":"wp","href":"https:\/\/api.w.org\/{rel}","templated":true}]}}