{"id":965,"date":"2024-06-03T07:57:02","date_gmt":"2024-06-03T07:57:02","guid":{"rendered":"https:\/\/sssmachinery.com\/?post_type=product&#038;p=965"},"modified":"2024-06-18T03:07:22","modified_gmt":"2024-06-18T03:07:22","slug":"concentration-jam-tomato-paste-making-machine-1-5tons-per-hour","status":"publish","type":"product","link":"https:\/\/sssmachinery.com\/fr\/produit\/concentration-jam-tomato-paste-making-machine-1-5tons-per-hour\/","title":{"rendered":"Machine de fabrication de p\u00e2te de tomate \u00e0 confiture \u00e0 concentration 1,5 tonnes par heure"},"content":{"rendered":"<h1 class=\"second-level-title\"><span style=\"color: #0000ff;\">Description du produit<\/span><\/h1>\n<hr \/>\n<div class=\"desc\">\n<p>La ligne de transformation des tomates peut produire diff\u00e9rents types de produits finaux \u00e0 partir de tomates fra\u00eeches. La plus populaire est la ligne de transformation du concentr\u00e9 de tomates, qui produit du concentr\u00e9 de tomates \u00e0 partir de tomates fra\u00eeches avec un sac aseptique dans un tambour. Elle comprend principalement : le syst\u00e8me de r\u00e9ception des tomates fra\u00eeches, le syst\u00e8me de lavage, le syst\u00e8me de tri, le syst\u00e8me d'extraction, le syst\u00e8me de concentration, le syst\u00e8me de st\u00e9rilisation et le syst\u00e8me de remplissage aseptique. Le concentr\u00e9 de tomates est ensuite conditionn\u00e9 en sac aseptique dans un tambour. Le concentr\u00e9 de tomates en sac aseptique dans le tambour peut \u00eatre transform\u00e9 en ketchup, sauces, jus de tomates et conditionn\u00e9 en sachet, en pochette, en bo\u00eete m\u00e9tallique, en conteneur PP, en bouteille, en gable top, etc.<\/p>\n<h2><span style=\"color: #0000ff;\">Param\u00e8tres du formulaire<\/span><\/h2>\n<hr \/>\n<table width=\"1224\">\n<tbody>\n<tr>\n<td style=\"text-align: center;\" width=\"193\"><strong>Industries concern\u00e9es<\/strong><\/td>\n<td style=\"text-align: center;\" width=\"193\"><strong>Usine de produits alimentaires et de boissons, Restaurant, Magasin de produits alimentaires, Magasins de produits alimentaires et de boissons<\/strong><\/td>\n<\/tr>\n<tr>\n<td style=\"text-align: center;\" width=\"193\"><strong>Capacit\u00e9<\/strong><\/td>\n<td style=\"text-align: center;\" width=\"193\"><strong>1,5 tonne\/heure<\/strong><\/td>\n<\/tr>\n<tr>\n<td style=\"text-align: center;\" width=\"193\"><strong>Garantie des composants de base<\/strong><\/td>\n<td style=\"text-align: center;\" width=\"193\"><strong>1 an<\/strong><\/td>\n<\/tr>\n<tr>\n<td style=\"text-align: center;\" width=\"193\"><strong>D\u00e9tails de l'emballage<\/strong><\/td>\n<td style=\"text-align: center;\" width=\"193\"><strong>emballage standard pour l'exportation<\/strong><\/td>\n<\/tr>\n<tr>\n<td style=\"text-align: center;\" width=\"193\"><strong>entr\u00e9e\/sortie<\/strong><\/td>\n<td style=\"text-align: center;\" width=\"193\"><strong>tomate fra\u00eeche\/p\u00e2te de tomate<\/strong><\/td>\n<\/tr>\n<tr>\n<td style=\"text-align: center;\" width=\"193\"><strong>Mat\u00e9riau<\/strong><\/td>\n<td style=\"text-align: center;\" width=\"193\"><strong>Acier inoxydable 304<\/strong><\/td>\n<\/tr>\n<\/tbody>\n<\/table>\n<\/div>","protected":false},"excerpt":{"rendered":"<p>Product Description Tomato processing line can produce from fresh tomato to different kinds of final product. The most popular is [&hellip;]<\/p>","protected":false},"featured_media":1165,"template":"","meta":{"_uag_custom_page_level_css":"","_monsterinsights_skip_tracking":false,"_monsterinsights_sitenote_active":false,"_monsterinsights_sitenote_note":"","_monsterinsights_sitenote_category":0,"site-sidebar-layout":"default","site-content-layout":"","ast-site-content-layout":"default","site-content-style":"default","site-sidebar-style":"default","ast-global-header-display":"","ast-banner-title-visibility":"","ast-main-header-display":"","ast-hfb-above-header-display":"","ast-hfb-below-header-display":"","ast-hfb-mobile-header-display":"","site-post-title":"","ast-breadcrumbs-content":"","ast-featured-img":"","footer-sml-layout":"","theme-transparent-header-meta":"default","adv-header-id-meta":"","stick-header-meta":"default","header-above-stick-meta":"","header-main-stick-meta":"","header-below-stick-meta":"","astra-migrate-meta-layouts":"set","ast-page-background-enabled":"default","ast-page-background-meta":{"desktop":{"background-color":"var(--ast-global-color-4)","background-image":"","background-repeat":"repeat","background-position":"center center","background-size":"auto","background-attachment":"scroll","background-type":"","background-media":"","overlay-type":"","overlay-color":"","overlay-opacity":"","overlay-gradient":""},"tablet":{"background-color":"","background-image":"","background-repeat":"repeat","background-position":"center center","background-size":"auto","background-attachment":"scroll","background-type":"","background-media":"","overlay-type":"","overlay-color":"","overlay-opacity":"","overlay-gradient":""},"mobile":{"background-color":"","background-image":"","background-repeat":"repeat","background-position":"center center","background-size":"auto","background-attachment":"scroll","background-type":"","background-media":"","overlay-type":"","overlay-color":"","overlay-opacity":"","overlay-gradient":""}},"ast-content-background-meta":{"desktop":{"background-color":"var(--ast-global-color-5)","background-image":"","background-repeat":"repeat","background-position":"center center","background-size":"auto","background-attachment":"scroll","background-type":"","background-media":"","overlay-type":"","overlay-color":"","overlay-opacity":"","overlay-gradient":""},"tablet":{"background-color":"var(--ast-global-color-5)","background-image":"","background-repeat":"repeat","background-position":"center center","background-size":"auto","background-attachment":"scroll","background-type":"","background-media":"","overlay-type":"","overlay-color":"","overlay-opacity":"","overlay-gradient":""},"mobile":{"background-color":"var(--ast-global-color-5)","background-image":"","background-repeat":"repeat","background-position":"center center","background-size":"auto","background-attachment":"scroll","background-type":"","background-media":"","overlay-type":"","overlay-color":"","overlay-opacity":"","overlay-gradient":""}}},"product_cat":[38,25],"product_tag":[],"yoast_head":"<!-- This site is optimized with the Yoast SEO Premium plugin v22.6 (Yoast SEO v22.6) - https:\/\/yoast.com\/wordpress\/plugins\/seo\/ -->\n<title>Concentration Jam Tomato Paste Making Machine 1.5tons Per Hour - SSS Food Machinery Technology<\/title>\n<meta name=\"description\" content=\"Welcome to our Concentration Jam Tomato Paste Making Machine 1.5 tons Per Hour page, where you can learn all about our high-quality machine designed to efficiently produce delicious tomato paste. Discover the features, benefits, and specifications of this innovative equipment that can help streamline your production process and increase output.\" \/>\n<meta name=\"robots\" content=\"index, follow, max-snippet:-1, max-image-preview:large, max-video-preview:-1\" \/>\n<link rel=\"canonical\" href=\"https:\/\/sssmachinery.com\/fr\/produit\/concentration-jam-tomato-paste-making-machine-1-5tons-per-hour\/\" \/>\n<meta property=\"og:locale\" content=\"fr_FR\" \/>\n<meta property=\"og:type\" content=\"article\" \/>\n<meta property=\"og:title\" content=\"Concentration Jam Tomato Paste Making Machine 1.5tons Per Hour\" \/>\n<meta property=\"og:description\" content=\"Welcome to our Concentration Jam Tomato Paste Making Machine 1.5 tons Per Hour page, where you can learn all about our high-quality machine designed to efficiently produce delicious tomato paste. Discover the features, benefits, and specifications of this innovative equipment that can help streamline your production process and increase output.\" \/>\n<meta property=\"og:url\" content=\"https:\/\/sssmachinery.com\/fr\/produit\/concentration-jam-tomato-paste-making-machine-1-5tons-per-hour\/\" \/>\n<meta property=\"og:site_name\" content=\"SSS Food Machinery Technology\" \/>\n<meta property=\"article:modified_time\" content=\"2024-06-18T03:07:22+00:00\" \/>\n<meta name=\"twitter:card\" content=\"summary_large_image\" \/>\n<meta name=\"twitter:label1\" content=\"Dur\u00e9e de lecture estim\u00e9e\" \/>\n\t<meta name=\"twitter:data1\" content=\"1 minute\" \/>\n<script type=\"application\/ld+json\" class=\"yoast-schema-graph\">{\"@context\":\"https:\/\/schema.org\",\"@graph\":[{\"@type\":\"WebPage\",\"@id\":\"https:\/\/sssmachinery.com\/product\/concentration-jam-tomato-paste-making-machine-1-5tons-per-hour\/\",\"url\":\"https:\/\/sssmachinery.com\/product\/concentration-jam-tomato-paste-making-machine-1-5tons-per-hour\/\",\"name\":\"Concentration Jam Tomato Paste Making Machine 1.5tons Per Hour - SSS Food Machinery Technology\",\"isPartOf\":{\"@id\":\"https:\/\/sssmachinery.com\/#website\"},\"primaryImageOfPage\":{\"@id\":\"https:\/\/sssmachinery.com\/product\/concentration-jam-tomato-paste-making-machine-1-5tons-per-hour\/#primaryimage\"},\"image\":{\"@id\":\"https:\/\/sssmachinery.com\/product\/concentration-jam-tomato-paste-making-machine-1-5tons-per-hour\/#primaryimage\"},\"thumbnailUrl\":\"https:\/\/sssmachinery.com\/wp-content\/uploads\/2024\/06\/9-1.avif\",\"datePublished\":\"2024-06-03T07:57:02+00:00\",\"dateModified\":\"2024-06-18T03:07:22+00:00\",\"description\":\"Welcome to our Concentration Jam Tomato Paste Making Machine 1.5 tons Per Hour page, where you can learn all about our high-quality machine designed to efficiently produce delicious tomato paste. Discover the features, benefits, and specifications of this innovative equipment that can help streamline your production process and increase output.\",\"breadcrumb\":{\"@id\":\"https:\/\/sssmachinery.com\/product\/concentration-jam-tomato-paste-making-machine-1-5tons-per-hour\/#breadcrumb\"},\"inLanguage\":\"fr-FR\",\"potentialAction\":[{\"@type\":\"ReadAction\",\"target\":[\"https:\/\/sssmachinery.com\/product\/concentration-jam-tomato-paste-making-machine-1-5tons-per-hour\/\"]}]},{\"@type\":\"ImageObject\",\"inLanguage\":\"fr-FR\",\"@id\":\"https:\/\/sssmachinery.com\/product\/concentration-jam-tomato-paste-making-machine-1-5tons-per-hour\/#primaryimage\",\"url\":\"https:\/\/sssmachinery.com\/wp-content\/uploads\/2024\/06\/9-1.avif\",\"contentUrl\":\"https:\/\/sssmachinery.com\/wp-content\/uploads\/2024\/06\/9-1.avif\",\"width\":1200,\"height\":1200,\"caption\":\"Tomato Ketchup Production Line Tomato Paste Making Machine\"},{\"@type\":\"BreadcrumbList\",\"@id\":\"https:\/\/sssmachinery.com\/product\/concentration-jam-tomato-paste-making-machine-1-5tons-per-hour\/#breadcrumb\",\"itemListElement\":[{\"@type\":\"ListItem\",\"position\":1,\"name\":\"\u9996\u9875\",\"item\":\"https:\/\/sssmachinery.com\/\"},{\"@type\":\"ListItem\",\"position\":2,\"name\":\"Products\",\"item\":\"https:\/\/sssmachinery.com\/products\/\"},{\"@type\":\"ListItem\",\"position\":3,\"name\":\"Concentration Jam Tomato Paste Making Machine 1.5tons Per Hour\"}]},{\"@type\":\"WebSite\",\"@id\":\"https:\/\/sssmachinery.com\/#website\",\"url\":\"https:\/\/sssmachinery.com\/\",\"name\":\"SSS Food Machinery Technology\",\"description\":\"BEST SOLUTIONS FOR TORTILLA MACHINERY\",\"publisher\":{\"@id\":\"https:\/\/sssmachinery.com\/#organization\"},\"potentialAction\":[{\"@type\":\"SearchAction\",\"target\":{\"@type\":\"EntryPoint\",\"urlTemplate\":\"https:\/\/sssmachinery.com\/?s={search_term_string}\"},\"query-input\":\"required name=search_term_string\"}],\"inLanguage\":\"fr-FR\"},{\"@type\":\"Organization\",\"@id\":\"https:\/\/sssmachinery.com\/#organization\",\"name\":\"SSS Food Machinery Technology\",\"url\":\"https:\/\/sssmachinery.com\/\",\"logo\":{\"@type\":\"ImageObject\",\"inLanguage\":\"fr-FR\",\"@id\":\"https:\/\/sssmachinery.com\/#\/schema\/logo\/image\/\",\"url\":\"https:\/\/sssmachinery.com\/wp-content\/uploads\/2024\/05\/cropped-logo-1.png\",\"contentUrl\":\"https:\/\/sssmachinery.com\/wp-content\/uploads\/2024\/05\/cropped-logo-1.png\",\"width\":512,\"height\":512,\"caption\":\"SSS Food Machinery Technology\"},\"image\":{\"@id\":\"https:\/\/sssmachinery.com\/#\/schema\/logo\/image\/\"}}]}<\/script>\n<!-- \/ Yoast SEO Premium plugin. -->","yoast_head_json":{"title":"Concentration Jam Tomato Paste Making Machine 1.5tons Per Hour - SSS Food Machinery Technology","description":"Welcome to our Concentration Jam Tomato Paste Making Machine 1.5 tons Per Hour page, where you can learn all about our high-quality machine designed to efficiently produce delicious tomato paste. Discover the features, benefits, and specifications of this innovative equipment that can help streamline your production process and increase output.","robots":{"index":"index","follow":"follow","max-snippet":"max-snippet:-1","max-image-preview":"max-image-preview:large","max-video-preview":"max-video-preview:-1"},"canonical":"https:\/\/sssmachinery.com\/fr\/produit\/concentration-jam-tomato-paste-making-machine-1-5tons-per-hour\/","og_locale":"fr_FR","og_type":"article","og_title":"Concentration Jam Tomato Paste Making Machine 1.5tons Per Hour","og_description":"Welcome to our Concentration Jam Tomato Paste Making Machine 1.5 tons Per Hour page, where you can learn all about our high-quality machine designed to efficiently produce delicious tomato paste. Discover the features, benefits, and specifications of this innovative equipment that can help streamline your production process and increase output.","og_url":"https:\/\/sssmachinery.com\/fr\/produit\/concentration-jam-tomato-paste-making-machine-1-5tons-per-hour\/","og_site_name":"SSS Food Machinery Technology","article_modified_time":"2024-06-18T03:07:22+00:00","twitter_card":"summary_large_image","twitter_misc":{"Dur\u00e9e de lecture estim\u00e9e":"1 minute"},"schema":{"@context":"https:\/\/schema.org","@graph":[{"@type":"WebPage","@id":"https:\/\/sssmachinery.com\/product\/concentration-jam-tomato-paste-making-machine-1-5tons-per-hour\/","url":"https:\/\/sssmachinery.com\/product\/concentration-jam-tomato-paste-making-machine-1-5tons-per-hour\/","name":"Concentration Jam Tomato Paste Making Machine 1.5tons Per Hour - SSS Food Machinery Technology","isPartOf":{"@id":"https:\/\/sssmachinery.com\/#website"},"primaryImageOfPage":{"@id":"https:\/\/sssmachinery.com\/product\/concentration-jam-tomato-paste-making-machine-1-5tons-per-hour\/#primaryimage"},"image":{"@id":"https:\/\/sssmachinery.com\/product\/concentration-jam-tomato-paste-making-machine-1-5tons-per-hour\/#primaryimage"},"thumbnailUrl":"https:\/\/sssmachinery.com\/wp-content\/uploads\/2024\/06\/9-1.avif","datePublished":"2024-06-03T07:57:02+00:00","dateModified":"2024-06-18T03:07:22+00:00","description":"Welcome to our Concentration Jam Tomato Paste Making Machine 1.5 tons Per Hour page, where you can learn all about our high-quality machine designed to efficiently produce delicious tomato paste. Discover the features, benefits, and specifications of this innovative equipment that can help streamline your production process and increase output.","breadcrumb":{"@id":"https:\/\/sssmachinery.com\/product\/concentration-jam-tomato-paste-making-machine-1-5tons-per-hour\/#breadcrumb"},"inLanguage":"fr-FR","potentialAction":[{"@type":"ReadAction","target":["https:\/\/sssmachinery.com\/product\/concentration-jam-tomato-paste-making-machine-1-5tons-per-hour\/"]}]},{"@type":"ImageObject","inLanguage":"fr-FR","@id":"https:\/\/sssmachinery.com\/product\/concentration-jam-tomato-paste-making-machine-1-5tons-per-hour\/#primaryimage","url":"https:\/\/sssmachinery.com\/wp-content\/uploads\/2024\/06\/9-1.avif","contentUrl":"https:\/\/sssmachinery.com\/wp-content\/uploads\/2024\/06\/9-1.avif","width":1200,"height":1200,"caption":"Tomato Ketchup Production Line Tomato Paste Making Machine"},{"@type":"BreadcrumbList","@id":"https:\/\/sssmachinery.com\/product\/concentration-jam-tomato-paste-making-machine-1-5tons-per-hour\/#breadcrumb","itemListElement":[{"@type":"ListItem","position":1,"name":"\u9996\u9875","item":"https:\/\/sssmachinery.com\/"},{"@type":"ListItem","position":2,"name":"Products","item":"https:\/\/sssmachinery.com\/products\/"},{"@type":"ListItem","position":3,"name":"Concentration Jam Tomato Paste Making Machine 1.5tons Per Hour"}]},{"@type":"WebSite","@id":"https:\/\/sssmachinery.com\/#website","url":"https:\/\/sssmachinery.com\/","name":"SSS Food Machinery Technology","description":"BEST SOLUTIONS FOR TORTILLA MACHINERY","publisher":{"@id":"https:\/\/sssmachinery.com\/#organization"},"potentialAction":[{"@type":"SearchAction","target":{"@type":"EntryPoint","urlTemplate":"https:\/\/sssmachinery.com\/?s={search_term_string}"},"query-input":"required name=search_term_string"}],"inLanguage":"fr-FR"},{"@type":"Organization","@id":"https:\/\/sssmachinery.com\/#organization","name":"SSS Food Machinery Technology","url":"https:\/\/sssmachinery.com\/","logo":{"@type":"ImageObject","inLanguage":"fr-FR","@id":"https:\/\/sssmachinery.com\/#\/schema\/logo\/image\/","url":"https:\/\/sssmachinery.com\/wp-content\/uploads\/2024\/05\/cropped-logo-1.png","contentUrl":"https:\/\/sssmachinery.com\/wp-content\/uploads\/2024\/05\/cropped-logo-1.png","width":512,"height":512,"caption":"SSS Food Machinery Technology"},"image":{"@id":"https:\/\/sssmachinery.com\/#\/schema\/logo\/image\/"}}]}},"uagb_featured_image_src":{"full":["https:\/\/sssmachinery.com\/wp-content\/uploads\/2024\/06\/9-1.avif",1200,1200,false],"thumbnail":["https:\/\/sssmachinery.com\/wp-content\/uploads\/2024\/06\/9-1-150x150.avif",150,150,true],"medium":["https:\/\/sssmachinery.com\/wp-content\/uploads\/2024\/06\/9-1-300x300.avif",300,300,true],"medium_large":["https:\/\/sssmachinery.com\/wp-content\/uploads\/2024\/06\/9-1-768x768.avif",768,768,true],"large":["https:\/\/sssmachinery.com\/wp-content\/uploads\/2024\/06\/9-1-1024x1024.avif",1024,1024,true],"1536x1536":["https:\/\/sssmachinery.com\/wp-content\/uploads\/2024\/06\/9-1.avif",1200,1200,false],"2048x2048":["https:\/\/sssmachinery.com\/wp-content\/uploads\/2024\/06\/9-1.avif",1200,1200,false],"trp-custom-language-flag":["https:\/\/sssmachinery.com\/wp-content\/uploads\/2024\/06\/9-1.avif",12,12,false],"woocommerce_thumbnail":["https:\/\/sssmachinery.com\/wp-content\/uploads\/2024\/06\/9-1-300x300.avif",300,300,true],"woocommerce_single":["https:\/\/sssmachinery.com\/wp-content\/uploads\/2024\/06\/9-1-600x600.avif",600,600,true],"woocommerce_gallery_thumbnail":["https:\/\/sssmachinery.com\/wp-content\/uploads\/2024\/06\/9-1-100x100.avif",100,100,true]},"uagb_author_info":{"display_name":"info","author_link":"https:\/\/sssmachinery.com\/fr\/author\/"},"uagb_comment_info":0,"uagb_excerpt":"Product Description Tomato processing line can produce from fresh tomato to different kinds of final product. The most popular is [&hellip;]","_links":{"self":[{"href":"https:\/\/sssmachinery.com\/fr\/wp-json\/wp\/v2\/product\/965"}],"collection":[{"href":"https:\/\/sssmachinery.com\/fr\/wp-json\/wp\/v2\/product"}],"about":[{"href":"https:\/\/sssmachinery.com\/fr\/wp-json\/wp\/v2\/types\/product"}],"wp:featuredmedia":[{"embeddable":true,"href":"https:\/\/sssmachinery.com\/fr\/wp-json\/wp\/v2\/media\/1165"}],"wp:attachment":[{"href":"https:\/\/sssmachinery.com\/fr\/wp-json\/wp\/v2\/media?parent=965"}],"wp:term":[{"taxonomy":"product_cat","embeddable":true,"href":"https:\/\/sssmachinery.com\/fr\/wp-json\/wp\/v2\/product_cat?post=965"},{"taxonomy":"product_tag","embeddable":true,"href":"https:\/\/sssmachinery.com\/fr\/wp-json\/wp\/v2\/product_tag?post=965"}],"curies":[{"name":"wp","href":"https:\/\/api.w.org\/{rel}","templated":true}]}}