{"id":1369,"date":"2024-07-04T09:07:56","date_gmt":"2024-07-04T09:07:56","guid":{"rendered":"https:\/\/sssmachinery.com\/?post_type=product&#038;p=1369"},"modified":"2024-09-02T03:12:59","modified_gmt":"2024-09-02T03:12:59","slug":"chapati-tortilla-roti-pita-bread-automatic-food-vacuum-packing-machine-for-tortilla","status":"publish","type":"product","link":"https:\/\/sssmachinery.com\/fr\/produit\/chapati-tortilla-roti-pita-bread-automatic-food-vacuum-packing-machine-for-tortilla\/","title":{"rendered":"Chapati Tortilla Roti Pita Bread Machine \u00e0 emballer sous vide automatique pour Tortilla"},"content":{"rendered":"<h1><span style=\"color: #0000ff;\">Description du produit<\/span><\/h1>\n<hr \/>\n<p>une solution r\u00e9volutionnaire pour pr\u00e9server la fra\u00eecheur et prolonger la dur\u00e9e de conservation de vos d\u00e9licieux pains plats. Cette machine de pointe est con\u00e7ue pour rationaliser le processus d'emballage et garantir que vos chapatis, tortillas, rotis et pitas restent frais et d\u00e9licieux pendant une p\u00e9riode prolong\u00e9e.<\/p>\n<p>Dot\u00e9e d'une technologie de vide avanc\u00e9e, cette machine \u00e9limine efficacement l'air de l'emballage, cr\u00e9ant ainsi un joint herm\u00e9tique qui emp\u00eache l'oxydation et la perte d'humidit\u00e9. Gr\u00e2ce \u00e0 son interface conviviale et \u00e0 ses commandes intuitives, la machine est facile \u00e0 utiliser et s'int\u00e8gre parfaitement \u00e0 votre cha\u00eene de production. Sa construction robuste et son respect de normes de s\u00e9curit\u00e9 strictes garantissent des performances fiables et une grande long\u00e9vit\u00e9.<\/p>\n<p>La machine \u00e0 emballer sous vide automatique pour tortillas Chapati Tortilla Roti Pita Bread offre une grande polyvalence dans les options d'emballage, s'adaptant \u00e0 une large gamme de tailles et de formes de pains plats. Qu'il s'agisse d'une petite boulangerie ou d'une installation de production \u00e0 grande \u00e9chelle, cette machine change la donne et vous donne un avantage concurrentiel sur le march\u00e9 en vous fournissant des pains plats fra\u00eechement emball\u00e9s qui conservent leur go\u00fbt et leur texture exceptionnels.<\/p>\n<h2><span style=\"color: #0000ff;\">Param\u00e8tres du formulaire<\/span><\/h2>\n<hr \/>\n<table class=\"all magic-10\">\n<tbody>\n<tr>\n<td colspan=\"1\" rowspan=\"1\">\n<div class=\"magic-11\">\n<div class=\"magic-12\" data-spm-anchor-id=\"a2700.custom-template.0.i57.41fa33332rJrUX\"><strong>Diam\u00e8tre maximal du film<\/strong><\/div>\n<\/div>\n<\/td>\n<td colspan=\"1\" rowspan=\"1\">\n<div class=\"magic-13\">\n<div class=\"magic-12\" data-spm-anchor-id=\"0.0.0.i12.78774f05C3ZSwP\"><strong><span class=\"magic-14\">320mm<\/span><\/strong><\/div>\n<\/div>\n<\/td>\n<\/tr>\n<tr>\n<td colspan=\"1\" rowspan=\"1\">\n<div class=\"magic-11\">\n<div class=\"magic-12\" data-spm-anchor-id=\"0.0.0.i5.78774f05C3ZSwP\"><strong>Capacit\u00e9 maximale d'emballage<\/strong><\/div>\n<\/div>\n<\/td>\n<td colspan=\"1\" rowspan=\"1\">\n<div class=\"magic-13\">\n<div class=\"magic-12\" data-spm-anchor-id=\"0.0.0.i4.78774f05C3ZSwP\"><strong><span class=\"magic-14\">20-180 paquets\/min<\/span><\/strong><\/div>\n<\/div>\n<\/td>\n<\/tr>\n<tr>\n<td colspan=\"1\" rowspan=\"1\">\n<div class=\"magic-11\">\n<div class=\"magic-12\" data-spm-anchor-id=\"0.0.0.i6.78774f05C3ZSwP\"><strong>S'adapter \u00e0 l'\u00e9paisseur du film<\/strong><\/div>\n<\/div>\n<\/td>\n<td colspan=\"1\" rowspan=\"1\">\n<div class=\"magic-13\">\n<div class=\"magic-12\" data-spm-anchor-id=\"0.0.0.i5.78774f05vZMQRZ\"><strong><span class=\"magic-14\">0,02-0,08 mm<\/span><\/strong><\/div>\n<\/div>\n<\/td>\n<\/tr>\n<tr>\n<td colspan=\"1\" rowspan=\"1\">\n<div class=\"magic-11\">\n<div class=\"magic-12\" data-spm-anchor-id=\"0.0.0.i7.78774f05C3ZSwP\"><strong>longueur du sac<\/strong><\/div>\n<\/div>\n<\/td>\n<td colspan=\"1\" rowspan=\"1\">\n<div class=\"magic-13\">\n<div class=\"magic-12\" data-spm-anchor-id=\"0.0.0.i7.78774f05vZMQRZ\"><strong><span class=\"magic-14\">70-300mm<\/span><\/strong><\/div>\n<\/div>\n<\/td>\n<\/tr>\n<tr>\n<td colspan=\"1\" rowspan=\"1\">\n<div class=\"magic-11\">\n<div class=\"magic-12\" data-spm-anchor-id=\"a2700.custom-template.0.i34.41fa33332rJrUX\"><strong>Largeur du paquet<\/strong><\/div>\n<\/div>\n<\/td>\n<td colspan=\"1\" rowspan=\"1\">\n<div class=\"magic-13\">\n<div class=\"magic-12\" data-spm-anchor-id=\"0.0.0.i8.78774f05vZMQRZ\"><strong>pas plus de 150 mm<\/strong><\/div>\n<\/div>\n<\/td>\n<\/tr>\n<tr>\n<td colspan=\"1\" rowspan=\"1\">\n<div class=\"magic-11\">\n<div class=\"magic-12\" data-spm-anchor-id=\"0.0.0.i8.78774f05C3ZSwP\"><strong>mat\u00e9riel d'emballage<\/strong><\/div>\n<\/div>\n<\/td>\n<td colspan=\"1\" rowspan=\"1\">\n<div class=\"magic-13\">\n<div class=\"magic-12\" data-spm-anchor-id=\"a2700.custom-template.0.i56.41fa33332rJrUX\"><strong>sous r\u00e9serve d'un \u00e9chantillon<\/strong><\/div>\n<\/div>\n<\/td>\n<\/tr>\n<tr>\n<td colspan=\"1\" rowspan=\"1\">\n<div class=\"magic-11\">\n<div class=\"magic-12\" data-spm-anchor-id=\"0.0.0.i9.78774f05C3ZSwP\"><strong>Tension d'alimentation<\/strong><\/div>\n<\/div>\n<\/td>\n<td colspan=\"1\" rowspan=\"1\">\n<div class=\"magic-13\">\n<div class=\"magic-12\" data-spm-anchor-id=\"0.0.0.i10.78774f05vZMQRZ\"><strong>1,8kw\/220v<\/strong><\/div>\n<\/div>\n<\/td>\n<\/tr>\n<tr>\n<td colspan=\"1\" rowspan=\"1\">\n<div class=\"magic-11\">\n<div class=\"magic-12\" data-spm-anchor-id=\"0.0.0.i10.78774f05C3ZSwP\"><strong>Dimensions de la machine (longueur * largeur * hauteur)<\/strong><\/div>\n<\/div>\n<\/td>\n<td colspan=\"1\" rowspan=\"1\">\n<div class=\"magic-13\">\n<div class=\"magic-12\" data-spm-anchor-id=\"0.0.0.i12.78774f05vZMQRZ\"><strong>3900*920*1450mm<\/strong><\/div>\n<\/div>\n<\/td>\n<\/tr>\n<tr>\n<td colspan=\"1\" rowspan=\"1\">\n<div class=\"magic-11\">\n<div class=\"magic-12\" data-spm-anchor-id=\"0.0.0.i11.78774f05C3ZSwP\"><strong>poids brut<\/strong><\/div>\n<\/div>\n<\/td>\n<td colspan=\"1\" rowspan=\"1\">\n<div class=\"magic-13\">\n<div class=\"magic-12\" data-spm-anchor-id=\"a2700.pc-decorate.0.i7.7f8c3333zrPJGs\"><strong><span class=\"magic-14\">450 kg<\/span><\/strong><\/div>\n<\/div>\n<\/td>\n<\/tr>\n<\/tbody>\n<\/table>","protected":false},"excerpt":{"rendered":"<p>Product description a revolutionary solution for preserving the freshness and extending the shelf life of your delectable flatbreads. This state-of-the-art [&hellip;]<\/p>","protected":false},"featured_media":1374,"template":"","meta":{"_uag_custom_page_level_css":"","_monsterinsights_skip_tracking":false,"_monsterinsights_sitenote_active":false,"_monsterinsights_sitenote_note":"","_monsterinsights_sitenote_category":0,"site-sidebar-layout":"default","site-content-layout":"","ast-site-content-layout":"default","site-content-style":"default","site-sidebar-style":"default","ast-global-header-display":"","ast-banner-title-visibility":"","ast-main-header-display":"","ast-hfb-above-header-display":"","ast-hfb-below-header-display":"","ast-hfb-mobile-header-display":"","site-post-title":"","ast-breadcrumbs-content":"","ast-featured-img":"","footer-sml-layout":"","theme-transparent-header-meta":"default","adv-header-id-meta":"","stick-header-meta":"default","header-above-stick-meta":"","header-main-stick-meta":"","header-below-stick-meta":"","astra-migrate-meta-layouts":"set","ast-page-background-enabled":"default","ast-page-background-meta":{"desktop":{"background-color":"var(--ast-global-color-4)","background-image":"","background-repeat":"repeat","background-position":"center center","background-size":"auto","background-attachment":"scroll","background-type":"","background-media":"","overlay-type":"","overlay-color":"","overlay-opacity":"","overlay-gradient":""},"tablet":{"background-color":"","background-image":"","background-repeat":"repeat","background-position":"center center","background-size":"auto","background-attachment":"scroll","background-type":"","background-media":"","overlay-type":"","overlay-color":"","overlay-opacity":"","overlay-gradient":""},"mobile":{"background-color":"","background-image":"","background-repeat":"repeat","background-position":"center center","background-size":"auto","background-attachment":"scroll","background-type":"","background-media":"","overlay-type":"","overlay-color":"","overlay-opacity":"","overlay-gradient":""}},"ast-content-background-meta":{"desktop":{"background-color":"var(--ast-global-color-5)","background-image":"","background-repeat":"repeat","background-position":"center center","background-size":"auto","background-attachment":"scroll","background-type":"","background-media":"","overlay-type":"","overlay-color":"","overlay-opacity":"","overlay-gradient":""},"tablet":{"background-color":"var(--ast-global-color-5)","background-image":"","background-repeat":"repeat","background-position":"center center","background-size":"auto","background-attachment":"scroll","background-type":"","background-media":"","overlay-type":"","overlay-color":"","overlay-opacity":"","overlay-gradient":""},"mobile":{"background-color":"var(--ast-global-color-5)","background-image":"","background-repeat":"repeat","background-position":"center center","background-size":"auto","background-attachment":"scroll","background-type":"","background-media":"","overlay-type":"","overlay-color":"","overlay-opacity":"","overlay-gradient":""}}},"product_cat":[26,42],"product_tag":[],"yoast_head":"<!-- This site is optimized with the Yoast SEO Premium plugin v22.6 (Yoast SEO v22.6) - https:\/\/yoast.com\/wordpress\/plugins\/seo\/ -->\n<title>Chapati Tortilla Roti Pita Bread Automatic Food Vacuum Packing Machine For Tortilla - SSS Food Machinery Technology<\/title>\n<meta name=\"robots\" content=\"index, follow, max-snippet:-1, max-image-preview:large, max-video-preview:-1\" \/>\n<link rel=\"canonical\" href=\"https:\/\/sssmachinery.com\/fr\/produit\/chapati-tortilla-roti-pita-bread-automatic-food-vacuum-packing-machine-for-tortilla\/\" \/>\n<meta property=\"og:locale\" content=\"fr_FR\" \/>\n<meta property=\"og:type\" content=\"article\" \/>\n<meta property=\"og:title\" content=\"Chapati Tortilla Roti Pita Bread Automatic Food Vacuum Packing Machine For Tortilla\" \/>\n<meta property=\"og:description\" content=\"Product description a revolutionary solution for preserving the freshness and extending the shelf life of your delectable flatbreads. This state-of-the-art [&hellip;]\" \/>\n<meta property=\"og:url\" content=\"https:\/\/sssmachinery.com\/fr\/produit\/chapati-tortilla-roti-pita-bread-automatic-food-vacuum-packing-machine-for-tortilla\/\" \/>\n<meta property=\"og:site_name\" content=\"SSS Food Machinery Technology\" \/>\n<meta property=\"article:modified_time\" content=\"2024-09-02T03:12:59+00:00\" \/>\n<meta name=\"twitter:card\" content=\"summary_large_image\" \/>\n<meta name=\"twitter:label1\" content=\"Dur\u00e9e de lecture estim\u00e9e\" \/>\n\t<meta name=\"twitter:data1\" content=\"2 minutes\" \/>\n<script type=\"application\/ld+json\" class=\"yoast-schema-graph\">{\"@context\":\"https:\/\/schema.org\",\"@graph\":[{\"@type\":\"WebPage\",\"@id\":\"https:\/\/sssmachinery.com\/product\/chapati-tortilla-roti-pita-bread-automatic-food-vacuum-packing-machine-for-tortilla\/\",\"url\":\"https:\/\/sssmachinery.com\/product\/chapati-tortilla-roti-pita-bread-automatic-food-vacuum-packing-machine-for-tortilla\/\",\"name\":\"Chapati Tortilla Roti Pita Bread Automatic Food Vacuum Packing Machine For Tortilla - SSS Food Machinery Technology\",\"isPartOf\":{\"@id\":\"https:\/\/sssmachinery.com\/#website\"},\"primaryImageOfPage\":{\"@id\":\"https:\/\/sssmachinery.com\/product\/chapati-tortilla-roti-pita-bread-automatic-food-vacuum-packing-machine-for-tortilla\/#primaryimage\"},\"image\":{\"@id\":\"https:\/\/sssmachinery.com\/product\/chapati-tortilla-roti-pita-bread-automatic-food-vacuum-packing-machine-for-tortilla\/#primaryimage\"},\"thumbnailUrl\":\"https:\/\/sssmachinery.com\/wp-content\/uploads\/2024\/07\/6.avif\",\"datePublished\":\"2024-07-04T09:07:56+00:00\",\"dateModified\":\"2024-09-02T03:12:59+00:00\",\"breadcrumb\":{\"@id\":\"https:\/\/sssmachinery.com\/product\/chapati-tortilla-roti-pita-bread-automatic-food-vacuum-packing-machine-for-tortilla\/#breadcrumb\"},\"inLanguage\":\"fr-FR\",\"potentialAction\":[{\"@type\":\"ReadAction\",\"target\":[\"https:\/\/sssmachinery.com\/product\/chapati-tortilla-roti-pita-bread-automatic-food-vacuum-packing-machine-for-tortilla\/\"]}]},{\"@type\":\"ImageObject\",\"inLanguage\":\"fr-FR\",\"@id\":\"https:\/\/sssmachinery.com\/product\/chapati-tortilla-roti-pita-bread-automatic-food-vacuum-packing-machine-for-tortilla\/#primaryimage\",\"url\":\"https:\/\/sssmachinery.com\/wp-content\/uploads\/2024\/07\/6.avif\",\"contentUrl\":\"https:\/\/sssmachinery.com\/wp-content\/uploads\/2024\/07\/6.avif\",\"width\":600,\"height\":600,\"caption\":\"Food Packaging Machine\"},{\"@type\":\"BreadcrumbList\",\"@id\":\"https:\/\/sssmachinery.com\/product\/chapati-tortilla-roti-pita-bread-automatic-food-vacuum-packing-machine-for-tortilla\/#breadcrumb\",\"itemListElement\":[{\"@type\":\"ListItem\",\"position\":1,\"name\":\"\u9996\u9875\",\"item\":\"https:\/\/sssmachinery.com\/\"},{\"@type\":\"ListItem\",\"position\":2,\"name\":\"Products\",\"item\":\"https:\/\/sssmachinery.com\/products\/\"},{\"@type\":\"ListItem\",\"position\":3,\"name\":\"Chapati Tortilla Roti Pita Bread Automatic Food Vacuum Packing Machine For Tortilla\"}]},{\"@type\":\"WebSite\",\"@id\":\"https:\/\/sssmachinery.com\/#website\",\"url\":\"https:\/\/sssmachinery.com\/\",\"name\":\"SSS Food Machinery Technology\",\"description\":\"BEST SOLUTIONS FOR TORTILLA MACHINERY\",\"publisher\":{\"@id\":\"https:\/\/sssmachinery.com\/#organization\"},\"potentialAction\":[{\"@type\":\"SearchAction\",\"target\":{\"@type\":\"EntryPoint\",\"urlTemplate\":\"https:\/\/sssmachinery.com\/?s={search_term_string}\"},\"query-input\":\"required name=search_term_string\"}],\"inLanguage\":\"fr-FR\"},{\"@type\":\"Organization\",\"@id\":\"https:\/\/sssmachinery.com\/#organization\",\"name\":\"SSS Food Machinery Technology\",\"url\":\"https:\/\/sssmachinery.com\/\",\"logo\":{\"@type\":\"ImageObject\",\"inLanguage\":\"fr-FR\",\"@id\":\"https:\/\/sssmachinery.com\/#\/schema\/logo\/image\/\",\"url\":\"https:\/\/sssmachinery.com\/wp-content\/uploads\/2024\/05\/cropped-logo-1.png\",\"contentUrl\":\"https:\/\/sssmachinery.com\/wp-content\/uploads\/2024\/05\/cropped-logo-1.png\",\"width\":512,\"height\":512,\"caption\":\"SSS Food Machinery Technology\"},\"image\":{\"@id\":\"https:\/\/sssmachinery.com\/#\/schema\/logo\/image\/\"}}]}<\/script>\n<!-- \/ Yoast SEO Premium plugin. -->","yoast_head_json":{"title":"Chapati Tortilla Roti Pita Bread Automatic Food Vacuum Packing Machine For Tortilla - SSS Food Machinery Technology","robots":{"index":"index","follow":"follow","max-snippet":"max-snippet:-1","max-image-preview":"max-image-preview:large","max-video-preview":"max-video-preview:-1"},"canonical":"https:\/\/sssmachinery.com\/fr\/produit\/chapati-tortilla-roti-pita-bread-automatic-food-vacuum-packing-machine-for-tortilla\/","og_locale":"fr_FR","og_type":"article","og_title":"Chapati Tortilla Roti Pita Bread Automatic Food Vacuum Packing Machine For Tortilla","og_description":"Product description a revolutionary solution for preserving the freshness and extending the shelf life of your delectable flatbreads. This state-of-the-art [&hellip;]","og_url":"https:\/\/sssmachinery.com\/fr\/produit\/chapati-tortilla-roti-pita-bread-automatic-food-vacuum-packing-machine-for-tortilla\/","og_site_name":"SSS Food Machinery Technology","article_modified_time":"2024-09-02T03:12:59+00:00","twitter_card":"summary_large_image","twitter_misc":{"Dur\u00e9e de lecture estim\u00e9e":"2 minutes"},"schema":{"@context":"https:\/\/schema.org","@graph":[{"@type":"WebPage","@id":"https:\/\/sssmachinery.com\/product\/chapati-tortilla-roti-pita-bread-automatic-food-vacuum-packing-machine-for-tortilla\/","url":"https:\/\/sssmachinery.com\/product\/chapati-tortilla-roti-pita-bread-automatic-food-vacuum-packing-machine-for-tortilla\/","name":"Chapati Tortilla Roti Pita Bread Automatic Food Vacuum Packing Machine For Tortilla - SSS Food Machinery Technology","isPartOf":{"@id":"https:\/\/sssmachinery.com\/#website"},"primaryImageOfPage":{"@id":"https:\/\/sssmachinery.com\/product\/chapati-tortilla-roti-pita-bread-automatic-food-vacuum-packing-machine-for-tortilla\/#primaryimage"},"image":{"@id":"https:\/\/sssmachinery.com\/product\/chapati-tortilla-roti-pita-bread-automatic-food-vacuum-packing-machine-for-tortilla\/#primaryimage"},"thumbnailUrl":"https:\/\/sssmachinery.com\/wp-content\/uploads\/2024\/07\/6.avif","datePublished":"2024-07-04T09:07:56+00:00","dateModified":"2024-09-02T03:12:59+00:00","breadcrumb":{"@id":"https:\/\/sssmachinery.com\/product\/chapati-tortilla-roti-pita-bread-automatic-food-vacuum-packing-machine-for-tortilla\/#breadcrumb"},"inLanguage":"fr-FR","potentialAction":[{"@type":"ReadAction","target":["https:\/\/sssmachinery.com\/product\/chapati-tortilla-roti-pita-bread-automatic-food-vacuum-packing-machine-for-tortilla\/"]}]},{"@type":"ImageObject","inLanguage":"fr-FR","@id":"https:\/\/sssmachinery.com\/product\/chapati-tortilla-roti-pita-bread-automatic-food-vacuum-packing-machine-for-tortilla\/#primaryimage","url":"https:\/\/sssmachinery.com\/wp-content\/uploads\/2024\/07\/6.avif","contentUrl":"https:\/\/sssmachinery.com\/wp-content\/uploads\/2024\/07\/6.avif","width":600,"height":600,"caption":"Food Packaging Machine"},{"@type":"BreadcrumbList","@id":"https:\/\/sssmachinery.com\/product\/chapati-tortilla-roti-pita-bread-automatic-food-vacuum-packing-machine-for-tortilla\/#breadcrumb","itemListElement":[{"@type":"ListItem","position":1,"name":"\u9996\u9875","item":"https:\/\/sssmachinery.com\/"},{"@type":"ListItem","position":2,"name":"Products","item":"https:\/\/sssmachinery.com\/products\/"},{"@type":"ListItem","position":3,"name":"Chapati Tortilla Roti Pita Bread Automatic Food Vacuum Packing Machine For Tortilla"}]},{"@type":"WebSite","@id":"https:\/\/sssmachinery.com\/#website","url":"https:\/\/sssmachinery.com\/","name":"SSS Food Machinery Technology","description":"BEST SOLUTIONS FOR TORTILLA MACHINERY","publisher":{"@id":"https:\/\/sssmachinery.com\/#organization"},"potentialAction":[{"@type":"SearchAction","target":{"@type":"EntryPoint","urlTemplate":"https:\/\/sssmachinery.com\/?s={search_term_string}"},"query-input":"required name=search_term_string"}],"inLanguage":"fr-FR"},{"@type":"Organization","@id":"https:\/\/sssmachinery.com\/#organization","name":"SSS Food Machinery Technology","url":"https:\/\/sssmachinery.com\/","logo":{"@type":"ImageObject","inLanguage":"fr-FR","@id":"https:\/\/sssmachinery.com\/#\/schema\/logo\/image\/","url":"https:\/\/sssmachinery.com\/wp-content\/uploads\/2024\/05\/cropped-logo-1.png","contentUrl":"https:\/\/sssmachinery.com\/wp-content\/uploads\/2024\/05\/cropped-logo-1.png","width":512,"height":512,"caption":"SSS Food Machinery Technology"},"image":{"@id":"https:\/\/sssmachinery.com\/#\/schema\/logo\/image\/"}}]}},"uagb_featured_image_src":{"full":["https:\/\/sssmachinery.com\/wp-content\/uploads\/2024\/07\/6.avif",600,600,false],"thumbnail":["https:\/\/sssmachinery.com\/wp-content\/uploads\/2024\/07\/6-150x150.avif",150,150,true],"medium":["https:\/\/sssmachinery.com\/wp-content\/uploads\/2024\/07\/6-300x300.avif",300,300,true],"medium_large":["https:\/\/sssmachinery.com\/wp-content\/uploads\/2024\/07\/6.avif",600,600,false],"large":["https:\/\/sssmachinery.com\/wp-content\/uploads\/2024\/07\/6.avif",600,600,false],"1536x1536":["https:\/\/sssmachinery.com\/wp-content\/uploads\/2024\/07\/6.avif",600,600,false],"2048x2048":["https:\/\/sssmachinery.com\/wp-content\/uploads\/2024\/07\/6.avif",600,600,false],"trp-custom-language-flag":["https:\/\/sssmachinery.com\/wp-content\/uploads\/2024\/07\/6-12x12.avif",12,12,true],"woocommerce_thumbnail":["https:\/\/sssmachinery.com\/wp-content\/uploads\/2024\/07\/6-300x300.avif",300,300,true],"woocommerce_single":["https:\/\/sssmachinery.com\/wp-content\/uploads\/2024\/07\/6.avif",600,600,false],"woocommerce_gallery_thumbnail":["https:\/\/sssmachinery.com\/wp-content\/uploads\/2024\/07\/6-100x100.avif",100,100,true]},"uagb_author_info":{"display_name":"info","author_link":"https:\/\/sssmachinery.com\/fr\/author\/"},"uagb_comment_info":0,"uagb_excerpt":"Product description a revolutionary solution for preserving the freshness and extending the shelf life of your delectable flatbreads. This state-of-the-art [&hellip;]","_links":{"self":[{"href":"https:\/\/sssmachinery.com\/fr\/wp-json\/wp\/v2\/product\/1369"}],"collection":[{"href":"https:\/\/sssmachinery.com\/fr\/wp-json\/wp\/v2\/product"}],"about":[{"href":"https:\/\/sssmachinery.com\/fr\/wp-json\/wp\/v2\/types\/product"}],"wp:featuredmedia":[{"embeddable":true,"href":"https:\/\/sssmachinery.com\/fr\/wp-json\/wp\/v2\/media\/1374"}],"wp:attachment":[{"href":"https:\/\/sssmachinery.com\/fr\/wp-json\/wp\/v2\/media?parent=1369"}],"wp:term":[{"taxonomy":"product_cat","embeddable":true,"href":"https:\/\/sssmachinery.com\/fr\/wp-json\/wp\/v2\/product_cat?post=1369"},{"taxonomy":"product_tag","embeddable":true,"href":"https:\/\/sssmachinery.com\/fr\/wp-json\/wp\/v2\/product_tag?post=1369"}],"curies":[{"name":"wp","href":"https:\/\/api.w.org\/{rel}","templated":true}]}}