{"id":1338,"date":"2024-06-28T09:14:00","date_gmt":"2024-06-28T09:14:00","guid":{"rendered":"https:\/\/sssmachinery.com\/?post_type=product&#038;p=1338"},"modified":"2024-09-02T03:13:32","modified_gmt":"2024-09-02T03:13:32","slug":"tortilla-press-machine-machines-to-make-tortillas-tortilla-maker-machine-commercial","status":"publish","type":"product","link":"https:\/\/sssmachinery.com\/fr\/produit\/tortilla-press-machine-machines-to-make-tortillas-tortilla-maker-machine-commercial\/","title":{"rendered":"P\u00e9trin pour la fabrication de pizzas P\u00e9trin industriel pour la farine P\u00e9trin pour g\u00e2teaux Pains P\u00e2te alimentaire P\u00e9trin en spirale"},"content":{"rendered":"<h1><span style=\"color: #0000ff;\">Description du produit<\/span><\/h1>\n<hr \/>\n<p>- Efficace et rapide : La presse \u00e0 tortillas est con\u00e7ue pour vous aider \u00e0 fabriquer des tortillas rapidement et efficacement, ce qui vous permet d'\u00e9conomiser du temps et des efforts dans la cuisine.<br \/>\n- Qualit\u00e9 commerciale : Cette machine \u00e0 tortilla est con\u00e7ue pour r\u00e9sister \u00e0 une utilisation intensive, ce qui la rend id\u00e9ale pour les environnements commerciaux tels que les restaurants, les food trucks ou les entreprises de restauration.<br \/>\n- Des r\u00e9sultats homog\u00e8nes : Gr\u00e2ce \u00e0 une conception et une ing\u00e9nierie pr\u00e9cises, cette machine garantit que chaque tortilla est press\u00e9e et cuite de mani\u00e8re uniforme, ce qui permet d'obtenir des produits homog\u00e8nes et de qualit\u00e9 professionnelle.<br \/>\n- Polyvalence : outre la fabrication de tortillas, cette machine peut \u00e9galement \u00eatre utilis\u00e9e pour presser d'autres pains plats, tels que les rotis, les chapatis ou les pains pita, offrant ainsi une grande polyvalence dans vos cr\u00e9ations culinaires.<br \/>\n- Facile \u00e0 utiliser : la conception conviviale de la machine \u00e0 presser les tortillas la rend facile \u00e0 utiliser, m\u00eame pour les d\u00e9butants, ce qui vous permet de cr\u00e9er de d\u00e9licieuses tortillas en toute simplicit\u00e9.<br \/>\n- Construction durable : Fabriqu\u00e9e \u00e0 partir de mat\u00e9riaux de haute qualit\u00e9, cette machine est con\u00e7ue pour durer, offrant une durabilit\u00e9 et une fiabilit\u00e9 \u00e0 long terme pour tous vos besoins de fabrication de tortillas.<\/p>\n<h2><span style=\"color: #0000ff;\">Param\u00e8tres du formulaire<\/span><\/h2>\n<hr \/>\n<table class=\"has-title all magic-5\">\n<tbody>\n<tr>\n<td colspan=\"1\" rowspan=\"1\">\n<div class=\"magic-6\" data-spm-anchor-id=\"a2700.details.0.i43.44f77416cFasPC\">\n<div class=\"magic-7\" data-spm-anchor-id=\"a2700.pc-decorate.0.i39.b3343333SF6UIw\"><span class=\"magic-4\" style=\"font-family: Roboto;\"><b>Mod\u00e8le<\/b><\/span><\/div>\n<\/div>\n<\/td>\n<td colspan=\"1\" rowspan=\"1\">\n<div class=\"magic-8\">\n<div class=\"magic-7\"><span class=\"magic-4\" style=\"font-family: Roboto;\"><b>Tension<\/b><\/span><\/div>\n<\/div>\n<\/td>\n<td colspan=\"1\" rowspan=\"1\">\n<div class=\"magic-9\">\n<div class=\"magic-7\"><span class=\"magic-4\" style=\"font-family: Roboto;\"><b>Puissance<\/b><\/span><\/div>\n<\/div>\n<\/td>\n<td colspan=\"1\" rowspan=\"1\">\n<div class=\"magic-10\">\n<div class=\"magic-7\"><span class=\"magic-4\" style=\"font-family: Roboto;\"><b>Capacit\u00e9<\/b><\/span><\/div>\n<\/div>\n<\/td>\n<td colspan=\"1\" rowspan=\"1\">\n<div class=\"magic-11\">\n<div class=\"magic-7\"><span class=\"magic-4\" style=\"font-family: Roboto;\"><b>Poids<\/b><\/span><\/div>\n<\/div>\n<\/td>\n<td colspan=\"1\" rowspan=\"1\">\n<div class=\"magic-12\">\n<div class=\"magic-7\"><span class=\"magic-4\" style=\"font-family: Roboto;\"><b>Taille<\/b><\/span><\/div>\n<\/div>\n<\/td>\n<\/tr>\n<tr>\n<td colspan=\"1\" rowspan=\"1\">\n<div class=\"magic-6\">\n<div class=\"magic-7\"><span class=\"magic-4\" style=\"font-family: Roboto;\">YCH-20<\/span><\/div>\n<\/div>\n<\/td>\n<td colspan=\"1\" rowspan=\"1\">\n<div class=\"magic-8\">\n<div class=\"magic-7\"><span class=\"magic-4\" style=\"font-family: Roboto;\">220v<\/span><\/div>\n<\/div>\n<\/td>\n<td colspan=\"1\" rowspan=\"1\">\n<div class=\"magic-9\">\n<div class=\"magic-7\"><span class=\"magic-4\" style=\"font-family: Roboto;\">1,1kw<\/span><\/div>\n<\/div>\n<\/td>\n<td colspan=\"1\" rowspan=\"1\">\n<div class=\"magic-10\">\n<div class=\"magic-7\"><span class=\"magic-4\" style=\"font-family: Roboto;\">20L<\/span><\/div>\n<\/div>\n<\/td>\n<td colspan=\"1\" rowspan=\"1\">\n<div class=\"magic-11\">\n<div class=\"magic-7\"><span class=\"magic-4\" style=\"font-family: Roboto;\">100 kg<\/span><\/div>\n<\/div>\n<\/td>\n<td colspan=\"1\" rowspan=\"1\">\n<div class=\"magic-12\">\n<div class=\"magic-7\"><span class=\"magic-4\" style=\"font-family: Roboto;\">630x380x750mm<\/span><\/div>\n<\/div>\n<\/td>\n<\/tr>\n<tr>\n<td colspan=\"1\" rowspan=\"1\">\n<div class=\"magic-6\">\n<div class=\"magic-7\"><span class=\"magic-4\" style=\"font-family: Roboto;\">YCH-30<\/span><\/div>\n<\/div>\n<\/td>\n<td colspan=\"1\" rowspan=\"1\">\n<div class=\"magic-8\">\n<div class=\"magic-7\"><span class=\"magic-4\" style=\"font-family: Roboto;\">220\/380v<\/span><\/div>\n<\/div>\n<\/td>\n<td colspan=\"1\" rowspan=\"1\">\n<div class=\"magic-9\">\n<div class=\"magic-7\"><span class=\"magic-4\" style=\"font-family: Roboto;\">1,8 kW<\/span><\/div>\n<\/div>\n<\/td>\n<td colspan=\"1\" rowspan=\"1\">\n<div class=\"magic-10\">\n<div class=\"magic-7\"><span class=\"magic-4\" style=\"font-family: Roboto;\">30L<\/span><\/div>\n<\/div>\n<\/td>\n<td colspan=\"1\" rowspan=\"1\">\n<div class=\"magic-11\">\n<div class=\"magic-7\"><span class=\"magic-4\" style=\"font-family: Roboto;\">135 kg<\/span><\/div>\n<\/div>\n<\/td>\n<td colspan=\"1\" rowspan=\"1\">\n<div class=\"magic-12\">\n<div class=\"magic-7\"><span class=\"magic-4\" style=\"font-family: Roboto;\">715x455x855mm<\/span><\/div>\n<\/div>\n<\/td>\n<\/tr>\n<tr>\n<td colspan=\"1\" rowspan=\"1\">\n<div class=\"magic-6\">\n<div class=\"magic-7\"><span class=\"magic-4\" style=\"font-family: Roboto;\">YCH-50<\/span><\/div>\n<\/div>\n<\/td>\n<td colspan=\"1\" rowspan=\"1\">\n<div class=\"magic-8\">\n<div class=\"magic-7\"><span class=\"magic-4\" style=\"font-family: Roboto;\">220\/380v<\/span><\/div>\n<\/div>\n<\/td>\n<td colspan=\"1\" rowspan=\"1\">\n<div class=\"magic-9\">\n<div class=\"magic-7\"><span class=\"magic-4\" style=\"font-family: Roboto;\">2,6 kW<\/span><\/div>\n<\/div>\n<\/td>\n<td colspan=\"1\" rowspan=\"1\">\n<div class=\"magic-10\">\n<div class=\"magic-7\"><span class=\"magic-4\" style=\"font-family: Roboto;\">50L<\/span><\/div>\n<\/div>\n<\/td>\n<td colspan=\"1\" rowspan=\"1\">\n<div class=\"magic-11\">\n<div class=\"magic-7\"><span class=\"magic-4\" style=\"font-family: Roboto;\">155 kg<\/span><\/div>\n<\/div>\n<\/td>\n<td colspan=\"1\" rowspan=\"1\">\n<div class=\"magic-12\">\n<div class=\"magic-7\"><span class=\"magic-4\" style=\"font-family: Roboto;\">830x520x900mm<\/span><\/div>\n<\/div>\n<\/td>\n<\/tr>\n<tr>\n<td colspan=\"1\" rowspan=\"1\">\n<div class=\"magic-6\">\n<div class=\"magic-7\"><span class=\"magic-4\" style=\"font-family: Roboto;\">YCH-60<\/span><\/div>\n<\/div>\n<\/td>\n<td colspan=\"1\" rowspan=\"1\">\n<div class=\"magic-8\">\n<div class=\"magic-7\"><span class=\"magic-4\" style=\"font-family: Roboto;\">220\/380v<\/span><\/div>\n<\/div>\n<\/td>\n<td colspan=\"1\" rowspan=\"1\">\n<div class=\"magic-9\">\n<div class=\"magic-7\"><span class=\"magic-4\" style=\"font-family: Roboto;\">3,6 kW<\/span><\/div>\n<\/div>\n<\/td>\n<td colspan=\"1\" rowspan=\"1\">\n<div class=\"magic-10\">\n<div class=\"magic-7\"><span class=\"magic-4\" style=\"font-family: Roboto;\">60L<\/span><\/div>\n<\/div>\n<\/td>\n<td colspan=\"1\" rowspan=\"1\">\n<div class=\"magic-11\">\n<div class=\"magic-7\"><span class=\"magic-4\" style=\"font-family: Roboto;\">230 kg<\/span><\/div>\n<\/div>\n<\/td>\n<td colspan=\"1\" rowspan=\"1\">\n<div class=\"magic-12\">\n<div class=\"magic-7\"><span class=\"magic-4\" style=\"font-family: Roboto;\">910x580x1030mm<\/span><\/div>\n<\/div>\n<\/td>\n<\/tr>\n<tr>\n<td colspan=\"1\" rowspan=\"1\">\n<div class=\"magic-6\">\n<div class=\"magic-7\"><span class=\"magic-4\" style=\"font-family: Roboto;\">YCH-100<\/span><\/div>\n<\/div>\n<\/td>\n<td colspan=\"1\" rowspan=\"1\">\n<div class=\"magic-8\">\n<div class=\"magic-7\"><span class=\"magic-4\" style=\"font-family: Roboto;\">380v<\/span><\/div>\n<\/div>\n<\/td>\n<td colspan=\"1\" rowspan=\"1\">\n<div class=\"magic-9\">\n<div class=\"magic-7\"><span class=\"magic-4\" style=\"font-family: Roboto;\">5,6 kW<\/span><\/div>\n<\/div>\n<\/td>\n<td colspan=\"1\" rowspan=\"1\">\n<div class=\"magic-10\">\n<div class=\"magic-7\"><span class=\"magic-4\" style=\"font-family: Roboto;\">100L<\/span><\/div>\n<\/div>\n<\/td>\n<td colspan=\"1\" rowspan=\"1\">\n<div class=\"magic-11\">\n<div class=\"magic-7\"><span class=\"magic-4\" style=\"font-family: Roboto;\">560 kg<\/span><\/div>\n<\/div>\n<\/td>\n<td colspan=\"1\" rowspan=\"1\">\n<div class=\"magic-12\">\n<div class=\"magic-7\"><span class=\"magic-4\" style=\"font-family: Roboto;\">1240x680x1400mm<\/span><\/div>\n<\/div>\n<\/td>\n<\/tr>\n<tr>\n<td colspan=\"1\" rowspan=\"1\">\n<div class=\"magic-6\">\n<div class=\"magic-7\"><span class=\"magic-4\" style=\"font-family: Roboto;\">YCH-150<\/span><\/div>\n<\/div>\n<\/td>\n<td colspan=\"1\" rowspan=\"1\">\n<div class=\"magic-8\">\n<div class=\"magic-7\"><span class=\"magic-4\" style=\"font-family: Roboto;\">380v<\/span><\/div>\n<\/div>\n<\/td>\n<td colspan=\"1\" rowspan=\"1\">\n<div class=\"magic-9\">\n<div class=\"magic-7\"><span class=\"magic-4\" style=\"font-family: Roboto;\">8,3 kW<\/span><\/div>\n<\/div>\n<\/td>\n<td colspan=\"1\" rowspan=\"1\">\n<div class=\"magic-10\">\n<div class=\"magic-7\"><span class=\"magic-4\" style=\"font-family: Roboto;\">150L<\/span><\/div>\n<\/div>\n<\/td>\n<td colspan=\"1\" rowspan=\"1\">\n<div class=\"magic-11\">\n<div class=\"magic-7\"><span class=\"magic-4\" style=\"font-family: Roboto;\">560 kg<\/span><\/div>\n<\/div>\n<\/td>\n<td colspan=\"1\" rowspan=\"1\">\n<div class=\"magic-12\">\n<div class=\"magic-7\"><span class=\"magic-4\" style=\"font-family: Roboto;\">1400x1050x1520mm<\/span><\/div>\n<\/div>\n<\/td>\n<\/tr>\n<tr>\n<td colspan=\"1\" rowspan=\"1\">\n<div class=\"magic-6\">\n<div class=\"magic-7\"><span class=\"magic-4\" style=\"font-family: Roboto;\">YCH-200<\/span><\/div>\n<\/div>\n<\/td>\n<td colspan=\"1\" rowspan=\"1\">\n<div class=\"magic-8\">\n<div class=\"magic-7\"><span class=\"magic-4\" style=\"font-family: Roboto;\">380v<\/span><\/div>\n<\/div>\n<\/td>\n<td colspan=\"1\" rowspan=\"1\">\n<div class=\"magic-9\">\n<div class=\"magic-7\"><span class=\"magic-4\" style=\"font-family: Roboto;\">13kw<\/span><\/div>\n<\/div>\n<\/td>\n<td colspan=\"1\" rowspan=\"1\">\n<div class=\"magic-10\">\n<div class=\"magic-7\"><span class=\"magic-4\" style=\"font-family: Roboto;\">200L<\/span><\/div>\n<\/div>\n<\/td>\n<td colspan=\"1\" rowspan=\"1\">\n<div class=\"magic-11\">\n<div class=\"magic-7\"><span class=\"magic-4\" style=\"font-family: Roboto;\">900 kg<\/span><\/div>\n<\/div>\n<\/td>\n<td colspan=\"1\" rowspan=\"1\">\n<div class=\"magic-12\">\n<div class=\"magic-7\"><span class=\"magic-4\" style=\"font-family: Roboto;\">1580x1100x1650mm<\/span><\/div>\n<\/div>\n<\/td>\n<\/tr>\n<\/tbody>\n<\/table>","protected":false},"excerpt":{"rendered":"<p>Product Description &#8211; Efficient and Fast: The tortilla press machine is designed to help you make tortillas quickly and efficiently, [&hellip;]<\/p>","protected":false},"featured_media":1347,"template":"","meta":{"_uag_custom_page_level_css":"","_monsterinsights_skip_tracking":false,"_monsterinsights_sitenote_active":false,"_monsterinsights_sitenote_note":"","_monsterinsights_sitenote_category":0,"site-sidebar-layout":"default","site-content-layout":"","ast-site-content-layout":"default","site-content-style":"default","site-sidebar-style":"default","ast-global-header-display":"","ast-banner-title-visibility":"","ast-main-header-display":"","ast-hfb-above-header-display":"","ast-hfb-below-header-display":"","ast-hfb-mobile-header-display":"","site-post-title":"","ast-breadcrumbs-content":"","ast-featured-img":"","footer-sml-layout":"","theme-transparent-header-meta":"default","adv-header-id-meta":"","stick-header-meta":"default","header-above-stick-meta":"","header-main-stick-meta":"","header-below-stick-meta":"","astra-migrate-meta-layouts":"set","ast-page-background-enabled":"default","ast-page-background-meta":{"desktop":{"background-color":"var(--ast-global-color-4)","background-image":"","background-repeat":"repeat","background-position":"center center","background-size":"auto","background-attachment":"scroll","background-type":"","background-media":"","overlay-type":"","overlay-color":"","overlay-opacity":"","overlay-gradient":""},"tablet":{"background-color":"","background-image":"","background-repeat":"repeat","background-position":"center center","background-size":"auto","background-attachment":"scroll","background-type":"","background-media":"","overlay-type":"","overlay-color":"","overlay-opacity":"","overlay-gradient":""},"mobile":{"background-color":"","background-image":"","background-repeat":"repeat","background-position":"center center","background-size":"auto","background-attachment":"scroll","background-type":"","background-media":"","overlay-type":"","overlay-color":"","overlay-opacity":"","overlay-gradient":""}},"ast-content-background-meta":{"desktop":{"background-color":"var(--ast-global-color-5)","background-image":"","background-repeat":"repeat","background-position":"center center","background-size":"auto","background-attachment":"scroll","background-type":"","background-media":"","overlay-type":"","overlay-color":"","overlay-opacity":"","overlay-gradient":""},"tablet":{"background-color":"var(--ast-global-color-5)","background-image":"","background-repeat":"repeat","background-position":"center center","background-size":"auto","background-attachment":"scroll","background-type":"","background-media":"","overlay-type":"","overlay-color":"","overlay-opacity":"","overlay-gradient":""},"mobile":{"background-color":"var(--ast-global-color-5)","background-image":"","background-repeat":"repeat","background-position":"center center","background-size":"auto","background-attachment":"scroll","background-type":"","background-media":"","overlay-type":"","overlay-color":"","overlay-opacity":"","overlay-gradient":""}}},"product_cat":[39,26],"product_tag":[56],"yoast_head":"<!-- This site is optimized with the Yoast SEO Premium plugin v22.6 (Yoast SEO v22.6) - https:\/\/yoast.com\/wordpress\/plugins\/seo\/ -->\n<title>Pizza Making Moulder Kneading Machine Bakery Industrial Flour Kneader Cake Bread Food Dough Spiral Mixer - SSS Food Machinery Technology<\/title>\n<meta name=\"robots\" content=\"index, follow, max-snippet:-1, max-image-preview:large, max-video-preview:-1\" \/>\n<link rel=\"canonical\" href=\"https:\/\/sssmachinery.com\/fr\/produit\/tortilla-press-machine-machines-to-make-tortillas-tortilla-maker-machine-commercial\/\" \/>\n<meta property=\"og:locale\" content=\"fr_FR\" \/>\n<meta property=\"og:type\" content=\"article\" \/>\n<meta property=\"og:title\" content=\"Pizza Making Moulder Kneading Machine Bakery Industrial Flour Kneader Cake Bread Food Dough Spiral Mixer\" \/>\n<meta property=\"og:description\" content=\"Product Description &#8211; Efficient and Fast: The tortilla press machine is designed to help you make tortillas quickly and efficiently, [&hellip;]\" \/>\n<meta property=\"og:url\" content=\"https:\/\/sssmachinery.com\/fr\/produit\/tortilla-press-machine-machines-to-make-tortillas-tortilla-maker-machine-commercial\/\" \/>\n<meta property=\"og:site_name\" content=\"SSS Food Machinery Technology\" \/>\n<meta property=\"article:modified_time\" content=\"2024-09-02T03:13:32+00:00\" \/>\n<meta property=\"og:image\" content=\"https:\/\/sssmachinery.com\/wp-content\/uploads\/2024\/06\/\u4e3b\u56fe02.jpg\" \/>\n\t<meta property=\"og:image:width\" content=\"800\" \/>\n\t<meta property=\"og:image:height\" content=\"800\" \/>\n\t<meta property=\"og:image:type\" content=\"image\/jpeg\" \/>\n<meta name=\"twitter:card\" content=\"summary_large_image\" \/>\n<meta name=\"twitter:label1\" content=\"Dur\u00e9e de lecture estim\u00e9e\" \/>\n\t<meta name=\"twitter:data1\" content=\"2 minutes\" \/>\n<script type=\"application\/ld+json\" class=\"yoast-schema-graph\">{\"@context\":\"https:\/\/schema.org\",\"@graph\":[{\"@type\":\"WebPage\",\"@id\":\"https:\/\/sssmachinery.com\/product\/tortilla-press-machine-machines-to-make-tortillas-tortilla-maker-machine-commercial\/\",\"url\":\"https:\/\/sssmachinery.com\/product\/tortilla-press-machine-machines-to-make-tortillas-tortilla-maker-machine-commercial\/\",\"name\":\"Pizza Making Moulder Kneading Machine Bakery Industrial Flour Kneader Cake Bread Food Dough Spiral Mixer - SSS Food Machinery Technology\",\"isPartOf\":{\"@id\":\"https:\/\/sssmachinery.com\/#website\"},\"primaryImageOfPage\":{\"@id\":\"https:\/\/sssmachinery.com\/product\/tortilla-press-machine-machines-to-make-tortillas-tortilla-maker-machine-commercial\/#primaryimage\"},\"image\":{\"@id\":\"https:\/\/sssmachinery.com\/product\/tortilla-press-machine-machines-to-make-tortillas-tortilla-maker-machine-commercial\/#primaryimage\"},\"thumbnailUrl\":\"https:\/\/sssmachinery.com\/wp-content\/uploads\/2024\/06\/\u4e3b\u56fe02.jpg\",\"datePublished\":\"2024-06-28T09:14:00+00:00\",\"dateModified\":\"2024-09-02T03:13:32+00:00\",\"breadcrumb\":{\"@id\":\"https:\/\/sssmachinery.com\/product\/tortilla-press-machine-machines-to-make-tortillas-tortilla-maker-machine-commercial\/#breadcrumb\"},\"inLanguage\":\"fr-FR\",\"potentialAction\":[{\"@type\":\"ReadAction\",\"target\":[\"https:\/\/sssmachinery.com\/product\/tortilla-press-machine-machines-to-make-tortillas-tortilla-maker-machine-commercial\/\"]}]},{\"@type\":\"ImageObject\",\"inLanguage\":\"fr-FR\",\"@id\":\"https:\/\/sssmachinery.com\/product\/tortilla-press-machine-machines-to-make-tortillas-tortilla-maker-machine-commercial\/#primaryimage\",\"url\":\"https:\/\/sssmachinery.com\/wp-content\/uploads\/2024\/06\/\u4e3b\u56fe02.jpg\",\"contentUrl\":\"https:\/\/sssmachinery.com\/wp-content\/uploads\/2024\/06\/\u4e3b\u56fe02.jpg\",\"width\":800,\"height\":800,\"caption\":\"automatic dough mixer\"},{\"@type\":\"BreadcrumbList\",\"@id\":\"https:\/\/sssmachinery.com\/product\/tortilla-press-machine-machines-to-make-tortillas-tortilla-maker-machine-commercial\/#breadcrumb\",\"itemListElement\":[{\"@type\":\"ListItem\",\"position\":1,\"name\":\"\u9996\u9875\",\"item\":\"https:\/\/sssmachinery.com\/\"},{\"@type\":\"ListItem\",\"position\":2,\"name\":\"Products\",\"item\":\"https:\/\/sssmachinery.com\/products\/\"},{\"@type\":\"ListItem\",\"position\":3,\"name\":\"Pizza Making Moulder Kneading Machine Bakery Industrial Flour Kneader Cake Bread Food Dough Spiral Mixer\"}]},{\"@type\":\"WebSite\",\"@id\":\"https:\/\/sssmachinery.com\/#website\",\"url\":\"https:\/\/sssmachinery.com\/\",\"name\":\"SSS Food Machinery Technology\",\"description\":\"BEST SOLUTIONS FOR TORTILLA MACHINERY\",\"publisher\":{\"@id\":\"https:\/\/sssmachinery.com\/#organization\"},\"potentialAction\":[{\"@type\":\"SearchAction\",\"target\":{\"@type\":\"EntryPoint\",\"urlTemplate\":\"https:\/\/sssmachinery.com\/?s={search_term_string}\"},\"query-input\":\"required name=search_term_string\"}],\"inLanguage\":\"fr-FR\"},{\"@type\":\"Organization\",\"@id\":\"https:\/\/sssmachinery.com\/#organization\",\"name\":\"SSS Food Machinery Technology\",\"url\":\"https:\/\/sssmachinery.com\/\",\"logo\":{\"@type\":\"ImageObject\",\"inLanguage\":\"fr-FR\",\"@id\":\"https:\/\/sssmachinery.com\/#\/schema\/logo\/image\/\",\"url\":\"https:\/\/sssmachinery.com\/wp-content\/uploads\/2024\/05\/cropped-logo-1.png\",\"contentUrl\":\"https:\/\/sssmachinery.com\/wp-content\/uploads\/2024\/05\/cropped-logo-1.png\",\"width\":512,\"height\":512,\"caption\":\"SSS Food Machinery Technology\"},\"image\":{\"@id\":\"https:\/\/sssmachinery.com\/#\/schema\/logo\/image\/\"}}]}<\/script>\n<!-- \/ Yoast SEO Premium plugin. -->","yoast_head_json":{"title":"Pizza Making Moulder Kneading Machine Bakery Industrial Flour Kneader Cake Bread Food Dough Spiral Mixer - SSS Food Machinery Technology","robots":{"index":"index","follow":"follow","max-snippet":"max-snippet:-1","max-image-preview":"max-image-preview:large","max-video-preview":"max-video-preview:-1"},"canonical":"https:\/\/sssmachinery.com\/fr\/produit\/tortilla-press-machine-machines-to-make-tortillas-tortilla-maker-machine-commercial\/","og_locale":"fr_FR","og_type":"article","og_title":"Pizza Making Moulder Kneading Machine Bakery Industrial Flour Kneader Cake Bread Food Dough Spiral Mixer","og_description":"Product Description &#8211; Efficient and Fast: The tortilla press machine is designed to help you make tortillas quickly and efficiently, [&hellip;]","og_url":"https:\/\/sssmachinery.com\/fr\/produit\/tortilla-press-machine-machines-to-make-tortillas-tortilla-maker-machine-commercial\/","og_site_name":"SSS Food Machinery Technology","article_modified_time":"2024-09-02T03:13:32+00:00","og_image":[{"width":800,"height":800,"url":"https:\/\/sssmachinery.com\/wp-content\/uploads\/2024\/06\/\u4e3b\u56fe02.jpg","type":"image\/jpeg"}],"twitter_card":"summary_large_image","twitter_misc":{"Dur\u00e9e de lecture estim\u00e9e":"2 minutes"},"schema":{"@context":"https:\/\/schema.org","@graph":[{"@type":"WebPage","@id":"https:\/\/sssmachinery.com\/product\/tortilla-press-machine-machines-to-make-tortillas-tortilla-maker-machine-commercial\/","url":"https:\/\/sssmachinery.com\/product\/tortilla-press-machine-machines-to-make-tortillas-tortilla-maker-machine-commercial\/","name":"Pizza Making Moulder Kneading Machine Bakery Industrial Flour Kneader Cake Bread Food Dough Spiral Mixer - SSS Food Machinery Technology","isPartOf":{"@id":"https:\/\/sssmachinery.com\/#website"},"primaryImageOfPage":{"@id":"https:\/\/sssmachinery.com\/product\/tortilla-press-machine-machines-to-make-tortillas-tortilla-maker-machine-commercial\/#primaryimage"},"image":{"@id":"https:\/\/sssmachinery.com\/product\/tortilla-press-machine-machines-to-make-tortillas-tortilla-maker-machine-commercial\/#primaryimage"},"thumbnailUrl":"https:\/\/sssmachinery.com\/wp-content\/uploads\/2024\/06\/\u4e3b\u56fe02.jpg","datePublished":"2024-06-28T09:14:00+00:00","dateModified":"2024-09-02T03:13:32+00:00","breadcrumb":{"@id":"https:\/\/sssmachinery.com\/product\/tortilla-press-machine-machines-to-make-tortillas-tortilla-maker-machine-commercial\/#breadcrumb"},"inLanguage":"fr-FR","potentialAction":[{"@type":"ReadAction","target":["https:\/\/sssmachinery.com\/product\/tortilla-press-machine-machines-to-make-tortillas-tortilla-maker-machine-commercial\/"]}]},{"@type":"ImageObject","inLanguage":"fr-FR","@id":"https:\/\/sssmachinery.com\/product\/tortilla-press-machine-machines-to-make-tortillas-tortilla-maker-machine-commercial\/#primaryimage","url":"https:\/\/sssmachinery.com\/wp-content\/uploads\/2024\/06\/\u4e3b\u56fe02.jpg","contentUrl":"https:\/\/sssmachinery.com\/wp-content\/uploads\/2024\/06\/\u4e3b\u56fe02.jpg","width":800,"height":800,"caption":"automatic dough mixer"},{"@type":"BreadcrumbList","@id":"https:\/\/sssmachinery.com\/product\/tortilla-press-machine-machines-to-make-tortillas-tortilla-maker-machine-commercial\/#breadcrumb","itemListElement":[{"@type":"ListItem","position":1,"name":"\u9996\u9875","item":"https:\/\/sssmachinery.com\/"},{"@type":"ListItem","position":2,"name":"Products","item":"https:\/\/sssmachinery.com\/products\/"},{"@type":"ListItem","position":3,"name":"Pizza Making Moulder Kneading Machine Bakery Industrial Flour Kneader Cake Bread Food Dough Spiral Mixer"}]},{"@type":"WebSite","@id":"https:\/\/sssmachinery.com\/#website","url":"https:\/\/sssmachinery.com\/","name":"SSS Food Machinery Technology","description":"BEST SOLUTIONS FOR TORTILLA MACHINERY","publisher":{"@id":"https:\/\/sssmachinery.com\/#organization"},"potentialAction":[{"@type":"SearchAction","target":{"@type":"EntryPoint","urlTemplate":"https:\/\/sssmachinery.com\/?s={search_term_string}"},"query-input":"required name=search_term_string"}],"inLanguage":"fr-FR"},{"@type":"Organization","@id":"https:\/\/sssmachinery.com\/#organization","name":"SSS Food Machinery Technology","url":"https:\/\/sssmachinery.com\/","logo":{"@type":"ImageObject","inLanguage":"fr-FR","@id":"https:\/\/sssmachinery.com\/#\/schema\/logo\/image\/","url":"https:\/\/sssmachinery.com\/wp-content\/uploads\/2024\/05\/cropped-logo-1.png","contentUrl":"https:\/\/sssmachinery.com\/wp-content\/uploads\/2024\/05\/cropped-logo-1.png","width":512,"height":512,"caption":"SSS Food Machinery Technology"},"image":{"@id":"https:\/\/sssmachinery.com\/#\/schema\/logo\/image\/"}}]}},"uagb_featured_image_src":{"full":["https:\/\/sssmachinery.com\/wp-content\/uploads\/2024\/06\/\u4e3b\u56fe02.jpg",800,800,false],"thumbnail":["https:\/\/sssmachinery.com\/wp-content\/uploads\/2024\/06\/\u4e3b\u56fe02-150x150.jpg",150,150,true],"medium":["https:\/\/sssmachinery.com\/wp-content\/uploads\/2024\/06\/\u4e3b\u56fe02-300x300.jpg",300,300,true],"medium_large":["https:\/\/sssmachinery.com\/wp-content\/uploads\/2024\/06\/\u4e3b\u56fe02-768x768.jpg",768,768,true],"large":["https:\/\/sssmachinery.com\/wp-content\/uploads\/2024\/06\/\u4e3b\u56fe02.jpg",800,800,false],"1536x1536":["https:\/\/sssmachinery.com\/wp-content\/uploads\/2024\/06\/\u4e3b\u56fe02.jpg",800,800,false],"2048x2048":["https:\/\/sssmachinery.com\/wp-content\/uploads\/2024\/06\/\u4e3b\u56fe02.jpg",800,800,false],"trp-custom-language-flag":["https:\/\/sssmachinery.com\/wp-content\/uploads\/2024\/06\/\u4e3b\u56fe02-12x12.jpg",12,12,true],"woocommerce_thumbnail":["https:\/\/sssmachinery.com\/wp-content\/uploads\/2024\/06\/\u4e3b\u56fe02-300x300.jpg",300,300,true],"woocommerce_single":["https:\/\/sssmachinery.com\/wp-content\/uploads\/2024\/06\/\u4e3b\u56fe02-600x600.jpg",600,600,true],"woocommerce_gallery_thumbnail":["https:\/\/sssmachinery.com\/wp-content\/uploads\/2024\/06\/\u4e3b\u56fe02-100x100.jpg",100,100,true]},"uagb_author_info":{"display_name":"info","author_link":"https:\/\/sssmachinery.com\/fr\/author\/"},"uagb_comment_info":0,"uagb_excerpt":"Product Description &#8211; Efficient and Fast: The tortilla press machine is designed to help you make tortillas quickly and efficiently, [&hellip;]","_links":{"self":[{"href":"https:\/\/sssmachinery.com\/fr\/wp-json\/wp\/v2\/product\/1338"}],"collection":[{"href":"https:\/\/sssmachinery.com\/fr\/wp-json\/wp\/v2\/product"}],"about":[{"href":"https:\/\/sssmachinery.com\/fr\/wp-json\/wp\/v2\/types\/product"}],"wp:featuredmedia":[{"embeddable":true,"href":"https:\/\/sssmachinery.com\/fr\/wp-json\/wp\/v2\/media\/1347"}],"wp:attachment":[{"href":"https:\/\/sssmachinery.com\/fr\/wp-json\/wp\/v2\/media?parent=1338"}],"wp:term":[{"taxonomy":"product_cat","embeddable":true,"href":"https:\/\/sssmachinery.com\/fr\/wp-json\/wp\/v2\/product_cat?post=1338"},{"taxonomy":"product_tag","embeddable":true,"href":"https:\/\/sssmachinery.com\/fr\/wp-json\/wp\/v2\/product_tag?post=1338"}],"curies":[{"name":"wp","href":"https:\/\/api.w.org\/{rel}","templated":true}]}}