{"id":1169,"date":"2024-06-18T08:32:58","date_gmt":"2024-06-18T08:32:58","guid":{"rendered":"https:\/\/sssmachinery.com\/?post_type=product&#038;p=1169"},"modified":"2024-06-21T07:16:48","modified_gmt":"2024-06-21T07:16:48","slug":"28-30-brix-concentrated-mango-puree-extractor-machine-220kg-250kg-aseptic-bags","status":"publish","type":"product","link":"https:\/\/sssmachinery.com\/fr\/produit\/28-30-brix-concentrated-mango-puree-extractor-machine-220kg-250kg-aseptic-bags\/","title":{"rendered":"Extracteur de pur\u00e9e de mangue concentr\u00e9e 28-30 Brix 220kg-250kg Ligne de traitement de fruits en sacs aseptiques"},"content":{"rendered":"<h1><span style=\"color: #0000ff;\">Description du produit<\/span><\/h1>\n<hr \/>\n<h4><span data-spm-anchor-id=\"a2700.details.0.i74.3754315918032t\">Mati\u00e8re premi\u00e8re - Fruits frais<br \/>\nCapacit\u00e9 en mati\u00e8res premi\u00e8res -220-250 kg\/h de fruits frais<\/span><\/h4>\n<div>Horaires de travail : 8 heures ou 16 heures selon l'horaire du client.<br \/>\nProduit fini - jus de fruits naturel (pulpe ou nectar)<br \/>\n-Jam\/Syrup<\/div>\n<div>- Tranches de fruits<\/div>\n<div>-Sauce tomate<br \/>\nConditionnement - Bouteilles en verre avec bouchons en m\u00e9tal\/- ou pots en verre avec bouchons en m\u00e9tal\/- ou petits sacs - ou stockage<br \/>\n(Configurer et \u00e9tablir un devis en fonction des besoins du client)<\/div>\n<h2><span style=\"color: #0000ff;\">Param\u00e8tres du formulaire<\/span><\/h2>\n<hr \/>\n<table class=\"has-title all magic-12\">\n<tbody>\n<tr>\n<td colspan=\"1\" rowspan=\"1\">\n<div class=\"magic-13\" data-spm-anchor-id=\"a2700.details.0.i58.b5eb7ceaooKGAZ\">article<\/div>\n<\/td>\n<td colspan=\"1\" rowspan=\"1\">\n<div class=\"magic-14\">valeur<\/div>\n<\/td>\n<\/tr>\n<tr>\n<td colspan=\"1\" rowspan=\"1\">\n<div class=\"magic-13\">Condition<\/div>\n<\/td>\n<td colspan=\"1\" rowspan=\"1\">\n<div class=\"magic-14\">Nouveau<\/div>\n<\/td>\n<\/tr>\n<tr>\n<td colspan=\"1\" rowspan=\"1\">\n<div class=\"magic-13\">Industries concern\u00e9es<\/div>\n<\/td>\n<td colspan=\"1\" rowspan=\"1\">\n<div class=\"magic-14\">Usine de fabrication d'aliments et de boissons, Magasin d'alimentation, Magasins d'alimentation et de boissons, Autres<\/div>\n<\/td>\n<\/tr>\n<tr>\n<td colspan=\"1\" rowspan=\"1\">\n<div class=\"magic-13\">Emplacement de la salle d'exposition<\/div>\n<\/td>\n<td colspan=\"1\" rowspan=\"1\">\n<div class=\"magic-14\">Aucun<\/div>\n<\/td>\n<\/tr>\n<tr>\n<td colspan=\"1\" rowspan=\"1\">\n<div class=\"magic-13\">Vid\u00e9o de l'inspection de sortie<\/div>\n<\/td>\n<td colspan=\"1\" rowspan=\"1\">\n<div class=\"magic-14\">Fourni<\/div>\n<\/td>\n<\/tr>\n<tr>\n<td colspan=\"1\" rowspan=\"1\">\n<div class=\"magic-13\">Rapport d'essai des machines<\/div>\n<\/td>\n<td colspan=\"1\" rowspan=\"1\">\n<div class=\"magic-14\">Fourni<\/div>\n<\/td>\n<\/tr>\n<tr>\n<td colspan=\"1\" rowspan=\"1\">\n<div class=\"magic-13\">Type de marketing<\/div>\n<\/td>\n<td colspan=\"1\" rowspan=\"1\">\n<div class=\"magic-14\">Nouveau produit 2020<\/div>\n<\/td>\n<\/tr>\n<tr>\n<td colspan=\"1\" rowspan=\"1\">\n<div class=\"magic-13\">Garantie des composants de base<\/div>\n<\/td>\n<td colspan=\"1\" rowspan=\"1\">\n<div class=\"magic-14\">1 an<\/div>\n<\/td>\n<\/tr>\n<tr>\n<td colspan=\"1\" rowspan=\"1\">\n<div class=\"magic-13\">Composants essentiels<\/div>\n<\/td>\n<td colspan=\"1\" rowspan=\"1\">\n<div class=\"magic-14\">PLC, moteur<\/div>\n<\/td>\n<\/tr>\n<tr>\n<td colspan=\"1\" rowspan=\"1\">\n<div class=\"magic-13\">Num\u00e9ro de mod\u00e8le<\/div>\n<\/td>\n<td colspan=\"1\" rowspan=\"1\">\n<div class=\"magic-14\">gamme de produits<\/div>\n<\/td>\n<\/tr>\n<tr>\n<td colspan=\"1\" rowspan=\"1\">\n<div class=\"magic-13\">Lieu d'origine<\/div>\n<\/td>\n<td colspan=\"1\" rowspan=\"1\">\n<div class=\"magic-14\">Chine<\/div>\n<\/td>\n<\/tr>\n<tr>\n<td colspan=\"1\" rowspan=\"1\">\n<div class=\"magic-13\">Tension<\/div>\n<\/td>\n<td colspan=\"1\" rowspan=\"1\">\n<div class=\"magic-14\">220v\/380v<\/div>\n<\/td>\n<\/tr>\n<tr>\n<td colspan=\"1\" rowspan=\"1\">\n<div class=\"magic-13\">Puissance<\/div>\n<\/td>\n<td colspan=\"1\" rowspan=\"1\">\n<div class=\"magic-14\">1,1-11kw<\/div>\n<\/td>\n<\/tr>\n<tr>\n<td colspan=\"1\" rowspan=\"1\">\n<div class=\"magic-13\">Dimension(L*L*H)<\/div>\n<\/td>\n<td colspan=\"1\" rowspan=\"1\">\n<div class=\"magic-14\">comme la capacit\u00e9<\/div>\n<\/td>\n<\/tr>\n<tr>\n<td colspan=\"1\" rowspan=\"1\">\n<div class=\"magic-13\">Poids<\/div>\n<\/td>\n<td colspan=\"1\" rowspan=\"1\">\n<div class=\"magic-14\">80000KG<\/div>\n<\/td>\n<\/tr>\n<tr>\n<td colspan=\"1\" rowspan=\"1\">\n<div class=\"magic-13\">Garantie<\/div>\n<\/td>\n<td colspan=\"1\" rowspan=\"1\">\n<div class=\"magic-14\">1 an<\/div>\n<\/td>\n<\/tr>\n<tr>\n<td colspan=\"1\" rowspan=\"1\">\n<div class=\"magic-13\">Domaines d'application<\/div>\n<\/td>\n<td colspan=\"1\" rowspan=\"1\">\n<div class=\"magic-14\">Usine de transformation de fruits, Usine de transformation de l\u00e9gumes<\/div>\n<\/td>\n<\/tr>\n<tr>\n<td colspan=\"1\" rowspan=\"1\">\n<div class=\"magic-13\">Fonction des machines<\/div>\n<\/td>\n<td colspan=\"1\" rowspan=\"1\">\n<div class=\"magic-14\">gamme de produits<\/div>\n<\/td>\n<\/tr>\n<tr>\n<td colspan=\"1\" rowspan=\"1\">\n<div class=\"magic-13\">Mati\u00e8res premi\u00e8res<\/div>\n<\/td>\n<td colspan=\"1\" rowspan=\"1\">\n<div class=\"magic-14\">Eau, fruits, l\u00e9gumes, lait<\/div>\n<\/td>\n<\/tr>\n<tr>\n<td colspan=\"1\" rowspan=\"1\">\n<div class=\"magic-13\">Nom du produit en sortie<\/div>\n<\/td>\n<td colspan=\"1\" rowspan=\"1\">\n<div class=\"magic-14\">Jus<\/div>\n<\/td>\n<\/tr>\n<tr>\n<td colspan=\"1\" rowspan=\"1\">\n<div class=\"magic-13\">Principaux arguments de vente<\/div>\n<\/td>\n<td colspan=\"1\" rowspan=\"1\">\n<div class=\"magic-14\">Productivit\u00e9 \u00e9lev\u00e9e<\/div>\n<\/td>\n<\/tr>\n<tr>\n<td colspan=\"1\" rowspan=\"1\">\n<div class=\"magic-13\">Application<\/div>\n<\/td>\n<td colspan=\"1\" rowspan=\"1\">\n<div class=\"magic-14\">Fruits L\u00e9gumes<\/div>\n<\/td>\n<\/tr>\n<tr>\n<td colspan=\"1\" rowspan=\"1\">\n<div class=\"magic-13\">Mat\u00e9riau<\/div>\n<\/td>\n<td colspan=\"1\" rowspan=\"1\">\n<div class=\"magic-14\">Acier inoxydable 304<\/div>\n<\/td>\n<\/tr>\n<tr>\n<td colspan=\"1\" rowspan=\"1\">\n<div class=\"magic-13\">Avantage<\/div>\n<\/td>\n<td colspan=\"1\" rowspan=\"1\">\n<div class=\"magic-14\">Presse \u00e0 fruits \u00e0 haut rendement<\/div>\n<\/td>\n<\/tr>\n<tr>\n<td colspan=\"1\" rowspan=\"1\">\n<div class=\"magic-13\">Paquet<\/div>\n<\/td>\n<td colspan=\"1\" rowspan=\"1\">\n<div class=\"magic-14\">Caisse en bois<\/div>\n<\/td>\n<\/tr>\n<tr>\n<td colspan=\"1\" rowspan=\"1\">\n<div class=\"magic-13\">Produit final<\/div>\n<\/td>\n<td colspan=\"1\" rowspan=\"1\">\n<div class=\"magic-14\">Pur\u00e9e de confiture de fruits Pulpe<\/div>\n<\/td>\n<\/tr>\n<tr>\n<td colspan=\"1\" rowspan=\"1\">\n<div class=\"magic-13\">Certification<\/div>\n<\/td>\n<td colspan=\"1\" rowspan=\"1\">\n<div class=\"magic-14\">CE ISO<\/div>\n<\/td>\n<\/tr>\n<tr>\n<td colspan=\"1\" rowspan=\"1\">\n<div class=\"magic-13\">Type de contr\u00f4le<\/div>\n<\/td>\n<td colspan=\"1\" rowspan=\"1\">\n<div class=\"magic-14\">Automatisme complet<\/div>\n<\/td>\n<\/tr>\n<tr>\n<td colspan=\"1\" rowspan=\"1\">\n<div class=\"magic-13\">Couleur<\/div>\n<\/td>\n<td colspan=\"1\" rowspan=\"1\">\n<div class=\"magic-14\">Acier inoxydable Couleur<\/div>\n<\/td>\n<\/tr>\n<tr>\n<td colspan=\"1\" rowspan=\"1\">\n<div class=\"magic-13\">Caract\u00e9ristiques principales<\/div>\n<\/td>\n<td colspan=\"1\" rowspan=\"1\">\n<div class=\"magic-14\">Presse-agrumes de grande capacit\u00e9<\/div>\n<\/td>\n<\/tr>\n<tr>\n<td colspan=\"1\" rowspan=\"1\">\n<div class=\"magic-13\">Nom du produit<\/div>\n<\/td>\n<td colspan=\"1\" rowspan=\"1\">\n<div class=\"magic-14\">Machine industrielle \u00e0 presser les l\u00e9gumes<\/div>\n<\/td>\n<\/tr>\n<\/tbody>\n<\/table>","protected":false},"excerpt":{"rendered":"<p>Product description Raw material &#8211; Fresh Fruits Raw material capacity -220-250 kg\/h fresh fruit Working hours: 8hr or 16hr as [&hellip;]<\/p>","protected":false},"featured_media":1175,"template":"","meta":{"_uag_custom_page_level_css":"","_monsterinsights_skip_tracking":false,"_monsterinsights_sitenote_active":false,"_monsterinsights_sitenote_note":"","_monsterinsights_sitenote_category":0,"site-sidebar-layout":"default","site-content-layout":"","ast-site-content-layout":"default","site-content-style":"default","site-sidebar-style":"default","ast-global-header-display":"","ast-banner-title-visibility":"","ast-main-header-display":"","ast-hfb-above-header-display":"","ast-hfb-below-header-display":"","ast-hfb-mobile-header-display":"","site-post-title":"","ast-breadcrumbs-content":"","ast-featured-img":"","footer-sml-layout":"","theme-transparent-header-meta":"default","adv-header-id-meta":"","stick-header-meta":"default","header-above-stick-meta":"","header-main-stick-meta":"","header-below-stick-meta":"","astra-migrate-meta-layouts":"set","ast-page-background-enabled":"default","ast-page-background-meta":{"desktop":{"background-color":"var(--ast-global-color-4)","background-image":"","background-repeat":"repeat","background-position":"center center","background-size":"auto","background-attachment":"scroll","background-type":"","background-media":"","overlay-type":"","overlay-color":"","overlay-opacity":"","overlay-gradient":""},"tablet":{"background-color":"","background-image":"","background-repeat":"repeat","background-position":"center center","background-size":"auto","background-attachment":"scroll","background-type":"","background-media":"","overlay-type":"","overlay-color":"","overlay-opacity":"","overlay-gradient":""},"mobile":{"background-color":"","background-image":"","background-repeat":"repeat","background-position":"center center","background-size":"auto","background-attachment":"scroll","background-type":"","background-media":"","overlay-type":"","overlay-color":"","overlay-opacity":"","overlay-gradient":""}},"ast-content-background-meta":{"desktop":{"background-color":"var(--ast-global-color-5)","background-image":"","background-repeat":"repeat","background-position":"center center","background-size":"auto","background-attachment":"scroll","background-type":"","background-media":"","overlay-type":"","overlay-color":"","overlay-opacity":"","overlay-gradient":""},"tablet":{"background-color":"var(--ast-global-color-5)","background-image":"","background-repeat":"repeat","background-position":"center center","background-size":"auto","background-attachment":"scroll","background-type":"","background-media":"","overlay-type":"","overlay-color":"","overlay-opacity":"","overlay-gradient":""},"mobile":{"background-color":"var(--ast-global-color-5)","background-image":"","background-repeat":"repeat","background-position":"center center","background-size":"auto","background-attachment":"scroll","background-type":"","background-media":"","overlay-type":"","overlay-color":"","overlay-opacity":"","overlay-gradient":""}}},"product_cat":[24,31,34],"product_tag":[],"yoast_head":"<!-- This site is optimized with the Yoast SEO Premium plugin v22.6 (Yoast SEO v22.6) - https:\/\/yoast.com\/wordpress\/plugins\/seo\/ -->\n<title>28-30 Brix Concentrated Mango Puree Extractor Machine 220kg-250kg Aseptic Bags fruit Processing Line - SSS Food Machinery Technology<\/title>\n<meta name=\"description\" content=\"High-capacity mango puree fruit Processing Line delivers 28-30 Brix concentration in 220-250kg aseptic bags. Boost efficiency and quality with our industrial-grade machine. Perfect for large-scale fruit processing operations.\" \/>\n<meta name=\"robots\" content=\"index, follow, max-snippet:-1, max-image-preview:large, max-video-preview:-1\" \/>\n<link rel=\"canonical\" href=\"https:\/\/sssmachinery.com\/fr\/produit\/28-30-brix-concentrated-mango-puree-extractor-machine-220kg-250kg-aseptic-bags\/\" \/>\n<meta property=\"og:locale\" content=\"fr_FR\" \/>\n<meta property=\"og:type\" content=\"article\" \/>\n<meta property=\"og:title\" content=\"28-30 Brix Concentrated Mango Puree Extractor Machine 220kg-250kg Aseptic Bags fruit Processing Line\" \/>\n<meta property=\"og:description\" content=\"High-capacity mango puree fruit Processing Line delivers 28-30 Brix concentration in 220-250kg aseptic bags. Boost efficiency and quality with our industrial-grade machine. Perfect for large-scale fruit processing operations.\" \/>\n<meta property=\"og:url\" content=\"https:\/\/sssmachinery.com\/fr\/produit\/28-30-brix-concentrated-mango-puree-extractor-machine-220kg-250kg-aseptic-bags\/\" \/>\n<meta property=\"og:site_name\" content=\"SSS Food Machinery Technology\" \/>\n<meta property=\"article:modified_time\" content=\"2024-06-21T07:16:48+00:00\" \/>\n<meta name=\"twitter:card\" content=\"summary_large_image\" \/>\n<meta name=\"twitter:label1\" content=\"Dur\u00e9e de lecture estim\u00e9e\" \/>\n\t<meta name=\"twitter:data1\" content=\"2 minutes\" \/>\n<script type=\"application\/ld+json\" class=\"yoast-schema-graph\">{\"@context\":\"https:\/\/schema.org\",\"@graph\":[{\"@type\":\"WebPage\",\"@id\":\"https:\/\/sssmachinery.com\/product\/28-30-brix-concentrated-mango-puree-extractor-machine-220kg-250kg-aseptic-bags\/\",\"url\":\"https:\/\/sssmachinery.com\/product\/28-30-brix-concentrated-mango-puree-extractor-machine-220kg-250kg-aseptic-bags\/\",\"name\":\"28-30 Brix Concentrated Mango Puree Extractor Machine 220kg-250kg Aseptic Bags fruit Processing Line - SSS Food Machinery Technology\",\"isPartOf\":{\"@id\":\"https:\/\/sssmachinery.com\/#website\"},\"primaryImageOfPage\":{\"@id\":\"https:\/\/sssmachinery.com\/product\/28-30-brix-concentrated-mango-puree-extractor-machine-220kg-250kg-aseptic-bags\/#primaryimage\"},\"image\":{\"@id\":\"https:\/\/sssmachinery.com\/product\/28-30-brix-concentrated-mango-puree-extractor-machine-220kg-250kg-aseptic-bags\/#primaryimage\"},\"thumbnailUrl\":\"https:\/\/sssmachinery.com\/wp-content\/uploads\/2024\/06\/11-1.avif\",\"datePublished\":\"2024-06-18T08:32:58+00:00\",\"dateModified\":\"2024-06-21T07:16:48+00:00\",\"description\":\"High-capacity mango puree fruit Processing Line delivers 28-30 Brix concentration in 220-250kg aseptic bags. Boost efficiency and quality with our industrial-grade machine. Perfect for large-scale fruit processing operations.\",\"breadcrumb\":{\"@id\":\"https:\/\/sssmachinery.com\/product\/28-30-brix-concentrated-mango-puree-extractor-machine-220kg-250kg-aseptic-bags\/#breadcrumb\"},\"inLanguage\":\"fr-FR\",\"potentialAction\":[{\"@type\":\"ReadAction\",\"target\":[\"https:\/\/sssmachinery.com\/product\/28-30-brix-concentrated-mango-puree-extractor-machine-220kg-250kg-aseptic-bags\/\"]}]},{\"@type\":\"ImageObject\",\"inLanguage\":\"fr-FR\",\"@id\":\"https:\/\/sssmachinery.com\/product\/28-30-brix-concentrated-mango-puree-extractor-machine-220kg-250kg-aseptic-bags\/#primaryimage\",\"url\":\"https:\/\/sssmachinery.com\/wp-content\/uploads\/2024\/06\/11-1.avif\",\"contentUrl\":\"https:\/\/sssmachinery.com\/wp-content\/uploads\/2024\/06\/11-1.avif\",\"width\":1200,\"height\":1200,\"caption\":\"Puree Extractor Machine\"},{\"@type\":\"BreadcrumbList\",\"@id\":\"https:\/\/sssmachinery.com\/product\/28-30-brix-concentrated-mango-puree-extractor-machine-220kg-250kg-aseptic-bags\/#breadcrumb\",\"itemListElement\":[{\"@type\":\"ListItem\",\"position\":1,\"name\":\"\u9996\u9875\",\"item\":\"https:\/\/sssmachinery.com\/\"},{\"@type\":\"ListItem\",\"position\":2,\"name\":\"Products\",\"item\":\"https:\/\/sssmachinery.com\/products\/\"},{\"@type\":\"ListItem\",\"position\":3,\"name\":\"28-30 Brix Concentrated Mango Puree Extractor Machine 220kg-250kg Aseptic Bags fruit Processing Line\"}]},{\"@type\":\"WebSite\",\"@id\":\"https:\/\/sssmachinery.com\/#website\",\"url\":\"https:\/\/sssmachinery.com\/\",\"name\":\"SSS Food Machinery Technology\",\"description\":\"BEST SOLUTIONS FOR TORTILLA MACHINERY\",\"publisher\":{\"@id\":\"https:\/\/sssmachinery.com\/#organization\"},\"potentialAction\":[{\"@type\":\"SearchAction\",\"target\":{\"@type\":\"EntryPoint\",\"urlTemplate\":\"https:\/\/sssmachinery.com\/?s={search_term_string}\"},\"query-input\":\"required name=search_term_string\"}],\"inLanguage\":\"fr-FR\"},{\"@type\":\"Organization\",\"@id\":\"https:\/\/sssmachinery.com\/#organization\",\"name\":\"SSS Food Machinery Technology\",\"url\":\"https:\/\/sssmachinery.com\/\",\"logo\":{\"@type\":\"ImageObject\",\"inLanguage\":\"fr-FR\",\"@id\":\"https:\/\/sssmachinery.com\/#\/schema\/logo\/image\/\",\"url\":\"https:\/\/sssmachinery.com\/wp-content\/uploads\/2024\/05\/cropped-logo-1.png\",\"contentUrl\":\"https:\/\/sssmachinery.com\/wp-content\/uploads\/2024\/05\/cropped-logo-1.png\",\"width\":512,\"height\":512,\"caption\":\"SSS Food Machinery Technology\"},\"image\":{\"@id\":\"https:\/\/sssmachinery.com\/#\/schema\/logo\/image\/\"}}]}<\/script>\n<!-- \/ Yoast SEO Premium plugin. -->","yoast_head_json":{"title":"28-30 Brix Concentrated Mango Puree Extractor Machine 220kg-250kg Aseptic Bags fruit Processing Line - SSS Food Machinery Technology","description":"High-capacity mango puree fruit Processing Line delivers 28-30 Brix concentration in 220-250kg aseptic bags. Boost efficiency and quality with our industrial-grade machine. Perfect for large-scale fruit processing operations.","robots":{"index":"index","follow":"follow","max-snippet":"max-snippet:-1","max-image-preview":"max-image-preview:large","max-video-preview":"max-video-preview:-1"},"canonical":"https:\/\/sssmachinery.com\/fr\/produit\/28-30-brix-concentrated-mango-puree-extractor-machine-220kg-250kg-aseptic-bags\/","og_locale":"fr_FR","og_type":"article","og_title":"28-30 Brix Concentrated Mango Puree Extractor Machine 220kg-250kg Aseptic Bags fruit Processing Line","og_description":"High-capacity mango puree fruit Processing Line delivers 28-30 Brix concentration in 220-250kg aseptic bags. Boost efficiency and quality with our industrial-grade machine. Perfect for large-scale fruit processing operations.","og_url":"https:\/\/sssmachinery.com\/fr\/produit\/28-30-brix-concentrated-mango-puree-extractor-machine-220kg-250kg-aseptic-bags\/","og_site_name":"SSS Food Machinery Technology","article_modified_time":"2024-06-21T07:16:48+00:00","twitter_card":"summary_large_image","twitter_misc":{"Dur\u00e9e de lecture estim\u00e9e":"2 minutes"},"schema":{"@context":"https:\/\/schema.org","@graph":[{"@type":"WebPage","@id":"https:\/\/sssmachinery.com\/product\/28-30-brix-concentrated-mango-puree-extractor-machine-220kg-250kg-aseptic-bags\/","url":"https:\/\/sssmachinery.com\/product\/28-30-brix-concentrated-mango-puree-extractor-machine-220kg-250kg-aseptic-bags\/","name":"28-30 Brix Concentrated Mango Puree Extractor Machine 220kg-250kg Aseptic Bags fruit Processing Line - SSS Food Machinery Technology","isPartOf":{"@id":"https:\/\/sssmachinery.com\/#website"},"primaryImageOfPage":{"@id":"https:\/\/sssmachinery.com\/product\/28-30-brix-concentrated-mango-puree-extractor-machine-220kg-250kg-aseptic-bags\/#primaryimage"},"image":{"@id":"https:\/\/sssmachinery.com\/product\/28-30-brix-concentrated-mango-puree-extractor-machine-220kg-250kg-aseptic-bags\/#primaryimage"},"thumbnailUrl":"https:\/\/sssmachinery.com\/wp-content\/uploads\/2024\/06\/11-1.avif","datePublished":"2024-06-18T08:32:58+00:00","dateModified":"2024-06-21T07:16:48+00:00","description":"High-capacity mango puree fruit Processing Line delivers 28-30 Brix concentration in 220-250kg aseptic bags. Boost efficiency and quality with our industrial-grade machine. Perfect for large-scale fruit processing operations.","breadcrumb":{"@id":"https:\/\/sssmachinery.com\/product\/28-30-brix-concentrated-mango-puree-extractor-machine-220kg-250kg-aseptic-bags\/#breadcrumb"},"inLanguage":"fr-FR","potentialAction":[{"@type":"ReadAction","target":["https:\/\/sssmachinery.com\/product\/28-30-brix-concentrated-mango-puree-extractor-machine-220kg-250kg-aseptic-bags\/"]}]},{"@type":"ImageObject","inLanguage":"fr-FR","@id":"https:\/\/sssmachinery.com\/product\/28-30-brix-concentrated-mango-puree-extractor-machine-220kg-250kg-aseptic-bags\/#primaryimage","url":"https:\/\/sssmachinery.com\/wp-content\/uploads\/2024\/06\/11-1.avif","contentUrl":"https:\/\/sssmachinery.com\/wp-content\/uploads\/2024\/06\/11-1.avif","width":1200,"height":1200,"caption":"Puree Extractor Machine"},{"@type":"BreadcrumbList","@id":"https:\/\/sssmachinery.com\/product\/28-30-brix-concentrated-mango-puree-extractor-machine-220kg-250kg-aseptic-bags\/#breadcrumb","itemListElement":[{"@type":"ListItem","position":1,"name":"\u9996\u9875","item":"https:\/\/sssmachinery.com\/"},{"@type":"ListItem","position":2,"name":"Products","item":"https:\/\/sssmachinery.com\/products\/"},{"@type":"ListItem","position":3,"name":"28-30 Brix Concentrated Mango Puree Extractor Machine 220kg-250kg Aseptic Bags fruit Processing Line"}]},{"@type":"WebSite","@id":"https:\/\/sssmachinery.com\/#website","url":"https:\/\/sssmachinery.com\/","name":"SSS Food Machinery Technology","description":"BEST SOLUTIONS FOR TORTILLA MACHINERY","publisher":{"@id":"https:\/\/sssmachinery.com\/#organization"},"potentialAction":[{"@type":"SearchAction","target":{"@type":"EntryPoint","urlTemplate":"https:\/\/sssmachinery.com\/?s={search_term_string}"},"query-input":"required name=search_term_string"}],"inLanguage":"fr-FR"},{"@type":"Organization","@id":"https:\/\/sssmachinery.com\/#organization","name":"SSS Food Machinery Technology","url":"https:\/\/sssmachinery.com\/","logo":{"@type":"ImageObject","inLanguage":"fr-FR","@id":"https:\/\/sssmachinery.com\/#\/schema\/logo\/image\/","url":"https:\/\/sssmachinery.com\/wp-content\/uploads\/2024\/05\/cropped-logo-1.png","contentUrl":"https:\/\/sssmachinery.com\/wp-content\/uploads\/2024\/05\/cropped-logo-1.png","width":512,"height":512,"caption":"SSS Food Machinery Technology"},"image":{"@id":"https:\/\/sssmachinery.com\/#\/schema\/logo\/image\/"}}]}},"uagb_featured_image_src":{"full":["https:\/\/sssmachinery.com\/wp-content\/uploads\/2024\/06\/11-1.avif",1200,1200,false],"thumbnail":["https:\/\/sssmachinery.com\/wp-content\/uploads\/2024\/06\/11-1-150x150.avif",150,150,true],"medium":["https:\/\/sssmachinery.com\/wp-content\/uploads\/2024\/06\/11-1-300x300.avif",300,300,true],"medium_large":["https:\/\/sssmachinery.com\/wp-content\/uploads\/2024\/06\/11-1-768x768.avif",768,768,true],"large":["https:\/\/sssmachinery.com\/wp-content\/uploads\/2024\/06\/11-1-1024x1024.avif",1024,1024,true],"1536x1536":["https:\/\/sssmachinery.com\/wp-content\/uploads\/2024\/06\/11-1.avif",1200,1200,false],"2048x2048":["https:\/\/sssmachinery.com\/wp-content\/uploads\/2024\/06\/11-1.avif",1200,1200,false],"trp-custom-language-flag":["https:\/\/sssmachinery.com\/wp-content\/uploads\/2024\/06\/11-1.avif",12,12,false],"woocommerce_thumbnail":["https:\/\/sssmachinery.com\/wp-content\/uploads\/2024\/06\/11-1-300x300.avif",300,300,true],"woocommerce_single":["https:\/\/sssmachinery.com\/wp-content\/uploads\/2024\/06\/11-1-600x600.avif",600,600,true],"woocommerce_gallery_thumbnail":["https:\/\/sssmachinery.com\/wp-content\/uploads\/2024\/06\/11-1-100x100.avif",100,100,true]},"uagb_author_info":{"display_name":"info","author_link":"https:\/\/sssmachinery.com\/fr\/author\/"},"uagb_comment_info":0,"uagb_excerpt":"Product description Raw material &#8211; Fresh Fruits Raw material capacity -220-250 kg\/h fresh fruit Working hours: 8hr or 16hr as [&hellip;]","_links":{"self":[{"href":"https:\/\/sssmachinery.com\/fr\/wp-json\/wp\/v2\/product\/1169"}],"collection":[{"href":"https:\/\/sssmachinery.com\/fr\/wp-json\/wp\/v2\/product"}],"about":[{"href":"https:\/\/sssmachinery.com\/fr\/wp-json\/wp\/v2\/types\/product"}],"wp:featuredmedia":[{"embeddable":true,"href":"https:\/\/sssmachinery.com\/fr\/wp-json\/wp\/v2\/media\/1175"}],"wp:attachment":[{"href":"https:\/\/sssmachinery.com\/fr\/wp-json\/wp\/v2\/media?parent=1169"}],"wp:term":[{"taxonomy":"product_cat","embeddable":true,"href":"https:\/\/sssmachinery.com\/fr\/wp-json\/wp\/v2\/product_cat?post=1169"},{"taxonomy":"product_tag","embeddable":true,"href":"https:\/\/sssmachinery.com\/fr\/wp-json\/wp\/v2\/product_tag?post=1169"}],"curies":[{"name":"wp","href":"https:\/\/api.w.org\/{rel}","templated":true}]}}