{"id":1147,"date":"2024-06-17T08:18:49","date_gmt":"2024-06-17T08:18:49","guid":{"rendered":"https:\/\/sssmachinery.com\/?post_type=product&#038;p=1147"},"modified":"2024-06-17T08:18:49","modified_gmt":"2024-06-17T08:18:49","slug":"automatic-tomato-paste-production-line-for-fruit-jam-processing","status":"publish","type":"product","link":"https:\/\/sssmachinery.com\/fr\/produit\/automatic-tomato-paste-production-line-for-fruit-jam-processing\/","title":{"rendered":"Ligne de production automatique de p\u00e2te de tomate pour la fabrication de confitures de fruits"},"content":{"rendered":"<h1><span style=\"color: #0000ff;\">Description du produit<\/span><\/h1>\n<hr \/>\n<p dir=\"auto\" data-pm-slice=\"1 1 []\">D\u00e9couvrez les saveurs vibrantes de la nature gr\u00e2ce \u00e0 notre ligne de traitement des confitures, p\u00e2tes et sauces ! Ce syst\u00e8me automatis\u00e9 de pointe est con\u00e7u pour transformer les fruits les plus frais en confitures et sauces succulentes et velout\u00e9es qui d\u00e9bordent d'une explosion de go\u00fbt. Imaginez que vous puissiez capturer la douceur m\u00fbrie au soleil de tomates juteuses ou l'essence acidul\u00e9e de baies m\u00fbres dans chaque pot, lot apr\u00e8s lot. Notre technologie de pointe garantit un processus sans faille, de la manipulation d\u00e9licate des fruits \u00e0 la cuisson pr\u00e9cise et \u00e0 la mise en bouteille, en pr\u00e9servant la bont\u00e9 naturelle et les couleurs \u00e9clatantes voulues par la nature. Avec cette gamme remarquable, votre passion pour la cr\u00e9ation de confitures et de sauces artisanales ne conna\u00eetra plus de limites. Faites plaisir \u00e0 vos sens et \u00e9levez vos cr\u00e9ations culinaires \u00e0 de nouveaux sommets de perfection gustative !<\/p>\n<h2><span style=\"color: #0000ff;\">Param\u00e8tres du formulaire<\/span><\/h2>\n<hr \/>\n<table>\n<tbody>\n<tr>\n<td>article<\/td>\n<td>valeur<\/td>\n<\/tr>\n<tr>\n<td>Industries concern\u00e9es<\/td>\n<td>Usine de fabrication d'aliments et de boissons, Magasin d'alimentation, Magasins d'alimentation et de boissons, Autres<\/td>\n<\/tr>\n<tr>\n<td>Emplacement de la salle d'exposition<\/td>\n<td>Aucun<\/td>\n<\/tr>\n<tr>\n<td>Vid\u00e9o de l'inspection de sortie<\/td>\n<td>Fourni<\/td>\n<\/tr>\n<tr>\n<td>Rapport d'essai des machines<\/td>\n<td>Fourni<\/td>\n<\/tr>\n<tr>\n<td>Type de marketing<\/td>\n<td>Produit phare 2019<\/td>\n<\/tr>\n<tr>\n<td>Garantie des composants de base<\/td>\n<td>1 an<\/td>\n<\/tr>\n<tr>\n<td>Composants essentiels<\/td>\n<td>PLC, moteur<\/td>\n<\/tr>\n<tr>\n<td>Condition<\/td>\n<td>Nouveau<\/td>\n<\/tr>\n<tr>\n<td>Lieu d'origine<\/td>\n<td>Chine<\/td>\n<\/tr>\n<tr>\n<td>&nbsp;<\/td>\n<td>Anhui<\/td>\n<\/tr>\n<tr>\n<td>Nom de la marque<\/td>\n<td>SSS<\/td>\n<\/tr>\n<tr>\n<td>Type<\/td>\n<td>presse-agrumes<\/td>\n<\/tr>\n<tr>\n<td>Tension<\/td>\n<td>380v<\/td>\n<\/tr>\n<tr>\n<td>Puissance<\/td>\n<td>150<\/td>\n<\/tr>\n<tr>\n<td>Poids<\/td>\n<td>80000KG<\/td>\n<\/tr>\n<tr>\n<td>Dimension(L*L*H)<\/td>\n<td>1200*8000*3000<\/td>\n<\/tr>\n<tr>\n<td>Garantie<\/td>\n<td>1 an<\/td>\n<\/tr>\n<tr>\n<td>Application<\/td>\n<td>Orange<\/td>\n<\/tr>\n<tr>\n<td>Avantage<\/td>\n<td>Op\u00e9ration facile<\/td>\n<\/tr>\n<tr>\n<td>Service apr\u00e8s-vente<\/td>\n<td>Soutien en ligne<\/td>\n<\/tr>\n<tr>\n<td>Certification<\/td>\n<td>Certificat CE<\/td>\n<\/tr>\n<tr>\n<td>Mati\u00e8res premi\u00e8res<\/td>\n<td>Acier inoxydable Mat\u00e9riau<\/td>\n<\/tr>\n<tr>\n<td>Couleur<\/td>\n<td>Acier inoxydable Couleur<\/td>\n<\/tr>\n<tr>\n<td>Paquet<\/td>\n<td>Caisse en bois<\/td>\n<\/tr>\n<tr>\n<td>Nom du produit<\/td>\n<td>Machine \u00e0 p\u00e2te de tomate<\/td>\n<\/tr>\n<tr>\n<td>Fonctionnalit\u00e9<\/td>\n<td>Haute efficacit\u00e9 Facilit\u00e9 d'utilisation<\/td>\n<\/tr>\n<tr>\n<td>Produit final<\/td>\n<td>Sauce tomate<\/td>\n<\/tr>\n<\/tbody>\n<\/table>","protected":false},"excerpt":{"rendered":"<p>Product description Unlock the vibrant flavors of nature with our Jam Paste Sauce Processing Line! This state-of-the-art automated system is [&hellip;]<\/p>","protected":false},"featured_media":1151,"template":"","meta":{"_uag_custom_page_level_css":"","_monsterinsights_skip_tracking":false,"_monsterinsights_sitenote_active":false,"_monsterinsights_sitenote_note":"","_monsterinsights_sitenote_category":0,"site-sidebar-layout":"default","site-content-layout":"","ast-site-content-layout":"default","site-content-style":"default","site-sidebar-style":"default","ast-global-header-display":"","ast-banner-title-visibility":"","ast-main-header-display":"","ast-hfb-above-header-display":"","ast-hfb-below-header-display":"","ast-hfb-mobile-header-display":"","site-post-title":"","ast-breadcrumbs-content":"","ast-featured-img":"","footer-sml-layout":"","theme-transparent-header-meta":"default","adv-header-id-meta":"","stick-header-meta":"default","header-above-stick-meta":"","header-main-stick-meta":"","header-below-stick-meta":"","astra-migrate-meta-layouts":"set","ast-page-background-enabled":"default","ast-page-background-meta":{"desktop":{"background-color":"var(--ast-global-color-4)","background-image":"","background-repeat":"repeat","background-position":"center center","background-size":"auto","background-attachment":"scroll","background-type":"","background-media":"","overlay-type":"","overlay-color":"","overlay-opacity":"","overlay-gradient":""},"tablet":{"background-color":"","background-image":"","background-repeat":"repeat","background-position":"center center","background-size":"auto","background-attachment":"scroll","background-type":"","background-media":"","overlay-type":"","overlay-color":"","overlay-opacity":"","overlay-gradient":""},"mobile":{"background-color":"","background-image":"","background-repeat":"repeat","background-position":"center center","background-size":"auto","background-attachment":"scroll","background-type":"","background-media":"","overlay-type":"","overlay-color":"","overlay-opacity":"","overlay-gradient":""}},"ast-content-background-meta":{"desktop":{"background-color":"var(--ast-global-color-5)","background-image":"","background-repeat":"repeat","background-position":"center center","background-size":"auto","background-attachment":"scroll","background-type":"","background-media":"","overlay-type":"","overlay-color":"","overlay-opacity":"","overlay-gradient":""},"tablet":{"background-color":"var(--ast-global-color-5)","background-image":"","background-repeat":"repeat","background-position":"center center","background-size":"auto","background-attachment":"scroll","background-type":"","background-media":"","overlay-type":"","overlay-color":"","overlay-opacity":"","overlay-gradient":""},"mobile":{"background-color":"var(--ast-global-color-5)","background-image":"","background-repeat":"repeat","background-position":"center center","background-size":"auto","background-attachment":"scroll","background-type":"","background-media":"","overlay-type":"","overlay-color":"","overlay-opacity":"","overlay-gradient":""}}},"product_cat":[38,25],"product_tag":[],"yoast_head":"<!-- This site is optimized with the Yoast SEO Premium plugin v22.6 (Yoast SEO v22.6) - https:\/\/yoast.com\/wordpress\/plugins\/seo\/ -->\n<title>Automatic tomato paste production line for fruit jam processing<\/title>\n<meta name=\"description\" content=\"Revolutionize your fruit jam production with our cutting-edge tomato paste line. Experience unparalleled efficiency as our state-of-the-art technology meticulously processes fresh tomatoes into velvety smooth paste, capturing the essence of ripe flavors. Craft exceptional jams bursting with natural goodness.\" \/>\n<meta name=\"robots\" content=\"index, follow, max-snippet:-1, max-image-preview:large, max-video-preview:-1\" \/>\n<link rel=\"canonical\" href=\"https:\/\/sssmachinery.com\/fr\/produit\/automatic-tomato-paste-production-line-for-fruit-jam-processing\/\" \/>\n<meta property=\"og:locale\" content=\"fr_FR\" \/>\n<meta property=\"og:type\" content=\"article\" \/>\n<meta property=\"og:title\" content=\"Automatic tomato paste production line for fruit jam processing\" \/>\n<meta property=\"og:description\" content=\"Revolutionize your fruit jam production with our cutting-edge tomato paste line. Experience unparalleled efficiency as our state-of-the-art technology meticulously processes fresh tomatoes into velvety smooth paste, capturing the essence of ripe flavors. Craft exceptional jams bursting with natural goodness.\" \/>\n<meta property=\"og:url\" content=\"https:\/\/sssmachinery.com\/fr\/produit\/automatic-tomato-paste-production-line-for-fruit-jam-processing\/\" \/>\n<meta property=\"og:site_name\" content=\"SSS Food Machinery Technology\" \/>\n<meta name=\"twitter:card\" content=\"summary_large_image\" \/>\n<meta name=\"twitter:label1\" content=\"Dur\u00e9e de lecture estim\u00e9e\" \/>\n\t<meta name=\"twitter:data1\" content=\"2 minutes\" \/>\n<script type=\"application\/ld+json\" class=\"yoast-schema-graph\">{\"@context\":\"https:\/\/schema.org\",\"@graph\":[{\"@type\":\"WebPage\",\"@id\":\"https:\/\/sssmachinery.com\/product\/automatic-tomato-paste-production-line-for-fruit-jam-processing\/\",\"url\":\"https:\/\/sssmachinery.com\/product\/automatic-tomato-paste-production-line-for-fruit-jam-processing\/\",\"name\":\"Automatic tomato paste production line for fruit jam processing\",\"isPartOf\":{\"@id\":\"https:\/\/sssmachinery.com\/#website\"},\"primaryImageOfPage\":{\"@id\":\"https:\/\/sssmachinery.com\/product\/automatic-tomato-paste-production-line-for-fruit-jam-processing\/#primaryimage\"},\"image\":{\"@id\":\"https:\/\/sssmachinery.com\/product\/automatic-tomato-paste-production-line-for-fruit-jam-processing\/#primaryimage\"},\"thumbnailUrl\":\"https:\/\/sssmachinery.com\/wp-content\/uploads\/2024\/06\/7.avif\",\"datePublished\":\"2024-06-17T08:18:49+00:00\",\"dateModified\":\"2024-06-17T08:18:49+00:00\",\"description\":\"Revolutionize your fruit jam production with our cutting-edge tomato paste line. Experience unparalleled efficiency as our state-of-the-art technology meticulously processes fresh tomatoes into velvety smooth paste, capturing the essence of ripe flavors. Craft exceptional jams bursting with natural goodness.\",\"breadcrumb\":{\"@id\":\"https:\/\/sssmachinery.com\/product\/automatic-tomato-paste-production-line-for-fruit-jam-processing\/#breadcrumb\"},\"inLanguage\":\"fr-FR\",\"potentialAction\":[{\"@type\":\"ReadAction\",\"target\":[\"https:\/\/sssmachinery.com\/product\/automatic-tomato-paste-production-line-for-fruit-jam-processing\/\"]}]},{\"@type\":\"ImageObject\",\"inLanguage\":\"fr-FR\",\"@id\":\"https:\/\/sssmachinery.com\/product\/automatic-tomato-paste-production-line-for-fruit-jam-processing\/#primaryimage\",\"url\":\"https:\/\/sssmachinery.com\/wp-content\/uploads\/2024\/06\/7.avif\",\"contentUrl\":\"https:\/\/sssmachinery.com\/wp-content\/uploads\/2024\/06\/7.avif\",\"width\":1000,\"height\":926,\"caption\":\"Jam Paste Sauce Processing Line\"},{\"@type\":\"BreadcrumbList\",\"@id\":\"https:\/\/sssmachinery.com\/product\/automatic-tomato-paste-production-line-for-fruit-jam-processing\/#breadcrumb\",\"itemListElement\":[{\"@type\":\"ListItem\",\"position\":1,\"name\":\"\u9996\u9875\",\"item\":\"https:\/\/sssmachinery.com\/\"},{\"@type\":\"ListItem\",\"position\":2,\"name\":\"Products\",\"item\":\"https:\/\/sssmachinery.com\/products\/\"},{\"@type\":\"ListItem\",\"position\":3,\"name\":\"Automatic tomato paste production line for fruit jam processing\"}]},{\"@type\":\"WebSite\",\"@id\":\"https:\/\/sssmachinery.com\/#website\",\"url\":\"https:\/\/sssmachinery.com\/\",\"name\":\"SSS Food Machinery Technology\",\"description\":\"BEST SOLUTIONS FOR TORTILLA MACHINERY\",\"publisher\":{\"@id\":\"https:\/\/sssmachinery.com\/#organization\"},\"potentialAction\":[{\"@type\":\"SearchAction\",\"target\":{\"@type\":\"EntryPoint\",\"urlTemplate\":\"https:\/\/sssmachinery.com\/?s={search_term_string}\"},\"query-input\":\"required name=search_term_string\"}],\"inLanguage\":\"fr-FR\"},{\"@type\":\"Organization\",\"@id\":\"https:\/\/sssmachinery.com\/#organization\",\"name\":\"SSS Food Machinery Technology\",\"url\":\"https:\/\/sssmachinery.com\/\",\"logo\":{\"@type\":\"ImageObject\",\"inLanguage\":\"fr-FR\",\"@id\":\"https:\/\/sssmachinery.com\/#\/schema\/logo\/image\/\",\"url\":\"https:\/\/sssmachinery.com\/wp-content\/uploads\/2024\/05\/cropped-logo-1.png\",\"contentUrl\":\"https:\/\/sssmachinery.com\/wp-content\/uploads\/2024\/05\/cropped-logo-1.png\",\"width\":512,\"height\":512,\"caption\":\"SSS Food Machinery Technology\"},\"image\":{\"@id\":\"https:\/\/sssmachinery.com\/#\/schema\/logo\/image\/\"}}]}<\/script>\n<!-- \/ Yoast SEO Premium plugin. -->","yoast_head_json":{"title":"Automatic tomato paste production line for fruit jam processing","description":"Revolutionize your fruit jam production with our cutting-edge tomato paste line. Experience unparalleled efficiency as our state-of-the-art technology meticulously processes fresh tomatoes into velvety smooth paste, capturing the essence of ripe flavors. Craft exceptional jams bursting with natural goodness.","robots":{"index":"index","follow":"follow","max-snippet":"max-snippet:-1","max-image-preview":"max-image-preview:large","max-video-preview":"max-video-preview:-1"},"canonical":"https:\/\/sssmachinery.com\/fr\/produit\/automatic-tomato-paste-production-line-for-fruit-jam-processing\/","og_locale":"fr_FR","og_type":"article","og_title":"Automatic tomato paste production line for fruit jam processing","og_description":"Revolutionize your fruit jam production with our cutting-edge tomato paste line. Experience unparalleled efficiency as our state-of-the-art technology meticulously processes fresh tomatoes into velvety smooth paste, capturing the essence of ripe flavors. Craft exceptional jams bursting with natural goodness.","og_url":"https:\/\/sssmachinery.com\/fr\/produit\/automatic-tomato-paste-production-line-for-fruit-jam-processing\/","og_site_name":"SSS Food Machinery Technology","twitter_card":"summary_large_image","twitter_misc":{"Dur\u00e9e de lecture estim\u00e9e":"2 minutes"},"schema":{"@context":"https:\/\/schema.org","@graph":[{"@type":"WebPage","@id":"https:\/\/sssmachinery.com\/product\/automatic-tomato-paste-production-line-for-fruit-jam-processing\/","url":"https:\/\/sssmachinery.com\/product\/automatic-tomato-paste-production-line-for-fruit-jam-processing\/","name":"Automatic tomato paste production line for fruit jam processing","isPartOf":{"@id":"https:\/\/sssmachinery.com\/#website"},"primaryImageOfPage":{"@id":"https:\/\/sssmachinery.com\/product\/automatic-tomato-paste-production-line-for-fruit-jam-processing\/#primaryimage"},"image":{"@id":"https:\/\/sssmachinery.com\/product\/automatic-tomato-paste-production-line-for-fruit-jam-processing\/#primaryimage"},"thumbnailUrl":"https:\/\/sssmachinery.com\/wp-content\/uploads\/2024\/06\/7.avif","datePublished":"2024-06-17T08:18:49+00:00","dateModified":"2024-06-17T08:18:49+00:00","description":"Revolutionize your fruit jam production with our cutting-edge tomato paste line. Experience unparalleled efficiency as our state-of-the-art technology meticulously processes fresh tomatoes into velvety smooth paste, capturing the essence of ripe flavors. Craft exceptional jams bursting with natural goodness.","breadcrumb":{"@id":"https:\/\/sssmachinery.com\/product\/automatic-tomato-paste-production-line-for-fruit-jam-processing\/#breadcrumb"},"inLanguage":"fr-FR","potentialAction":[{"@type":"ReadAction","target":["https:\/\/sssmachinery.com\/product\/automatic-tomato-paste-production-line-for-fruit-jam-processing\/"]}]},{"@type":"ImageObject","inLanguage":"fr-FR","@id":"https:\/\/sssmachinery.com\/product\/automatic-tomato-paste-production-line-for-fruit-jam-processing\/#primaryimage","url":"https:\/\/sssmachinery.com\/wp-content\/uploads\/2024\/06\/7.avif","contentUrl":"https:\/\/sssmachinery.com\/wp-content\/uploads\/2024\/06\/7.avif","width":1000,"height":926,"caption":"Jam Paste Sauce Processing Line"},{"@type":"BreadcrumbList","@id":"https:\/\/sssmachinery.com\/product\/automatic-tomato-paste-production-line-for-fruit-jam-processing\/#breadcrumb","itemListElement":[{"@type":"ListItem","position":1,"name":"\u9996\u9875","item":"https:\/\/sssmachinery.com\/"},{"@type":"ListItem","position":2,"name":"Products","item":"https:\/\/sssmachinery.com\/products\/"},{"@type":"ListItem","position":3,"name":"Automatic tomato paste production line for fruit jam processing"}]},{"@type":"WebSite","@id":"https:\/\/sssmachinery.com\/#website","url":"https:\/\/sssmachinery.com\/","name":"SSS Food Machinery Technology","description":"BEST SOLUTIONS FOR TORTILLA MACHINERY","publisher":{"@id":"https:\/\/sssmachinery.com\/#organization"},"potentialAction":[{"@type":"SearchAction","target":{"@type":"EntryPoint","urlTemplate":"https:\/\/sssmachinery.com\/?s={search_term_string}"},"query-input":"required name=search_term_string"}],"inLanguage":"fr-FR"},{"@type":"Organization","@id":"https:\/\/sssmachinery.com\/#organization","name":"SSS Food Machinery Technology","url":"https:\/\/sssmachinery.com\/","logo":{"@type":"ImageObject","inLanguage":"fr-FR","@id":"https:\/\/sssmachinery.com\/#\/schema\/logo\/image\/","url":"https:\/\/sssmachinery.com\/wp-content\/uploads\/2024\/05\/cropped-logo-1.png","contentUrl":"https:\/\/sssmachinery.com\/wp-content\/uploads\/2024\/05\/cropped-logo-1.png","width":512,"height":512,"caption":"SSS Food Machinery Technology"},"image":{"@id":"https:\/\/sssmachinery.com\/#\/schema\/logo\/image\/"}}]}},"uagb_featured_image_src":{"full":["https:\/\/sssmachinery.com\/wp-content\/uploads\/2024\/06\/7.avif",1000,926,false],"thumbnail":["https:\/\/sssmachinery.com\/wp-content\/uploads\/2024\/06\/7-150x150.avif",150,150,true],"medium":["https:\/\/sssmachinery.com\/wp-content\/uploads\/2024\/06\/7-300x278.avif",300,278,true],"medium_large":["https:\/\/sssmachinery.com\/wp-content\/uploads\/2024\/06\/7-768x711.avif",768,711,true],"large":["https:\/\/sssmachinery.com\/wp-content\/uploads\/2024\/06\/7.avif",1000,926,false],"1536x1536":["https:\/\/sssmachinery.com\/wp-content\/uploads\/2024\/06\/7.avif",1000,926,false],"2048x2048":["https:\/\/sssmachinery.com\/wp-content\/uploads\/2024\/06\/7.avif",1000,926,false],"trp-custom-language-flag":["https:\/\/sssmachinery.com\/wp-content\/uploads\/2024\/06\/7.avif",13,12,false],"woocommerce_thumbnail":["https:\/\/sssmachinery.com\/wp-content\/uploads\/2024\/06\/7-300x300.avif",300,300,true],"woocommerce_single":["https:\/\/sssmachinery.com\/wp-content\/uploads\/2024\/06\/7-600x556.avif",600,556,true],"woocommerce_gallery_thumbnail":["https:\/\/sssmachinery.com\/wp-content\/uploads\/2024\/06\/7-100x100.avif",100,100,true]},"uagb_author_info":{"display_name":"info","author_link":"https:\/\/sssmachinery.com\/fr\/author\/"},"uagb_comment_info":0,"uagb_excerpt":"Product description Unlock the vibrant flavors of nature with our Jam Paste Sauce Processing Line! This state-of-the-art automated system is [&hellip;]","_links":{"self":[{"href":"https:\/\/sssmachinery.com\/fr\/wp-json\/wp\/v2\/product\/1147"}],"collection":[{"href":"https:\/\/sssmachinery.com\/fr\/wp-json\/wp\/v2\/product"}],"about":[{"href":"https:\/\/sssmachinery.com\/fr\/wp-json\/wp\/v2\/types\/product"}],"wp:featuredmedia":[{"embeddable":true,"href":"https:\/\/sssmachinery.com\/fr\/wp-json\/wp\/v2\/media\/1151"}],"wp:attachment":[{"href":"https:\/\/sssmachinery.com\/fr\/wp-json\/wp\/v2\/media?parent=1147"}],"wp:term":[{"taxonomy":"product_cat","embeddable":true,"href":"https:\/\/sssmachinery.com\/fr\/wp-json\/wp\/v2\/product_cat?post=1147"},{"taxonomy":"product_tag","embeddable":true,"href":"https:\/\/sssmachinery.com\/fr\/wp-json\/wp\/v2\/product_tag?post=1147"}],"curies":[{"name":"wp","href":"https:\/\/api.w.org\/{rel}","templated":true}]}}