{"id":1108,"date":"2024-06-13T08:49:45","date_gmt":"2024-06-13T08:49:45","guid":{"rendered":"https:\/\/sssmachinery.com\/?post_type=product&#038;p=1108"},"modified":"2024-06-17T03:43:57","modified_gmt":"2024-06-17T03:43:57","slug":"tortilla-stacker-machine-tortilla-packing-machine","status":"publish","type":"product","link":"https:\/\/sssmachinery.com\/fr\/produit\/tortilla-stacker-machine-tortilla-packing-machine\/","title":{"rendered":"Machine \u00e0 empiler les tortillas Machine \u00e0 empiler les tortillas"},"content":{"rendered":"<h1><span style=\"color: #0000ff;\">Description du produit<\/span><\/h1>\n<hr \/>\n<p>Un empileur de tortillas est un \u00e9quipement industriel utilis\u00e9 dans l'industrie alimentaire, notamment pour empiler et emballer les tortillas. Ces machines sont con\u00e7ues pour traiter des volumes de production \u00e9lev\u00e9s, allant de 1000 \u00e0 3000 pi\u00e8ces par heure. Voici quelques caract\u00e9ristiques et d\u00e9tails cl\u00e9s concernant ce type de machine :<\/p>\n<ol>\n<li><strong>Capacit\u00e9<\/strong>: La gamme sp\u00e9cifi\u00e9e de 1000 \u00e0 3000 pi\u00e8ces par heure permet une production efficace, r\u00e9pondant aux diff\u00e9rentes exigences de production.<\/li>\n<li><strong>Automatisation<\/strong>: La machine est enti\u00e8rement automatis\u00e9e, ce qui r\u00e9duit le besoin de travail manuel et garantit un empilage et un emballage coh\u00e9rents.<\/li>\n<li><strong>M\u00e9canisme d'empilage<\/strong>: La machine comprend g\u00e9n\u00e9ralement un syst\u00e8me de convoyage qui transporte les tortillas de la ligne de production \u00e0 la zone d'empilage. Des m\u00e9canismes pr\u00e9cis, tels que des bras robotis\u00e9s ou des empileurs sp\u00e9cialis\u00e9s, sont utilis\u00e9s pour empiler proprement les tortillas dans la configuration souhait\u00e9e.<\/li>\n<li><strong>Int\u00e9gration de l'emballage<\/strong>: De nombreux empileurs de tortillas sont con\u00e7us pour s'int\u00e9grer \u00e0 des \u00e9quipements d'emballage, tels que des machines d'ensachage ou d'emballage, pour une transition sans heurts de l'empilage \u00e0 l'emballage.<\/li>\n<li><strong>R\u00e9glages ajustables<\/strong>: La machine peut \u00eatre r\u00e9gl\u00e9e pour s'adapter \u00e0 diff\u00e9rentes tailles de tortillas, hauteurs d'empilage et exigences d'emballage, ce qui garantit la polyvalence de la production.<\/li>\n<li><strong>Assainissement<\/strong>: Les mat\u00e9riaux de qualit\u00e9 alimentaire et les conceptions faciles \u00e0 nettoyer sont essentiels pour maintenir une bonne hygi\u00e8ne et respecter les normes de s\u00e9curit\u00e9 alimentaire.<\/li>\n<li><strong>Syst\u00e8me de contr\u00f4le<\/strong>: La machine est g\u00e9n\u00e9ralement \u00e9quip\u00e9e d'un panneau de commande ou d'un contr\u00f4leur logique programmable (PLC) pour surveiller et r\u00e9gler divers param\u00e8tres, tels que la vitesse, le nombre de piles et la d\u00e9tection des pannes.<\/li>\n<li><strong>Caract\u00e9ristiques de s\u00e9curit\u00e9<\/strong>: Les dispositifs de s\u00e9curit\u00e9, tels que les boutons d'arr\u00eat d'urgence, les protections et les verrouillages, sont incorpor\u00e9s pour assurer la s\u00e9curit\u00e9 de l'op\u00e9rateur pendant le fonctionnement et l'entretien.<\/li>\n<\/ol>\n<h2><span style=\"color: #0000ff;\"><b data-spm-anchor-id=\"a2700.pc-decorate.0.i11.76b53333eqSuaZ\">Machine \u00e0 emballer sous vide<\/b><\/span><\/h2>\n<hr \/>\n<table>\n<tbody>\n<tr>\n<td width=\"206\"><strong>article<\/strong><\/td>\n<td><strong>valeur<\/strong><\/td>\n<\/tr>\n<tr>\n<td width=\"206\"><strong>Condition<\/strong><\/td>\n<td><strong>Nouveau<\/strong><\/td>\n<\/tr>\n<tr>\n<td width=\"206\"><strong>Nom de la marque<\/strong><\/td>\n<td><strong>SSS<\/strong><\/td>\n<\/tr>\n<tr>\n<td width=\"206\"><strong>Ann\u00e9e<\/strong><\/td>\n<td><strong>2023<\/strong><\/td>\n<\/tr>\n<tr>\n<td width=\"206\"><strong>Poids<\/strong><\/td>\n<td><strong>200KG<\/strong><\/td>\n<\/tr>\n<tr>\n<td width=\"206\"><strong>Lieu d'origine<\/strong><\/td>\n<td><strong>Chine<\/strong><\/td>\n<\/tr>\n<tr>\n<td width=\"206\"><strong>Grade automatique<\/strong><\/td>\n<td><strong>Automatique<\/strong><\/td>\n<\/tr>\n<tr>\n<td width=\"206\"><strong>Tension<\/strong><\/td>\n<td><strong>220V\/380V<\/strong><\/td>\n<\/tr>\n<tr>\n<td width=\"206\"><strong>Capacit\u00e9 des machines<\/strong><\/td>\n<td><strong>30<\/strong><\/td>\n<\/tr>\n<tr>\n<td width=\"206\"><strong>Machines cl\u00e9s<\/strong><\/td>\n<td><strong>St\u00e9rilisateur alimentaire, M\u00e9langeur de p\u00e2te, Four de cuisson, P\u00e9trisseuse<\/strong><\/td>\n<\/tr>\n<tr>\n<td width=\"206\"><strong>Type de produit<\/strong><\/td>\n<td><strong>Produits c\u00e9r\u00e9aliers, farine<\/strong><\/td>\n<\/tr>\n<tr>\n<td width=\"206\"><strong>Service apr\u00e8s-vente<\/strong><\/td>\n<td><strong>Service en ligne<\/strong><\/td>\n<\/tr>\n<tr>\n<td width=\"206\"><strong>Avantage<\/strong><\/td>\n<td><strong>Facilit\u00e9 d'utilisation Haute efficacit\u00e9<\/strong><\/td>\n<\/tr>\n<tr>\n<td width=\"206\"><strong>Mati\u00e8res premi\u00e8res<\/strong><\/td>\n<td><strong>Acier inoxydable 304<\/strong><\/td>\n<\/tr>\n<tr>\n<td width=\"206\"><strong>Produit final<\/strong><\/td>\n<td><strong>Tortilla<\/strong><\/td>\n<\/tr>\n<tr>\n<td width=\"206\"><strong>Certification<\/strong><\/td>\n<td><strong>CE ISO<\/strong><\/td>\n<\/tr>\n<tr>\n<td width=\"206\"><strong>Automatique<\/strong><\/td>\n<td><strong>Contr\u00f4le par \u00e9cran tactile<\/strong><\/td>\n<\/tr>\n<tr>\n<td width=\"206\"><strong>Fonction<\/strong><\/td>\n<td><strong>Formation<\/strong><\/td>\n<\/tr>\n<tr>\n<td width=\"206\"><strong>Garantie<\/strong><\/td>\n<td><strong>1 an de garantie<\/strong><\/td>\n<\/tr>\n<tr>\n<td width=\"206\"><strong>Capacit\u00e9 de production<\/strong><\/td>\n<td><strong>2800-3800PCS\/H<\/strong><\/td>\n<\/tr>\n<\/tbody>\n<\/table>","protected":false},"excerpt":{"rendered":"<p>Description du produit Un empileur de tortillas est un \u00e9quipement industriel utilis\u00e9 dans l'industrie alimentaire, notamment pour empiler et [...]<\/p>","protected":false},"featured_media":1110,"template":"","meta":{"_uag_custom_page_level_css":"","_monsterinsights_skip_tracking":false,"_monsterinsights_sitenote_active":false,"_monsterinsights_sitenote_note":"","_monsterinsights_sitenote_category":0,"site-sidebar-layout":"default","site-content-layout":"","ast-site-content-layout":"default","site-content-style":"default","site-sidebar-style":"default","ast-global-header-display":"","ast-banner-title-visibility":"","ast-main-header-display":"","ast-hfb-above-header-display":"","ast-hfb-below-header-display":"","ast-hfb-mobile-header-display":"","site-post-title":"","ast-breadcrumbs-content":"","ast-featured-img":"","footer-sml-layout":"","theme-transparent-header-meta":"default","adv-header-id-meta":"","stick-header-meta":"default","header-above-stick-meta":"","header-main-stick-meta":"","header-below-stick-meta":"","astra-migrate-meta-layouts":"set","ast-page-background-enabled":"default","ast-page-background-meta":{"desktop":{"background-color":"var(--ast-global-color-4)","background-image":"","background-repeat":"repeat","background-position":"center center","background-size":"auto","background-attachment":"scroll","background-type":"","background-media":"","overlay-type":"","overlay-color":"","overlay-opacity":"","overlay-gradient":""},"tablet":{"background-color":"","background-image":"","background-repeat":"repeat","background-position":"center center","background-size":"auto","background-attachment":"scroll","background-type":"","background-media":"","overlay-type":"","overlay-color":"","overlay-opacity":"","overlay-gradient":""},"mobile":{"background-color":"","background-image":"","background-repeat":"repeat","background-position":"center center","background-size":"auto","background-attachment":"scroll","background-type":"","background-media":"","overlay-type":"","overlay-color":"","overlay-opacity":"","overlay-gradient":""}},"ast-content-background-meta":{"desktop":{"background-color":"var(--ast-global-color-5)","background-image":"","background-repeat":"repeat","background-position":"center center","background-size":"auto","background-attachment":"scroll","background-type":"","background-media":"","overlay-type":"","overlay-color":"","overlay-opacity":"","overlay-gradient":""},"tablet":{"background-color":"var(--ast-global-color-5)","background-image":"","background-repeat":"repeat","background-position":"center center","background-size":"auto","background-attachment":"scroll","background-type":"","background-media":"","overlay-type":"","overlay-color":"","overlay-opacity":"","overlay-gradient":""},"mobile":{"background-color":"var(--ast-global-color-5)","background-image":"","background-repeat":"repeat","background-position":"center center","background-size":"auto","background-attachment":"scroll","background-type":"","background-media":"","overlay-type":"","overlay-color":"","overlay-opacity":"","overlay-gradient":""}}},"product_cat":[26,43],"product_tag":[],"yoast_head":"<!-- This site is optimized with the Yoast SEO Premium plugin v22.6 (Yoast SEO v22.6) - https:\/\/yoast.com\/wordpress\/plugins\/seo\/ -->\n<title>Tortilla Stacker machine tortilla packing machine<\/title>\n<meta name=\"description\" content=\"Stack tortillas effortlessly with our high-speed tortilla stacker machine. Engineered for maximum efficiency, it precisely stacks and aligns tortillas for packaging. Boost productivity and reduce labor costs - get perfectly stacked tortillas every time.\" \/>\n<meta name=\"robots\" content=\"index, follow, max-snippet:-1, max-image-preview:large, max-video-preview:-1\" \/>\n<link rel=\"canonical\" href=\"https:\/\/sssmachinery.com\/fr\/produit\/tortilla-stacker-machine-tortilla-packing-machine\/\" \/>\n<meta property=\"og:locale\" content=\"fr_FR\" \/>\n<meta property=\"og:type\" content=\"article\" \/>\n<meta property=\"og:title\" content=\"Tortilla Stacker machine tortilla packing machine\" \/>\n<meta property=\"og:description\" content=\"Stack tortillas effortlessly with our high-speed tortilla stacker machine. Engineered for maximum efficiency, it precisely stacks and aligns tortillas for packaging. Boost productivity and reduce labor costs - get perfectly stacked tortillas every time.\" \/>\n<meta property=\"og:url\" content=\"https:\/\/sssmachinery.com\/fr\/produit\/tortilla-stacker-machine-tortilla-packing-machine\/\" \/>\n<meta property=\"og:site_name\" content=\"SSS Food Machinery Technology\" \/>\n<meta property=\"article:modified_time\" content=\"2024-06-17T03:43:57+00:00\" \/>\n<meta name=\"twitter:card\" content=\"summary_large_image\" \/>\n<meta name=\"twitter:label1\" content=\"Dur\u00e9e de lecture estim\u00e9e\" \/>\n\t<meta name=\"twitter:data1\" content=\"2 minutes\" \/>\n<script type=\"application\/ld+json\" class=\"yoast-schema-graph\">{\"@context\":\"https:\/\/schema.org\",\"@graph\":[{\"@type\":\"WebPage\",\"@id\":\"https:\/\/sssmachinery.com\/product\/tortilla-stacker-machine-tortilla-packing-machine\/\",\"url\":\"https:\/\/sssmachinery.com\/product\/tortilla-stacker-machine-tortilla-packing-machine\/\",\"name\":\"Tortilla Stacker machine tortilla packing machine\",\"isPartOf\":{\"@id\":\"https:\/\/sssmachinery.com\/#website\"},\"primaryImageOfPage\":{\"@id\":\"https:\/\/sssmachinery.com\/product\/tortilla-stacker-machine-tortilla-packing-machine\/#primaryimage\"},\"image\":{\"@id\":\"https:\/\/sssmachinery.com\/product\/tortilla-stacker-machine-tortilla-packing-machine\/#primaryimage\"},\"thumbnailUrl\":\"https:\/\/sssmachinery.com\/wp-content\/uploads\/2024\/06\/H88e549c9dfa14e5c8e82af9deacbd2c3c.avif\",\"datePublished\":\"2024-06-13T08:49:45+00:00\",\"dateModified\":\"2024-06-17T03:43:57+00:00\",\"description\":\"Stack tortillas effortlessly with our high-speed tortilla stacker machine. Engineered for maximum efficiency, it precisely stacks and aligns tortillas for packaging. Boost productivity and reduce labor costs - get perfectly stacked tortillas every time.\",\"breadcrumb\":{\"@id\":\"https:\/\/sssmachinery.com\/product\/tortilla-stacker-machine-tortilla-packing-machine\/#breadcrumb\"},\"inLanguage\":\"fr-FR\",\"potentialAction\":[{\"@type\":\"ReadAction\",\"target\":[\"https:\/\/sssmachinery.com\/product\/tortilla-stacker-machine-tortilla-packing-machine\/\"]}]},{\"@type\":\"ImageObject\",\"inLanguage\":\"fr-FR\",\"@id\":\"https:\/\/sssmachinery.com\/product\/tortilla-stacker-machine-tortilla-packing-machine\/#primaryimage\",\"url\":\"https:\/\/sssmachinery.com\/wp-content\/uploads\/2024\/06\/H88e549c9dfa14e5c8e82af9deacbd2c3c.avif\",\"contentUrl\":\"https:\/\/sssmachinery.com\/wp-content\/uploads\/2024\/06\/H88e549c9dfa14e5c8e82af9deacbd2c3c.avif\",\"width\":800,\"height\":800,\"caption\":\"Tortilla Stacker machine\"},{\"@type\":\"BreadcrumbList\",\"@id\":\"https:\/\/sssmachinery.com\/product\/tortilla-stacker-machine-tortilla-packing-machine\/#breadcrumb\",\"itemListElement\":[{\"@type\":\"ListItem\",\"position\":1,\"name\":\"\u9996\u9875\",\"item\":\"https:\/\/sssmachinery.com\/\"},{\"@type\":\"ListItem\",\"position\":2,\"name\":\"Products\",\"item\":\"https:\/\/sssmachinery.com\/products\/\"},{\"@type\":\"ListItem\",\"position\":3,\"name\":\"Tortilla Stacker machine tortilla packing machine\"}]},{\"@type\":\"WebSite\",\"@id\":\"https:\/\/sssmachinery.com\/#website\",\"url\":\"https:\/\/sssmachinery.com\/\",\"name\":\"SSS Food Machinery Technology\",\"description\":\"BEST SOLUTIONS FOR TORTILLA MACHINERY\",\"publisher\":{\"@id\":\"https:\/\/sssmachinery.com\/#organization\"},\"potentialAction\":[{\"@type\":\"SearchAction\",\"target\":{\"@type\":\"EntryPoint\",\"urlTemplate\":\"https:\/\/sssmachinery.com\/?s={search_term_string}\"},\"query-input\":\"required name=search_term_string\"}],\"inLanguage\":\"fr-FR\"},{\"@type\":\"Organization\",\"@id\":\"https:\/\/sssmachinery.com\/#organization\",\"name\":\"SSS Food Machinery Technology\",\"url\":\"https:\/\/sssmachinery.com\/\",\"logo\":{\"@type\":\"ImageObject\",\"inLanguage\":\"fr-FR\",\"@id\":\"https:\/\/sssmachinery.com\/#\/schema\/logo\/image\/\",\"url\":\"https:\/\/sssmachinery.com\/wp-content\/uploads\/2024\/05\/cropped-logo-1.png\",\"contentUrl\":\"https:\/\/sssmachinery.com\/wp-content\/uploads\/2024\/05\/cropped-logo-1.png\",\"width\":512,\"height\":512,\"caption\":\"SSS Food Machinery Technology\"},\"image\":{\"@id\":\"https:\/\/sssmachinery.com\/#\/schema\/logo\/image\/\"}}]}<\/script>\n<!-- \/ Yoast SEO Premium plugin. -->","yoast_head_json":{"title":"Tortilla Stacker machine tortilla packing machine","description":"Stack tortillas effortlessly with our high-speed tortilla stacker machine. Engineered for maximum efficiency, it precisely stacks and aligns tortillas for packaging. Boost productivity and reduce labor costs - get perfectly stacked tortillas every time.","robots":{"index":"index","follow":"follow","max-snippet":"max-snippet:-1","max-image-preview":"max-image-preview:large","max-video-preview":"max-video-preview:-1"},"canonical":"https:\/\/sssmachinery.com\/fr\/produit\/tortilla-stacker-machine-tortilla-packing-machine\/","og_locale":"fr_FR","og_type":"article","og_title":"Tortilla Stacker machine tortilla packing machine","og_description":"Stack tortillas effortlessly with our high-speed tortilla stacker machine. Engineered for maximum efficiency, it precisely stacks and aligns tortillas for packaging. Boost productivity and reduce labor costs - get perfectly stacked tortillas every time.","og_url":"https:\/\/sssmachinery.com\/fr\/produit\/tortilla-stacker-machine-tortilla-packing-machine\/","og_site_name":"SSS Food Machinery Technology","article_modified_time":"2024-06-17T03:43:57+00:00","twitter_card":"summary_large_image","twitter_misc":{"Dur\u00e9e de lecture estim\u00e9e":"2 minutes"},"schema":{"@context":"https:\/\/schema.org","@graph":[{"@type":"WebPage","@id":"https:\/\/sssmachinery.com\/product\/tortilla-stacker-machine-tortilla-packing-machine\/","url":"https:\/\/sssmachinery.com\/product\/tortilla-stacker-machine-tortilla-packing-machine\/","name":"Tortilla Stacker machine tortilla packing machine","isPartOf":{"@id":"https:\/\/sssmachinery.com\/#website"},"primaryImageOfPage":{"@id":"https:\/\/sssmachinery.com\/product\/tortilla-stacker-machine-tortilla-packing-machine\/#primaryimage"},"image":{"@id":"https:\/\/sssmachinery.com\/product\/tortilla-stacker-machine-tortilla-packing-machine\/#primaryimage"},"thumbnailUrl":"https:\/\/sssmachinery.com\/wp-content\/uploads\/2024\/06\/H88e549c9dfa14e5c8e82af9deacbd2c3c.avif","datePublished":"2024-06-13T08:49:45+00:00","dateModified":"2024-06-17T03:43:57+00:00","description":"Stack tortillas effortlessly with our high-speed tortilla stacker machine. Engineered for maximum efficiency, it precisely stacks and aligns tortillas for packaging. Boost productivity and reduce labor costs - get perfectly stacked tortillas every time.","breadcrumb":{"@id":"https:\/\/sssmachinery.com\/product\/tortilla-stacker-machine-tortilla-packing-machine\/#breadcrumb"},"inLanguage":"fr-FR","potentialAction":[{"@type":"ReadAction","target":["https:\/\/sssmachinery.com\/product\/tortilla-stacker-machine-tortilla-packing-machine\/"]}]},{"@type":"ImageObject","inLanguage":"fr-FR","@id":"https:\/\/sssmachinery.com\/product\/tortilla-stacker-machine-tortilla-packing-machine\/#primaryimage","url":"https:\/\/sssmachinery.com\/wp-content\/uploads\/2024\/06\/H88e549c9dfa14e5c8e82af9deacbd2c3c.avif","contentUrl":"https:\/\/sssmachinery.com\/wp-content\/uploads\/2024\/06\/H88e549c9dfa14e5c8e82af9deacbd2c3c.avif","width":800,"height":800,"caption":"Tortilla Stacker machine"},{"@type":"BreadcrumbList","@id":"https:\/\/sssmachinery.com\/product\/tortilla-stacker-machine-tortilla-packing-machine\/#breadcrumb","itemListElement":[{"@type":"ListItem","position":1,"name":"\u9996\u9875","item":"https:\/\/sssmachinery.com\/"},{"@type":"ListItem","position":2,"name":"Products","item":"https:\/\/sssmachinery.com\/products\/"},{"@type":"ListItem","position":3,"name":"Tortilla Stacker machine tortilla packing machine"}]},{"@type":"WebSite","@id":"https:\/\/sssmachinery.com\/#website","url":"https:\/\/sssmachinery.com\/","name":"SSS Food Machinery Technology","description":"BEST SOLUTIONS FOR TORTILLA MACHINERY","publisher":{"@id":"https:\/\/sssmachinery.com\/#organization"},"potentialAction":[{"@type":"SearchAction","target":{"@type":"EntryPoint","urlTemplate":"https:\/\/sssmachinery.com\/?s={search_term_string}"},"query-input":"required name=search_term_string"}],"inLanguage":"fr-FR"},{"@type":"Organization","@id":"https:\/\/sssmachinery.com\/#organization","name":"SSS Food Machinery Technology","url":"https:\/\/sssmachinery.com\/","logo":{"@type":"ImageObject","inLanguage":"fr-FR","@id":"https:\/\/sssmachinery.com\/#\/schema\/logo\/image\/","url":"https:\/\/sssmachinery.com\/wp-content\/uploads\/2024\/05\/cropped-logo-1.png","contentUrl":"https:\/\/sssmachinery.com\/wp-content\/uploads\/2024\/05\/cropped-logo-1.png","width":512,"height":512,"caption":"SSS Food Machinery Technology"},"image":{"@id":"https:\/\/sssmachinery.com\/#\/schema\/logo\/image\/"}}]}},"uagb_featured_image_src":{"full":["https:\/\/sssmachinery.com\/wp-content\/uploads\/2024\/06\/H88e549c9dfa14e5c8e82af9deacbd2c3c.avif",800,800,false],"thumbnail":["https:\/\/sssmachinery.com\/wp-content\/uploads\/2024\/06\/H88e549c9dfa14e5c8e82af9deacbd2c3c-150x150.avif",150,150,true],"medium":["https:\/\/sssmachinery.com\/wp-content\/uploads\/2024\/06\/H88e549c9dfa14e5c8e82af9deacbd2c3c-300x300.avif",300,300,true],"medium_large":["https:\/\/sssmachinery.com\/wp-content\/uploads\/2024\/06\/H88e549c9dfa14e5c8e82af9deacbd2c3c-768x768.avif",768,768,true],"large":["https:\/\/sssmachinery.com\/wp-content\/uploads\/2024\/06\/H88e549c9dfa14e5c8e82af9deacbd2c3c.avif",800,800,false],"1536x1536":["https:\/\/sssmachinery.com\/wp-content\/uploads\/2024\/06\/H88e549c9dfa14e5c8e82af9deacbd2c3c.avif",800,800,false],"2048x2048":["https:\/\/sssmachinery.com\/wp-content\/uploads\/2024\/06\/H88e549c9dfa14e5c8e82af9deacbd2c3c.avif",800,800,false],"trp-custom-language-flag":["https:\/\/sssmachinery.com\/wp-content\/uploads\/2024\/06\/H88e549c9dfa14e5c8e82af9deacbd2c3c.avif",12,12,false],"woocommerce_thumbnail":["https:\/\/sssmachinery.com\/wp-content\/uploads\/2024\/06\/H88e549c9dfa14e5c8e82af9deacbd2c3c-300x300.avif",300,300,true],"woocommerce_single":["https:\/\/sssmachinery.com\/wp-content\/uploads\/2024\/06\/H88e549c9dfa14e5c8e82af9deacbd2c3c-600x600.avif",600,600,true],"woocommerce_gallery_thumbnail":["https:\/\/sssmachinery.com\/wp-content\/uploads\/2024\/06\/H88e549c9dfa14e5c8e82af9deacbd2c3c-100x100.avif",100,100,true]},"uagb_author_info":{"display_name":"info","author_link":"https:\/\/sssmachinery.com\/fr\/author\/"},"uagb_comment_info":0,"uagb_excerpt":"Product description A tortilla stacker machine is an industrial equipment used in the food processing industry, specifically for stacking and [&hellip;]","_links":{"self":[{"href":"https:\/\/sssmachinery.com\/fr\/wp-json\/wp\/v2\/product\/1108"}],"collection":[{"href":"https:\/\/sssmachinery.com\/fr\/wp-json\/wp\/v2\/product"}],"about":[{"href":"https:\/\/sssmachinery.com\/fr\/wp-json\/wp\/v2\/types\/product"}],"wp:featuredmedia":[{"embeddable":true,"href":"https:\/\/sssmachinery.com\/fr\/wp-json\/wp\/v2\/media\/1110"}],"wp:attachment":[{"href":"https:\/\/sssmachinery.com\/fr\/wp-json\/wp\/v2\/media?parent=1108"}],"wp:term":[{"taxonomy":"product_cat","embeddable":true,"href":"https:\/\/sssmachinery.com\/fr\/wp-json\/wp\/v2\/product_cat?post=1108"},{"taxonomy":"product_tag","embeddable":true,"href":"https:\/\/sssmachinery.com\/fr\/wp-json\/wp\/v2\/product_tag?post=1108"}],"curies":[{"name":"wp","href":"https:\/\/api.w.org\/{rel}","templated":true}]}}