{"id":1028,"date":"2024-06-06T08:39:09","date_gmt":"2024-06-06T08:39:09","guid":{"rendered":"https:\/\/sssmachinery.com\/?post_type=product&#038;p=1028"},"modified":"2024-06-17T07:03:34","modified_gmt":"2024-06-17T07:03:34","slug":"high-speed-automatic-tortilla-flow-packing-machine-arabic-pita-bread-packaging-machine-tacos-bread-packing-machine","status":"publish","type":"product","link":"https:\/\/sssmachinery.com\/fr\/produit\/high-speed-automatic-tortilla-flow-packing-machine-arabic-pita-bread-packaging-machine-tacos-bread-packing-machine\/","title":{"rendered":"Machine \u00e0 emballer \u00e0 grande vitesse automatique Tacos Bread Arabic Pita Bread Tortilla"},"content":{"rendered":"<h1><span style=\"color: #0000ff;\">Description du produit<\/span><\/h1>\n<hr \/>\n<h4><b>* Avantage :<\/b><\/h4>\n<p>1. Trois syst\u00e8mes de contr\u00f4le servo, la longueur du sac peut \u00eatre r\u00e9gl\u00e9e et coup\u00e9e imm\u00e9diatement, il n'est pas n\u00e9cessaire d'ajuster la course de l'air, une seule \u00e9tape, ce qui \u00e9conomise du temps et du film.<\/p>\n<p>2. Interface homme-machine, le r\u00e9glage des param\u00e8tres est pratique et rapide.<\/p>\n<p>3. Fonction d'autodiagnostic des d\u00e9fauts, affichage des d\u00e9fauts, clair en un coup d'\u0153il.<\/p>\n<p>4. Suivi des marques de couleur de l'\u0153il photo\u00e9lectrique \u00e0 haute sensibilit\u00e9, entr\u00e9e num\u00e9rique de la position de scellage et de coupe, de sorte que la position de scellage et de coupe est plus pr\u00e9cise.<\/p>\n<p>5. Contr\u00f4le PID ind\u00e9pendant de la temp\u00e9rature, mieux adapt\u00e9 \u00e0 divers mat\u00e9riaux d'emballage.<\/p>\n<p>6. Fonction d'arr\u00eat de positionnement, pas de collage au couteau, pas de perte de film.<\/p>\n<p>7. Le syst\u00e8me de transmission est simple, le travail est plus fiable et l'entretien est plus pratique.<\/p>\n<p>8. Toutes les commandes sont r\u00e9alis\u00e9es par logiciel, ce qui facilite l'ajustement des fonctions et la mise \u00e0 niveau technique, et n'entra\u00eene pas de retard \u00e0 l'usage.<\/p>\n<h2><span style=\"color: #0000ff;\">Param\u00e8tres du formulaire<\/span><\/h2>\n<hr \/>\n<table>\n<tbody>\n<tr>\n<td width=\"223\">Diam\u00e8tre maximal du film<\/td>\n<td width=\"223\">320mm<\/td>\n<\/tr>\n<tr>\n<td width=\"223\">Capacit\u00e9 maximale d'emballage<\/td>\n<td width=\"223\">20-180 paquets\/min<\/td>\n<\/tr>\n<tr>\n<td width=\"223\">S'adapter \u00e0 l'\u00e9paisseur du film<\/td>\n<td width=\"223\">0,02-0,08 mm<\/td>\n<\/tr>\n<tr>\n<td width=\"223\">longueur du sac<\/td>\n<td width=\"223\">70-300mm<\/td>\n<\/tr>\n<tr>\n<td width=\"223\">Largeur du paquet<\/td>\n<td width=\"223\">pas plus de 150 mm<\/td>\n<\/tr>\n<tr>\n<td width=\"223\">Tension d'alimentation<\/td>\n<td width=\"223\">1,8kw\/220v<\/td>\n<\/tr>\n<tr>\n<td width=\"223\">Dimensions de la machine (longueur * largeur * hauteur)<\/td>\n<td width=\"223\">3900*920*1450mm<\/td>\n<\/tr>\n<tr>\n<td width=\"223\">poids brut<\/td>\n<td width=\"223\">450 kg<\/td>\n<\/tr>\n<\/tbody>\n<\/table>\n<p>&nbsp;<\/p>","protected":false},"excerpt":{"rendered":"<p>Product description * Advantage: 1. Three servo system control, the bag length can be set and cut immediately, no need [&hellip;]<\/p>","protected":false},"featured_media":1043,"template":"","meta":{"_uag_custom_page_level_css":"","_monsterinsights_skip_tracking":false,"_monsterinsights_sitenote_active":false,"_monsterinsights_sitenote_note":"","_monsterinsights_sitenote_category":0,"site-sidebar-layout":"default","site-content-layout":"","ast-site-content-layout":"default","site-content-style":"default","site-sidebar-style":"default","ast-global-header-display":"","ast-banner-title-visibility":"","ast-main-header-display":"","ast-hfb-above-header-display":"","ast-hfb-below-header-display":"","ast-hfb-mobile-header-display":"","site-post-title":"","ast-breadcrumbs-content":"","ast-featured-img":"","footer-sml-layout":"","theme-transparent-header-meta":"default","adv-header-id-meta":"","stick-header-meta":"default","header-above-stick-meta":"","header-main-stick-meta":"","header-below-stick-meta":"","astra-migrate-meta-layouts":"set","ast-page-background-enabled":"default","ast-page-background-meta":{"desktop":{"background-color":"var(--ast-global-color-4)","background-image":"","background-repeat":"repeat","background-position":"center center","background-size":"auto","background-attachment":"scroll","background-type":"","background-media":"","overlay-type":"","overlay-color":"","overlay-opacity":"","overlay-gradient":""},"tablet":{"background-color":"","background-image":"","background-repeat":"repeat","background-position":"center center","background-size":"auto","background-attachment":"scroll","background-type":"","background-media":"","overlay-type":"","overlay-color":"","overlay-opacity":"","overlay-gradient":""},"mobile":{"background-color":"","background-image":"","background-repeat":"repeat","background-position":"center center","background-size":"auto","background-attachment":"scroll","background-type":"","background-media":"","overlay-type":"","overlay-color":"","overlay-opacity":"","overlay-gradient":""}},"ast-content-background-meta":{"desktop":{"background-color":"var(--ast-global-color-5)","background-image":"","background-repeat":"repeat","background-position":"center center","background-size":"auto","background-attachment":"scroll","background-type":"","background-media":"","overlay-type":"","overlay-color":"","overlay-opacity":"","overlay-gradient":""},"tablet":{"background-color":"var(--ast-global-color-5)","background-image":"","background-repeat":"repeat","background-position":"center center","background-size":"auto","background-attachment":"scroll","background-type":"","background-media":"","overlay-type":"","overlay-color":"","overlay-opacity":"","overlay-gradient":""},"mobile":{"background-color":"var(--ast-global-color-5)","background-image":"","background-repeat":"repeat","background-position":"center center","background-size":"auto","background-attachment":"scroll","background-type":"","background-media":"","overlay-type":"","overlay-color":"","overlay-opacity":"","overlay-gradient":""}}},"product_cat":[26,42],"product_tag":[],"yoast_head":"<!-- This site is optimized with the Yoast SEO Premium plugin v22.6 (Yoast SEO v22.6) - https:\/\/yoast.com\/wordpress\/plugins\/seo\/ -->\n<title>Flow Packing Machine High Speed Automatic Tacos Bread Arabic Pita Bread Tortilla<\/title>\n<meta name=\"description\" content=\"Elevate your pita bread Packaging Machine with our high-speed, efficient machines. Maximize output and minimize waste with customizable settings for perfect pita packaging every time. Boost productivity and meet growing demands with ease.\" \/>\n<meta name=\"robots\" content=\"index, follow, max-snippet:-1, max-image-preview:large, max-video-preview:-1\" \/>\n<link rel=\"canonical\" href=\"https:\/\/sssmachinery.com\/fr\/produit\/high-speed-automatic-tortilla-flow-packing-machine-arabic-pita-bread-packaging-machine-tacos-bread-packing-machine\/\" \/>\n<meta property=\"og:locale\" content=\"fr_FR\" \/>\n<meta property=\"og:type\" content=\"article\" \/>\n<meta property=\"og:title\" content=\"Flow Packing Machine High Speed Automatic Tacos Bread Arabic Pita Bread Tortilla\" \/>\n<meta property=\"og:description\" content=\"Elevate your pita bread Packaging Machine with our high-speed, efficient machines. Maximize output and minimize waste with customizable settings for perfect pita packaging every time. Boost productivity and meet growing demands with ease.\" \/>\n<meta property=\"og:url\" content=\"https:\/\/sssmachinery.com\/fr\/produit\/high-speed-automatic-tortilla-flow-packing-machine-arabic-pita-bread-packaging-machine-tacos-bread-packing-machine\/\" \/>\n<meta property=\"og:site_name\" content=\"SSS Food Machinery Technology\" \/>\n<meta property=\"article:modified_time\" content=\"2024-06-17T07:03:34+00:00\" \/>\n<meta property=\"og:image\" content=\"https:\/\/sssmachinery.com\/wp-content\/uploads\/2024\/06\/H88ed11aa9b7e458095516d1bfead8045I-scaled-2.jpg\" \/>\n\t<meta property=\"og:image:width\" content=\"800\" \/>\n\t<meta property=\"og:image:height\" content=\"800\" \/>\n\t<meta property=\"og:image:type\" content=\"image\/jpeg\" \/>\n<meta name=\"twitter:card\" content=\"summary_large_image\" \/>\n<meta name=\"twitter:label1\" content=\"Dur\u00e9e de lecture estim\u00e9e\" \/>\n\t<meta name=\"twitter:data1\" content=\"1 minute\" \/>\n<script type=\"application\/ld+json\" class=\"yoast-schema-graph\">{\"@context\":\"https:\/\/schema.org\",\"@graph\":[{\"@type\":\"WebPage\",\"@id\":\"https:\/\/sssmachinery.com\/product\/high-speed-automatic-tortilla-flow-packing-machine-arabic-pita-bread-packaging-machine-tacos-bread-packing-machine\/\",\"url\":\"https:\/\/sssmachinery.com\/product\/high-speed-automatic-tortilla-flow-packing-machine-arabic-pita-bread-packaging-machine-tacos-bread-packing-machine\/\",\"name\":\"Flow Packing Machine High Speed Automatic Tacos Bread Arabic Pita Bread Tortilla\",\"isPartOf\":{\"@id\":\"https:\/\/sssmachinery.com\/#website\"},\"primaryImageOfPage\":{\"@id\":\"https:\/\/sssmachinery.com\/product\/high-speed-automatic-tortilla-flow-packing-machine-arabic-pita-bread-packaging-machine-tacos-bread-packing-machine\/#primaryimage\"},\"image\":{\"@id\":\"https:\/\/sssmachinery.com\/product\/high-speed-automatic-tortilla-flow-packing-machine-arabic-pita-bread-packaging-machine-tacos-bread-packing-machine\/#primaryimage\"},\"thumbnailUrl\":\"https:\/\/sssmachinery.com\/wp-content\/uploads\/2024\/06\/H88ed11aa9b7e458095516d1bfead8045I-scaled-2.jpg\",\"datePublished\":\"2024-06-06T08:39:09+00:00\",\"dateModified\":\"2024-06-17T07:03:34+00:00\",\"description\":\"Elevate your pita bread Packaging Machine with our high-speed, efficient machines. Maximize output and minimize waste with customizable settings for perfect pita packaging every time. Boost productivity and meet growing demands with ease.\",\"breadcrumb\":{\"@id\":\"https:\/\/sssmachinery.com\/product\/high-speed-automatic-tortilla-flow-packing-machine-arabic-pita-bread-packaging-machine-tacos-bread-packing-machine\/#breadcrumb\"},\"inLanguage\":\"fr-FR\",\"potentialAction\":[{\"@type\":\"ReadAction\",\"target\":[\"https:\/\/sssmachinery.com\/product\/high-speed-automatic-tortilla-flow-packing-machine-arabic-pita-bread-packaging-machine-tacos-bread-packing-machine\/\"]}]},{\"@type\":\"ImageObject\",\"inLanguage\":\"fr-FR\",\"@id\":\"https:\/\/sssmachinery.com\/product\/high-speed-automatic-tortilla-flow-packing-machine-arabic-pita-bread-packaging-machine-tacos-bread-packing-machine\/#primaryimage\",\"url\":\"https:\/\/sssmachinery.com\/wp-content\/uploads\/2024\/06\/H88ed11aa9b7e458095516d1bfead8045I-scaled-2.jpg\",\"contentUrl\":\"https:\/\/sssmachinery.com\/wp-content\/uploads\/2024\/06\/H88ed11aa9b7e458095516d1bfead8045I-scaled-2.jpg\",\"width\":800,\"height\":800,\"caption\":\"Food Packaging Machine\"},{\"@type\":\"BreadcrumbList\",\"@id\":\"https:\/\/sssmachinery.com\/product\/high-speed-automatic-tortilla-flow-packing-machine-arabic-pita-bread-packaging-machine-tacos-bread-packing-machine\/#breadcrumb\",\"itemListElement\":[{\"@type\":\"ListItem\",\"position\":1,\"name\":\"\u9996\u9875\",\"item\":\"https:\/\/sssmachinery.com\/\"},{\"@type\":\"ListItem\",\"position\":2,\"name\":\"Products\",\"item\":\"https:\/\/sssmachinery.com\/products\/\"},{\"@type\":\"ListItem\",\"position\":3,\"name\":\"Flow Packing Machine High Speed Automatic Tacos Bread Arabic Pita Bread Tortilla\"}]},{\"@type\":\"WebSite\",\"@id\":\"https:\/\/sssmachinery.com\/#website\",\"url\":\"https:\/\/sssmachinery.com\/\",\"name\":\"SSS Food Machinery Technology\",\"description\":\"BEST SOLUTIONS FOR TORTILLA MACHINERY\",\"publisher\":{\"@id\":\"https:\/\/sssmachinery.com\/#organization\"},\"potentialAction\":[{\"@type\":\"SearchAction\",\"target\":{\"@type\":\"EntryPoint\",\"urlTemplate\":\"https:\/\/sssmachinery.com\/?s={search_term_string}\"},\"query-input\":\"required name=search_term_string\"}],\"inLanguage\":\"fr-FR\"},{\"@type\":\"Organization\",\"@id\":\"https:\/\/sssmachinery.com\/#organization\",\"name\":\"SSS Food Machinery Technology\",\"url\":\"https:\/\/sssmachinery.com\/\",\"logo\":{\"@type\":\"ImageObject\",\"inLanguage\":\"fr-FR\",\"@id\":\"https:\/\/sssmachinery.com\/#\/schema\/logo\/image\/\",\"url\":\"https:\/\/sssmachinery.com\/wp-content\/uploads\/2024\/05\/cropped-logo-1.png\",\"contentUrl\":\"https:\/\/sssmachinery.com\/wp-content\/uploads\/2024\/05\/cropped-logo-1.png\",\"width\":512,\"height\":512,\"caption\":\"SSS Food Machinery Technology\"},\"image\":{\"@id\":\"https:\/\/sssmachinery.com\/#\/schema\/logo\/image\/\"}}]}<\/script>\n<!-- \/ Yoast SEO Premium plugin. -->","yoast_head_json":{"title":"Flow Packing Machine High Speed Automatic Tacos Bread Arabic Pita Bread Tortilla","description":"Elevate your pita bread Packaging Machine with our high-speed, efficient machines. Maximize output and minimize waste with customizable settings for perfect pita packaging every time. Boost productivity and meet growing demands with ease.","robots":{"index":"index","follow":"follow","max-snippet":"max-snippet:-1","max-image-preview":"max-image-preview:large","max-video-preview":"max-video-preview:-1"},"canonical":"https:\/\/sssmachinery.com\/fr\/produit\/high-speed-automatic-tortilla-flow-packing-machine-arabic-pita-bread-packaging-machine-tacos-bread-packing-machine\/","og_locale":"fr_FR","og_type":"article","og_title":"Flow Packing Machine High Speed Automatic Tacos Bread Arabic Pita Bread Tortilla","og_description":"Elevate your pita bread Packaging Machine with our high-speed, efficient machines. Maximize output and minimize waste with customizable settings for perfect pita packaging every time. Boost productivity and meet growing demands with ease.","og_url":"https:\/\/sssmachinery.com\/fr\/produit\/high-speed-automatic-tortilla-flow-packing-machine-arabic-pita-bread-packaging-machine-tacos-bread-packing-machine\/","og_site_name":"SSS Food Machinery Technology","article_modified_time":"2024-06-17T07:03:34+00:00","og_image":[{"width":800,"height":800,"url":"https:\/\/sssmachinery.com\/wp-content\/uploads\/2024\/06\/H88ed11aa9b7e458095516d1bfead8045I-scaled-2.jpg","type":"image\/jpeg"}],"twitter_card":"summary_large_image","twitter_misc":{"Dur\u00e9e de lecture estim\u00e9e":"1 minute"},"schema":{"@context":"https:\/\/schema.org","@graph":[{"@type":"WebPage","@id":"https:\/\/sssmachinery.com\/product\/high-speed-automatic-tortilla-flow-packing-machine-arabic-pita-bread-packaging-machine-tacos-bread-packing-machine\/","url":"https:\/\/sssmachinery.com\/product\/high-speed-automatic-tortilla-flow-packing-machine-arabic-pita-bread-packaging-machine-tacos-bread-packing-machine\/","name":"Flow Packing Machine High Speed Automatic Tacos Bread Arabic Pita Bread Tortilla","isPartOf":{"@id":"https:\/\/sssmachinery.com\/#website"},"primaryImageOfPage":{"@id":"https:\/\/sssmachinery.com\/product\/high-speed-automatic-tortilla-flow-packing-machine-arabic-pita-bread-packaging-machine-tacos-bread-packing-machine\/#primaryimage"},"image":{"@id":"https:\/\/sssmachinery.com\/product\/high-speed-automatic-tortilla-flow-packing-machine-arabic-pita-bread-packaging-machine-tacos-bread-packing-machine\/#primaryimage"},"thumbnailUrl":"https:\/\/sssmachinery.com\/wp-content\/uploads\/2024\/06\/H88ed11aa9b7e458095516d1bfead8045I-scaled-2.jpg","datePublished":"2024-06-06T08:39:09+00:00","dateModified":"2024-06-17T07:03:34+00:00","description":"Elevate your pita bread Packaging Machine with our high-speed, efficient machines. Maximize output and minimize waste with customizable settings for perfect pita packaging every time. Boost productivity and meet growing demands with ease.","breadcrumb":{"@id":"https:\/\/sssmachinery.com\/product\/high-speed-automatic-tortilla-flow-packing-machine-arabic-pita-bread-packaging-machine-tacos-bread-packing-machine\/#breadcrumb"},"inLanguage":"fr-FR","potentialAction":[{"@type":"ReadAction","target":["https:\/\/sssmachinery.com\/product\/high-speed-automatic-tortilla-flow-packing-machine-arabic-pita-bread-packaging-machine-tacos-bread-packing-machine\/"]}]},{"@type":"ImageObject","inLanguage":"fr-FR","@id":"https:\/\/sssmachinery.com\/product\/high-speed-automatic-tortilla-flow-packing-machine-arabic-pita-bread-packaging-machine-tacos-bread-packing-machine\/#primaryimage","url":"https:\/\/sssmachinery.com\/wp-content\/uploads\/2024\/06\/H88ed11aa9b7e458095516d1bfead8045I-scaled-2.jpg","contentUrl":"https:\/\/sssmachinery.com\/wp-content\/uploads\/2024\/06\/H88ed11aa9b7e458095516d1bfead8045I-scaled-2.jpg","width":800,"height":800,"caption":"Food Packaging Machine"},{"@type":"BreadcrumbList","@id":"https:\/\/sssmachinery.com\/product\/high-speed-automatic-tortilla-flow-packing-machine-arabic-pita-bread-packaging-machine-tacos-bread-packing-machine\/#breadcrumb","itemListElement":[{"@type":"ListItem","position":1,"name":"\u9996\u9875","item":"https:\/\/sssmachinery.com\/"},{"@type":"ListItem","position":2,"name":"Products","item":"https:\/\/sssmachinery.com\/products\/"},{"@type":"ListItem","position":3,"name":"Flow Packing Machine High Speed Automatic Tacos Bread Arabic Pita Bread Tortilla"}]},{"@type":"WebSite","@id":"https:\/\/sssmachinery.com\/#website","url":"https:\/\/sssmachinery.com\/","name":"SSS Food Machinery Technology","description":"BEST SOLUTIONS FOR TORTILLA MACHINERY","publisher":{"@id":"https:\/\/sssmachinery.com\/#organization"},"potentialAction":[{"@type":"SearchAction","target":{"@type":"EntryPoint","urlTemplate":"https:\/\/sssmachinery.com\/?s={search_term_string}"},"query-input":"required name=search_term_string"}],"inLanguage":"fr-FR"},{"@type":"Organization","@id":"https:\/\/sssmachinery.com\/#organization","name":"SSS Food Machinery Technology","url":"https:\/\/sssmachinery.com\/","logo":{"@type":"ImageObject","inLanguage":"fr-FR","@id":"https:\/\/sssmachinery.com\/#\/schema\/logo\/image\/","url":"https:\/\/sssmachinery.com\/wp-content\/uploads\/2024\/05\/cropped-logo-1.png","contentUrl":"https:\/\/sssmachinery.com\/wp-content\/uploads\/2024\/05\/cropped-logo-1.png","width":512,"height":512,"caption":"SSS Food Machinery Technology"},"image":{"@id":"https:\/\/sssmachinery.com\/#\/schema\/logo\/image\/"}}]}},"uagb_featured_image_src":{"full":["https:\/\/sssmachinery.com\/wp-content\/uploads\/2024\/06\/H88ed11aa9b7e458095516d1bfead8045I-scaled-2.jpg",800,800,false],"thumbnail":["https:\/\/sssmachinery.com\/wp-content\/uploads\/2024\/06\/H88ed11aa9b7e458095516d1bfead8045I-scaled-2-150x150.jpg",150,150,true],"medium":["https:\/\/sssmachinery.com\/wp-content\/uploads\/2024\/06\/H88ed11aa9b7e458095516d1bfead8045I-scaled-2-300x300.jpg",300,300,true],"medium_large":["https:\/\/sssmachinery.com\/wp-content\/uploads\/2024\/06\/H88ed11aa9b7e458095516d1bfead8045I-scaled-2-768x768.jpg",768,768,true],"large":["https:\/\/sssmachinery.com\/wp-content\/uploads\/2024\/06\/H88ed11aa9b7e458095516d1bfead8045I-scaled-2.jpg",800,800,false],"1536x1536":["https:\/\/sssmachinery.com\/wp-content\/uploads\/2024\/06\/H88ed11aa9b7e458095516d1bfead8045I-scaled-2.jpg",800,800,false],"2048x2048":["https:\/\/sssmachinery.com\/wp-content\/uploads\/2024\/06\/H88ed11aa9b7e458095516d1bfead8045I-scaled-2.jpg",800,800,false],"trp-custom-language-flag":["https:\/\/sssmachinery.com\/wp-content\/uploads\/2024\/06\/H88ed11aa9b7e458095516d1bfead8045I-scaled-2.jpg",12,12,false],"woocommerce_thumbnail":["https:\/\/sssmachinery.com\/wp-content\/uploads\/2024\/06\/H88ed11aa9b7e458095516d1bfead8045I-scaled-2-300x300.jpg",300,300,true],"woocommerce_single":["https:\/\/sssmachinery.com\/wp-content\/uploads\/2024\/06\/H88ed11aa9b7e458095516d1bfead8045I-scaled-2-600x600.jpg",600,600,true],"woocommerce_gallery_thumbnail":["https:\/\/sssmachinery.com\/wp-content\/uploads\/2024\/06\/H88ed11aa9b7e458095516d1bfead8045I-scaled-2-100x100.jpg",100,100,true]},"uagb_author_info":{"display_name":"info","author_link":"https:\/\/sssmachinery.com\/fr\/author\/"},"uagb_comment_info":0,"uagb_excerpt":"Product description * Advantage: 1. Three servo system control, the bag length can be set and cut immediately, no need [&hellip;]","_links":{"self":[{"href":"https:\/\/sssmachinery.com\/fr\/wp-json\/wp\/v2\/product\/1028"}],"collection":[{"href":"https:\/\/sssmachinery.com\/fr\/wp-json\/wp\/v2\/product"}],"about":[{"href":"https:\/\/sssmachinery.com\/fr\/wp-json\/wp\/v2\/types\/product"}],"wp:featuredmedia":[{"embeddable":true,"href":"https:\/\/sssmachinery.com\/fr\/wp-json\/wp\/v2\/media\/1043"}],"wp:attachment":[{"href":"https:\/\/sssmachinery.com\/fr\/wp-json\/wp\/v2\/media?parent=1028"}],"wp:term":[{"taxonomy":"product_cat","embeddable":true,"href":"https:\/\/sssmachinery.com\/fr\/wp-json\/wp\/v2\/product_cat?post=1028"},{"taxonomy":"product_tag","embeddable":true,"href":"https:\/\/sssmachinery.com\/fr\/wp-json\/wp\/v2\/product_tag?post=1028"}],"curies":[{"name":"wp","href":"https:\/\/api.w.org\/{rel}","templated":true}]}}