{"id":1021,"date":"2024-06-06T08:12:09","date_gmt":"2024-06-06T08:12:09","guid":{"rendered":"https:\/\/sssmachinery.com\/?post_type=product&#038;p=1021"},"modified":"2024-06-06T08:12:10","modified_gmt":"2024-06-06T08:12:10","slug":"high-productivity-rheon-automatic-kubba-kibbeh-making-encrusting-machine","status":"publish","type":"product","link":"https:\/\/sssmachinery.com\/fr\/produit\/high-productivity-rheon-automatic-kubba-kibbeh-making-encrusting-machine\/","title":{"rendered":"Machine \u00e0 incruster automatique \u00e0 haute productivit\u00e9 pour la fabrication de kubba kibbeh"},"content":{"rendered":"<h1>Sp\u00e9cifications<\/h1>\n<p>Cette machine est dot\u00e9e d'une interface homme-machine, facile \u00e0 utiliser et \u00e0 m\u00e9moriser.<br \/>\nde centaines de produits. Les principaux composants de contr\u00f4le \u00e9lectrique font partie des marques mondiales de premier ordre, ce qui peut \u00eatre garanti.<br \/>\nIl s'agit d'une machine tr\u00e8s polyvalente destin\u00e9e \u00e0 la production de confiseries, de produits de boulangerie et de p\u00e2tisseries. Il s'agit d'une machine d'incrustation tr\u00e8s polyvalente pour la production de confiseries, de Kubba et d'autres produits.<br \/>\nla fabrication d'aliments pr\u00e9par\u00e9s et la production de p\u00e2tes ferment\u00e9es.<\/p>\n<p><img loading=\"lazy\" decoding=\"async\" class=\"alignnone size-medium wp-image-1023\" src=\"https:\/\/sssmachinery.com\/wp-content\/uploads\/2024\/06\/U2159008e6b0845e9bbdf4d4d12ec3a1cS-300x117.avif\" alt=\"\" width=\"300\" height=\"117\" srcset=\"https:\/\/sssmachinery.com\/wp-content\/uploads\/2024\/06\/U2159008e6b0845e9bbdf4d4d12ec3a1cS-300x117.avif 300w, https:\/\/sssmachinery.com\/wp-content\/uploads\/2024\/06\/U2159008e6b0845e9bbdf4d4d12ec3a1cS-768x301.avif 768w, https:\/\/sssmachinery.com\/wp-content\/uploads\/2024\/06\/U2159008e6b0845e9bbdf4d4d12ec3a1cS-600x235.avif 600w, https:\/\/sssmachinery.com\/wp-content\/uploads\/2024\/06\/U2159008e6b0845e9bbdf4d4d12ec3a1cS.avif 792w\" sizes=\"(max-width: 300px) 100vw, 300px\" \/><\/p>","protected":false},"excerpt":{"rendered":"<p>Specification This machine is with human-computer interface, easy to operate and remember performances of hundreds of products. The major electrical [&hellip;]<\/p>","protected":false},"featured_media":1026,"template":"","meta":{"_uag_custom_page_level_css":"","_monsterinsights_skip_tracking":false,"_monsterinsights_sitenote_active":false,"_monsterinsights_sitenote_note":"","_monsterinsights_sitenote_category":0,"site-sidebar-layout":"default","site-content-layout":"","ast-site-content-layout":"default","site-content-style":"default","site-sidebar-style":"default","ast-global-header-display":"","ast-banner-title-visibility":"","ast-main-header-display":"","ast-hfb-above-header-display":"","ast-hfb-below-header-display":"","ast-hfb-mobile-header-display":"","site-post-title":"","ast-breadcrumbs-content":"","ast-featured-img":"","footer-sml-layout":"","theme-transparent-header-meta":"default","adv-header-id-meta":"","stick-header-meta":"default","header-above-stick-meta":"","header-main-stick-meta":"","header-below-stick-meta":"","astra-migrate-meta-layouts":"set","ast-page-background-enabled":"default","ast-page-background-meta":{"desktop":{"background-color":"var(--ast-global-color-4)","background-image":"","background-repeat":"repeat","background-position":"center center","background-size":"auto","background-attachment":"scroll","background-type":"","background-media":"","overlay-type":"","overlay-color":"","overlay-opacity":"","overlay-gradient":""},"tablet":{"background-color":"","background-image":"","background-repeat":"repeat","background-position":"center center","background-size":"auto","background-attachment":"scroll","background-type":"","background-media":"","overlay-type":"","overlay-color":"","overlay-opacity":"","overlay-gradient":""},"mobile":{"background-color":"","background-image":"","background-repeat":"repeat","background-position":"center center","background-size":"auto","background-attachment":"scroll","background-type":"","background-media":"","overlay-type":"","overlay-color":"","overlay-opacity":"","overlay-gradient":""}},"ast-content-background-meta":{"desktop":{"background-color":"var(--ast-global-color-5)","background-image":"","background-repeat":"repeat","background-position":"center center","background-size":"auto","background-attachment":"scroll","background-type":"","background-media":"","overlay-type":"","overlay-color":"","overlay-opacity":"","overlay-gradient":""},"tablet":{"background-color":"var(--ast-global-color-5)","background-image":"","background-repeat":"repeat","background-position":"center center","background-size":"auto","background-attachment":"scroll","background-type":"","background-media":"","overlay-type":"","overlay-color":"","overlay-opacity":"","overlay-gradient":""},"mobile":{"background-color":"var(--ast-global-color-5)","background-image":"","background-repeat":"repeat","background-position":"center center","background-size":"auto","background-attachment":"scroll","background-type":"","background-media":"","overlay-type":"","overlay-color":"","overlay-opacity":"","overlay-gradient":""}}},"product_cat":[41,26],"product_tag":[],"yoast_head":"<!-- This site is optimized with the Yoast SEO Premium plugin v22.6 (Yoast SEO v22.6) - https:\/\/yoast.com\/wordpress\/plugins\/seo\/ -->\n<title>High productivity rheon automatic kubba kibbeh making encrusting machine<\/title>\n<meta name=\"description\" content=\"Elevate your encrusting game with our state-of-the-art encrusting machine. Effortlessly add delicious crusts to pies, quiches, and more with precision and speed. Achieve professional-quality results every time. Upgrade your baking today!\" \/>\n<meta name=\"robots\" content=\"index, follow, max-snippet:-1, max-image-preview:large, max-video-preview:-1\" \/>\n<link rel=\"canonical\" href=\"https:\/\/sssmachinery.com\/fr\/produit\/high-productivity-rheon-automatic-kubba-kibbeh-making-encrusting-machine\/\" \/>\n<meta property=\"og:locale\" content=\"fr_FR\" \/>\n<meta property=\"og:type\" content=\"article\" \/>\n<meta property=\"og:title\" content=\"High productivity rheon automatic kubba kibbeh making encrusting machine\" \/>\n<meta property=\"og:description\" content=\"Elevate your encrusting game with our state-of-the-art encrusting machine. Effortlessly add delicious crusts to pies, quiches, and more with precision and speed. Achieve professional-quality results every time. Upgrade your baking today!\" \/>\n<meta property=\"og:url\" content=\"https:\/\/sssmachinery.com\/fr\/produit\/high-productivity-rheon-automatic-kubba-kibbeh-making-encrusting-machine\/\" \/>\n<meta property=\"og:site_name\" content=\"SSS Food Machinery Technology\" \/>\n<meta property=\"article:modified_time\" content=\"2024-06-06T08:12:10+00:00\" \/>\n<meta name=\"twitter:card\" content=\"summary_large_image\" \/>\n<meta name=\"twitter:label1\" content=\"Dur\u00e9e de lecture estim\u00e9e\" \/>\n\t<meta name=\"twitter:data1\" content=\"1 minute\" \/>\n<script type=\"application\/ld+json\" class=\"yoast-schema-graph\">{\"@context\":\"https:\/\/schema.org\",\"@graph\":[{\"@type\":\"WebPage\",\"@id\":\"https:\/\/sssmachinery.com\/product\/high-productivity-rheon-automatic-kubba-kibbeh-making-encrusting-machine\/\",\"url\":\"https:\/\/sssmachinery.com\/product\/high-productivity-rheon-automatic-kubba-kibbeh-making-encrusting-machine\/\",\"name\":\"High productivity rheon automatic kubba kibbeh making encrusting machine\",\"isPartOf\":{\"@id\":\"https:\/\/sssmachinery.com\/#website\"},\"primaryImageOfPage\":{\"@id\":\"https:\/\/sssmachinery.com\/product\/high-productivity-rheon-automatic-kubba-kibbeh-making-encrusting-machine\/#primaryimage\"},\"image\":{\"@id\":\"https:\/\/sssmachinery.com\/product\/high-productivity-rheon-automatic-kubba-kibbeh-making-encrusting-machine\/#primaryimage\"},\"thumbnailUrl\":\"https:\/\/sssmachinery.com\/wp-content\/uploads\/2024\/06\/H7f02dedc4d584e52910ec515b421be725.avif\",\"datePublished\":\"2024-06-06T08:12:09+00:00\",\"dateModified\":\"2024-06-06T08:12:10+00:00\",\"description\":\"Elevate your encrusting game with our state-of-the-art encrusting machine. Effortlessly add delicious crusts to pies, quiches, and more with precision and speed. Achieve professional-quality results every time. Upgrade your baking today!\",\"breadcrumb\":{\"@id\":\"https:\/\/sssmachinery.com\/product\/high-productivity-rheon-automatic-kubba-kibbeh-making-encrusting-machine\/#breadcrumb\"},\"inLanguage\":\"fr-FR\",\"potentialAction\":[{\"@type\":\"ReadAction\",\"target\":[\"https:\/\/sssmachinery.com\/product\/high-productivity-rheon-automatic-kubba-kibbeh-making-encrusting-machine\/\"]}]},{\"@type\":\"ImageObject\",\"inLanguage\":\"fr-FR\",\"@id\":\"https:\/\/sssmachinery.com\/product\/high-productivity-rheon-automatic-kubba-kibbeh-making-encrusting-machine\/#primaryimage\",\"url\":\"https:\/\/sssmachinery.com\/wp-content\/uploads\/2024\/06\/H7f02dedc4d584e52910ec515b421be725.avif\",\"contentUrl\":\"https:\/\/sssmachinery.com\/wp-content\/uploads\/2024\/06\/H7f02dedc4d584e52910ec515b421be725.avif\",\"width\":650,\"height\":650,\"caption\":\"Stuffing Filling Machine Encrusting Machine\"},{\"@type\":\"BreadcrumbList\",\"@id\":\"https:\/\/sssmachinery.com\/product\/high-productivity-rheon-automatic-kubba-kibbeh-making-encrusting-machine\/#breadcrumb\",\"itemListElement\":[{\"@type\":\"ListItem\",\"position\":1,\"name\":\"\u9996\u9875\",\"item\":\"https:\/\/sssmachinery.com\/\"},{\"@type\":\"ListItem\",\"position\":2,\"name\":\"Products\",\"item\":\"https:\/\/sssmachinery.com\/products\/\"},{\"@type\":\"ListItem\",\"position\":3,\"name\":\"High productivity rheon automatic kubba kibbeh making encrusting machine\"}]},{\"@type\":\"WebSite\",\"@id\":\"https:\/\/sssmachinery.com\/#website\",\"url\":\"https:\/\/sssmachinery.com\/\",\"name\":\"SSS Food Machinery Technology\",\"description\":\"BEST SOLUTIONS FOR TORTILLA MACHINERY\",\"publisher\":{\"@id\":\"https:\/\/sssmachinery.com\/#organization\"},\"potentialAction\":[{\"@type\":\"SearchAction\",\"target\":{\"@type\":\"EntryPoint\",\"urlTemplate\":\"https:\/\/sssmachinery.com\/?s={search_term_string}\"},\"query-input\":\"required name=search_term_string\"}],\"inLanguage\":\"fr-FR\"},{\"@type\":\"Organization\",\"@id\":\"https:\/\/sssmachinery.com\/#organization\",\"name\":\"SSS Food Machinery Technology\",\"url\":\"https:\/\/sssmachinery.com\/\",\"logo\":{\"@type\":\"ImageObject\",\"inLanguage\":\"fr-FR\",\"@id\":\"https:\/\/sssmachinery.com\/#\/schema\/logo\/image\/\",\"url\":\"https:\/\/sssmachinery.com\/wp-content\/uploads\/2024\/05\/cropped-logo-1.png\",\"contentUrl\":\"https:\/\/sssmachinery.com\/wp-content\/uploads\/2024\/05\/cropped-logo-1.png\",\"width\":512,\"height\":512,\"caption\":\"SSS Food Machinery Technology\"},\"image\":{\"@id\":\"https:\/\/sssmachinery.com\/#\/schema\/logo\/image\/\"}}]}<\/script>\n<!-- \/ Yoast SEO Premium plugin. -->","yoast_head_json":{"title":"High productivity rheon automatic kubba kibbeh making encrusting machine","description":"Elevate your encrusting game with our state-of-the-art encrusting machine. Effortlessly add delicious crusts to pies, quiches, and more with precision and speed. Achieve professional-quality results every time. Upgrade your baking today!","robots":{"index":"index","follow":"follow","max-snippet":"max-snippet:-1","max-image-preview":"max-image-preview:large","max-video-preview":"max-video-preview:-1"},"canonical":"https:\/\/sssmachinery.com\/fr\/produit\/high-productivity-rheon-automatic-kubba-kibbeh-making-encrusting-machine\/","og_locale":"fr_FR","og_type":"article","og_title":"High productivity rheon automatic kubba kibbeh making encrusting machine","og_description":"Elevate your encrusting game with our state-of-the-art encrusting machine. Effortlessly add delicious crusts to pies, quiches, and more with precision and speed. Achieve professional-quality results every time. Upgrade your baking today!","og_url":"https:\/\/sssmachinery.com\/fr\/produit\/high-productivity-rheon-automatic-kubba-kibbeh-making-encrusting-machine\/","og_site_name":"SSS Food Machinery Technology","article_modified_time":"2024-06-06T08:12:10+00:00","twitter_card":"summary_large_image","twitter_misc":{"Dur\u00e9e de lecture estim\u00e9e":"1 minute"},"schema":{"@context":"https:\/\/schema.org","@graph":[{"@type":"WebPage","@id":"https:\/\/sssmachinery.com\/product\/high-productivity-rheon-automatic-kubba-kibbeh-making-encrusting-machine\/","url":"https:\/\/sssmachinery.com\/product\/high-productivity-rheon-automatic-kubba-kibbeh-making-encrusting-machine\/","name":"High productivity rheon automatic kubba kibbeh making encrusting machine","isPartOf":{"@id":"https:\/\/sssmachinery.com\/#website"},"primaryImageOfPage":{"@id":"https:\/\/sssmachinery.com\/product\/high-productivity-rheon-automatic-kubba-kibbeh-making-encrusting-machine\/#primaryimage"},"image":{"@id":"https:\/\/sssmachinery.com\/product\/high-productivity-rheon-automatic-kubba-kibbeh-making-encrusting-machine\/#primaryimage"},"thumbnailUrl":"https:\/\/sssmachinery.com\/wp-content\/uploads\/2024\/06\/H7f02dedc4d584e52910ec515b421be725.avif","datePublished":"2024-06-06T08:12:09+00:00","dateModified":"2024-06-06T08:12:10+00:00","description":"Elevate your encrusting game with our state-of-the-art encrusting machine. Effortlessly add delicious crusts to pies, quiches, and more with precision and speed. Achieve professional-quality results every time. Upgrade your baking today!","breadcrumb":{"@id":"https:\/\/sssmachinery.com\/product\/high-productivity-rheon-automatic-kubba-kibbeh-making-encrusting-machine\/#breadcrumb"},"inLanguage":"fr-FR","potentialAction":[{"@type":"ReadAction","target":["https:\/\/sssmachinery.com\/product\/high-productivity-rheon-automatic-kubba-kibbeh-making-encrusting-machine\/"]}]},{"@type":"ImageObject","inLanguage":"fr-FR","@id":"https:\/\/sssmachinery.com\/product\/high-productivity-rheon-automatic-kubba-kibbeh-making-encrusting-machine\/#primaryimage","url":"https:\/\/sssmachinery.com\/wp-content\/uploads\/2024\/06\/H7f02dedc4d584e52910ec515b421be725.avif","contentUrl":"https:\/\/sssmachinery.com\/wp-content\/uploads\/2024\/06\/H7f02dedc4d584e52910ec515b421be725.avif","width":650,"height":650,"caption":"Stuffing Filling Machine Encrusting Machine"},{"@type":"BreadcrumbList","@id":"https:\/\/sssmachinery.com\/product\/high-productivity-rheon-automatic-kubba-kibbeh-making-encrusting-machine\/#breadcrumb","itemListElement":[{"@type":"ListItem","position":1,"name":"\u9996\u9875","item":"https:\/\/sssmachinery.com\/"},{"@type":"ListItem","position":2,"name":"Products","item":"https:\/\/sssmachinery.com\/products\/"},{"@type":"ListItem","position":3,"name":"High productivity rheon automatic kubba kibbeh making encrusting machine"}]},{"@type":"WebSite","@id":"https:\/\/sssmachinery.com\/#website","url":"https:\/\/sssmachinery.com\/","name":"SSS Food Machinery Technology","description":"BEST SOLUTIONS FOR TORTILLA MACHINERY","publisher":{"@id":"https:\/\/sssmachinery.com\/#organization"},"potentialAction":[{"@type":"SearchAction","target":{"@type":"EntryPoint","urlTemplate":"https:\/\/sssmachinery.com\/?s={search_term_string}"},"query-input":"required name=search_term_string"}],"inLanguage":"fr-FR"},{"@type":"Organization","@id":"https:\/\/sssmachinery.com\/#organization","name":"SSS Food Machinery Technology","url":"https:\/\/sssmachinery.com\/","logo":{"@type":"ImageObject","inLanguage":"fr-FR","@id":"https:\/\/sssmachinery.com\/#\/schema\/logo\/image\/","url":"https:\/\/sssmachinery.com\/wp-content\/uploads\/2024\/05\/cropped-logo-1.png","contentUrl":"https:\/\/sssmachinery.com\/wp-content\/uploads\/2024\/05\/cropped-logo-1.png","width":512,"height":512,"caption":"SSS Food Machinery Technology"},"image":{"@id":"https:\/\/sssmachinery.com\/#\/schema\/logo\/image\/"}}]}},"uagb_featured_image_src":{"full":["https:\/\/sssmachinery.com\/wp-content\/uploads\/2024\/06\/H7f02dedc4d584e52910ec515b421be725.avif",650,650,false],"thumbnail":["https:\/\/sssmachinery.com\/wp-content\/uploads\/2024\/06\/H7f02dedc4d584e52910ec515b421be725-150x150.avif",150,150,true],"medium":["https:\/\/sssmachinery.com\/wp-content\/uploads\/2024\/06\/H7f02dedc4d584e52910ec515b421be725-300x300.avif",300,300,true],"medium_large":["https:\/\/sssmachinery.com\/wp-content\/uploads\/2024\/06\/H7f02dedc4d584e52910ec515b421be725.avif",650,650,false],"large":["https:\/\/sssmachinery.com\/wp-content\/uploads\/2024\/06\/H7f02dedc4d584e52910ec515b421be725.avif",650,650,false],"1536x1536":["https:\/\/sssmachinery.com\/wp-content\/uploads\/2024\/06\/H7f02dedc4d584e52910ec515b421be725.avif",650,650,false],"2048x2048":["https:\/\/sssmachinery.com\/wp-content\/uploads\/2024\/06\/H7f02dedc4d584e52910ec515b421be725.avif",650,650,false],"trp-custom-language-flag":["https:\/\/sssmachinery.com\/wp-content\/uploads\/2024\/06\/H7f02dedc4d584e52910ec515b421be725.avif",12,12,false],"woocommerce_thumbnail":["https:\/\/sssmachinery.com\/wp-content\/uploads\/2024\/06\/H7f02dedc4d584e52910ec515b421be725-300x300.avif",300,300,true],"woocommerce_single":["https:\/\/sssmachinery.com\/wp-content\/uploads\/2024\/06\/H7f02dedc4d584e52910ec515b421be725-600x600.avif",600,600,true],"woocommerce_gallery_thumbnail":["https:\/\/sssmachinery.com\/wp-content\/uploads\/2024\/06\/H7f02dedc4d584e52910ec515b421be725-100x100.avif",100,100,true]},"uagb_author_info":{"display_name":"info","author_link":"https:\/\/sssmachinery.com\/fr\/author\/"},"uagb_comment_info":0,"uagb_excerpt":"Specification This machine is with human-computer interface, easy to operate and remember performances of hundreds of products. The major electrical [&hellip;]","_links":{"self":[{"href":"https:\/\/sssmachinery.com\/fr\/wp-json\/wp\/v2\/product\/1021"}],"collection":[{"href":"https:\/\/sssmachinery.com\/fr\/wp-json\/wp\/v2\/product"}],"about":[{"href":"https:\/\/sssmachinery.com\/fr\/wp-json\/wp\/v2\/types\/product"}],"wp:featuredmedia":[{"embeddable":true,"href":"https:\/\/sssmachinery.com\/fr\/wp-json\/wp\/v2\/media\/1026"}],"wp:attachment":[{"href":"https:\/\/sssmachinery.com\/fr\/wp-json\/wp\/v2\/media?parent=1021"}],"wp:term":[{"taxonomy":"product_cat","embeddable":true,"href":"https:\/\/sssmachinery.com\/fr\/wp-json\/wp\/v2\/product_cat?post=1021"},{"taxonomy":"product_tag","embeddable":true,"href":"https:\/\/sssmachinery.com\/fr\/wp-json\/wp\/v2\/product_tag?post=1021"}],"curies":[{"name":"wp","href":"https:\/\/api.w.org\/{rel}","templated":true}]}}