{"id":1006,"date":"2024-06-05T08:08:54","date_gmt":"2024-06-05T08:08:54","guid":{"rendered":"https:\/\/sssmachinery.com\/?post_type=product&#038;p=1006"},"modified":"2024-06-17T05:55:33","modified_gmt":"2024-06-17T05:55:33","slug":"tortilla-commercial-dough-making-machine","status":"publish","type":"product","link":"https:\/\/sssmachinery.com\/fr\/produit\/tortilla-commercial-dough-making-machine\/","title":{"rendered":"Machine \u00e0 m\u00e9langer la farine Machine \u00e0 fabriquer la p\u00e2te commerciale \u00e0 tortilla"},"content":{"rendered":"<h1><span style=\"color: #0000ff;\">Description du produit<\/span><\/h1>\n<hr \/>\n<h4>Machine \u00e0 fabriquer la p\u00e2te Avantages :<\/h4>\n<p><span data-spm-anchor-id=\"a2700.pc-decorate.0.i11.59fb3333IPvZmR\">1) Conducteur \u00e0 fr\u00e9quence variable \u00e0 faible bruit 2) Toutes les pi\u00e8ces de l'aliment de contact sont en acier inoxydable.<br \/>\n2. protection de la cuvette de s\u00e9curit\u00e9 avec verrouillage de s\u00e9curit\u00e9 pour emp\u00eacher le fonctionnement<br \/>\n3. m\u00e9langeur de forme professionnelle, la vitesse de m\u00e9lange et l'effet sont grandement am\u00e9lior\u00e9s<\/span><b><\/b><br \/>\n<b><\/b><\/p>\n<p>&nbsp;<\/p>","protected":false},"excerpt":{"rendered":"<p>Product description Dough Making Machine Advantages: 1.Variable frequency driver with low noise2.All parts of touching food are made of stainless [&hellip;]<\/p>","protected":false},"featured_media":1012,"template":"","meta":{"_uag_custom_page_level_css":"","_monsterinsights_skip_tracking":false,"_monsterinsights_sitenote_active":false,"_monsterinsights_sitenote_note":"","_monsterinsights_sitenote_category":0,"site-sidebar-layout":"default","site-content-layout":"","ast-site-content-layout":"default","site-content-style":"default","site-sidebar-style":"default","ast-global-header-display":"","ast-banner-title-visibility":"","ast-main-header-display":"","ast-hfb-above-header-display":"","ast-hfb-below-header-display":"","ast-hfb-mobile-header-display":"","site-post-title":"","ast-breadcrumbs-content":"","ast-featured-img":"","footer-sml-layout":"","theme-transparent-header-meta":"default","adv-header-id-meta":"","stick-header-meta":"default","header-above-stick-meta":"","header-main-stick-meta":"","header-below-stick-meta":"","astra-migrate-meta-layouts":"set","ast-page-background-enabled":"default","ast-page-background-meta":{"desktop":{"background-color":"var(--ast-global-color-4)","background-image":"","background-repeat":"repeat","background-position":"center center","background-size":"auto","background-attachment":"scroll","background-type":"","background-media":"","overlay-type":"","overlay-color":"","overlay-opacity":"","overlay-gradient":""},"tablet":{"background-color":"","background-image":"","background-repeat":"repeat","background-position":"center center","background-size":"auto","background-attachment":"scroll","background-type":"","background-media":"","overlay-type":"","overlay-color":"","overlay-opacity":"","overlay-gradient":""},"mobile":{"background-color":"","background-image":"","background-repeat":"repeat","background-position":"center center","background-size":"auto","background-attachment":"scroll","background-type":"","background-media":"","overlay-type":"","overlay-color":"","overlay-opacity":"","overlay-gradient":""}},"ast-content-background-meta":{"desktop":{"background-color":"var(--ast-global-color-5)","background-image":"","background-repeat":"repeat","background-position":"center center","background-size":"auto","background-attachment":"scroll","background-type":"","background-media":"","overlay-type":"","overlay-color":"","overlay-opacity":"","overlay-gradient":""},"tablet":{"background-color":"var(--ast-global-color-5)","background-image":"","background-repeat":"repeat","background-position":"center center","background-size":"auto","background-attachment":"scroll","background-type":"","background-media":"","overlay-type":"","overlay-color":"","overlay-opacity":"","overlay-gradient":""},"mobile":{"background-color":"var(--ast-global-color-5)","background-image":"","background-repeat":"repeat","background-position":"center center","background-size":"auto","background-attachment":"scroll","background-type":"","background-media":"","overlay-type":"","overlay-color":"","overlay-opacity":"","overlay-gradient":""}}},"product_cat":[39,26],"product_tag":[48],"yoast_head":"<!-- This site is optimized with the Yoast SEO Premium plugin v22.6 (Yoast SEO v22.6) - https:\/\/yoast.com\/wordpress\/plugins\/seo\/ -->\n<title>Flour Mixing Machine Tortilla Commercial Dough Making Machine<\/title>\n<meta name=\"description\" content=\"Unleash your tortilla business potential with our high-speed commercial dough making machines. Efficient and consistent, they produce perfect tortilla dough every time, maximizing your output and profitability. Invest in quality equipment trusted by top brands.\" \/>\n<meta name=\"robots\" content=\"index, follow, max-snippet:-1, max-image-preview:large, max-video-preview:-1\" \/>\n<link rel=\"canonical\" href=\"https:\/\/sssmachinery.com\/fr\/produit\/tortilla-commercial-dough-making-machine\/\" \/>\n<meta property=\"og:locale\" content=\"fr_FR\" \/>\n<meta property=\"og:type\" content=\"article\" \/>\n<meta property=\"og:title\" content=\"Flour Mixing Machine Tortilla Commercial Dough Making Machine\" \/>\n<meta property=\"og:description\" content=\"Unleash your tortilla business potential with our high-speed commercial dough making machines. Efficient and consistent, they produce perfect tortilla dough every time, maximizing your output and profitability. Invest in quality equipment trusted by top brands.\" \/>\n<meta property=\"og:url\" content=\"https:\/\/sssmachinery.com\/fr\/produit\/tortilla-commercial-dough-making-machine\/\" \/>\n<meta property=\"og:site_name\" content=\"SSS Food Machinery Technology\" \/>\n<meta property=\"article:modified_time\" content=\"2024-06-17T05:55:33+00:00\" \/>\n<meta name=\"twitter:card\" content=\"summary_large_image\" \/>\n<meta name=\"twitter:label1\" content=\"Dur\u00e9e de lecture estim\u00e9e\" \/>\n\t<meta name=\"twitter:data1\" content=\"1 minute\" \/>\n<script type=\"application\/ld+json\" class=\"yoast-schema-graph\">{\"@context\":\"https:\/\/schema.org\",\"@graph\":[{\"@type\":\"WebPage\",\"@id\":\"https:\/\/sssmachinery.com\/product\/tortilla-commercial-dough-making-machine\/\",\"url\":\"https:\/\/sssmachinery.com\/product\/tortilla-commercial-dough-making-machine\/\",\"name\":\"Flour Mixing Machine Tortilla Commercial Dough Making Machine\",\"isPartOf\":{\"@id\":\"https:\/\/sssmachinery.com\/#website\"},\"primaryImageOfPage\":{\"@id\":\"https:\/\/sssmachinery.com\/product\/tortilla-commercial-dough-making-machine\/#primaryimage\"},\"image\":{\"@id\":\"https:\/\/sssmachinery.com\/product\/tortilla-commercial-dough-making-machine\/#primaryimage\"},\"thumbnailUrl\":\"https:\/\/sssmachinery.com\/wp-content\/uploads\/2024\/06\/11-e1717935943888.avif\",\"datePublished\":\"2024-06-05T08:08:54+00:00\",\"dateModified\":\"2024-06-17T05:55:33+00:00\",\"description\":\"Unleash your tortilla business potential with our high-speed commercial dough making machines. Efficient and consistent, they produce perfect tortilla dough every time, maximizing your output and profitability. Invest in quality equipment trusted by top brands.\",\"breadcrumb\":{\"@id\":\"https:\/\/sssmachinery.com\/product\/tortilla-commercial-dough-making-machine\/#breadcrumb\"},\"inLanguage\":\"fr-FR\",\"potentialAction\":[{\"@type\":\"ReadAction\",\"target\":[\"https:\/\/sssmachinery.com\/product\/tortilla-commercial-dough-making-machine\/\"]}]},{\"@type\":\"ImageObject\",\"inLanguage\":\"fr-FR\",\"@id\":\"https:\/\/sssmachinery.com\/product\/tortilla-commercial-dough-making-machine\/#primaryimage\",\"url\":\"https:\/\/sssmachinery.com\/wp-content\/uploads\/2024\/06\/11-e1717935943888.avif\",\"contentUrl\":\"https:\/\/sssmachinery.com\/wp-content\/uploads\/2024\/06\/11-e1717935943888.avif\",\"width\":660,\"height\":660,\"caption\":\"Flour Mixing Machine\"},{\"@type\":\"BreadcrumbList\",\"@id\":\"https:\/\/sssmachinery.com\/product\/tortilla-commercial-dough-making-machine\/#breadcrumb\",\"itemListElement\":[{\"@type\":\"ListItem\",\"position\":1,\"name\":\"\u9996\u9875\",\"item\":\"https:\/\/sssmachinery.com\/\"},{\"@type\":\"ListItem\",\"position\":2,\"name\":\"Products\",\"item\":\"https:\/\/sssmachinery.com\/products\/\"},{\"@type\":\"ListItem\",\"position\":3,\"name\":\"Flour Mixing Machine Tortilla Commercial Dough Making Machine\"}]},{\"@type\":\"WebSite\",\"@id\":\"https:\/\/sssmachinery.com\/#website\",\"url\":\"https:\/\/sssmachinery.com\/\",\"name\":\"SSS Food Machinery Technology\",\"description\":\"BEST SOLUTIONS FOR TORTILLA MACHINERY\",\"publisher\":{\"@id\":\"https:\/\/sssmachinery.com\/#organization\"},\"potentialAction\":[{\"@type\":\"SearchAction\",\"target\":{\"@type\":\"EntryPoint\",\"urlTemplate\":\"https:\/\/sssmachinery.com\/?s={search_term_string}\"},\"query-input\":\"required name=search_term_string\"}],\"inLanguage\":\"fr-FR\"},{\"@type\":\"Organization\",\"@id\":\"https:\/\/sssmachinery.com\/#organization\",\"name\":\"SSS Food Machinery Technology\",\"url\":\"https:\/\/sssmachinery.com\/\",\"logo\":{\"@type\":\"ImageObject\",\"inLanguage\":\"fr-FR\",\"@id\":\"https:\/\/sssmachinery.com\/#\/schema\/logo\/image\/\",\"url\":\"https:\/\/sssmachinery.com\/wp-content\/uploads\/2024\/05\/cropped-logo-1.png\",\"contentUrl\":\"https:\/\/sssmachinery.com\/wp-content\/uploads\/2024\/05\/cropped-logo-1.png\",\"width\":512,\"height\":512,\"caption\":\"SSS Food Machinery Technology\"},\"image\":{\"@id\":\"https:\/\/sssmachinery.com\/#\/schema\/logo\/image\/\"}}]}<\/script>\n<!-- \/ Yoast SEO Premium plugin. -->","yoast_head_json":{"title":"Flour Mixing Machine Tortilla Commercial Dough Making Machine","description":"Unleash your tortilla business potential with our high-speed commercial dough making machines. Efficient and consistent, they produce perfect tortilla dough every time, maximizing your output and profitability. Invest in quality equipment trusted by top brands.","robots":{"index":"index","follow":"follow","max-snippet":"max-snippet:-1","max-image-preview":"max-image-preview:large","max-video-preview":"max-video-preview:-1"},"canonical":"https:\/\/sssmachinery.com\/fr\/produit\/tortilla-commercial-dough-making-machine\/","og_locale":"fr_FR","og_type":"article","og_title":"Flour Mixing Machine Tortilla Commercial Dough Making Machine","og_description":"Unleash your tortilla business potential with our high-speed commercial dough making machines. Efficient and consistent, they produce perfect tortilla dough every time, maximizing your output and profitability. Invest in quality equipment trusted by top brands.","og_url":"https:\/\/sssmachinery.com\/fr\/produit\/tortilla-commercial-dough-making-machine\/","og_site_name":"SSS Food Machinery Technology","article_modified_time":"2024-06-17T05:55:33+00:00","twitter_card":"summary_large_image","twitter_misc":{"Dur\u00e9e de lecture estim\u00e9e":"1 minute"},"schema":{"@context":"https:\/\/schema.org","@graph":[{"@type":"WebPage","@id":"https:\/\/sssmachinery.com\/product\/tortilla-commercial-dough-making-machine\/","url":"https:\/\/sssmachinery.com\/product\/tortilla-commercial-dough-making-machine\/","name":"Flour Mixing Machine Tortilla Commercial Dough Making Machine","isPartOf":{"@id":"https:\/\/sssmachinery.com\/#website"},"primaryImageOfPage":{"@id":"https:\/\/sssmachinery.com\/product\/tortilla-commercial-dough-making-machine\/#primaryimage"},"image":{"@id":"https:\/\/sssmachinery.com\/product\/tortilla-commercial-dough-making-machine\/#primaryimage"},"thumbnailUrl":"https:\/\/sssmachinery.com\/wp-content\/uploads\/2024\/06\/11-e1717935943888.avif","datePublished":"2024-06-05T08:08:54+00:00","dateModified":"2024-06-17T05:55:33+00:00","description":"Unleash your tortilla business potential with our high-speed commercial dough making machines. Efficient and consistent, they produce perfect tortilla dough every time, maximizing your output and profitability. Invest in quality equipment trusted by top brands.","breadcrumb":{"@id":"https:\/\/sssmachinery.com\/product\/tortilla-commercial-dough-making-machine\/#breadcrumb"},"inLanguage":"fr-FR","potentialAction":[{"@type":"ReadAction","target":["https:\/\/sssmachinery.com\/product\/tortilla-commercial-dough-making-machine\/"]}]},{"@type":"ImageObject","inLanguage":"fr-FR","@id":"https:\/\/sssmachinery.com\/product\/tortilla-commercial-dough-making-machine\/#primaryimage","url":"https:\/\/sssmachinery.com\/wp-content\/uploads\/2024\/06\/11-e1717935943888.avif","contentUrl":"https:\/\/sssmachinery.com\/wp-content\/uploads\/2024\/06\/11-e1717935943888.avif","width":660,"height":660,"caption":"Flour Mixing Machine"},{"@type":"BreadcrumbList","@id":"https:\/\/sssmachinery.com\/product\/tortilla-commercial-dough-making-machine\/#breadcrumb","itemListElement":[{"@type":"ListItem","position":1,"name":"\u9996\u9875","item":"https:\/\/sssmachinery.com\/"},{"@type":"ListItem","position":2,"name":"Products","item":"https:\/\/sssmachinery.com\/products\/"},{"@type":"ListItem","position":3,"name":"Flour Mixing Machine Tortilla Commercial Dough Making Machine"}]},{"@type":"WebSite","@id":"https:\/\/sssmachinery.com\/#website","url":"https:\/\/sssmachinery.com\/","name":"SSS Food Machinery Technology","description":"BEST SOLUTIONS FOR TORTILLA MACHINERY","publisher":{"@id":"https:\/\/sssmachinery.com\/#organization"},"potentialAction":[{"@type":"SearchAction","target":{"@type":"EntryPoint","urlTemplate":"https:\/\/sssmachinery.com\/?s={search_term_string}"},"query-input":"required name=search_term_string"}],"inLanguage":"fr-FR"},{"@type":"Organization","@id":"https:\/\/sssmachinery.com\/#organization","name":"SSS Food Machinery Technology","url":"https:\/\/sssmachinery.com\/","logo":{"@type":"ImageObject","inLanguage":"fr-FR","@id":"https:\/\/sssmachinery.com\/#\/schema\/logo\/image\/","url":"https:\/\/sssmachinery.com\/wp-content\/uploads\/2024\/05\/cropped-logo-1.png","contentUrl":"https:\/\/sssmachinery.com\/wp-content\/uploads\/2024\/05\/cropped-logo-1.png","width":512,"height":512,"caption":"SSS Food Machinery Technology"},"image":{"@id":"https:\/\/sssmachinery.com\/#\/schema\/logo\/image\/"}}]}},"uagb_featured_image_src":{"full":["https:\/\/sssmachinery.com\/wp-content\/uploads\/2024\/06\/11-e1717935943888.avif",660,660,false],"thumbnail":["https:\/\/sssmachinery.com\/wp-content\/uploads\/2024\/06\/11-e1717935943888-150x150.avif",150,150,true],"medium":["https:\/\/sssmachinery.com\/wp-content\/uploads\/2024\/06\/11-e1717935943888-300x300.avif",300,300,true],"medium_large":["https:\/\/sssmachinery.com\/wp-content\/uploads\/2024\/06\/11-768x768.avif",768,768,true],"large":["https:\/\/sssmachinery.com\/wp-content\/uploads\/2024\/06\/11-e1717935943888.avif",660,660,false],"1536x1536":["https:\/\/sssmachinery.com\/wp-content\/uploads\/2024\/06\/11-e1717935943888.avif",660,660,false],"2048x2048":["https:\/\/sssmachinery.com\/wp-content\/uploads\/2024\/06\/11-e1717935943888.avif",660,660,false],"trp-custom-language-flag":["https:\/\/sssmachinery.com\/wp-content\/uploads\/2024\/06\/11-e1717935943888.avif",12,12,false],"woocommerce_thumbnail":["https:\/\/sssmachinery.com\/wp-content\/uploads\/2024\/06\/11-e1717935943888-300x300.avif",300,300,true],"woocommerce_single":["https:\/\/sssmachinery.com\/wp-content\/uploads\/2024\/06\/11-e1717935943888-600x600.avif",600,600,true],"woocommerce_gallery_thumbnail":["https:\/\/sssmachinery.com\/wp-content\/uploads\/2024\/06\/11-e1717935943888-100x100.avif",100,100,true]},"uagb_author_info":{"display_name":"info","author_link":"https:\/\/sssmachinery.com\/fr\/author\/"},"uagb_comment_info":0,"uagb_excerpt":"Product description Dough Making Machine Advantages: 1.Variable frequency driver with low noise2.All parts of touching food are made of stainless [&hellip;]","_links":{"self":[{"href":"https:\/\/sssmachinery.com\/fr\/wp-json\/wp\/v2\/product\/1006"}],"collection":[{"href":"https:\/\/sssmachinery.com\/fr\/wp-json\/wp\/v2\/product"}],"about":[{"href":"https:\/\/sssmachinery.com\/fr\/wp-json\/wp\/v2\/types\/product"}],"wp:featuredmedia":[{"embeddable":true,"href":"https:\/\/sssmachinery.com\/fr\/wp-json\/wp\/v2\/media\/1012"}],"wp:attachment":[{"href":"https:\/\/sssmachinery.com\/fr\/wp-json\/wp\/v2\/media?parent=1006"}],"wp:term":[{"taxonomy":"product_cat","embeddable":true,"href":"https:\/\/sssmachinery.com\/fr\/wp-json\/wp\/v2\/product_cat?post=1006"},{"taxonomy":"product_tag","embeddable":true,"href":"https:\/\/sssmachinery.com\/fr\/wp-json\/wp\/v2\/product_tag?post=1006"}],"curies":[{"name":"wp","href":"https:\/\/api.w.org\/{rel}","templated":true}]}}