{"id":963,"date":"2024-06-03T07:50:16","date_gmt":"2024-06-03T07:50:16","guid":{"rendered":"https:\/\/sssmachinery.com\/?post_type=product&#038;p=963"},"modified":"2024-06-19T07:36:31","modified_gmt":"2024-06-19T07:36:31","slug":"milk-yogurt-cheese-butter-making-dairy-production-line-304-stainless-steel","status":"publish","type":"product","link":"https:\/\/sssmachinery.com\/es\/producto\/milk-yogurt-cheese-butter-making-dairy-production-line-304-stainless-steel\/","title":{"rendered":"Leche Yogur Queso Mantequilla Fabricaci\u00f3n de productos l\u00e1cteos L\u00ednea de producci\u00f3n de acero inoxidable 304"},"content":{"rendered":"<h1><span style=\"color: #0000ff;\">Descripci\u00f3n del producto<\/span><\/h1>\n<hr \/>\n<ul>\n<li>Nuestra l\u00ednea de producci\u00f3n de leche, yogur, queso y mantequilla est\u00e1 dise\u00f1ada para optimizar el proceso de producci\u00f3n de l\u00e1cteos con eficiencia y precisi\u00f3n. Fabricada con acero inoxidable 304 de alta calidad, esta l\u00ednea de producci\u00f3n es duradera, higi\u00e9nica y f\u00e1cil de limpiar, lo que garantiza los m\u00e1s altos est\u00e1ndares de seguridad alimentaria.<\/li>\n<li>Esta completa l\u00ednea de producci\u00f3n l\u00e1ctea incluye todo el equipo necesario para producir una gran variedad de productos l\u00e1cteos como leche, yogur, queso y mantequilla. Desde la pasteurizaci\u00f3n de la leche hasta la maduraci\u00f3n del queso, cada etapa del proceso de producci\u00f3n se optimiza cuidadosamente para obtener resultados \u00f3ptimos.<\/li>\n<li>Tanto si es un peque\u00f1o productor l\u00e1cteo artesanal como si se trata de una instalaci\u00f3n l\u00e1ctea a gran escala, nuestra l\u00ednea de producci\u00f3n l\u00e1ctea para la elaboraci\u00f3n de yogur, queso y mantequilla se puede personalizar para satisfacer sus necesidades de producci\u00f3n espec\u00edficas. Invierta en esta l\u00ednea de producci\u00f3n fiable y vers\u00e1til para llevar sus operaciones l\u00e1cteas al siguiente nivel.<\/li>\n<\/ul>\n<h2><span style=\"color: #0000ff;\">Par\u00e1metros del formulario<\/span><\/h2>\n<hr \/>\n<table class=\"all magic-6\">\n<tbody>\n<tr>\n<td colspan=\"1\" rowspan=\"1\">\n<div class=\"magic-7\" data-spm-anchor-id=\"a2700.details.0.i39.52cd2373B1iwzF\">art\u00edculo<\/div>\n<\/td>\n<td colspan=\"1\" rowspan=\"1\">\n<div class=\"magic-8\">especificaci\u00f3n<\/div>\n<\/td>\n<\/tr>\n<tr>\n<td colspan=\"1\" rowspan=\"1\">\n<div class=\"magic-7\">M\u00e1quina llenadora de envases tetra pack<\/div>\n<\/td>\n<td colspan=\"1\" rowspan=\"1\">\n<div class=\"magic-8\" data-spm-anchor-id=\"a2700.details.0.i40.52cd2373B1iwzF\">Capacidad:6000bag\/h<br \/>\nVolumen del envase:250ml\/330ml(\u00b11.5%ml)<br \/>\nDimension:4690-2540-3670mm<br \/>\nPeso:5000kgs<br \/>\nVoltaje:380v\u00b110%, 50hz<br \/>\nPotencia:35kw<br \/>\nConexi\u00f3n:boca roscada 1\/2inch<br \/>\nConsumo de aire:500\u00b1100L\/min(0.6-0.7mpa)<br \/>\nConsumo de agua purificada:15L\/min(0.3-0.45mpa,&lt;20C)<br \/>\nConsumo de vapor:4.5kg\/h(130\u00b15C,0.17\u00b10.03MPA)<br \/>\nConexi\u00f3n:G 1\/2,rosca<br \/>\nConsumo de per\u00f3xido de hidr\u00f3geno:0,6-1,0L\/min(densidad30-50%)<br \/>\nSistema operativo:HM5<br \/>\nTransportador de salida:cadena de quilla<br \/>\nTemperatura del material de relleno:15-25C<br \/>\nViscosidad del material de relleno:&lt;30CPD<br \/>\nConexi\u00f3n: rosca SMS 2S<br \/>\nPresi\u00f3n de conexi\u00f3n0-150\u00b110kpa<br \/>\nForma del contenedor: ladrillo<br \/>\nMaterial de embalaje: rollo de cart\u00f3n<br \/>\nTemp:19.4-25C<br \/>\nDispositivo de subcontrataci\u00f3n<\/div>\n<\/td>\n<\/tr>\n<tr>\n<td colspan=\"1\" rowspan=\"1\">\n<div class=\"magic-7\">transportador<\/div>\n<\/td>\n<td colspan=\"1\" rowspan=\"1\">\n<div class=\"magic-8\">El cuerpo de la estanter\u00eda es de acero inoxidable 304,<br \/>\nEl transporte adopta una placa de cadena de pl\u00e1stico<br \/>\nAltura y anchura efectiva de transporte ajustables<\/div>\n<\/td>\n<\/tr>\n<tr>\n<td colspan=\"1\" rowspan=\"1\">\n<div class=\"magic-7\">M\u00e1quina de pegado de tubos<\/div>\n<\/td>\n<td colspan=\"1\" rowspan=\"1\">\n<div class=\"magic-8\">Capacidad:6000pcs\/h<br \/>\nDimension:1600*850*1150mm<br \/>\nPeso: 250 kg<br \/>\nVoltaje:380v\u00b110%, 50\/60hz<br \/>\nPotencia: 4,5 kW<br \/>\nConsumo de aire:100L\/min(0.6-0.7mpa)<\/div>\n<\/td>\n<\/tr>\n<\/tbody>\n<\/table>","protected":false},"excerpt":{"rendered":"<p>Leche Yogur Queso Mantequilla L\u00ednea de producci\u00f3n de l\u00e1cteos Proceso de producci\u00f3n<\/p>","protected":false},"featured_media":1247,"template":"","meta":{"_uag_custom_page_level_css":"","_monsterinsights_skip_tracking":false,"_monsterinsights_sitenote_active":false,"_monsterinsights_sitenote_note":"","_monsterinsights_sitenote_category":0,"site-sidebar-layout":"default","site-content-layout":"","ast-site-content-layout":"default","site-content-style":"default","site-sidebar-style":"default","ast-global-header-display":"","ast-banner-title-visibility":"","ast-main-header-display":"","ast-hfb-above-header-display":"","ast-hfb-below-header-display":"","ast-hfb-mobile-header-display":"","site-post-title":"","ast-breadcrumbs-content":"","ast-featured-img":"","footer-sml-layout":"","theme-transparent-header-meta":"default","adv-header-id-meta":"","stick-header-meta":"default","header-above-stick-meta":"","header-main-stick-meta":"","header-below-stick-meta":"","astra-migrate-meta-layouts":"set","ast-page-background-enabled":"default","ast-page-background-meta":{"desktop":{"background-color":"var(--ast-global-color-4)","background-image":"","background-repeat":"repeat","background-position":"center center","background-size":"auto","background-attachment":"scroll","background-type":"","background-media":"","overlay-type":"","overlay-color":"","overlay-opacity":"","overlay-gradient":""},"tablet":{"background-color":"","background-image":"","background-repeat":"repeat","background-position":"center center","background-size":"auto","background-attachment":"scroll","background-type":"","background-media":"","overlay-type":"","overlay-color":"","overlay-opacity":"","overlay-gradient":""},"mobile":{"background-color":"","background-image":"","background-repeat":"repeat","background-position":"center center","background-size":"auto","background-attachment":"scroll","background-type":"","background-media":"","overlay-type":"","overlay-color":"","overlay-opacity":"","overlay-gradient":""}},"ast-content-background-meta":{"desktop":{"background-color":"var(--ast-global-color-5)","background-image":"","background-repeat":"repeat","background-position":"center center","background-size":"auto","background-attachment":"scroll","background-type":"","background-media":"","overlay-type":"","overlay-color":"","overlay-opacity":"","overlay-gradient":""},"tablet":{"background-color":"var(--ast-global-color-5)","background-image":"","background-repeat":"repeat","background-position":"center center","background-size":"auto","background-attachment":"scroll","background-type":"","background-media":"","overlay-type":"","overlay-color":"","overlay-opacity":"","overlay-gradient":""},"mobile":{"background-color":"var(--ast-global-color-5)","background-image":"","background-repeat":"repeat","background-position":"center center","background-size":"auto","background-attachment":"scroll","background-type":"","background-media":"","overlay-type":"","overlay-color":"","overlay-opacity":"","overlay-gradient":""}}},"product_cat":[37,25],"product_tag":[],"yoast_head":"<!-- This site is optimized with the Yoast SEO Premium plugin v22.6 (Yoast SEO v22.6) - https:\/\/yoast.com\/wordpress\/plugins\/seo\/ -->\n<title>Milk Yogurt Cheese Butter Making Dairy Production Line 304 Stainless Steel - SSS Food Machinery Technology<\/title>\n<meta name=\"description\" content=\"Discover the benefits of using a Milk Yogurt Cheese Butter Making Dairy Production Line made from durable 304 stainless steel. Learn how this high-quality equipment can streamline your dairy production process and ensure top-notch product quality.\" \/>\n<meta name=\"robots\" content=\"index, follow, max-snippet:-1, max-image-preview:large, max-video-preview:-1\" \/>\n<link rel=\"canonical\" href=\"https:\/\/sssmachinery.com\/es\/producto\/milk-yogurt-cheese-butter-making-dairy-production-line-304-stainless-steel\/\" \/>\n<meta property=\"og:locale\" content=\"es_ES\" \/>\n<meta property=\"og:type\" content=\"article\" \/>\n<meta property=\"og:title\" content=\"Milk Yogurt Cheese Butter Making Dairy Production Line 304 Stainless Steel\" \/>\n<meta property=\"og:description\" content=\"Discover the benefits of using a Milk Yogurt Cheese Butter Making Dairy Production Line made from durable 304 stainless steel. Learn how this high-quality equipment can streamline your dairy production process and ensure top-notch product quality.\" \/>\n<meta property=\"og:url\" content=\"https:\/\/sssmachinery.com\/es\/producto\/milk-yogurt-cheese-butter-making-dairy-production-line-304-stainless-steel\/\" \/>\n<meta property=\"og:site_name\" content=\"SSS Food Machinery Technology\" \/>\n<meta property=\"article:modified_time\" content=\"2024-06-19T07:36:31+00:00\" \/>\n<meta name=\"twitter:card\" content=\"summary_large_image\" \/>\n<meta name=\"twitter:label1\" content=\"Tiempo de lectura\" \/>\n\t<meta name=\"twitter:data1\" content=\"2 minutos\" \/>\n<script type=\"application\/ld+json\" class=\"yoast-schema-graph\">{\"@context\":\"https:\/\/schema.org\",\"@graph\":[{\"@type\":\"WebPage\",\"@id\":\"https:\/\/sssmachinery.com\/product\/milk-yogurt-cheese-butter-making-dairy-production-line-304-stainless-steel\/\",\"url\":\"https:\/\/sssmachinery.com\/product\/milk-yogurt-cheese-butter-making-dairy-production-line-304-stainless-steel\/\",\"name\":\"Milk Yogurt Cheese Butter Making Dairy Production Line 304 Stainless Steel - SSS Food Machinery Technology\",\"isPartOf\":{\"@id\":\"https:\/\/sssmachinery.com\/#website\"},\"primaryImageOfPage\":{\"@id\":\"https:\/\/sssmachinery.com\/product\/milk-yogurt-cheese-butter-making-dairy-production-line-304-stainless-steel\/#primaryimage\"},\"image\":{\"@id\":\"https:\/\/sssmachinery.com\/product\/milk-yogurt-cheese-butter-making-dairy-production-line-304-stainless-steel\/#primaryimage\"},\"thumbnailUrl\":\"https:\/\/sssmachinery.com\/wp-content\/uploads\/2024\/06\/40.avif\",\"datePublished\":\"2024-06-03T07:50:16+00:00\",\"dateModified\":\"2024-06-19T07:36:31+00:00\",\"description\":\"Discover the benefits of using a Milk Yogurt Cheese Butter Making Dairy Production Line made from durable 304 stainless steel. Learn how this high-quality equipment can streamline your dairy production process and ensure top-notch product quality.\",\"breadcrumb\":{\"@id\":\"https:\/\/sssmachinery.com\/product\/milk-yogurt-cheese-butter-making-dairy-production-line-304-stainless-steel\/#breadcrumb\"},\"inLanguage\":\"es-AR\",\"potentialAction\":[{\"@type\":\"ReadAction\",\"target\":[\"https:\/\/sssmachinery.com\/product\/milk-yogurt-cheese-butter-making-dairy-production-line-304-stainless-steel\/\"]}]},{\"@type\":\"ImageObject\",\"inLanguage\":\"es-AR\",\"@id\":\"https:\/\/sssmachinery.com\/product\/milk-yogurt-cheese-butter-making-dairy-production-line-304-stainless-steel\/#primaryimage\",\"url\":\"https:\/\/sssmachinery.com\/wp-content\/uploads\/2024\/06\/40.avif\",\"contentUrl\":\"https:\/\/sssmachinery.com\/wp-content\/uploads\/2024\/06\/40.avif\",\"width\":1200,\"height\":1200,\"caption\":\"Milk Yogurt Cheese Butter Making Dairy machinery\"},{\"@type\":\"BreadcrumbList\",\"@id\":\"https:\/\/sssmachinery.com\/product\/milk-yogurt-cheese-butter-making-dairy-production-line-304-stainless-steel\/#breadcrumb\",\"itemListElement\":[{\"@type\":\"ListItem\",\"position\":1,\"name\":\"\u9996\u9875\",\"item\":\"https:\/\/sssmachinery.com\/\"},{\"@type\":\"ListItem\",\"position\":2,\"name\":\"Products\",\"item\":\"https:\/\/sssmachinery.com\/products\/\"},{\"@type\":\"ListItem\",\"position\":3,\"name\":\"Milk Yogurt Cheese Butter Making Dairy Production Line 304 Stainless Steel\"}]},{\"@type\":\"WebSite\",\"@id\":\"https:\/\/sssmachinery.com\/#website\",\"url\":\"https:\/\/sssmachinery.com\/\",\"name\":\"SSS Food Machinery Technology\",\"description\":\"BEST SOLUTIONS FOR TORTILLA MACHINERY\",\"publisher\":{\"@id\":\"https:\/\/sssmachinery.com\/#organization\"},\"potentialAction\":[{\"@type\":\"SearchAction\",\"target\":{\"@type\":\"EntryPoint\",\"urlTemplate\":\"https:\/\/sssmachinery.com\/?s={search_term_string}\"},\"query-input\":\"required name=search_term_string\"}],\"inLanguage\":\"es-AR\"},{\"@type\":\"Organization\",\"@id\":\"https:\/\/sssmachinery.com\/#organization\",\"name\":\"SSS Food Machinery Technology\",\"url\":\"https:\/\/sssmachinery.com\/\",\"logo\":{\"@type\":\"ImageObject\",\"inLanguage\":\"es-AR\",\"@id\":\"https:\/\/sssmachinery.com\/#\/schema\/logo\/image\/\",\"url\":\"https:\/\/sssmachinery.com\/wp-content\/uploads\/2024\/05\/cropped-logo-1.png\",\"contentUrl\":\"https:\/\/sssmachinery.com\/wp-content\/uploads\/2024\/05\/cropped-logo-1.png\",\"width\":512,\"height\":512,\"caption\":\"SSS Food Machinery Technology\"},\"image\":{\"@id\":\"https:\/\/sssmachinery.com\/#\/schema\/logo\/image\/\"}}]}<\/script>\n<!-- \/ Yoast SEO Premium plugin. -->","yoast_head_json":{"title":"Milk Yogurt Cheese Butter Making Dairy Production Line 304 Stainless Steel - SSS Food Machinery Technology","description":"Discover the benefits of using a Milk Yogurt Cheese Butter Making Dairy Production Line made from durable 304 stainless steel. Learn how this high-quality equipment can streamline your dairy production process and ensure top-notch product quality.","robots":{"index":"index","follow":"follow","max-snippet":"max-snippet:-1","max-image-preview":"max-image-preview:large","max-video-preview":"max-video-preview:-1"},"canonical":"https:\/\/sssmachinery.com\/es\/producto\/milk-yogurt-cheese-butter-making-dairy-production-line-304-stainless-steel\/","og_locale":"es_ES","og_type":"article","og_title":"Milk Yogurt Cheese Butter Making Dairy Production Line 304 Stainless Steel","og_description":"Discover the benefits of using a Milk Yogurt Cheese Butter Making Dairy Production Line made from durable 304 stainless steel. Learn how this high-quality equipment can streamline your dairy production process and ensure top-notch product quality.","og_url":"https:\/\/sssmachinery.com\/es\/producto\/milk-yogurt-cheese-butter-making-dairy-production-line-304-stainless-steel\/","og_site_name":"SSS Food Machinery Technology","article_modified_time":"2024-06-19T07:36:31+00:00","twitter_card":"summary_large_image","twitter_misc":{"Tiempo de lectura":"2 minutos"},"schema":{"@context":"https:\/\/schema.org","@graph":[{"@type":"WebPage","@id":"https:\/\/sssmachinery.com\/product\/milk-yogurt-cheese-butter-making-dairy-production-line-304-stainless-steel\/","url":"https:\/\/sssmachinery.com\/product\/milk-yogurt-cheese-butter-making-dairy-production-line-304-stainless-steel\/","name":"Milk Yogurt Cheese Butter Making Dairy Production Line 304 Stainless Steel - SSS Food Machinery Technology","isPartOf":{"@id":"https:\/\/sssmachinery.com\/#website"},"primaryImageOfPage":{"@id":"https:\/\/sssmachinery.com\/product\/milk-yogurt-cheese-butter-making-dairy-production-line-304-stainless-steel\/#primaryimage"},"image":{"@id":"https:\/\/sssmachinery.com\/product\/milk-yogurt-cheese-butter-making-dairy-production-line-304-stainless-steel\/#primaryimage"},"thumbnailUrl":"https:\/\/sssmachinery.com\/wp-content\/uploads\/2024\/06\/40.avif","datePublished":"2024-06-03T07:50:16+00:00","dateModified":"2024-06-19T07:36:31+00:00","description":"Discover the benefits of using a Milk Yogurt Cheese Butter Making Dairy Production Line made from durable 304 stainless steel. Learn how this high-quality equipment can streamline your dairy production process and ensure top-notch product quality.","breadcrumb":{"@id":"https:\/\/sssmachinery.com\/product\/milk-yogurt-cheese-butter-making-dairy-production-line-304-stainless-steel\/#breadcrumb"},"inLanguage":"es-AR","potentialAction":[{"@type":"ReadAction","target":["https:\/\/sssmachinery.com\/product\/milk-yogurt-cheese-butter-making-dairy-production-line-304-stainless-steel\/"]}]},{"@type":"ImageObject","inLanguage":"es-AR","@id":"https:\/\/sssmachinery.com\/product\/milk-yogurt-cheese-butter-making-dairy-production-line-304-stainless-steel\/#primaryimage","url":"https:\/\/sssmachinery.com\/wp-content\/uploads\/2024\/06\/40.avif","contentUrl":"https:\/\/sssmachinery.com\/wp-content\/uploads\/2024\/06\/40.avif","width":1200,"height":1200,"caption":"Milk Yogurt Cheese Butter Making Dairy machinery"},{"@type":"BreadcrumbList","@id":"https:\/\/sssmachinery.com\/product\/milk-yogurt-cheese-butter-making-dairy-production-line-304-stainless-steel\/#breadcrumb","itemListElement":[{"@type":"ListItem","position":1,"name":"\u9996\u9875","item":"https:\/\/sssmachinery.com\/"},{"@type":"ListItem","position":2,"name":"Products","item":"https:\/\/sssmachinery.com\/products\/"},{"@type":"ListItem","position":3,"name":"Milk Yogurt Cheese Butter Making Dairy Production Line 304 Stainless Steel"}]},{"@type":"WebSite","@id":"https:\/\/sssmachinery.com\/#website","url":"https:\/\/sssmachinery.com\/","name":"SSS Food Machinery Technology","description":"BEST SOLUTIONS FOR TORTILLA MACHINERY","publisher":{"@id":"https:\/\/sssmachinery.com\/#organization"},"potentialAction":[{"@type":"SearchAction","target":{"@type":"EntryPoint","urlTemplate":"https:\/\/sssmachinery.com\/?s={search_term_string}"},"query-input":"required name=search_term_string"}],"inLanguage":"es-AR"},{"@type":"Organization","@id":"https:\/\/sssmachinery.com\/#organization","name":"SSS Food Machinery Technology","url":"https:\/\/sssmachinery.com\/","logo":{"@type":"ImageObject","inLanguage":"es-AR","@id":"https:\/\/sssmachinery.com\/#\/schema\/logo\/image\/","url":"https:\/\/sssmachinery.com\/wp-content\/uploads\/2024\/05\/cropped-logo-1.png","contentUrl":"https:\/\/sssmachinery.com\/wp-content\/uploads\/2024\/05\/cropped-logo-1.png","width":512,"height":512,"caption":"SSS Food Machinery Technology"},"image":{"@id":"https:\/\/sssmachinery.com\/#\/schema\/logo\/image\/"}}]}},"uagb_featured_image_src":{"full":["https:\/\/sssmachinery.com\/wp-content\/uploads\/2024\/06\/40.avif",1200,1200,false],"thumbnail":["https:\/\/sssmachinery.com\/wp-content\/uploads\/2024\/06\/40-150x150.avif",150,150,true],"medium":["https:\/\/sssmachinery.com\/wp-content\/uploads\/2024\/06\/40-300x300.avif",300,300,true],"medium_large":["https:\/\/sssmachinery.com\/wp-content\/uploads\/2024\/06\/40-768x768.avif",768,768,true],"large":["https:\/\/sssmachinery.com\/wp-content\/uploads\/2024\/06\/40-1024x1024.avif",1024,1024,true],"1536x1536":["https:\/\/sssmachinery.com\/wp-content\/uploads\/2024\/06\/40.avif",1200,1200,false],"2048x2048":["https:\/\/sssmachinery.com\/wp-content\/uploads\/2024\/06\/40.avif",1200,1200,false],"trp-custom-language-flag":["https:\/\/sssmachinery.com\/wp-content\/uploads\/2024\/06\/40-12x12.avif",12,12,true],"woocommerce_thumbnail":["https:\/\/sssmachinery.com\/wp-content\/uploads\/2024\/06\/40-300x300.avif",300,300,true],"woocommerce_single":["https:\/\/sssmachinery.com\/wp-content\/uploads\/2024\/06\/40-600x600.avif",600,600,true],"woocommerce_gallery_thumbnail":["https:\/\/sssmachinery.com\/wp-content\/uploads\/2024\/06\/40-100x100.avif",100,100,true]},"uagb_author_info":{"display_name":"info","author_link":"https:\/\/sssmachinery.com\/es\/author\/"},"uagb_comment_info":0,"uagb_excerpt":"Milk Yogurt Cheese Butter Making Dairy Production Line Production Process","_links":{"self":[{"href":"https:\/\/sssmachinery.com\/es\/wp-json\/wp\/v2\/product\/963"}],"collection":[{"href":"https:\/\/sssmachinery.com\/es\/wp-json\/wp\/v2\/product"}],"about":[{"href":"https:\/\/sssmachinery.com\/es\/wp-json\/wp\/v2\/types\/product"}],"wp:featuredmedia":[{"embeddable":true,"href":"https:\/\/sssmachinery.com\/es\/wp-json\/wp\/v2\/media\/1247"}],"wp:attachment":[{"href":"https:\/\/sssmachinery.com\/es\/wp-json\/wp\/v2\/media?parent=963"}],"wp:term":[{"taxonomy":"product_cat","embeddable":true,"href":"https:\/\/sssmachinery.com\/es\/wp-json\/wp\/v2\/product_cat?post=963"},{"taxonomy":"product_tag","embeddable":true,"href":"https:\/\/sssmachinery.com\/es\/wp-json\/wp\/v2\/product_tag?post=963"}],"curies":[{"name":"wp","href":"https:\/\/api.w.org\/{rel}","templated":true}]}}