{"id":945,"date":"2024-06-03T06:00:16","date_gmt":"2024-06-03T06:00:16","guid":{"rendered":"https:\/\/sssmachinery.com\/?post_type=product&#038;p=945"},"modified":"2024-06-24T08:29:05","modified_gmt":"2024-06-24T08:29:05","slug":"stainless-steel-holding-cone-pizza-making-machine-high-efficiency-pizza-cone-oven-full-automatic-pizza-cone-making-machine","status":"publish","type":"product","link":"https:\/\/sssmachinery.com\/es\/producto\/stainless-steel-holding-cone-pizza-making-machine-high-efficiency-pizza-cone-oven-full-automatic-pizza-cone-making-machine\/","title":{"rendered":"Acero inoxidable Holding cono de pizza que hace la m\u00e1quina de alta eficiencia cono de pizza horno autom\u00e1tico completo cono de pizza que hace la m\u00e1quina"},"content":{"rendered":"<h1><span style=\"color: #0000ff;\">Descripci\u00f3n del producto<\/span><\/h1>\n<hr \/>\n<p>La c\u00e1scara de nuestro cono de pizza que hace la m\u00e1quina y el secador se hacen todos del material del acero inoxidable, que son hermosos, generosos, limpios, ordenados y pueden cubrir la demanda de la producci\u00f3n de la industria alimentaria. La m\u00e1quina moldeadora adopta un motor lineal de arrastre, y su estructura es compacta, lo que asegura la pulcritud de la cara de la pizza lisa y bien balanceada. El secador de calor infrarrojo lejano tiene la velocidad lineal ajustable, que hace que el producto se seque r\u00e1pido y c\u00f3modo, amado por los consumidores.<\/p>\n<h4><span data-spm-anchor-id=\"a2700.pc-decorate.0.i31.11fc3333iRhxkK\"><b data-spm-anchor-id=\"a2700.pc-decorate.0.i30.11fc3333iRhxkK\">Materiales:<\/b><br \/>\n<\/span><\/h4>\n<p><span data-spm-anchor-id=\"a2700.pc-decorate.0.i31.11fc3333iRhxkK\">400 gramos de harina de pan, 660 gramos de harina de torta, 50 gramos de leche en polvo, 100 gramos de mantequilla amarilla, 2 huevos, 8 gramos de az\u00facar, 8 gramos de sal, 8 gramos de levadura, una cantidad moderada de aceite de ensalada, 500 gramos de agua.<\/span><\/p>\n<h4><b>El proceso de producci\u00f3n:<\/b><\/h4>\n<p>1. En primer lugar, vierta la harina de pan, la harina de pasteler\u00eda, la leche en polvo, el az\u00facar, la sal y la levadura juntos en la m\u00e1quina y, a continuaci\u00f3n, a\u00f1ada la mantequilla amarilla y remu\u00e9valos.<br \/>\n2. A\u00f1adir el aceite de ensalada dos veces y remover bien en el proceso de agitaci\u00f3n, Cambiar a velocidad media hasta que la masa est\u00e9 lo suficientemente suave.<br \/>\n3. La masa preparada se divide en 50 gramos de masa y se envuelve en pl\u00e1stico (la fermentaci\u00f3n de la masa envuelta puede realizarse en el congelador o a temperatura ambiente).<br \/>\n4. La masa fermentada se amasa en forma de cono y se coloca en la m\u00e1quina. Hornear durante otros 10 a 15 segundos bajo la temperatura de 180 a 200 grados.<br \/>\n5. El cono horneado puede guardarse 2 d\u00edas en el dep\u00f3sito de conservaci\u00f3n.<\/p>\n<p>&nbsp;<\/p>\n<p><img loading=\"lazy\" decoding=\"async\" class=\"alignnone wp-image-999\" src=\"https:\/\/sssmachinery.com\/wp-content\/uploads\/2024\/06\/H6b2d32549a7044b1a3c5597e68ee39d0W-1-300x300.avif\" alt=\"\" width=\"415\" height=\"415\" srcset=\"https:\/\/sssmachinery.com\/wp-content\/uploads\/2024\/06\/H6b2d32549a7044b1a3c5597e68ee39d0W-1-300x300.avif 300w, https:\/\/sssmachinery.com\/wp-content\/uploads\/2024\/06\/H6b2d32549a7044b1a3c5597e68ee39d0W-1-1024x1024.avif 1024w, https:\/\/sssmachinery.com\/wp-content\/uploads\/2024\/06\/H6b2d32549a7044b1a3c5597e68ee39d0W-1-150x150.avif 150w, https:\/\/sssmachinery.com\/wp-content\/uploads\/2024\/06\/H6b2d32549a7044b1a3c5597e68ee39d0W-1-768x768.avif 768w, https:\/\/sssmachinery.com\/wp-content\/uploads\/2024\/06\/H6b2d32549a7044b1a3c5597e68ee39d0W-1-1536x1536.avif 1536w, https:\/\/sssmachinery.com\/wp-content\/uploads\/2024\/06\/H6b2d32549a7044b1a3c5597e68ee39d0W-1-600x600.avif 600w, https:\/\/sssmachinery.com\/wp-content\/uploads\/2024\/06\/H6b2d32549a7044b1a3c5597e68ee39d0W-1-100x100.avif 100w, https:\/\/sssmachinery.com\/wp-content\/uploads\/2024\/06\/H6b2d32549a7044b1a3c5597e68ee39d0W-1.avif 2000w\" sizes=\"(max-width: 415px) 100vw, 415px\" \/>\u00a0<img loading=\"lazy\" decoding=\"async\" class=\"alignnone wp-image-1003\" src=\"https:\/\/sssmachinery.com\/wp-content\/uploads\/2024\/06\/Hbe8f1cce5b8049dfa66b9de376f8b207L-300x240.avif\" alt=\"\" width=\"421\" height=\"337\" srcset=\"https:\/\/sssmachinery.com\/wp-content\/uploads\/2024\/06\/Hbe8f1cce5b8049dfa66b9de376f8b207L-300x240.avif 300w, https:\/\/sssmachinery.com\/wp-content\/uploads\/2024\/06\/Hbe8f1cce5b8049dfa66b9de376f8b207L-768x614.avif 768w, https:\/\/sssmachinery.com\/wp-content\/uploads\/2024\/06\/Hbe8f1cce5b8049dfa66b9de376f8b207L-600x480.avif 600w, https:\/\/sssmachinery.com\/wp-content\/uploads\/2024\/06\/Hbe8f1cce5b8049dfa66b9de376f8b207L.avif 1000w\" sizes=\"(max-width: 421px) 100vw, 421px\" \/><img loading=\"lazy\" decoding=\"async\" class=\"alignnone wp-image-1002\" style=\"font-weight: inherit;\" src=\"https:\/\/sssmachinery.com\/wp-content\/uploads\/2024\/06\/Hec345cda60ff417c94dfb0e78872e4f00-300x225.avif\" alt=\"\" width=\"424\" height=\"318\" srcset=\"https:\/\/sssmachinery.com\/wp-content\/uploads\/2024\/06\/Hec345cda60ff417c94dfb0e78872e4f00-300x225.avif 300w, https:\/\/sssmachinery.com\/wp-content\/uploads\/2024\/06\/Hec345cda60ff417c94dfb0e78872e4f00-1024x768.avif 1024w, https:\/\/sssmachinery.com\/wp-content\/uploads\/2024\/06\/Hec345cda60ff417c94dfb0e78872e4f00-768x576.avif 768w, https:\/\/sssmachinery.com\/wp-content\/uploads\/2024\/06\/Hec345cda60ff417c94dfb0e78872e4f00-1536x1152.avif 1536w, https:\/\/sssmachinery.com\/wp-content\/uploads\/2024\/06\/Hec345cda60ff417c94dfb0e78872e4f00-2048x1536.avif 2048w, https:\/\/sssmachinery.com\/wp-content\/uploads\/2024\/06\/Hec345cda60ff417c94dfb0e78872e4f00-600x450.avif 600w\" sizes=\"(max-width: 424px) 100vw, 424px\" \/><\/p>\n<h2><span style=\"color: #0000ff;\">Par\u00e1metros del formulario<\/span><\/h2>\n<hr \/>\n<table style=\"height: 487px;\" width=\"1990\">\n<tbody>\n<tr>\n<td colspan=\"2\" width=\"446\">\n<p style=\"text-align: center;\"><strong>M\u00e1quina formadora\/moldeadora de cucuruchos de pizza<\/strong><\/p>\n<\/td>\n<\/tr>\n<tr>\n<td width=\"223\"><strong>Modelo<\/strong><\/td>\n<td width=\"223\"><strong>SSS-BP-60<\/strong><\/td>\n<\/tr>\n<tr>\n<td width=\"223\"><strong>Peso<\/strong><\/td>\n<td width=\"223\"><strong>45 kg<\/strong><\/td>\n<\/tr>\n<tr>\n<td width=\"223\"><strong>Tensi\u00f3n<\/strong><\/td>\n<td width=\"223\"><strong>220v<\/strong><\/td>\n<\/tr>\n<tr>\n<td width=\"223\"><strong>Dimensi\u00f3n<\/strong><\/td>\n<td width=\"223\"><strong>530*350*980mm<\/strong><\/td>\n<\/tr>\n<tr>\n<td width=\"223\"><strong>Potencia<\/strong><\/td>\n<td width=\"223\"><strong>3000w<\/strong><\/td>\n<\/tr>\n<tr>\n<td width=\"223\"><strong>Peso del paquete<\/strong><\/td>\n<td width=\"223\"><strong>55 kg<\/strong><\/td>\n<\/tr>\n<\/tbody>\n<\/table>\n<p><a href=\"https:\/\/sssmachinery.com\/es\/news\/\" target=\"_blank\" rel=\"noopener\">Para obtener m\u00e1s informaci\u00f3n y noticias sobre SSS Food Machinery, haga clic aqu\u00ed.   | \u00a0 \u00a0<\/a><a href=\"https:\/\/sssmachinery.com\/es\/news\/\" target=\"_blank\" rel=\"noopener\">Noticias<\/a><\/p>","protected":false},"excerpt":{"rendered":"<p>Product description The shell of our Cone Pizza Making Machine and dryer are all made of Stainless steel material, which [&hellip;]<\/p>","protected":false},"featured_media":999,"template":"","meta":{"_uag_custom_page_level_css":"","_monsterinsights_skip_tracking":false,"_monsterinsights_sitenote_active":false,"_monsterinsights_sitenote_note":"","_monsterinsights_sitenote_category":0,"site-sidebar-layout":"default","site-content-layout":"","ast-site-content-layout":"default","site-content-style":"default","site-sidebar-style":"default","ast-global-header-display":"","ast-banner-title-visibility":"","ast-main-header-display":"","ast-hfb-above-header-display":"","ast-hfb-below-header-display":"","ast-hfb-mobile-header-display":"","site-post-title":"","ast-breadcrumbs-content":"","ast-featured-img":"","footer-sml-layout":"","theme-transparent-header-meta":"default","adv-header-id-meta":"","stick-header-meta":"default","header-above-stick-meta":"","header-main-stick-meta":"","header-below-stick-meta":"","astra-migrate-meta-layouts":"set","ast-page-background-enabled":"default","ast-page-background-meta":{"desktop":{"background-color":"var(--ast-global-color-4)","background-image":"","background-repeat":"repeat","background-position":"center center","background-size":"auto","background-attachment":"scroll","background-type":"","background-media":"","overlay-type":"","overlay-color":"","overlay-opacity":"","overlay-gradient":""},"tablet":{"background-color":"","background-image":"","background-repeat":"repeat","background-position":"center center","background-size":"auto","background-attachment":"scroll","background-type":"","background-media":"","overlay-type":"","overlay-color":"","overlay-opacity":"","overlay-gradient":""},"mobile":{"background-color":"","background-image":"","background-repeat":"repeat","background-position":"center center","background-size":"auto","background-attachment":"scroll","background-type":"","background-media":"","overlay-type":"","overlay-color":"","overlay-opacity":"","overlay-gradient":""}},"ast-content-background-meta":{"desktop":{"background-color":"var(--ast-global-color-5)","background-image":"","background-repeat":"repeat","background-position":"center center","background-size":"auto","background-attachment":"scroll","background-type":"","background-media":"","overlay-type":"","overlay-color":"","overlay-opacity":"","overlay-gradient":""},"tablet":{"background-color":"var(--ast-global-color-5)","background-image":"","background-repeat":"repeat","background-position":"center center","background-size":"auto","background-attachment":"scroll","background-type":"","background-media":"","overlay-type":"","overlay-color":"","overlay-opacity":"","overlay-gradient":""},"mobile":{"background-color":"var(--ast-global-color-5)","background-image":"","background-repeat":"repeat","background-position":"center center","background-size":"auto","background-attachment":"scroll","background-type":"","background-media":"","overlay-type":"","overlay-color":"","overlay-opacity":"","overlay-gradient":""}}},"product_cat":[26,40],"product_tag":[48],"yoast_head":"<!-- This site is optimized with the Yoast SEO Premium plugin v22.6 (Yoast SEO v22.6) - https:\/\/yoast.com\/wordpress\/plugins\/seo\/ -->\n<title>Stainless Steel Holding Cone Pizza Making Machine high efficiency pizza cone oven full automatic pizza cone making machine - SSS Food Machinery Technology<\/title>\n<meta name=\"description\" content=\"Experience effortless pizza cone production with our high-efficiency, fully automatic pizza cone oven and making machine. Crafted with premium stainless steel, it delivers unmatched speed and consistency for perfectly crisp, delicious pizza cones every time. Streamline your operations today!\" \/>\n<meta name=\"robots\" content=\"index, follow, max-snippet:-1, max-image-preview:large, max-video-preview:-1\" \/>\n<link rel=\"canonical\" href=\"https:\/\/sssmachinery.com\/es\/producto\/stainless-steel-holding-cone-pizza-making-machine-high-efficiency-pizza-cone-oven-full-automatic-pizza-cone-making-machine\/\" \/>\n<meta property=\"og:locale\" content=\"es_ES\" \/>\n<meta property=\"og:type\" content=\"article\" \/>\n<meta property=\"og:title\" content=\"Stainless Steel Holding Cone Pizza Making Machine high efficiency pizza cone oven full automatic pizza cone making machine\" \/>\n<meta property=\"og:description\" content=\"Experience effortless pizza cone production with our high-efficiency, fully automatic pizza cone oven and making machine. Crafted with premium stainless steel, it delivers unmatched speed and consistency for perfectly crisp, delicious pizza cones every time. Streamline your operations today!\" \/>\n<meta property=\"og:url\" content=\"https:\/\/sssmachinery.com\/es\/producto\/stainless-steel-holding-cone-pizza-making-machine-high-efficiency-pizza-cone-oven-full-automatic-pizza-cone-making-machine\/\" \/>\n<meta property=\"og:site_name\" content=\"SSS Food Machinery Technology\" \/>\n<meta property=\"article:modified_time\" content=\"2024-06-24T08:29:05+00:00\" \/>\n<meta name=\"twitter:card\" content=\"summary_large_image\" \/>\n<meta name=\"twitter:label1\" content=\"Tiempo de lectura\" \/>\n\t<meta name=\"twitter:data1\" content=\"2 minutos\" \/>\n<script type=\"application\/ld+json\" class=\"yoast-schema-graph\">{\"@context\":\"https:\/\/schema.org\",\"@graph\":[{\"@type\":\"WebPage\",\"@id\":\"https:\/\/sssmachinery.com\/product\/stainless-steel-holding-cone-pizza-making-machine-high-efficiency-pizza-cone-oven-full-automatic-pizza-cone-making-machine\/\",\"url\":\"https:\/\/sssmachinery.com\/product\/stainless-steel-holding-cone-pizza-making-machine-high-efficiency-pizza-cone-oven-full-automatic-pizza-cone-making-machine\/\",\"name\":\"Stainless Steel Holding Cone Pizza Making Machine high efficiency pizza cone oven full automatic pizza cone making machine - SSS Food Machinery Technology\",\"isPartOf\":{\"@id\":\"https:\/\/sssmachinery.com\/#website\"},\"primaryImageOfPage\":{\"@id\":\"https:\/\/sssmachinery.com\/product\/stainless-steel-holding-cone-pizza-making-machine-high-efficiency-pizza-cone-oven-full-automatic-pizza-cone-making-machine\/#primaryimage\"},\"image\":{\"@id\":\"https:\/\/sssmachinery.com\/product\/stainless-steel-holding-cone-pizza-making-machine-high-efficiency-pizza-cone-oven-full-automatic-pizza-cone-making-machine\/#primaryimage\"},\"thumbnailUrl\":\"https:\/\/sssmachinery.com\/wp-content\/uploads\/2024\/06\/H6b2d32549a7044b1a3c5597e68ee39d0W-1.avif\",\"datePublished\":\"2024-06-03T06:00:16+00:00\",\"dateModified\":\"2024-06-24T08:29:05+00:00\",\"description\":\"Experience effortless pizza cone production with our high-efficiency, fully automatic pizza cone oven and making machine. Crafted with premium stainless steel, it delivers unmatched speed and consistency for perfectly crisp, delicious pizza cones every time. Streamline your operations today!\",\"breadcrumb\":{\"@id\":\"https:\/\/sssmachinery.com\/product\/stainless-steel-holding-cone-pizza-making-machine-high-efficiency-pizza-cone-oven-full-automatic-pizza-cone-making-machine\/#breadcrumb\"},\"inLanguage\":\"es-AR\",\"potentialAction\":[{\"@type\":\"ReadAction\",\"target\":[\"https:\/\/sssmachinery.com\/product\/stainless-steel-holding-cone-pizza-making-machine-high-efficiency-pizza-cone-oven-full-automatic-pizza-cone-making-machine\/\"]}]},{\"@type\":\"ImageObject\",\"inLanguage\":\"es-AR\",\"@id\":\"https:\/\/sssmachinery.com\/product\/stainless-steel-holding-cone-pizza-making-machine-high-efficiency-pizza-cone-oven-full-automatic-pizza-cone-making-machine\/#primaryimage\",\"url\":\"https:\/\/sssmachinery.com\/wp-content\/uploads\/2024\/06\/H6b2d32549a7044b1a3c5597e68ee39d0W-1.avif\",\"contentUrl\":\"https:\/\/sssmachinery.com\/wp-content\/uploads\/2024\/06\/H6b2d32549a7044b1a3c5597e68ee39d0W-1.avif\",\"width\":2000,\"height\":2000,\"caption\":\"Pizza Cone Making Machine\"},{\"@type\":\"BreadcrumbList\",\"@id\":\"https:\/\/sssmachinery.com\/product\/stainless-steel-holding-cone-pizza-making-machine-high-efficiency-pizza-cone-oven-full-automatic-pizza-cone-making-machine\/#breadcrumb\",\"itemListElement\":[{\"@type\":\"ListItem\",\"position\":1,\"name\":\"\u9996\u9875\",\"item\":\"https:\/\/sssmachinery.com\/\"},{\"@type\":\"ListItem\",\"position\":2,\"name\":\"Products\",\"item\":\"https:\/\/sssmachinery.com\/products\/\"},{\"@type\":\"ListItem\",\"position\":3,\"name\":\"Stainless Steel Holding Cone Pizza Making Machine high efficiency pizza cone oven full automatic pizza cone making machine\"}]},{\"@type\":\"WebSite\",\"@id\":\"https:\/\/sssmachinery.com\/#website\",\"url\":\"https:\/\/sssmachinery.com\/\",\"name\":\"SSS Food Machinery Technology\",\"description\":\"BEST SOLUTIONS FOR TORTILLA MACHINERY\",\"publisher\":{\"@id\":\"https:\/\/sssmachinery.com\/#organization\"},\"potentialAction\":[{\"@type\":\"SearchAction\",\"target\":{\"@type\":\"EntryPoint\",\"urlTemplate\":\"https:\/\/sssmachinery.com\/?s={search_term_string}\"},\"query-input\":\"required name=search_term_string\"}],\"inLanguage\":\"es-AR\"},{\"@type\":\"Organization\",\"@id\":\"https:\/\/sssmachinery.com\/#organization\",\"name\":\"SSS Food Machinery Technology\",\"url\":\"https:\/\/sssmachinery.com\/\",\"logo\":{\"@type\":\"ImageObject\",\"inLanguage\":\"es-AR\",\"@id\":\"https:\/\/sssmachinery.com\/#\/schema\/logo\/image\/\",\"url\":\"https:\/\/sssmachinery.com\/wp-content\/uploads\/2024\/05\/cropped-logo-1.png\",\"contentUrl\":\"https:\/\/sssmachinery.com\/wp-content\/uploads\/2024\/05\/cropped-logo-1.png\",\"width\":512,\"height\":512,\"caption\":\"SSS Food Machinery Technology\"},\"image\":{\"@id\":\"https:\/\/sssmachinery.com\/#\/schema\/logo\/image\/\"}}]}<\/script>\n<!-- \/ Yoast SEO Premium plugin. -->","yoast_head_json":{"title":"Stainless Steel Holding Cone Pizza Making Machine high efficiency pizza cone oven full automatic pizza cone making machine - SSS Food Machinery Technology","description":"Experience effortless pizza cone production with our high-efficiency, fully automatic pizza cone oven and making machine. Crafted with premium stainless steel, it delivers unmatched speed and consistency for perfectly crisp, delicious pizza cones every time. Streamline your operations today!","robots":{"index":"index","follow":"follow","max-snippet":"max-snippet:-1","max-image-preview":"max-image-preview:large","max-video-preview":"max-video-preview:-1"},"canonical":"https:\/\/sssmachinery.com\/es\/producto\/stainless-steel-holding-cone-pizza-making-machine-high-efficiency-pizza-cone-oven-full-automatic-pizza-cone-making-machine\/","og_locale":"es_ES","og_type":"article","og_title":"Stainless Steel Holding Cone Pizza Making Machine high efficiency pizza cone oven full automatic pizza cone making machine","og_description":"Experience effortless pizza cone production with our high-efficiency, fully automatic pizza cone oven and making machine. Crafted with premium stainless steel, it delivers unmatched speed and consistency for perfectly crisp, delicious pizza cones every time. Streamline your operations today!","og_url":"https:\/\/sssmachinery.com\/es\/producto\/stainless-steel-holding-cone-pizza-making-machine-high-efficiency-pizza-cone-oven-full-automatic-pizza-cone-making-machine\/","og_site_name":"SSS Food Machinery Technology","article_modified_time":"2024-06-24T08:29:05+00:00","twitter_card":"summary_large_image","twitter_misc":{"Tiempo de lectura":"2 minutos"},"schema":{"@context":"https:\/\/schema.org","@graph":[{"@type":"WebPage","@id":"https:\/\/sssmachinery.com\/product\/stainless-steel-holding-cone-pizza-making-machine-high-efficiency-pizza-cone-oven-full-automatic-pizza-cone-making-machine\/","url":"https:\/\/sssmachinery.com\/product\/stainless-steel-holding-cone-pizza-making-machine-high-efficiency-pizza-cone-oven-full-automatic-pizza-cone-making-machine\/","name":"Stainless Steel Holding Cone Pizza Making Machine high efficiency pizza cone oven full automatic pizza cone making machine - SSS Food Machinery Technology","isPartOf":{"@id":"https:\/\/sssmachinery.com\/#website"},"primaryImageOfPage":{"@id":"https:\/\/sssmachinery.com\/product\/stainless-steel-holding-cone-pizza-making-machine-high-efficiency-pizza-cone-oven-full-automatic-pizza-cone-making-machine\/#primaryimage"},"image":{"@id":"https:\/\/sssmachinery.com\/product\/stainless-steel-holding-cone-pizza-making-machine-high-efficiency-pizza-cone-oven-full-automatic-pizza-cone-making-machine\/#primaryimage"},"thumbnailUrl":"https:\/\/sssmachinery.com\/wp-content\/uploads\/2024\/06\/H6b2d32549a7044b1a3c5597e68ee39d0W-1.avif","datePublished":"2024-06-03T06:00:16+00:00","dateModified":"2024-06-24T08:29:05+00:00","description":"Experience effortless pizza cone production with our high-efficiency, fully automatic pizza cone oven and making machine. Crafted with premium stainless steel, it delivers unmatched speed and consistency for perfectly crisp, delicious pizza cones every time. Streamline your operations today!","breadcrumb":{"@id":"https:\/\/sssmachinery.com\/product\/stainless-steel-holding-cone-pizza-making-machine-high-efficiency-pizza-cone-oven-full-automatic-pizza-cone-making-machine\/#breadcrumb"},"inLanguage":"es-AR","potentialAction":[{"@type":"ReadAction","target":["https:\/\/sssmachinery.com\/product\/stainless-steel-holding-cone-pizza-making-machine-high-efficiency-pizza-cone-oven-full-automatic-pizza-cone-making-machine\/"]}]},{"@type":"ImageObject","inLanguage":"es-AR","@id":"https:\/\/sssmachinery.com\/product\/stainless-steel-holding-cone-pizza-making-machine-high-efficiency-pizza-cone-oven-full-automatic-pizza-cone-making-machine\/#primaryimage","url":"https:\/\/sssmachinery.com\/wp-content\/uploads\/2024\/06\/H6b2d32549a7044b1a3c5597e68ee39d0W-1.avif","contentUrl":"https:\/\/sssmachinery.com\/wp-content\/uploads\/2024\/06\/H6b2d32549a7044b1a3c5597e68ee39d0W-1.avif","width":2000,"height":2000,"caption":"Pizza Cone Making Machine"},{"@type":"BreadcrumbList","@id":"https:\/\/sssmachinery.com\/product\/stainless-steel-holding-cone-pizza-making-machine-high-efficiency-pizza-cone-oven-full-automatic-pizza-cone-making-machine\/#breadcrumb","itemListElement":[{"@type":"ListItem","position":1,"name":"\u9996\u9875","item":"https:\/\/sssmachinery.com\/"},{"@type":"ListItem","position":2,"name":"Products","item":"https:\/\/sssmachinery.com\/products\/"},{"@type":"ListItem","position":3,"name":"Stainless Steel Holding Cone Pizza Making Machine high efficiency pizza cone oven full automatic pizza cone making machine"}]},{"@type":"WebSite","@id":"https:\/\/sssmachinery.com\/#website","url":"https:\/\/sssmachinery.com\/","name":"SSS Food Machinery Technology","description":"BEST SOLUTIONS FOR TORTILLA MACHINERY","publisher":{"@id":"https:\/\/sssmachinery.com\/#organization"},"potentialAction":[{"@type":"SearchAction","target":{"@type":"EntryPoint","urlTemplate":"https:\/\/sssmachinery.com\/?s={search_term_string}"},"query-input":"required name=search_term_string"}],"inLanguage":"es-AR"},{"@type":"Organization","@id":"https:\/\/sssmachinery.com\/#organization","name":"SSS Food Machinery Technology","url":"https:\/\/sssmachinery.com\/","logo":{"@type":"ImageObject","inLanguage":"es-AR","@id":"https:\/\/sssmachinery.com\/#\/schema\/logo\/image\/","url":"https:\/\/sssmachinery.com\/wp-content\/uploads\/2024\/05\/cropped-logo-1.png","contentUrl":"https:\/\/sssmachinery.com\/wp-content\/uploads\/2024\/05\/cropped-logo-1.png","width":512,"height":512,"caption":"SSS Food Machinery Technology"},"image":{"@id":"https:\/\/sssmachinery.com\/#\/schema\/logo\/image\/"}}]}},"uagb_featured_image_src":{"full":["https:\/\/sssmachinery.com\/wp-content\/uploads\/2024\/06\/H6b2d32549a7044b1a3c5597e68ee39d0W-1.avif",2000,2000,false],"thumbnail":["https:\/\/sssmachinery.com\/wp-content\/uploads\/2024\/06\/H6b2d32549a7044b1a3c5597e68ee39d0W-1-150x150.avif",150,150,true],"medium":["https:\/\/sssmachinery.com\/wp-content\/uploads\/2024\/06\/H6b2d32549a7044b1a3c5597e68ee39d0W-1-300x300.avif",300,300,true],"medium_large":["https:\/\/sssmachinery.com\/wp-content\/uploads\/2024\/06\/H6b2d32549a7044b1a3c5597e68ee39d0W-1-768x768.avif",768,768,true],"large":["https:\/\/sssmachinery.com\/wp-content\/uploads\/2024\/06\/H6b2d32549a7044b1a3c5597e68ee39d0W-1-1024x1024.avif",1024,1024,true],"1536x1536":["https:\/\/sssmachinery.com\/wp-content\/uploads\/2024\/06\/H6b2d32549a7044b1a3c5597e68ee39d0W-1-1536x1536.avif",1536,1536,true],"2048x2048":["https:\/\/sssmachinery.com\/wp-content\/uploads\/2024\/06\/H6b2d32549a7044b1a3c5597e68ee39d0W-1.avif",2000,2000,false],"trp-custom-language-flag":["https:\/\/sssmachinery.com\/wp-content\/uploads\/2024\/06\/H6b2d32549a7044b1a3c5597e68ee39d0W-1.avif",12,12,false],"woocommerce_thumbnail":["https:\/\/sssmachinery.com\/wp-content\/uploads\/2024\/06\/H6b2d32549a7044b1a3c5597e68ee39d0W-1-300x300.avif",300,300,true],"woocommerce_single":["https:\/\/sssmachinery.com\/wp-content\/uploads\/2024\/06\/H6b2d32549a7044b1a3c5597e68ee39d0W-1-600x600.avif",600,600,true],"woocommerce_gallery_thumbnail":["https:\/\/sssmachinery.com\/wp-content\/uploads\/2024\/06\/H6b2d32549a7044b1a3c5597e68ee39d0W-1-100x100.avif",100,100,true]},"uagb_author_info":{"display_name":"info","author_link":"https:\/\/sssmachinery.com\/es\/author\/"},"uagb_comment_info":0,"uagb_excerpt":"Product description The shell of our Cone Pizza Making Machine and dryer are all made of Stainless steel material, which [&hellip;]","_links":{"self":[{"href":"https:\/\/sssmachinery.com\/es\/wp-json\/wp\/v2\/product\/945"}],"collection":[{"href":"https:\/\/sssmachinery.com\/es\/wp-json\/wp\/v2\/product"}],"about":[{"href":"https:\/\/sssmachinery.com\/es\/wp-json\/wp\/v2\/types\/product"}],"wp:featuredmedia":[{"embeddable":true,"href":"https:\/\/sssmachinery.com\/es\/wp-json\/wp\/v2\/media\/999"}],"wp:attachment":[{"href":"https:\/\/sssmachinery.com\/es\/wp-json\/wp\/v2\/media?parent=945"}],"wp:term":[{"taxonomy":"product_cat","embeddable":true,"href":"https:\/\/sssmachinery.com\/es\/wp-json\/wp\/v2\/product_cat?post=945"},{"taxonomy":"product_tag","embeddable":true,"href":"https:\/\/sssmachinery.com\/es\/wp-json\/wp\/v2\/product_tag?post=945"}],"curies":[{"name":"wp","href":"https:\/\/api.w.org\/{rel}","templated":true}]}}