{"id":938,"date":"2024-06-03T03:26:15","date_gmt":"2024-06-03T03:26:15","guid":{"rendered":"https:\/\/sssmachinery.com\/?post_type=product&#038;p=938"},"modified":"2024-06-17T03:41:46","modified_gmt":"2024-06-17T03:41:46","slug":"fully-automatic-tortilla-making-machine-factory-price-chapati-paratha-roti-lavash-flat-bread-taco-shell-making-machine","status":"publish","type":"product","link":"https:\/\/sssmachinery.com\/es\/producto\/fully-automatic-tortilla-making-machine-factory-price-chapati-paratha-roti-lavash-flat-bread-taco-shell-making-machine\/","title":{"rendered":"Totalmente Autom\u00e1tico Tortilla que hace la m\u00e1quina Precio de f\u00e1brica chapati paratha roti lavash pan plano \/ m\u00e1quina de hacer la c\u00e1scara del taco"},"content":{"rendered":"<div class=\"J_module\">\n<h1 class=\"magic-0\" data-section=\"AliMagic-scr3zz\" data-section-title=\"Product Description\"><span style=\"color: #0000ff;\">Descripci\u00f3n del producto<\/span><\/h1>\n<hr \/>\n<\/div>\n<div class=\"J_module\">\n<div class=\"detail-decorate-json-renderer-container\">\n<div class=\"magic-16\">\n<div class=\"magic-17\">\n<div class=\"magic-18\">\n<div class=\"magic-19\">\n<h4><b><span class=\"magic-20\">Precio de f\u00e1brica tortilla pita fabricante de la m\u00e1quina de hacer pan<\/span><\/b><\/h4>\n<div><span class=\"magic-21\"><b class=\"magic-22\">\u00a0<\/b><\/span><span class=\"magic-21\"><b class=\"magic-22\">Caracter\u00edsticas principales: <\/b><\/span><\/div>\n<div><span class=\"magic-21\">Esta m\u00e1quina adopta el PLC y la funci\u00f3n de memoria de pantalla t\u00e1ctil, el original con la marca famosa internacional, para garantizar un mantenimiento estable y conveniente.<\/span><\/div>\n<div><span class=\"magic-21\"><b>\u00a0<\/b><\/span><span class=\"magic-21\"><b>\u00c1mbito de aplicaci\u00f3n:<\/b><\/span><\/div>\n<div><span class=\"magic-21\"><b> <\/b>La m\u00e1quina es adecuada para hacer tortilla chapati roti pastel, hecho de acero inoxidable, un rendimiento estable y<br \/>\ny el tama\u00f1o de la tortilla se puede personalizar, el grosor de la tortilla se puede ajustar.<\/span><\/div>\n<\/div>\n<\/div>\n<\/div>\n<\/div>\n<\/div>\n<\/div>","protected":false},"excerpt":{"rendered":"<p>Product Description Factory price tortilla pita bread making machine manufacturer \u00a0Main features: This machine adopts PLC and touch screen memory [&hellip;]<\/p>","protected":false},"featured_media":922,"template":"","meta":{"_uag_custom_page_level_css":"","_monsterinsights_skip_tracking":false,"_monsterinsights_sitenote_active":false,"_monsterinsights_sitenote_note":"","_monsterinsights_sitenote_category":0,"site-sidebar-layout":"default","site-content-layout":"","ast-site-content-layout":"default","site-content-style":"default","site-sidebar-style":"default","ast-global-header-display":"","ast-banner-title-visibility":"","ast-main-header-display":"","ast-hfb-above-header-display":"","ast-hfb-below-header-display":"","ast-hfb-mobile-header-display":"","site-post-title":"","ast-breadcrumbs-content":"","ast-featured-img":"","footer-sml-layout":"","theme-transparent-header-meta":"default","adv-header-id-meta":"","stick-header-meta":"default","header-above-stick-meta":"","header-main-stick-meta":"","header-below-stick-meta":"","astra-migrate-meta-layouts":"set","ast-page-background-enabled":"default","ast-page-background-meta":{"desktop":{"background-color":"var(--ast-global-color-4)","background-image":"","background-repeat":"repeat","background-position":"center center","background-size":"auto","background-attachment":"scroll","background-type":"","background-media":"","overlay-type":"","overlay-color":"","overlay-opacity":"","overlay-gradient":""},"tablet":{"background-color":"","background-image":"","background-repeat":"repeat","background-position":"center center","background-size":"auto","background-attachment":"scroll","background-type":"","background-media":"","overlay-type":"","overlay-color":"","overlay-opacity":"","overlay-gradient":""},"mobile":{"background-color":"","background-image":"","background-repeat":"repeat","background-position":"center center","background-size":"auto","background-attachment":"scroll","background-type":"","background-media":"","overlay-type":"","overlay-color":"","overlay-opacity":"","overlay-gradient":""}},"ast-content-background-meta":{"desktop":{"background-color":"var(--ast-global-color-5)","background-image":"","background-repeat":"repeat","background-position":"center center","background-size":"auto","background-attachment":"scroll","background-type":"","background-media":"","overlay-type":"","overlay-color":"","overlay-opacity":"","overlay-gradient":""},"tablet":{"background-color":"var(--ast-global-color-5)","background-image":"","background-repeat":"repeat","background-position":"center center","background-size":"auto","background-attachment":"scroll","background-type":"","background-media":"","overlay-type":"","overlay-color":"","overlay-opacity":"","overlay-gradient":""},"mobile":{"background-color":"var(--ast-global-color-5)","background-image":"","background-repeat":"repeat","background-position":"center center","background-size":"auto","background-attachment":"scroll","background-type":"","background-media":"","overlay-type":"","overlay-color":"","overlay-opacity":"","overlay-gradient":""}}},"product_cat":[27,22],"product_tag":[],"yoast_head":"<!-- This site is optimized with the Yoast SEO Premium plugin v22.6 (Yoast SEO v22.6) - https:\/\/yoast.com\/wordpress\/plugins\/seo\/ -->\n<title>Fully Automatic Tortilla Making Machine Factory Price chapati paratha roti lavash flat bread\/taco shell making machine - SSS Food Machinery Technology<\/title>\n<meta name=\"description\" content=\"Revolutionize your tortilla and flatbread production with our top-quality automatic Tortilla Making Machine. Crafted to perfection, our machines effortlessly produce delicious chapati, paratha, roti, lavash, taco shells, and more at unbeatable factory prices. Unleash your passion for authentic flavors today!\" \/>\n<meta name=\"robots\" content=\"index, follow, max-snippet:-1, max-image-preview:large, max-video-preview:-1\" \/>\n<link rel=\"canonical\" href=\"https:\/\/sssmachinery.com\/es\/producto\/fully-automatic-tortilla-making-machine-factory-price-chapati-paratha-roti-lavash-flat-bread-taco-shell-making-machine\/\" \/>\n<meta property=\"og:locale\" content=\"es_ES\" \/>\n<meta property=\"og:type\" content=\"article\" \/>\n<meta property=\"og:title\" content=\"Fully Automatic Tortilla Making Machine Factory Price chapati paratha roti lavash flat bread\/taco shell making machine\" \/>\n<meta property=\"og:description\" content=\"Revolutionize your tortilla and flatbread production with our top-quality automatic Tortilla Making Machine. Crafted to perfection, our machines effortlessly produce delicious chapati, paratha, roti, lavash, taco shells, and more at unbeatable factory prices. Unleash your passion for authentic flavors today!\" \/>\n<meta property=\"og:url\" content=\"https:\/\/sssmachinery.com\/es\/producto\/fully-automatic-tortilla-making-machine-factory-price-chapati-paratha-roti-lavash-flat-bread-taco-shell-making-machine\/\" \/>\n<meta property=\"og:site_name\" content=\"SSS Food Machinery Technology\" \/>\n<meta property=\"article:modified_time\" content=\"2024-06-17T03:41:46+00:00\" \/>\n<meta property=\"og:image\" content=\"https:\/\/sssmachinery.com\/wp-content\/uploads\/2024\/06\/4.jpg\" \/>\n\t<meta property=\"og:image:width\" content=\"1000\" \/>\n\t<meta property=\"og:image:height\" content=\"1000\" \/>\n\t<meta property=\"og:image:type\" content=\"image\/jpeg\" \/>\n<meta name=\"twitter:card\" content=\"summary_large_image\" \/>\n<meta name=\"twitter:label1\" content=\"Tiempo de lectura\" \/>\n\t<meta name=\"twitter:data1\" content=\"1 minuto\" \/>\n<script type=\"application\/ld+json\" class=\"yoast-schema-graph\">{\"@context\":\"https:\/\/schema.org\",\"@graph\":[{\"@type\":\"WebPage\",\"@id\":\"https:\/\/sssmachinery.com\/product\/fully-automatic-tortilla-making-machine-factory-price-chapati-paratha-roti-lavash-flat-bread-taco-shell-making-machine\/\",\"url\":\"https:\/\/sssmachinery.com\/product\/fully-automatic-tortilla-making-machine-factory-price-chapati-paratha-roti-lavash-flat-bread-taco-shell-making-machine\/\",\"name\":\"Fully Automatic Tortilla Making Machine Factory Price chapati paratha roti lavash flat bread\/taco shell making machine - SSS Food Machinery Technology\",\"isPartOf\":{\"@id\":\"https:\/\/sssmachinery.com\/#website\"},\"primaryImageOfPage\":{\"@id\":\"https:\/\/sssmachinery.com\/product\/fully-automatic-tortilla-making-machine-factory-price-chapati-paratha-roti-lavash-flat-bread-taco-shell-making-machine\/#primaryimage\"},\"image\":{\"@id\":\"https:\/\/sssmachinery.com\/product\/fully-automatic-tortilla-making-machine-factory-price-chapati-paratha-roti-lavash-flat-bread-taco-shell-making-machine\/#primaryimage\"},\"thumbnailUrl\":\"https:\/\/sssmachinery.com\/wp-content\/uploads\/2024\/06\/4.jpg\",\"datePublished\":\"2024-06-03T03:26:15+00:00\",\"dateModified\":\"2024-06-17T03:41:46+00:00\",\"description\":\"Revolutionize your tortilla and flatbread production with our top-quality automatic Tortilla Making Machine. Crafted to perfection, our machines effortlessly produce delicious chapati, paratha, roti, lavash, taco shells, and more at unbeatable factory prices. Unleash your passion for authentic flavors today!\",\"breadcrumb\":{\"@id\":\"https:\/\/sssmachinery.com\/product\/fully-automatic-tortilla-making-machine-factory-price-chapati-paratha-roti-lavash-flat-bread-taco-shell-making-machine\/#breadcrumb\"},\"inLanguage\":\"es-AR\",\"potentialAction\":[{\"@type\":\"ReadAction\",\"target\":[\"https:\/\/sssmachinery.com\/product\/fully-automatic-tortilla-making-machine-factory-price-chapati-paratha-roti-lavash-flat-bread-taco-shell-making-machine\/\"]}]},{\"@type\":\"ImageObject\",\"inLanguage\":\"es-AR\",\"@id\":\"https:\/\/sssmachinery.com\/product\/fully-automatic-tortilla-making-machine-factory-price-chapati-paratha-roti-lavash-flat-bread-taco-shell-making-machine\/#primaryimage\",\"url\":\"https:\/\/sssmachinery.com\/wp-content\/uploads\/2024\/06\/4.jpg\",\"contentUrl\":\"https:\/\/sssmachinery.com\/wp-content\/uploads\/2024\/06\/4.jpg\",\"width\":1000,\"height\":1000,\"caption\":\"Tortilla Machine\"},{\"@type\":\"BreadcrumbList\",\"@id\":\"https:\/\/sssmachinery.com\/product\/fully-automatic-tortilla-making-machine-factory-price-chapati-paratha-roti-lavash-flat-bread-taco-shell-making-machine\/#breadcrumb\",\"itemListElement\":[{\"@type\":\"ListItem\",\"position\":1,\"name\":\"\u9996\u9875\",\"item\":\"https:\/\/sssmachinery.com\/\"},{\"@type\":\"ListItem\",\"position\":2,\"name\":\"Products\",\"item\":\"https:\/\/sssmachinery.com\/products\/\"},{\"@type\":\"ListItem\",\"position\":3,\"name\":\"Fully Automatic Tortilla Making Machine Factory Price chapati paratha roti lavash flat bread\/taco shell making machine\"}]},{\"@type\":\"WebSite\",\"@id\":\"https:\/\/sssmachinery.com\/#website\",\"url\":\"https:\/\/sssmachinery.com\/\",\"name\":\"SSS Food Machinery Technology\",\"description\":\"BEST SOLUTIONS FOR TORTILLA MACHINERY\",\"publisher\":{\"@id\":\"https:\/\/sssmachinery.com\/#organization\"},\"potentialAction\":[{\"@type\":\"SearchAction\",\"target\":{\"@type\":\"EntryPoint\",\"urlTemplate\":\"https:\/\/sssmachinery.com\/?s={search_term_string}\"},\"query-input\":\"required name=search_term_string\"}],\"inLanguage\":\"es-AR\"},{\"@type\":\"Organization\",\"@id\":\"https:\/\/sssmachinery.com\/#organization\",\"name\":\"SSS Food Machinery Technology\",\"url\":\"https:\/\/sssmachinery.com\/\",\"logo\":{\"@type\":\"ImageObject\",\"inLanguage\":\"es-AR\",\"@id\":\"https:\/\/sssmachinery.com\/#\/schema\/logo\/image\/\",\"url\":\"https:\/\/sssmachinery.com\/wp-content\/uploads\/2024\/05\/cropped-logo-1.png\",\"contentUrl\":\"https:\/\/sssmachinery.com\/wp-content\/uploads\/2024\/05\/cropped-logo-1.png\",\"width\":512,\"height\":512,\"caption\":\"SSS Food Machinery Technology\"},\"image\":{\"@id\":\"https:\/\/sssmachinery.com\/#\/schema\/logo\/image\/\"}}]}<\/script>\n<!-- \/ Yoast SEO Premium plugin. -->","yoast_head_json":{"title":"Fully Automatic Tortilla Making Machine Factory Price chapati paratha roti lavash flat bread\/taco shell making machine - SSS Food Machinery Technology","description":"Revolutionize your tortilla and flatbread production with our top-quality automatic Tortilla Making Machine. Crafted to perfection, our machines effortlessly produce delicious chapati, paratha, roti, lavash, taco shells, and more at unbeatable factory prices. Unleash your passion for authentic flavors today!","robots":{"index":"index","follow":"follow","max-snippet":"max-snippet:-1","max-image-preview":"max-image-preview:large","max-video-preview":"max-video-preview:-1"},"canonical":"https:\/\/sssmachinery.com\/es\/producto\/fully-automatic-tortilla-making-machine-factory-price-chapati-paratha-roti-lavash-flat-bread-taco-shell-making-machine\/","og_locale":"es_ES","og_type":"article","og_title":"Fully Automatic Tortilla Making Machine Factory Price chapati paratha roti lavash flat bread\/taco shell making machine","og_description":"Revolutionize your tortilla and flatbread production with our top-quality automatic Tortilla Making Machine. Crafted to perfection, our machines effortlessly produce delicious chapati, paratha, roti, lavash, taco shells, and more at unbeatable factory prices. Unleash your passion for authentic flavors today!","og_url":"https:\/\/sssmachinery.com\/es\/producto\/fully-automatic-tortilla-making-machine-factory-price-chapati-paratha-roti-lavash-flat-bread-taco-shell-making-machine\/","og_site_name":"SSS Food Machinery Technology","article_modified_time":"2024-06-17T03:41:46+00:00","og_image":[{"width":1000,"height":1000,"url":"https:\/\/sssmachinery.com\/wp-content\/uploads\/2024\/06\/4.jpg","type":"image\/jpeg"}],"twitter_card":"summary_large_image","twitter_misc":{"Tiempo de lectura":"1 minuto"},"schema":{"@context":"https:\/\/schema.org","@graph":[{"@type":"WebPage","@id":"https:\/\/sssmachinery.com\/product\/fully-automatic-tortilla-making-machine-factory-price-chapati-paratha-roti-lavash-flat-bread-taco-shell-making-machine\/","url":"https:\/\/sssmachinery.com\/product\/fully-automatic-tortilla-making-machine-factory-price-chapati-paratha-roti-lavash-flat-bread-taco-shell-making-machine\/","name":"Fully Automatic Tortilla Making Machine Factory Price chapati paratha roti lavash flat bread\/taco shell making machine - SSS Food Machinery Technology","isPartOf":{"@id":"https:\/\/sssmachinery.com\/#website"},"primaryImageOfPage":{"@id":"https:\/\/sssmachinery.com\/product\/fully-automatic-tortilla-making-machine-factory-price-chapati-paratha-roti-lavash-flat-bread-taco-shell-making-machine\/#primaryimage"},"image":{"@id":"https:\/\/sssmachinery.com\/product\/fully-automatic-tortilla-making-machine-factory-price-chapati-paratha-roti-lavash-flat-bread-taco-shell-making-machine\/#primaryimage"},"thumbnailUrl":"https:\/\/sssmachinery.com\/wp-content\/uploads\/2024\/06\/4.jpg","datePublished":"2024-06-03T03:26:15+00:00","dateModified":"2024-06-17T03:41:46+00:00","description":"Revolutionize your tortilla and flatbread production with our top-quality automatic Tortilla Making Machine. Crafted to perfection, our machines effortlessly produce delicious chapati, paratha, roti, lavash, taco shells, and more at unbeatable factory prices. Unleash your passion for authentic flavors today!","breadcrumb":{"@id":"https:\/\/sssmachinery.com\/product\/fully-automatic-tortilla-making-machine-factory-price-chapati-paratha-roti-lavash-flat-bread-taco-shell-making-machine\/#breadcrumb"},"inLanguage":"es-AR","potentialAction":[{"@type":"ReadAction","target":["https:\/\/sssmachinery.com\/product\/fully-automatic-tortilla-making-machine-factory-price-chapati-paratha-roti-lavash-flat-bread-taco-shell-making-machine\/"]}]},{"@type":"ImageObject","inLanguage":"es-AR","@id":"https:\/\/sssmachinery.com\/product\/fully-automatic-tortilla-making-machine-factory-price-chapati-paratha-roti-lavash-flat-bread-taco-shell-making-machine\/#primaryimage","url":"https:\/\/sssmachinery.com\/wp-content\/uploads\/2024\/06\/4.jpg","contentUrl":"https:\/\/sssmachinery.com\/wp-content\/uploads\/2024\/06\/4.jpg","width":1000,"height":1000,"caption":"Tortilla Machine"},{"@type":"BreadcrumbList","@id":"https:\/\/sssmachinery.com\/product\/fully-automatic-tortilla-making-machine-factory-price-chapati-paratha-roti-lavash-flat-bread-taco-shell-making-machine\/#breadcrumb","itemListElement":[{"@type":"ListItem","position":1,"name":"\u9996\u9875","item":"https:\/\/sssmachinery.com\/"},{"@type":"ListItem","position":2,"name":"Products","item":"https:\/\/sssmachinery.com\/products\/"},{"@type":"ListItem","position":3,"name":"Fully Automatic Tortilla Making Machine Factory Price chapati paratha roti lavash flat bread\/taco shell making machine"}]},{"@type":"WebSite","@id":"https:\/\/sssmachinery.com\/#website","url":"https:\/\/sssmachinery.com\/","name":"SSS Food Machinery Technology","description":"BEST SOLUTIONS FOR TORTILLA MACHINERY","publisher":{"@id":"https:\/\/sssmachinery.com\/#organization"},"potentialAction":[{"@type":"SearchAction","target":{"@type":"EntryPoint","urlTemplate":"https:\/\/sssmachinery.com\/?s={search_term_string}"},"query-input":"required name=search_term_string"}],"inLanguage":"es-AR"},{"@type":"Organization","@id":"https:\/\/sssmachinery.com\/#organization","name":"SSS Food Machinery Technology","url":"https:\/\/sssmachinery.com\/","logo":{"@type":"ImageObject","inLanguage":"es-AR","@id":"https:\/\/sssmachinery.com\/#\/schema\/logo\/image\/","url":"https:\/\/sssmachinery.com\/wp-content\/uploads\/2024\/05\/cropped-logo-1.png","contentUrl":"https:\/\/sssmachinery.com\/wp-content\/uploads\/2024\/05\/cropped-logo-1.png","width":512,"height":512,"caption":"SSS Food Machinery Technology"},"image":{"@id":"https:\/\/sssmachinery.com\/#\/schema\/logo\/image\/"}}]}},"uagb_featured_image_src":{"full":["https:\/\/sssmachinery.com\/wp-content\/uploads\/2024\/06\/4.jpg",1000,1000,false],"thumbnail":["https:\/\/sssmachinery.com\/wp-content\/uploads\/2024\/06\/4-150x150.jpg",150,150,true],"medium":["https:\/\/sssmachinery.com\/wp-content\/uploads\/2024\/06\/4-300x300.jpg",300,300,true],"medium_large":["https:\/\/sssmachinery.com\/wp-content\/uploads\/2024\/06\/4-768x768.jpg",768,768,true],"large":["https:\/\/sssmachinery.com\/wp-content\/uploads\/2024\/06\/4.jpg",1000,1000,false],"1536x1536":["https:\/\/sssmachinery.com\/wp-content\/uploads\/2024\/06\/4.jpg",1000,1000,false],"2048x2048":["https:\/\/sssmachinery.com\/wp-content\/uploads\/2024\/06\/4.jpg",1000,1000,false],"trp-custom-language-flag":["https:\/\/sssmachinery.com\/wp-content\/uploads\/2024\/06\/4.jpg",12,12,false],"woocommerce_thumbnail":["https:\/\/sssmachinery.com\/wp-content\/uploads\/2024\/06\/4-300x300.jpg",300,300,true],"woocommerce_single":["https:\/\/sssmachinery.com\/wp-content\/uploads\/2024\/06\/4-600x600.jpg",600,600,true],"woocommerce_gallery_thumbnail":["https:\/\/sssmachinery.com\/wp-content\/uploads\/2024\/06\/4-100x100.jpg",100,100,true]},"uagb_author_info":{"display_name":"info","author_link":"https:\/\/sssmachinery.com\/es\/author\/"},"uagb_comment_info":0,"uagb_excerpt":"Product Description Factory price tortilla pita bread making machine manufacturer \u00a0Main features: This machine adopts PLC and touch screen memory [&hellip;]","_links":{"self":[{"href":"https:\/\/sssmachinery.com\/es\/wp-json\/wp\/v2\/product\/938"}],"collection":[{"href":"https:\/\/sssmachinery.com\/es\/wp-json\/wp\/v2\/product"}],"about":[{"href":"https:\/\/sssmachinery.com\/es\/wp-json\/wp\/v2\/types\/product"}],"wp:featuredmedia":[{"embeddable":true,"href":"https:\/\/sssmachinery.com\/es\/wp-json\/wp\/v2\/media\/922"}],"wp:attachment":[{"href":"https:\/\/sssmachinery.com\/es\/wp-json\/wp\/v2\/media?parent=938"}],"wp:term":[{"taxonomy":"product_cat","embeddable":true,"href":"https:\/\/sssmachinery.com\/es\/wp-json\/wp\/v2\/product_cat?post=938"},{"taxonomy":"product_tag","embeddable":true,"href":"https:\/\/sssmachinery.com\/es\/wp-json\/wp\/v2\/product_tag?post=938"}],"curies":[{"name":"wp","href":"https:\/\/api.w.org\/{rel}","templated":true}]}}