{"id":712,"date":"2024-05-24T15:54:29","date_gmt":"2024-05-24T15:54:29","guid":{"rendered":"https:\/\/sssmachinery.com\/?post_type=product&#038;p=712"},"modified":"2024-06-18T02:10:01","modified_gmt":"2024-06-18T02:10:01","slug":"china-fresh-tomato-jam-paste-sauce-production-line-with-high-capacity","status":"publish","type":"product","link":"https:\/\/sssmachinery.com\/es\/producto\/china-fresh-tomato-jam-paste-sauce-production-line-with-high-capacity\/","title":{"rendered":"L\u00ednea de procesamiento de zumo de naranja fresca de alta capacidad Producci\u00f3n de fruta"},"content":{"rendered":"<h1><span style=\"color: #0000ff;\">Descripci\u00f3n del producto<\/span><\/h1>\n<hr \/>\n<ul>\n<li>Presentamos nuestra l\u00ednea de procesado de zumo de naranja fresco de alta capacidad Producci\u00f3n de fruta, un sistema de gama alta dise\u00f1ado para agilizar y mejorar la producci\u00f3n de zumo de naranja fresco. Este sistema de procesamiento personalizado incluye una serie de componentes esenciales como la clasificaci\u00f3n de la fruta, el lavado, el transporte, el pelado, la extracci\u00f3n, la filtraci\u00f3n del zumo de fruta, la desgasificaci\u00f3n, la esterilizaci\u00f3n, la homogeneizaci\u00f3n, el llenado y el envasado.<\/li>\n<li>En SSS, somos conscientes de la importancia de suministrar productos de alta calidad a nuestros clientes. Por eso, nuestra l\u00ednea de producci\u00f3n de zumo de naranja se adapta a las necesidades y demandas espec\u00edficas de cada cliente. Tanto si busca aumentar la eficiencia, mejorar la calidad del producto o ampliar su capacidad de producci\u00f3n, nuestro equipo de expertos puede ofrecerle una soluci\u00f3n personalizada que se adapte a su material y requisitos exclusivos.<\/li>\n<li>Con nuestra l\u00ednea de procesamiento de zumo de naranja fresco de alta capacidad para la producci\u00f3n de fruta, puede estar seguro de que su proceso de producci\u00f3n de zumo de naranja ser\u00e1 perfecto, eficiente y optimizado para obtener los m\u00e1ximos resultados. Actualice hoy mismo su l\u00ednea de producci\u00f3n con SSS y experimente la diferencia en calidad y rendimiento.<\/li>\n<\/ul>\n<p>&nbsp;<\/p>\n<h2><span style=\"color: #0000ff;\">Par\u00e1metros del formulario<\/span><\/h2>\n<hr \/>\n<table>\n<tbody>\n<tr>\n<td width=\"36\"><\/td>\n<td width=\"196\">\n<p style=\"text-align: center;\"><strong>Art\u00edculo<\/strong><\/p>\n<\/td>\n<td style=\"text-align: center;\"><strong>Especificaci\u00f3n<\/strong><\/td>\n<\/tr>\n<tr>\n<td width=\"36\"><strong>1<\/strong><\/td>\n<td width=\"196\">\n<p style=\"text-align: center;\"><strong>Nombre del producto<\/strong><\/p>\n<\/td>\n<td style=\"text-align: center;\"><strong>Prueba L\u00ednea de producci\u00f3n de fruta<\/strong><\/td>\n<\/tr>\n<tr>\n<td width=\"36\"><strong>2<\/strong><\/td>\n<td width=\"196\">\n<p style=\"text-align: center;\"><strong>Salida<\/strong><\/p>\n<\/td>\n<td>\n<p style=\"text-align: center;\"><strong>fruta fresca<\/strong><\/p>\n<\/td>\n<\/tr>\n<tr>\n<td width=\"36\">\n<p style=\"text-align: center;\"><strong>3<\/strong><\/p>\n<\/td>\n<td width=\"196\">\n<p style=\"text-align: center;\"><strong>Birx<\/strong><\/p>\n<\/td>\n<td>\n<p style=\"text-align: center;\"><strong>Personalizaci\u00f3n<\/strong><\/p>\n<\/td>\n<\/tr>\n<tr>\n<td style=\"text-align: center;\" width=\"36\"><strong>4<\/strong><\/td>\n<td style=\"text-align: center;\" width=\"196\"><strong>M\u00e9todo de medici\u00f3n<\/strong><\/td>\n<td>\n<p style=\"text-align: center;\"><strong>medici\u00f3n autom\u00e1tica<\/strong><\/p>\n<\/td>\n<\/tr>\n<tr>\n<td width=\"36\"><strong>5<\/strong><\/td>\n<td width=\"196\">\n<p style=\"text-align: center;\"><strong>Estilo de funcionamiento<\/strong><\/p>\n<\/td>\n<td>\n<p style=\"text-align: center;\"><strong>producci\u00f3n autom\u00e1tica<\/strong><\/p>\n<\/td>\n<\/tr>\n<tr>\n<td width=\"36\"><strong>6<\/strong><\/td>\n<td width=\"196\">\n<p style=\"text-align: center;\"><strong>Consumo de vapor<\/strong><\/p>\n<\/td>\n<td>\n<p style=\"text-align: center;\"><strong>3 kg \/h<\/strong><\/p>\n<\/td>\n<\/tr>\n<tr>\n<td width=\"36\"><strong>7<\/strong><\/td>\n<td width=\"196\">\n<p style=\"text-align: center;\"><strong>Consumo de energ\u00eda<\/strong><\/p>\n<\/td>\n<td>\n<p style=\"text-align: center;\"><strong>Trif\u00e1sico, 380 V, 3 kw\/h o seg\u00fan sus necesidades<\/strong><\/p>\n<\/td>\n<\/tr>\n<tr>\n<td style=\"text-align: center;\" width=\"36\"><strong>8<\/strong><\/td>\n<td style=\"text-align: center;\" width=\"196\"><strong>Consumo de aire comprimido<\/strong><\/td>\n<td>\n<p style=\"text-align: center;\"><strong>0,1 M3\/min o depende de la situaci\u00f3n<\/strong><\/p>\n<\/td>\n<\/tr>\n<tr>\n<td style=\"text-align: center;\" width=\"36\"><strong>9<\/strong><\/td>\n<td style=\"text-align: center;\" width=\"196\"><strong>Volumen de agua circulante<\/strong><\/td>\n<td>\n<p style=\"text-align: center;\"><strong>1T\/h o depende del emplazamiento<\/strong><\/p>\n<\/td>\n<\/tr>\n<\/tbody>\n<\/table>\n<p>&nbsp;<\/p>","protected":false},"excerpt":{"rendered":"<p>SSS nuevo producto jugo de mango salsa pasta mermelada l\u00ednea de producci\u00f3n de m\u00e1quinas Precio<\/p>","protected":false},"featured_media":1146,"template":"","meta":{"_uag_custom_page_level_css":"","_monsterinsights_skip_tracking":false,"_monsterinsights_sitenote_active":false,"_monsterinsights_sitenote_note":"","_monsterinsights_sitenote_category":0,"site-sidebar-layout":"default","site-content-layout":"","ast-site-content-layout":"default","site-content-style":"default","site-sidebar-style":"default","ast-global-header-display":"","ast-banner-title-visibility":"","ast-main-header-display":"","ast-hfb-above-header-display":"","ast-hfb-below-header-display":"","ast-hfb-mobile-header-display":"","site-post-title":"","ast-breadcrumbs-content":"","ast-featured-img":"","footer-sml-layout":"","theme-transparent-header-meta":"default","adv-header-id-meta":"","stick-header-meta":"default","header-above-stick-meta":"","header-main-stick-meta":"","header-below-stick-meta":"","astra-migrate-meta-layouts":"set","ast-page-background-enabled":"default","ast-page-background-meta":{"desktop":{"background-color":"var(--ast-global-color-4)","background-image":"","background-repeat":"repeat","background-position":"center center","background-size":"auto","background-attachment":"scroll","background-type":"","background-media":"","overlay-type":"","overlay-color":"","overlay-opacity":"","overlay-gradient":""},"tablet":{"background-color":"","background-image":"","background-repeat":"repeat","background-position":"center center","background-size":"auto","background-attachment":"scroll","background-type":"","background-media":"","overlay-type":"","overlay-color":"","overlay-opacity":"","overlay-gradient":""},"mobile":{"background-color":"","background-image":"","background-repeat":"repeat","background-position":"center center","background-size":"auto","background-attachment":"scroll","background-type":"","background-media":"","overlay-type":"","overlay-color":"","overlay-opacity":"","overlay-gradient":""}},"ast-content-background-meta":{"desktop":{"background-color":"var(--ast-global-color-5)","background-image":"","background-repeat":"repeat","background-position":"center center","background-size":"auto","background-attachment":"scroll","background-type":"","background-media":"","overlay-type":"","overlay-color":"","overlay-opacity":"","overlay-gradient":""},"tablet":{"background-color":"var(--ast-global-color-5)","background-image":"","background-repeat":"repeat","background-position":"center center","background-size":"auto","background-attachment":"scroll","background-type":"","background-media":"","overlay-type":"","overlay-color":"","overlay-opacity":"","overlay-gradient":""},"mobile":{"background-color":"var(--ast-global-color-5)","background-image":"","background-repeat":"repeat","background-position":"center center","background-size":"auto","background-attachment":"scroll","background-type":"","background-media":"","overlay-type":"","overlay-color":"","overlay-opacity":"","overlay-gradient":""}}},"product_cat":[24,31,32],"product_tag":[],"yoast_head":"<!-- This site is optimized with the Yoast SEO Premium plugin v22.6 (Yoast SEO v22.6) - https:\/\/yoast.com\/wordpress\/plugins\/seo\/ -->\n<title>High Capacity Fresh Orange Juice Processing Line Fruit Production - SSS Food Machinery Technology<\/title>\n<meta name=\"description\" content=\"Unlock the full potential of oranges with our high-capacity fresh orange juice processing line. Meticulously engineered for maximum efficiency.\" \/>\n<meta name=\"robots\" content=\"index, follow, max-snippet:-1, max-image-preview:large, max-video-preview:-1\" \/>\n<link rel=\"canonical\" href=\"https:\/\/sssmachinery.com\/es\/producto\/china-fresh-tomato-jam-paste-sauce-production-line-with-high-capacity\/\" \/>\n<meta property=\"og:locale\" content=\"es_ES\" \/>\n<meta property=\"og:type\" content=\"article\" \/>\n<meta property=\"og:title\" content=\"High Capacity Fresh Orange Juice Processing Line Fruit Production\" \/>\n<meta property=\"og:description\" content=\"Unlock the full potential of oranges with our high-capacity fresh orange juice processing line. Meticulously engineered for maximum efficiency.\" \/>\n<meta property=\"og:url\" content=\"https:\/\/sssmachinery.com\/es\/producto\/china-fresh-tomato-jam-paste-sauce-production-line-with-high-capacity\/\" \/>\n<meta property=\"og:site_name\" content=\"SSS Food Machinery Technology\" \/>\n<meta property=\"article:modified_time\" content=\"2024-06-18T02:10:01+00:00\" \/>\n<meta name=\"twitter:card\" content=\"summary_large_image\" \/>\n<meta name=\"twitter:label1\" content=\"Tiempo de lectura\" \/>\n\t<meta name=\"twitter:data1\" content=\"2 minutos\" \/>\n<script type=\"application\/ld+json\" class=\"yoast-schema-graph\">{\"@context\":\"https:\/\/schema.org\",\"@graph\":[{\"@type\":\"WebPage\",\"@id\":\"https:\/\/sssmachinery.com\/product\/china-fresh-tomato-jam-paste-sauce-production-line-with-high-capacity\/\",\"url\":\"https:\/\/sssmachinery.com\/product\/china-fresh-tomato-jam-paste-sauce-production-line-with-high-capacity\/\",\"name\":\"High Capacity Fresh Orange Juice Processing Line Fruit Production - SSS Food Machinery Technology\",\"isPartOf\":{\"@id\":\"https:\/\/sssmachinery.com\/#website\"},\"primaryImageOfPage\":{\"@id\":\"https:\/\/sssmachinery.com\/product\/china-fresh-tomato-jam-paste-sauce-production-line-with-high-capacity\/#primaryimage\"},\"image\":{\"@id\":\"https:\/\/sssmachinery.com\/product\/china-fresh-tomato-jam-paste-sauce-production-line-with-high-capacity\/#primaryimage\"},\"thumbnailUrl\":\"https:\/\/sssmachinery.com\/wp-content\/uploads\/2024\/05\/1.avif\",\"datePublished\":\"2024-05-24T15:54:29+00:00\",\"dateModified\":\"2024-06-18T02:10:01+00:00\",\"description\":\"Unlock the full potential of oranges with our high-capacity fresh orange juice processing line. Meticulously engineered for maximum efficiency.\",\"breadcrumb\":{\"@id\":\"https:\/\/sssmachinery.com\/product\/china-fresh-tomato-jam-paste-sauce-production-line-with-high-capacity\/#breadcrumb\"},\"inLanguage\":\"es-AR\",\"potentialAction\":[{\"@type\":\"ReadAction\",\"target\":[\"https:\/\/sssmachinery.com\/product\/china-fresh-tomato-jam-paste-sauce-production-line-with-high-capacity\/\"]}]},{\"@type\":\"ImageObject\",\"inLanguage\":\"es-AR\",\"@id\":\"https:\/\/sssmachinery.com\/product\/china-fresh-tomato-jam-paste-sauce-production-line-with-high-capacity\/#primaryimage\",\"url\":\"https:\/\/sssmachinery.com\/wp-content\/uploads\/2024\/05\/1.avif\",\"contentUrl\":\"https:\/\/sssmachinery.com\/wp-content\/uploads\/2024\/05\/1.avif\",\"width\":895,\"height\":777,\"caption\":\"sss food machinery\"},{\"@type\":\"BreadcrumbList\",\"@id\":\"https:\/\/sssmachinery.com\/product\/china-fresh-tomato-jam-paste-sauce-production-line-with-high-capacity\/#breadcrumb\",\"itemListElement\":[{\"@type\":\"ListItem\",\"position\":1,\"name\":\"\u9996\u9875\",\"item\":\"https:\/\/sssmachinery.com\/\"},{\"@type\":\"ListItem\",\"position\":2,\"name\":\"Products\",\"item\":\"https:\/\/sssmachinery.com\/products\/\"},{\"@type\":\"ListItem\",\"position\":3,\"name\":\"High Capacity Fresh Orange Juice Processing Line Fruit Production\"}]},{\"@type\":\"WebSite\",\"@id\":\"https:\/\/sssmachinery.com\/#website\",\"url\":\"https:\/\/sssmachinery.com\/\",\"name\":\"SSS Food Machinery Technology\",\"description\":\"BEST SOLUTIONS FOR TORTILLA MACHINERY\",\"publisher\":{\"@id\":\"https:\/\/sssmachinery.com\/#organization\"},\"potentialAction\":[{\"@type\":\"SearchAction\",\"target\":{\"@type\":\"EntryPoint\",\"urlTemplate\":\"https:\/\/sssmachinery.com\/?s={search_term_string}\"},\"query-input\":\"required name=search_term_string\"}],\"inLanguage\":\"es-AR\"},{\"@type\":\"Organization\",\"@id\":\"https:\/\/sssmachinery.com\/#organization\",\"name\":\"SSS Food Machinery Technology\",\"url\":\"https:\/\/sssmachinery.com\/\",\"logo\":{\"@type\":\"ImageObject\",\"inLanguage\":\"es-AR\",\"@id\":\"https:\/\/sssmachinery.com\/#\/schema\/logo\/image\/\",\"url\":\"https:\/\/sssmachinery.com\/wp-content\/uploads\/2024\/05\/cropped-logo-1.png\",\"contentUrl\":\"https:\/\/sssmachinery.com\/wp-content\/uploads\/2024\/05\/cropped-logo-1.png\",\"width\":512,\"height\":512,\"caption\":\"SSS Food Machinery Technology\"},\"image\":{\"@id\":\"https:\/\/sssmachinery.com\/#\/schema\/logo\/image\/\"}}]}<\/script>\n<!-- \/ Yoast SEO Premium plugin. -->","yoast_head_json":{"title":"High Capacity Fresh Orange Juice Processing Line Fruit Production - SSS Food Machinery Technology","description":"Unlock the full potential of oranges with our high-capacity fresh orange juice processing line. Meticulously engineered for maximum efficiency.","robots":{"index":"index","follow":"follow","max-snippet":"max-snippet:-1","max-image-preview":"max-image-preview:large","max-video-preview":"max-video-preview:-1"},"canonical":"https:\/\/sssmachinery.com\/es\/producto\/china-fresh-tomato-jam-paste-sauce-production-line-with-high-capacity\/","og_locale":"es_ES","og_type":"article","og_title":"High Capacity Fresh Orange Juice Processing Line Fruit Production","og_description":"Unlock the full potential of oranges with our high-capacity fresh orange juice processing line. Meticulously engineered for maximum efficiency.","og_url":"https:\/\/sssmachinery.com\/es\/producto\/china-fresh-tomato-jam-paste-sauce-production-line-with-high-capacity\/","og_site_name":"SSS Food Machinery Technology","article_modified_time":"2024-06-18T02:10:01+00:00","twitter_card":"summary_large_image","twitter_misc":{"Tiempo de lectura":"2 minutos"},"schema":{"@context":"https:\/\/schema.org","@graph":[{"@type":"WebPage","@id":"https:\/\/sssmachinery.com\/product\/china-fresh-tomato-jam-paste-sauce-production-line-with-high-capacity\/","url":"https:\/\/sssmachinery.com\/product\/china-fresh-tomato-jam-paste-sauce-production-line-with-high-capacity\/","name":"High Capacity Fresh Orange Juice Processing Line Fruit Production - SSS Food Machinery Technology","isPartOf":{"@id":"https:\/\/sssmachinery.com\/#website"},"primaryImageOfPage":{"@id":"https:\/\/sssmachinery.com\/product\/china-fresh-tomato-jam-paste-sauce-production-line-with-high-capacity\/#primaryimage"},"image":{"@id":"https:\/\/sssmachinery.com\/product\/china-fresh-tomato-jam-paste-sauce-production-line-with-high-capacity\/#primaryimage"},"thumbnailUrl":"https:\/\/sssmachinery.com\/wp-content\/uploads\/2024\/05\/1.avif","datePublished":"2024-05-24T15:54:29+00:00","dateModified":"2024-06-18T02:10:01+00:00","description":"Unlock the full potential of oranges with our high-capacity fresh orange juice processing line. Meticulously engineered for maximum efficiency.","breadcrumb":{"@id":"https:\/\/sssmachinery.com\/product\/china-fresh-tomato-jam-paste-sauce-production-line-with-high-capacity\/#breadcrumb"},"inLanguage":"es-AR","potentialAction":[{"@type":"ReadAction","target":["https:\/\/sssmachinery.com\/product\/china-fresh-tomato-jam-paste-sauce-production-line-with-high-capacity\/"]}]},{"@type":"ImageObject","inLanguage":"es-AR","@id":"https:\/\/sssmachinery.com\/product\/china-fresh-tomato-jam-paste-sauce-production-line-with-high-capacity\/#primaryimage","url":"https:\/\/sssmachinery.com\/wp-content\/uploads\/2024\/05\/1.avif","contentUrl":"https:\/\/sssmachinery.com\/wp-content\/uploads\/2024\/05\/1.avif","width":895,"height":777,"caption":"sss food machinery"},{"@type":"BreadcrumbList","@id":"https:\/\/sssmachinery.com\/product\/china-fresh-tomato-jam-paste-sauce-production-line-with-high-capacity\/#breadcrumb","itemListElement":[{"@type":"ListItem","position":1,"name":"\u9996\u9875","item":"https:\/\/sssmachinery.com\/"},{"@type":"ListItem","position":2,"name":"Products","item":"https:\/\/sssmachinery.com\/products\/"},{"@type":"ListItem","position":3,"name":"High Capacity Fresh Orange Juice Processing Line Fruit Production"}]},{"@type":"WebSite","@id":"https:\/\/sssmachinery.com\/#website","url":"https:\/\/sssmachinery.com\/","name":"SSS Food Machinery Technology","description":"BEST SOLUTIONS FOR TORTILLA MACHINERY","publisher":{"@id":"https:\/\/sssmachinery.com\/#organization"},"potentialAction":[{"@type":"SearchAction","target":{"@type":"EntryPoint","urlTemplate":"https:\/\/sssmachinery.com\/?s={search_term_string}"},"query-input":"required name=search_term_string"}],"inLanguage":"es-AR"},{"@type":"Organization","@id":"https:\/\/sssmachinery.com\/#organization","name":"SSS Food Machinery Technology","url":"https:\/\/sssmachinery.com\/","logo":{"@type":"ImageObject","inLanguage":"es-AR","@id":"https:\/\/sssmachinery.com\/#\/schema\/logo\/image\/","url":"https:\/\/sssmachinery.com\/wp-content\/uploads\/2024\/05\/cropped-logo-1.png","contentUrl":"https:\/\/sssmachinery.com\/wp-content\/uploads\/2024\/05\/cropped-logo-1.png","width":512,"height":512,"caption":"SSS Food Machinery Technology"},"image":{"@id":"https:\/\/sssmachinery.com\/#\/schema\/logo\/image\/"}}]}},"uagb_featured_image_src":{"full":["https:\/\/sssmachinery.com\/wp-content\/uploads\/2024\/05\/1.avif",895,777,false],"thumbnail":["https:\/\/sssmachinery.com\/wp-content\/uploads\/2024\/05\/1-150x150.avif",150,150,true],"medium":["https:\/\/sssmachinery.com\/wp-content\/uploads\/2024\/05\/1-300x260.avif",300,260,true],"medium_large":["https:\/\/sssmachinery.com\/wp-content\/uploads\/2024\/05\/1-768x667.avif",768,667,true],"large":["https:\/\/sssmachinery.com\/wp-content\/uploads\/2024\/05\/1.avif",895,777,false],"1536x1536":["https:\/\/sssmachinery.com\/wp-content\/uploads\/2024\/05\/1.avif",895,777,false],"2048x2048":["https:\/\/sssmachinery.com\/wp-content\/uploads\/2024\/05\/1.avif",895,777,false],"trp-custom-language-flag":["https:\/\/sssmachinery.com\/wp-content\/uploads\/2024\/05\/1.avif",14,12,false],"woocommerce_thumbnail":["https:\/\/sssmachinery.com\/wp-content\/uploads\/2024\/05\/1-300x300.avif",300,300,true],"woocommerce_single":["https:\/\/sssmachinery.com\/wp-content\/uploads\/2024\/05\/1-600x521.avif",600,521,true],"woocommerce_gallery_thumbnail":["https:\/\/sssmachinery.com\/wp-content\/uploads\/2024\/05\/1-100x100.avif",100,100,true]},"uagb_author_info":{"display_name":"info","author_link":"https:\/\/sssmachinery.com\/es\/author\/"},"uagb_comment_info":0,"uagb_excerpt":"SSS New Product Mango Juice Sauce Paste Jam Production Line Machines Price","_links":{"self":[{"href":"https:\/\/sssmachinery.com\/es\/wp-json\/wp\/v2\/product\/712"}],"collection":[{"href":"https:\/\/sssmachinery.com\/es\/wp-json\/wp\/v2\/product"}],"about":[{"href":"https:\/\/sssmachinery.com\/es\/wp-json\/wp\/v2\/types\/product"}],"wp:featuredmedia":[{"embeddable":true,"href":"https:\/\/sssmachinery.com\/es\/wp-json\/wp\/v2\/media\/1146"}],"wp:attachment":[{"href":"https:\/\/sssmachinery.com\/es\/wp-json\/wp\/v2\/media?parent=712"}],"wp:term":[{"taxonomy":"product_cat","embeddable":true,"href":"https:\/\/sssmachinery.com\/es\/wp-json\/wp\/v2\/product_cat?post=712"},{"taxonomy":"product_tag","embeddable":true,"href":"https:\/\/sssmachinery.com\/es\/wp-json\/wp\/v2\/product_tag?post=712"}],"curies":[{"name":"wp","href":"https:\/\/api.w.org\/{rel}","templated":true}]}}