{"id":1378,"date":"2024-07-04T09:19:26","date_gmt":"2024-07-04T09:19:26","guid":{"rendered":"https:\/\/sssmachinery.com\/?post_type=product&#038;p=1378"},"modified":"2024-09-02T03:10:53","modified_gmt":"2024-09-02T03:10:53","slug":"sss-pt-200-full-automatic-arabic-pita-nan-bread-making-machine","status":"publish","type":"product","link":"https:\/\/sssmachinery.com\/es\/producto\/sss-pt-200-full-automatic-arabic-pita-nan-bread-making-machine\/","title":{"rendered":"SSS-PT-200 M\u00e1quina autom\u00e1tica para hacer pan \u00e1rabe de pita nan"},"content":{"rendered":"<h1><span style=\"color: #0000ff;\">Descripci\u00f3n del producto<\/span><\/h1>\n<hr \/>\n<p>La SSS-PT-200 es una soluci\u00f3n de vanguardia para panader\u00edas comerciales e instalaciones de producci\u00f3n de alimentos. Este sistema totalmente automatizado est\u00e1 dise\u00f1ado para agilizar la producci\u00f3n de pan de pita \u00e1rabe tradicional, nan y otros panes planos con una eficiencia y consistencia sin precedentes.<\/p>\n<p>Con una robusta construcci\u00f3n de acero inoxidable y un panel de control f\u00e1cil de usar, la SSS-PT-200 ofrece un funcionamiento perfecto desde el amasado hasta el horneado. El avanzado sistema de manipulaci\u00f3n de la masa garantiza un porcionado y moldeado precisos, mientras que el horno de alto rendimiento proporciona panes planos horneados uniformemente con una corteza dorada perfecta. Gracias a su gran capacidad de producci\u00f3n, esta m\u00e1quina puede elaborar hasta 2.000 piezas de pan de pita o pan nan por hora, lo que la convierte en la opci\u00f3n ideal para operaciones de gran volumen.<\/p>\n<p>Adem\u00e1s, la SSS-PT-200 cuenta con una amplia gama de ajustes personalizables, que le permiten ajustar la temperatura, el tiempo de horneado y otros par\u00e1metros para conseguir el perfil de textura y sabor deseado para sus productos. Su dise\u00f1o compacto y sus componentes f\u00e1ciles de limpiar la convierten en una soluci\u00f3n que ahorra espacio y requiere poco mantenimiento para cualquier cocina comercial. Aproveche la comodidad de la automatizaci\u00f3n y eleve su producci\u00f3n de pan plano con la m\u00e1quina autom\u00e1tica para hacer pan \u00e1rabe de pita SSS-PT-200.<\/p>\n<h2><span style=\"color: #0000ff;\">Par\u00e1metros del formulario<\/span><\/h2>\n<hr \/>\n<table class=\"has-title all magic-15\">\n<tbody>\n<tr>\n<td colspan=\"1\" rowspan=\"1\">\n<div class=\"magic-16\" data-spm-anchor-id=\"a2700.details.0.i60.359160c5UdufR5\"><span class=\"magic-12\">Modelo<\/span><\/div>\n<\/td>\n<td colspan=\"1\" rowspan=\"1\">\n<div class=\"magic-17\"><span class=\"magic-12\">M\u00e1quina para hacer pita<\/span><\/div>\n<\/td>\n<\/tr>\n<tr>\n<td colspan=\"1\" rowspan=\"1\">\n<div class=\"magic-16\"><span class=\"magic-12\">Tensi\u00f3n<\/span><\/div>\n<\/td>\n<td colspan=\"1\" rowspan=\"1\">\n<div class=\"magic-17\"><span class=\"magic-12\">220V\/380V\/50Hz 1phase(can be customized)<\/span><\/div>\n<\/td>\n<\/tr>\n<tr>\n<td colspan=\"1\" rowspan=\"1\">\n<div class=\"magic-16\"><span class=\"magic-12\">Material<\/span><\/div>\n<\/td>\n<td colspan=\"1\" rowspan=\"1\">\n<div class=\"magic-17\"><span class=\"magic-12\">Acero inoxidable<\/span><\/div>\n<\/td>\n<\/tr>\n<tr>\n<td colspan=\"1\" rowspan=\"1\">\n<div class=\"magic-16\"><span class=\"magic-12\">Velocidad<\/span><\/div>\n<\/td>\n<td colspan=\"1\" rowspan=\"1\">\n<div class=\"magic-17\"><span class=\"magic-12\">Ajustable<\/span><\/div>\n<\/td>\n<\/tr>\n<tr>\n<td colspan=\"1\" rowspan=\"1\">\n<div class=\"magic-16\"><span class=\"magic-12\">Espesor<\/span><\/div>\n<\/td>\n<td colspan=\"1\" rowspan=\"1\">\n<div class=\"magic-17\"><span class=\"magic-12\">1-6mm ajustable<\/span><\/div>\n<\/td>\n<\/tr>\n<tr>\n<td colspan=\"1\" rowspan=\"1\">\n<div class=\"magic-16\"><span class=\"magic-12\">Salida<\/span><\/div>\n<\/td>\n<td colspan=\"1\" rowspan=\"1\">\n<div class=\"magic-17\"><span class=\"magic-12\">1500-5000pcs\/h<\/span><\/div>\n<\/td>\n<\/tr>\n<tr>\n<td colspan=\"1\" rowspan=\"1\">\n<div class=\"magic-16\"><span class=\"magic-12\">Potencia<\/span><\/div>\n<\/td>\n<td colspan=\"1\" rowspan=\"1\">\n<div class=\"magic-17\"><span class=\"magic-12\">3kw<\/span><\/div>\n<\/td>\n<\/tr>\n<tr>\n<td colspan=\"1\" rowspan=\"1\">\n<div class=\"magic-16\"><span class=\"magic-12\">Tama\u00f1o de la m\u00e1quina<\/span><\/div>\n<\/td>\n<td colspan=\"1\" rowspan=\"1\">\n<div class=\"magic-17\"><span class=\"magic-12\">1700*580*1170mm<\/span><\/div>\n<\/td>\n<\/tr>\n<tr>\n<td colspan=\"1\" rowspan=\"1\">\n<div class=\"magic-16\"><span class=\"magic-12\">Peso<\/span><\/div>\n<\/td>\n<td colspan=\"1\" rowspan=\"1\">\n<div class=\"magic-17\"><span class=\"magic-12\">400kgs<\/span><\/div>\n<\/td>\n<\/tr>\n<tr>\n<td colspan=\"1\" rowspan=\"1\">\n<div class=\"magic-16\"><span class=\"magic-12\">Velocidad<\/span><\/div>\n<\/td>\n<td colspan=\"1\" rowspan=\"1\">\n<div class=\"magic-17\"><span class=\"magic-12\">Ajustable<\/span><\/div>\n<\/td>\n<\/tr>\n<\/tbody>\n<\/table>","protected":false},"excerpt":{"rendered":"<p>Product description SSS-PT-200 Full Automatic Arabic Pita Nan Bread Making Machine is a state-of-the-art solution for commercial bakeries and food [&hellip;]<\/p>","protected":false},"featured_media":1383,"template":"","meta":{"_uag_custom_page_level_css":"","_monsterinsights_skip_tracking":false,"_monsterinsights_sitenote_active":false,"_monsterinsights_sitenote_note":"","_monsterinsights_sitenote_category":0,"site-sidebar-layout":"default","site-content-layout":"","ast-site-content-layout":"default","site-content-style":"default","site-sidebar-style":"default","ast-global-header-display":"","ast-banner-title-visibility":"","ast-main-header-display":"","ast-hfb-above-header-display":"","ast-hfb-below-header-display":"","ast-hfb-mobile-header-display":"","site-post-title":"","ast-breadcrumbs-content":"","ast-featured-img":"","footer-sml-layout":"","theme-transparent-header-meta":"default","adv-header-id-meta":"","stick-header-meta":"default","header-above-stick-meta":"","header-main-stick-meta":"","header-below-stick-meta":"","astra-migrate-meta-layouts":"set","ast-page-background-enabled":"default","ast-page-background-meta":{"desktop":{"background-color":"var(--ast-global-color-4)","background-image":"","background-repeat":"repeat","background-position":"center center","background-size":"auto","background-attachment":"scroll","background-type":"","background-media":"","overlay-type":"","overlay-color":"","overlay-opacity":"","overlay-gradient":""},"tablet":{"background-color":"","background-image":"","background-repeat":"repeat","background-position":"center center","background-size":"auto","background-attachment":"scroll","background-type":"","background-media":"","overlay-type":"","overlay-color":"","overlay-opacity":"","overlay-gradient":""},"mobile":{"background-color":"","background-image":"","background-repeat":"repeat","background-position":"center center","background-size":"auto","background-attachment":"scroll","background-type":"","background-media":"","overlay-type":"","overlay-color":"","overlay-opacity":"","overlay-gradient":""}},"ast-content-background-meta":{"desktop":{"background-color":"var(--ast-global-color-5)","background-image":"","background-repeat":"repeat","background-position":"center center","background-size":"auto","background-attachment":"scroll","background-type":"","background-media":"","overlay-type":"","overlay-color":"","overlay-opacity":"","overlay-gradient":""},"tablet":{"background-color":"var(--ast-global-color-5)","background-image":"","background-repeat":"repeat","background-position":"center center","background-size":"auto","background-attachment":"scroll","background-type":"","background-media":"","overlay-type":"","overlay-color":"","overlay-opacity":"","overlay-gradient":""},"mobile":{"background-color":"var(--ast-global-color-5)","background-image":"","background-repeat":"repeat","background-position":"center center","background-size":"auto","background-attachment":"scroll","background-type":"","background-media":"","overlay-type":"","overlay-color":"","overlay-opacity":"","overlay-gradient":""}}},"product_cat":[29,22],"product_tag":[],"yoast_head":"<!-- This site is optimized with the Yoast SEO Premium plugin v22.6 (Yoast SEO v22.6) - https:\/\/yoast.com\/wordpress\/plugins\/seo\/ -->\n<title>SSS-PT-200 Full Automatic Arabic Pita Nan Bread Making Machine - SSS Food Machinery Technology<\/title>\n<meta name=\"robots\" content=\"index, follow, max-snippet:-1, max-image-preview:large, max-video-preview:-1\" \/>\n<link rel=\"canonical\" href=\"https:\/\/sssmachinery.com\/es\/producto\/sss-pt-200-full-automatic-arabic-pita-nan-bread-making-machine\/\" \/>\n<meta property=\"og:locale\" content=\"es_ES\" \/>\n<meta property=\"og:type\" content=\"article\" \/>\n<meta property=\"og:title\" content=\"SSS-PT-200 Full Automatic Arabic Pita Nan Bread Making Machine\" \/>\n<meta property=\"og:description\" content=\"Product description SSS-PT-200 Full Automatic Arabic Pita Nan Bread Making Machine is a state-of-the-art solution for commercial bakeries and food [&hellip;]\" \/>\n<meta property=\"og:url\" content=\"https:\/\/sssmachinery.com\/es\/producto\/sss-pt-200-full-automatic-arabic-pita-nan-bread-making-machine\/\" \/>\n<meta property=\"og:site_name\" content=\"SSS Food Machinery Technology\" \/>\n<meta property=\"article:modified_time\" content=\"2024-09-02T03:10:53+00:00\" \/>\n<meta name=\"twitter:card\" content=\"summary_large_image\" \/>\n<meta name=\"twitter:label1\" content=\"Tiempo de lectura\" \/>\n\t<meta name=\"twitter:data1\" content=\"2 minutos\" \/>\n<script type=\"application\/ld+json\" class=\"yoast-schema-graph\">{\"@context\":\"https:\/\/schema.org\",\"@graph\":[{\"@type\":\"WebPage\",\"@id\":\"https:\/\/sssmachinery.com\/product\/sss-pt-200-full-automatic-arabic-pita-nan-bread-making-machine\/\",\"url\":\"https:\/\/sssmachinery.com\/product\/sss-pt-200-full-automatic-arabic-pita-nan-bread-making-machine\/\",\"name\":\"SSS-PT-200 Full Automatic Arabic Pita Nan Bread Making Machine - SSS Food Machinery Technology\",\"isPartOf\":{\"@id\":\"https:\/\/sssmachinery.com\/#website\"},\"primaryImageOfPage\":{\"@id\":\"https:\/\/sssmachinery.com\/product\/sss-pt-200-full-automatic-arabic-pita-nan-bread-making-machine\/#primaryimage\"},\"image\":{\"@id\":\"https:\/\/sssmachinery.com\/product\/sss-pt-200-full-automatic-arabic-pita-nan-bread-making-machine\/#primaryimage\"},\"thumbnailUrl\":\"https:\/\/sssmachinery.com\/wp-content\/uploads\/2024\/07\/11.avif\",\"datePublished\":\"2024-07-04T09:19:26+00:00\",\"dateModified\":\"2024-09-02T03:10:53+00:00\",\"breadcrumb\":{\"@id\":\"https:\/\/sssmachinery.com\/product\/sss-pt-200-full-automatic-arabic-pita-nan-bread-making-machine\/#breadcrumb\"},\"inLanguage\":\"es-AR\",\"potentialAction\":[{\"@type\":\"ReadAction\",\"target\":[\"https:\/\/sssmachinery.com\/product\/sss-pt-200-full-automatic-arabic-pita-nan-bread-making-machine\/\"]}]},{\"@type\":\"ImageObject\",\"inLanguage\":\"es-AR\",\"@id\":\"https:\/\/sssmachinery.com\/product\/sss-pt-200-full-automatic-arabic-pita-nan-bread-making-machine\/#primaryimage\",\"url\":\"https:\/\/sssmachinery.com\/wp-content\/uploads\/2024\/07\/11.avif\",\"contentUrl\":\"https:\/\/sssmachinery.com\/wp-content\/uploads\/2024\/07\/11.avif\",\"width\":1000,\"height\":1000,\"caption\":\"Pita making machine\"},{\"@type\":\"BreadcrumbList\",\"@id\":\"https:\/\/sssmachinery.com\/product\/sss-pt-200-full-automatic-arabic-pita-nan-bread-making-machine\/#breadcrumb\",\"itemListElement\":[{\"@type\":\"ListItem\",\"position\":1,\"name\":\"\u9996\u9875\",\"item\":\"https:\/\/sssmachinery.com\/\"},{\"@type\":\"ListItem\",\"position\":2,\"name\":\"Products\",\"item\":\"https:\/\/sssmachinery.com\/products\/\"},{\"@type\":\"ListItem\",\"position\":3,\"name\":\"SSS-PT-200 Full Automatic Arabic Pita Nan Bread Making Machine\"}]},{\"@type\":\"WebSite\",\"@id\":\"https:\/\/sssmachinery.com\/#website\",\"url\":\"https:\/\/sssmachinery.com\/\",\"name\":\"SSS Food Machinery Technology\",\"description\":\"BEST SOLUTIONS FOR TORTILLA MACHINERY\",\"publisher\":{\"@id\":\"https:\/\/sssmachinery.com\/#organization\"},\"potentialAction\":[{\"@type\":\"SearchAction\",\"target\":{\"@type\":\"EntryPoint\",\"urlTemplate\":\"https:\/\/sssmachinery.com\/?s={search_term_string}\"},\"query-input\":\"required name=search_term_string\"}],\"inLanguage\":\"es-AR\"},{\"@type\":\"Organization\",\"@id\":\"https:\/\/sssmachinery.com\/#organization\",\"name\":\"SSS Food Machinery Technology\",\"url\":\"https:\/\/sssmachinery.com\/\",\"logo\":{\"@type\":\"ImageObject\",\"inLanguage\":\"es-AR\",\"@id\":\"https:\/\/sssmachinery.com\/#\/schema\/logo\/image\/\",\"url\":\"https:\/\/sssmachinery.com\/wp-content\/uploads\/2024\/05\/cropped-logo-1.png\",\"contentUrl\":\"https:\/\/sssmachinery.com\/wp-content\/uploads\/2024\/05\/cropped-logo-1.png\",\"width\":512,\"height\":512,\"caption\":\"SSS Food Machinery Technology\"},\"image\":{\"@id\":\"https:\/\/sssmachinery.com\/#\/schema\/logo\/image\/\"}}]}<\/script>\n<!-- \/ Yoast SEO Premium plugin. -->","yoast_head_json":{"title":"SSS-PT-200 Full Automatic Arabic Pita Nan Bread Making Machine - SSS Food Machinery Technology","robots":{"index":"index","follow":"follow","max-snippet":"max-snippet:-1","max-image-preview":"max-image-preview:large","max-video-preview":"max-video-preview:-1"},"canonical":"https:\/\/sssmachinery.com\/es\/producto\/sss-pt-200-full-automatic-arabic-pita-nan-bread-making-machine\/","og_locale":"es_ES","og_type":"article","og_title":"SSS-PT-200 Full Automatic Arabic Pita Nan Bread Making Machine","og_description":"Product description SSS-PT-200 Full Automatic Arabic Pita Nan Bread Making Machine is a state-of-the-art solution for commercial bakeries and food [&hellip;]","og_url":"https:\/\/sssmachinery.com\/es\/producto\/sss-pt-200-full-automatic-arabic-pita-nan-bread-making-machine\/","og_site_name":"SSS Food Machinery Technology","article_modified_time":"2024-09-02T03:10:53+00:00","twitter_card":"summary_large_image","twitter_misc":{"Tiempo de lectura":"2 minutos"},"schema":{"@context":"https:\/\/schema.org","@graph":[{"@type":"WebPage","@id":"https:\/\/sssmachinery.com\/product\/sss-pt-200-full-automatic-arabic-pita-nan-bread-making-machine\/","url":"https:\/\/sssmachinery.com\/product\/sss-pt-200-full-automatic-arabic-pita-nan-bread-making-machine\/","name":"SSS-PT-200 Full Automatic Arabic Pita Nan Bread Making Machine - SSS Food Machinery Technology","isPartOf":{"@id":"https:\/\/sssmachinery.com\/#website"},"primaryImageOfPage":{"@id":"https:\/\/sssmachinery.com\/product\/sss-pt-200-full-automatic-arabic-pita-nan-bread-making-machine\/#primaryimage"},"image":{"@id":"https:\/\/sssmachinery.com\/product\/sss-pt-200-full-automatic-arabic-pita-nan-bread-making-machine\/#primaryimage"},"thumbnailUrl":"https:\/\/sssmachinery.com\/wp-content\/uploads\/2024\/07\/11.avif","datePublished":"2024-07-04T09:19:26+00:00","dateModified":"2024-09-02T03:10:53+00:00","breadcrumb":{"@id":"https:\/\/sssmachinery.com\/product\/sss-pt-200-full-automatic-arabic-pita-nan-bread-making-machine\/#breadcrumb"},"inLanguage":"es-AR","potentialAction":[{"@type":"ReadAction","target":["https:\/\/sssmachinery.com\/product\/sss-pt-200-full-automatic-arabic-pita-nan-bread-making-machine\/"]}]},{"@type":"ImageObject","inLanguage":"es-AR","@id":"https:\/\/sssmachinery.com\/product\/sss-pt-200-full-automatic-arabic-pita-nan-bread-making-machine\/#primaryimage","url":"https:\/\/sssmachinery.com\/wp-content\/uploads\/2024\/07\/11.avif","contentUrl":"https:\/\/sssmachinery.com\/wp-content\/uploads\/2024\/07\/11.avif","width":1000,"height":1000,"caption":"Pita making machine"},{"@type":"BreadcrumbList","@id":"https:\/\/sssmachinery.com\/product\/sss-pt-200-full-automatic-arabic-pita-nan-bread-making-machine\/#breadcrumb","itemListElement":[{"@type":"ListItem","position":1,"name":"\u9996\u9875","item":"https:\/\/sssmachinery.com\/"},{"@type":"ListItem","position":2,"name":"Products","item":"https:\/\/sssmachinery.com\/products\/"},{"@type":"ListItem","position":3,"name":"SSS-PT-200 Full Automatic Arabic Pita Nan Bread Making Machine"}]},{"@type":"WebSite","@id":"https:\/\/sssmachinery.com\/#website","url":"https:\/\/sssmachinery.com\/","name":"SSS Food Machinery Technology","description":"BEST SOLUTIONS FOR TORTILLA MACHINERY","publisher":{"@id":"https:\/\/sssmachinery.com\/#organization"},"potentialAction":[{"@type":"SearchAction","target":{"@type":"EntryPoint","urlTemplate":"https:\/\/sssmachinery.com\/?s={search_term_string}"},"query-input":"required name=search_term_string"}],"inLanguage":"es-AR"},{"@type":"Organization","@id":"https:\/\/sssmachinery.com\/#organization","name":"SSS Food Machinery Technology","url":"https:\/\/sssmachinery.com\/","logo":{"@type":"ImageObject","inLanguage":"es-AR","@id":"https:\/\/sssmachinery.com\/#\/schema\/logo\/image\/","url":"https:\/\/sssmachinery.com\/wp-content\/uploads\/2024\/05\/cropped-logo-1.png","contentUrl":"https:\/\/sssmachinery.com\/wp-content\/uploads\/2024\/05\/cropped-logo-1.png","width":512,"height":512,"caption":"SSS Food Machinery Technology"},"image":{"@id":"https:\/\/sssmachinery.com\/#\/schema\/logo\/image\/"}}]}},"uagb_featured_image_src":{"full":["https:\/\/sssmachinery.com\/wp-content\/uploads\/2024\/07\/11.avif",1000,1000,false],"thumbnail":["https:\/\/sssmachinery.com\/wp-content\/uploads\/2024\/07\/11-150x150.avif",150,150,true],"medium":["https:\/\/sssmachinery.com\/wp-content\/uploads\/2024\/07\/11-300x300.avif",300,300,true],"medium_large":["https:\/\/sssmachinery.com\/wp-content\/uploads\/2024\/07\/11-768x768.avif",768,768,true],"large":["https:\/\/sssmachinery.com\/wp-content\/uploads\/2024\/07\/11.avif",1000,1000,false],"1536x1536":["https:\/\/sssmachinery.com\/wp-content\/uploads\/2024\/07\/11.avif",1000,1000,false],"2048x2048":["https:\/\/sssmachinery.com\/wp-content\/uploads\/2024\/07\/11.avif",1000,1000,false],"trp-custom-language-flag":["https:\/\/sssmachinery.com\/wp-content\/uploads\/2024\/07\/11-12x12.avif",12,12,true],"woocommerce_thumbnail":["https:\/\/sssmachinery.com\/wp-content\/uploads\/2024\/07\/11-300x300.avif",300,300,true],"woocommerce_single":["https:\/\/sssmachinery.com\/wp-content\/uploads\/2024\/07\/11-600x600.avif",600,600,true],"woocommerce_gallery_thumbnail":["https:\/\/sssmachinery.com\/wp-content\/uploads\/2024\/07\/11-100x100.avif",100,100,true]},"uagb_author_info":{"display_name":"info","author_link":"https:\/\/sssmachinery.com\/es\/author\/"},"uagb_comment_info":0,"uagb_excerpt":"Product description SSS-PT-200 Full Automatic Arabic Pita Nan Bread Making Machine is a state-of-the-art solution for commercial bakeries and food [&hellip;]","_links":{"self":[{"href":"https:\/\/sssmachinery.com\/es\/wp-json\/wp\/v2\/product\/1378"}],"collection":[{"href":"https:\/\/sssmachinery.com\/es\/wp-json\/wp\/v2\/product"}],"about":[{"href":"https:\/\/sssmachinery.com\/es\/wp-json\/wp\/v2\/types\/product"}],"wp:featuredmedia":[{"embeddable":true,"href":"https:\/\/sssmachinery.com\/es\/wp-json\/wp\/v2\/media\/1383"}],"wp:attachment":[{"href":"https:\/\/sssmachinery.com\/es\/wp-json\/wp\/v2\/media?parent=1378"}],"wp:term":[{"taxonomy":"product_cat","embeddable":true,"href":"https:\/\/sssmachinery.com\/es\/wp-json\/wp\/v2\/product_cat?post=1378"},{"taxonomy":"product_tag","embeddable":true,"href":"https:\/\/sssmachinery.com\/es\/wp-json\/wp\/v2\/product_tag?post=1378"}],"curies":[{"name":"wp","href":"https:\/\/api.w.org\/{rel}","templated":true}]}}