{"id":1369,"date":"2024-07-04T09:07:56","date_gmt":"2024-07-04T09:07:56","guid":{"rendered":"https:\/\/sssmachinery.com\/?post_type=product&#038;p=1369"},"modified":"2024-09-02T03:12:59","modified_gmt":"2024-09-02T03:12:59","slug":"chapati-tortilla-roti-pita-bread-automatic-food-vacuum-packing-machine-for-tortilla","status":"publish","type":"product","link":"https:\/\/sssmachinery.com\/es\/producto\/chapati-tortilla-roti-pita-bread-automatic-food-vacuum-packing-machine-for-tortilla\/","title":{"rendered":"Chapati Tortilla Roti Pan de Pita Envasadora al Vac\u00edo Autom\u00e1tica de Alimentos para Tortilla"},"content":{"rendered":"<h1><span style=\"color: #0000ff;\">Descripci\u00f3n del producto<\/span><\/h1>\n<hr \/>\n<p>una soluci\u00f3n revolucionaria para conservar la frescura y prolongar la vida \u00fatil de sus deliciosos panes planos. Esta m\u00e1quina de \u00faltima generaci\u00f3n est\u00e1 dise\u00f1ada para agilizar el proceso de envasado, garantizando que sus chapatis, tortillas, rotis y pitas se mantengan frescos y deliciosos durante m\u00e1s tiempo.<\/p>\n<p>Gracias a su avanzada tecnolog\u00eda de vac\u00edo, esta m\u00e1quina elimina eficazmente el aire del envase, creando un cierre herm\u00e9tico que evita la oxidaci\u00f3n y la p\u00e9rdida de humedad. Con su interfaz f\u00e1cil de usar y controles intuitivos, la m\u00e1quina es f\u00e1cil de manejar, lo que permite una integraci\u00f3n perfecta en su l\u00ednea de producci\u00f3n. Su robusta construcci\u00f3n y el cumplimiento de estrictas normas de seguridad garantizan un rendimiento fiable y una larga vida \u00fatil.<\/p>\n<p>La m\u00e1quina autom\u00e1tica de envasado al vac\u00edo para tortilla Chapati Tortilla Roti Pita Bread ofrece versatilidad en las opciones de envasado, adapt\u00e1ndose a una amplia gama de tama\u00f1os y formas de panes planos. Tanto si se trata de una peque\u00f1a panader\u00eda como de una planta de producci\u00f3n a gran escala, esta m\u00e1quina cambiar\u00e1 las reglas del juego y le proporcionar\u00e1 una ventaja competitiva en el mercado al ofrecer panes planos reci\u00e9n envasados que mantienen su sabor y textura excepcionales.<\/p>\n<h2><span style=\"color: #0000ff;\">Par\u00e1metros del formulario<\/span><\/h2>\n<hr \/>\n<table class=\"all magic-10\">\n<tbody>\n<tr>\n<td colspan=\"1\" rowspan=\"1\">\n<div class=\"magic-11\">\n<div class=\"magic-12\" data-spm-anchor-id=\"a2700.custom-template.0.i57.41fa33332rJrUX\"><strong>Di\u00e1metro m\u00e1ximo de la pel\u00edcula<\/strong><\/div>\n<\/div>\n<\/td>\n<td colspan=\"1\" rowspan=\"1\">\n<div class=\"magic-13\">\n<div class=\"magic-12\" data-spm-anchor-id=\"0.0.0.i12.78774f05C3ZSwP\"><strong><span class=\"magic-14\">320 mm<\/span><\/strong><\/div>\n<\/div>\n<\/td>\n<\/tr>\n<tr>\n<td colspan=\"1\" rowspan=\"1\">\n<div class=\"magic-11\">\n<div class=\"magic-12\" data-spm-anchor-id=\"0.0.0.i5.78774f05C3ZSwP\"><strong>Capacidad m\u00e1xima de envasado<\/strong><\/div>\n<\/div>\n<\/td>\n<td colspan=\"1\" rowspan=\"1\">\n<div class=\"magic-13\">\n<div class=\"magic-12\" data-spm-anchor-id=\"0.0.0.i4.78774f05C3ZSwP\"><strong><span class=\"magic-14\">20-180 paquetes\/min<\/span><\/strong><\/div>\n<\/div>\n<\/td>\n<\/tr>\n<tr>\n<td colspan=\"1\" rowspan=\"1\">\n<div class=\"magic-11\">\n<div class=\"magic-12\" data-spm-anchor-id=\"0.0.0.i6.78774f05C3ZSwP\"><strong>Adaptarse al grosor de la pel\u00edcula<\/strong><\/div>\n<\/div>\n<\/td>\n<td colspan=\"1\" rowspan=\"1\">\n<div class=\"magic-13\">\n<div class=\"magic-12\" data-spm-anchor-id=\"0.0.0.i5.78774f05vZMQRZ\"><strong><span class=\"magic-14\">0,02-0,08 mm<\/span><\/strong><\/div>\n<\/div>\n<\/td>\n<\/tr>\n<tr>\n<td colspan=\"1\" rowspan=\"1\">\n<div class=\"magic-11\">\n<div class=\"magic-12\" data-spm-anchor-id=\"0.0.0.i7.78774f05C3ZSwP\"><strong>longitud de la bolsa<\/strong><\/div>\n<\/div>\n<\/td>\n<td colspan=\"1\" rowspan=\"1\">\n<div class=\"magic-13\">\n<div class=\"magic-12\" data-spm-anchor-id=\"0.0.0.i7.78774f05vZMQRZ\"><strong><span class=\"magic-14\">70-300 mm<\/span><\/strong><\/div>\n<\/div>\n<\/td>\n<\/tr>\n<tr>\n<td colspan=\"1\" rowspan=\"1\">\n<div class=\"magic-11\">\n<div class=\"magic-12\" data-spm-anchor-id=\"a2700.custom-template.0.i34.41fa33332rJrUX\"><strong>Anchura del envase<\/strong><\/div>\n<\/div>\n<\/td>\n<td colspan=\"1\" rowspan=\"1\">\n<div class=\"magic-13\">\n<div class=\"magic-12\" data-spm-anchor-id=\"0.0.0.i8.78774f05vZMQRZ\"><strong>no m\u00e1s de 150 mm<\/strong><\/div>\n<\/div>\n<\/td>\n<\/tr>\n<tr>\n<td colspan=\"1\" rowspan=\"1\">\n<div class=\"magic-11\">\n<div class=\"magic-12\" data-spm-anchor-id=\"0.0.0.i8.78774f05C3ZSwP\"><strong>material de envasado<\/strong><\/div>\n<\/div>\n<\/td>\n<td colspan=\"1\" rowspan=\"1\">\n<div class=\"magic-13\">\n<div class=\"magic-12\" data-spm-anchor-id=\"a2700.custom-template.0.i56.41fa33332rJrUX\"><strong>sujeto a muestreo<\/strong><\/div>\n<\/div>\n<\/td>\n<\/tr>\n<tr>\n<td colspan=\"1\" rowspan=\"1\">\n<div class=\"magic-11\">\n<div class=\"magic-12\" data-spm-anchor-id=\"0.0.0.i9.78774f05C3ZSwP\"><strong>Tensi\u00f3n<\/strong><\/div>\n<\/div>\n<\/td>\n<td colspan=\"1\" rowspan=\"1\">\n<div class=\"magic-13\">\n<div class=\"magic-12\" data-spm-anchor-id=\"0.0.0.i10.78774f05vZMQRZ\"><strong>1,8kw\/220v<\/strong><\/div>\n<\/div>\n<\/td>\n<\/tr>\n<tr>\n<td colspan=\"1\" rowspan=\"1\">\n<div class=\"magic-11\">\n<div class=\"magic-12\" data-spm-anchor-id=\"0.0.0.i10.78774f05C3ZSwP\"><strong>Dimensiones de la m\u00e1quina (largo * ancho * alto)<\/strong><\/div>\n<\/div>\n<\/td>\n<td colspan=\"1\" rowspan=\"1\">\n<div class=\"magic-13\">\n<div class=\"magic-12\" data-spm-anchor-id=\"0.0.0.i12.78774f05vZMQRZ\"><strong>3900*920*1450mm<\/strong><\/div>\n<\/div>\n<\/td>\n<\/tr>\n<tr>\n<td colspan=\"1\" rowspan=\"1\">\n<div class=\"magic-11\">\n<div class=\"magic-12\" data-spm-anchor-id=\"0.0.0.i11.78774f05C3ZSwP\"><strong>peso bruto<\/strong><\/div>\n<\/div>\n<\/td>\n<td colspan=\"1\" rowspan=\"1\">\n<div class=\"magic-13\">\n<div class=\"magic-12\" data-spm-anchor-id=\"a2700.pc-decorate.0.i7.7f8c3333zrPJGs\"><strong><span class=\"magic-14\">450 kg<\/span><\/strong><\/div>\n<\/div>\n<\/td>\n<\/tr>\n<\/tbody>\n<\/table>","protected":false},"excerpt":{"rendered":"<p>Product description a revolutionary solution for preserving the freshness and extending the shelf life of your delectable flatbreads. This state-of-the-art [&hellip;]<\/p>","protected":false},"featured_media":1374,"template":"","meta":{"_uag_custom_page_level_css":"","_monsterinsights_skip_tracking":false,"_monsterinsights_sitenote_active":false,"_monsterinsights_sitenote_note":"","_monsterinsights_sitenote_category":0,"site-sidebar-layout":"default","site-content-layout":"","ast-site-content-layout":"default","site-content-style":"default","site-sidebar-style":"default","ast-global-header-display":"","ast-banner-title-visibility":"","ast-main-header-display":"","ast-hfb-above-header-display":"","ast-hfb-below-header-display":"","ast-hfb-mobile-header-display":"","site-post-title":"","ast-breadcrumbs-content":"","ast-featured-img":"","footer-sml-layout":"","theme-transparent-header-meta":"default","adv-header-id-meta":"","stick-header-meta":"default","header-above-stick-meta":"","header-main-stick-meta":"","header-below-stick-meta":"","astra-migrate-meta-layouts":"set","ast-page-background-enabled":"default","ast-page-background-meta":{"desktop":{"background-color":"var(--ast-global-color-4)","background-image":"","background-repeat":"repeat","background-position":"center center","background-size":"auto","background-attachment":"scroll","background-type":"","background-media":"","overlay-type":"","overlay-color":"","overlay-opacity":"","overlay-gradient":""},"tablet":{"background-color":"","background-image":"","background-repeat":"repeat","background-position":"center center","background-size":"auto","background-attachment":"scroll","background-type":"","background-media":"","overlay-type":"","overlay-color":"","overlay-opacity":"","overlay-gradient":""},"mobile":{"background-color":"","background-image":"","background-repeat":"repeat","background-position":"center center","background-size":"auto","background-attachment":"scroll","background-type":"","background-media":"","overlay-type":"","overlay-color":"","overlay-opacity":"","overlay-gradient":""}},"ast-content-background-meta":{"desktop":{"background-color":"var(--ast-global-color-5)","background-image":"","background-repeat":"repeat","background-position":"center center","background-size":"auto","background-attachment":"scroll","background-type":"","background-media":"","overlay-type":"","overlay-color":"","overlay-opacity":"","overlay-gradient":""},"tablet":{"background-color":"var(--ast-global-color-5)","background-image":"","background-repeat":"repeat","background-position":"center center","background-size":"auto","background-attachment":"scroll","background-type":"","background-media":"","overlay-type":"","overlay-color":"","overlay-opacity":"","overlay-gradient":""},"mobile":{"background-color":"var(--ast-global-color-5)","background-image":"","background-repeat":"repeat","background-position":"center center","background-size":"auto","background-attachment":"scroll","background-type":"","background-media":"","overlay-type":"","overlay-color":"","overlay-opacity":"","overlay-gradient":""}}},"product_cat":[26,42],"product_tag":[],"yoast_head":"<!-- This site is optimized with the Yoast SEO Premium plugin v22.6 (Yoast SEO v22.6) - https:\/\/yoast.com\/wordpress\/plugins\/seo\/ -->\n<title>Chapati Tortilla Roti Pita Bread Automatic Food Vacuum Packing Machine For Tortilla - SSS Food Machinery Technology<\/title>\n<meta name=\"robots\" content=\"index, follow, max-snippet:-1, max-image-preview:large, max-video-preview:-1\" \/>\n<link rel=\"canonical\" href=\"https:\/\/sssmachinery.com\/es\/producto\/chapati-tortilla-roti-pita-bread-automatic-food-vacuum-packing-machine-for-tortilla\/\" \/>\n<meta property=\"og:locale\" content=\"es_ES\" \/>\n<meta property=\"og:type\" content=\"article\" \/>\n<meta property=\"og:title\" content=\"Chapati Tortilla Roti Pita Bread Automatic Food Vacuum Packing Machine For Tortilla\" \/>\n<meta property=\"og:description\" content=\"Product description a revolutionary solution for preserving the freshness and extending the shelf life of your delectable flatbreads. This state-of-the-art [&hellip;]\" \/>\n<meta property=\"og:url\" content=\"https:\/\/sssmachinery.com\/es\/producto\/chapati-tortilla-roti-pita-bread-automatic-food-vacuum-packing-machine-for-tortilla\/\" \/>\n<meta property=\"og:site_name\" content=\"SSS Food Machinery Technology\" \/>\n<meta property=\"article:modified_time\" content=\"2024-09-02T03:12:59+00:00\" \/>\n<meta name=\"twitter:card\" content=\"summary_large_image\" \/>\n<meta name=\"twitter:label1\" content=\"Tiempo de lectura\" \/>\n\t<meta name=\"twitter:data1\" content=\"2 minutos\" \/>\n<script type=\"application\/ld+json\" class=\"yoast-schema-graph\">{\"@context\":\"https:\/\/schema.org\",\"@graph\":[{\"@type\":\"WebPage\",\"@id\":\"https:\/\/sssmachinery.com\/product\/chapati-tortilla-roti-pita-bread-automatic-food-vacuum-packing-machine-for-tortilla\/\",\"url\":\"https:\/\/sssmachinery.com\/product\/chapati-tortilla-roti-pita-bread-automatic-food-vacuum-packing-machine-for-tortilla\/\",\"name\":\"Chapati Tortilla Roti Pita Bread Automatic Food Vacuum Packing Machine For Tortilla - SSS Food Machinery Technology\",\"isPartOf\":{\"@id\":\"https:\/\/sssmachinery.com\/#website\"},\"primaryImageOfPage\":{\"@id\":\"https:\/\/sssmachinery.com\/product\/chapati-tortilla-roti-pita-bread-automatic-food-vacuum-packing-machine-for-tortilla\/#primaryimage\"},\"image\":{\"@id\":\"https:\/\/sssmachinery.com\/product\/chapati-tortilla-roti-pita-bread-automatic-food-vacuum-packing-machine-for-tortilla\/#primaryimage\"},\"thumbnailUrl\":\"https:\/\/sssmachinery.com\/wp-content\/uploads\/2024\/07\/6.avif\",\"datePublished\":\"2024-07-04T09:07:56+00:00\",\"dateModified\":\"2024-09-02T03:12:59+00:00\",\"breadcrumb\":{\"@id\":\"https:\/\/sssmachinery.com\/product\/chapati-tortilla-roti-pita-bread-automatic-food-vacuum-packing-machine-for-tortilla\/#breadcrumb\"},\"inLanguage\":\"es-AR\",\"potentialAction\":[{\"@type\":\"ReadAction\",\"target\":[\"https:\/\/sssmachinery.com\/product\/chapati-tortilla-roti-pita-bread-automatic-food-vacuum-packing-machine-for-tortilla\/\"]}]},{\"@type\":\"ImageObject\",\"inLanguage\":\"es-AR\",\"@id\":\"https:\/\/sssmachinery.com\/product\/chapati-tortilla-roti-pita-bread-automatic-food-vacuum-packing-machine-for-tortilla\/#primaryimage\",\"url\":\"https:\/\/sssmachinery.com\/wp-content\/uploads\/2024\/07\/6.avif\",\"contentUrl\":\"https:\/\/sssmachinery.com\/wp-content\/uploads\/2024\/07\/6.avif\",\"width\":600,\"height\":600,\"caption\":\"Food Packaging Machine\"},{\"@type\":\"BreadcrumbList\",\"@id\":\"https:\/\/sssmachinery.com\/product\/chapati-tortilla-roti-pita-bread-automatic-food-vacuum-packing-machine-for-tortilla\/#breadcrumb\",\"itemListElement\":[{\"@type\":\"ListItem\",\"position\":1,\"name\":\"\u9996\u9875\",\"item\":\"https:\/\/sssmachinery.com\/\"},{\"@type\":\"ListItem\",\"position\":2,\"name\":\"Products\",\"item\":\"https:\/\/sssmachinery.com\/products\/\"},{\"@type\":\"ListItem\",\"position\":3,\"name\":\"Chapati Tortilla Roti Pita Bread Automatic Food Vacuum Packing Machine For Tortilla\"}]},{\"@type\":\"WebSite\",\"@id\":\"https:\/\/sssmachinery.com\/#website\",\"url\":\"https:\/\/sssmachinery.com\/\",\"name\":\"SSS Food Machinery Technology\",\"description\":\"BEST SOLUTIONS FOR TORTILLA MACHINERY\",\"publisher\":{\"@id\":\"https:\/\/sssmachinery.com\/#organization\"},\"potentialAction\":[{\"@type\":\"SearchAction\",\"target\":{\"@type\":\"EntryPoint\",\"urlTemplate\":\"https:\/\/sssmachinery.com\/?s={search_term_string}\"},\"query-input\":\"required name=search_term_string\"}],\"inLanguage\":\"es-AR\"},{\"@type\":\"Organization\",\"@id\":\"https:\/\/sssmachinery.com\/#organization\",\"name\":\"SSS Food Machinery Technology\",\"url\":\"https:\/\/sssmachinery.com\/\",\"logo\":{\"@type\":\"ImageObject\",\"inLanguage\":\"es-AR\",\"@id\":\"https:\/\/sssmachinery.com\/#\/schema\/logo\/image\/\",\"url\":\"https:\/\/sssmachinery.com\/wp-content\/uploads\/2024\/05\/cropped-logo-1.png\",\"contentUrl\":\"https:\/\/sssmachinery.com\/wp-content\/uploads\/2024\/05\/cropped-logo-1.png\",\"width\":512,\"height\":512,\"caption\":\"SSS Food Machinery Technology\"},\"image\":{\"@id\":\"https:\/\/sssmachinery.com\/#\/schema\/logo\/image\/\"}}]}<\/script>\n<!-- \/ Yoast SEO Premium plugin. -->","yoast_head_json":{"title":"Chapati Tortilla Roti Pita Bread Automatic Food Vacuum Packing Machine For Tortilla - SSS Food Machinery Technology","robots":{"index":"index","follow":"follow","max-snippet":"max-snippet:-1","max-image-preview":"max-image-preview:large","max-video-preview":"max-video-preview:-1"},"canonical":"https:\/\/sssmachinery.com\/es\/producto\/chapati-tortilla-roti-pita-bread-automatic-food-vacuum-packing-machine-for-tortilla\/","og_locale":"es_ES","og_type":"article","og_title":"Chapati Tortilla Roti Pita Bread Automatic Food Vacuum Packing Machine For Tortilla","og_description":"Product description a revolutionary solution for preserving the freshness and extending the shelf life of your delectable flatbreads. This state-of-the-art [&hellip;]","og_url":"https:\/\/sssmachinery.com\/es\/producto\/chapati-tortilla-roti-pita-bread-automatic-food-vacuum-packing-machine-for-tortilla\/","og_site_name":"SSS Food Machinery Technology","article_modified_time":"2024-09-02T03:12:59+00:00","twitter_card":"summary_large_image","twitter_misc":{"Tiempo de lectura":"2 minutos"},"schema":{"@context":"https:\/\/schema.org","@graph":[{"@type":"WebPage","@id":"https:\/\/sssmachinery.com\/product\/chapati-tortilla-roti-pita-bread-automatic-food-vacuum-packing-machine-for-tortilla\/","url":"https:\/\/sssmachinery.com\/product\/chapati-tortilla-roti-pita-bread-automatic-food-vacuum-packing-machine-for-tortilla\/","name":"Chapati Tortilla Roti Pita Bread Automatic Food Vacuum Packing Machine For Tortilla - SSS Food Machinery Technology","isPartOf":{"@id":"https:\/\/sssmachinery.com\/#website"},"primaryImageOfPage":{"@id":"https:\/\/sssmachinery.com\/product\/chapati-tortilla-roti-pita-bread-automatic-food-vacuum-packing-machine-for-tortilla\/#primaryimage"},"image":{"@id":"https:\/\/sssmachinery.com\/product\/chapati-tortilla-roti-pita-bread-automatic-food-vacuum-packing-machine-for-tortilla\/#primaryimage"},"thumbnailUrl":"https:\/\/sssmachinery.com\/wp-content\/uploads\/2024\/07\/6.avif","datePublished":"2024-07-04T09:07:56+00:00","dateModified":"2024-09-02T03:12:59+00:00","breadcrumb":{"@id":"https:\/\/sssmachinery.com\/product\/chapati-tortilla-roti-pita-bread-automatic-food-vacuum-packing-machine-for-tortilla\/#breadcrumb"},"inLanguage":"es-AR","potentialAction":[{"@type":"ReadAction","target":["https:\/\/sssmachinery.com\/product\/chapati-tortilla-roti-pita-bread-automatic-food-vacuum-packing-machine-for-tortilla\/"]}]},{"@type":"ImageObject","inLanguage":"es-AR","@id":"https:\/\/sssmachinery.com\/product\/chapati-tortilla-roti-pita-bread-automatic-food-vacuum-packing-machine-for-tortilla\/#primaryimage","url":"https:\/\/sssmachinery.com\/wp-content\/uploads\/2024\/07\/6.avif","contentUrl":"https:\/\/sssmachinery.com\/wp-content\/uploads\/2024\/07\/6.avif","width":600,"height":600,"caption":"Food Packaging Machine"},{"@type":"BreadcrumbList","@id":"https:\/\/sssmachinery.com\/product\/chapati-tortilla-roti-pita-bread-automatic-food-vacuum-packing-machine-for-tortilla\/#breadcrumb","itemListElement":[{"@type":"ListItem","position":1,"name":"\u9996\u9875","item":"https:\/\/sssmachinery.com\/"},{"@type":"ListItem","position":2,"name":"Products","item":"https:\/\/sssmachinery.com\/products\/"},{"@type":"ListItem","position":3,"name":"Chapati Tortilla Roti Pita Bread Automatic Food Vacuum Packing Machine For Tortilla"}]},{"@type":"WebSite","@id":"https:\/\/sssmachinery.com\/#website","url":"https:\/\/sssmachinery.com\/","name":"SSS Food Machinery Technology","description":"BEST SOLUTIONS FOR TORTILLA MACHINERY","publisher":{"@id":"https:\/\/sssmachinery.com\/#organization"},"potentialAction":[{"@type":"SearchAction","target":{"@type":"EntryPoint","urlTemplate":"https:\/\/sssmachinery.com\/?s={search_term_string}"},"query-input":"required name=search_term_string"}],"inLanguage":"es-AR"},{"@type":"Organization","@id":"https:\/\/sssmachinery.com\/#organization","name":"SSS Food Machinery Technology","url":"https:\/\/sssmachinery.com\/","logo":{"@type":"ImageObject","inLanguage":"es-AR","@id":"https:\/\/sssmachinery.com\/#\/schema\/logo\/image\/","url":"https:\/\/sssmachinery.com\/wp-content\/uploads\/2024\/05\/cropped-logo-1.png","contentUrl":"https:\/\/sssmachinery.com\/wp-content\/uploads\/2024\/05\/cropped-logo-1.png","width":512,"height":512,"caption":"SSS Food Machinery Technology"},"image":{"@id":"https:\/\/sssmachinery.com\/#\/schema\/logo\/image\/"}}]}},"uagb_featured_image_src":{"full":["https:\/\/sssmachinery.com\/wp-content\/uploads\/2024\/07\/6.avif",600,600,false],"thumbnail":["https:\/\/sssmachinery.com\/wp-content\/uploads\/2024\/07\/6-150x150.avif",150,150,true],"medium":["https:\/\/sssmachinery.com\/wp-content\/uploads\/2024\/07\/6-300x300.avif",300,300,true],"medium_large":["https:\/\/sssmachinery.com\/wp-content\/uploads\/2024\/07\/6.avif",600,600,false],"large":["https:\/\/sssmachinery.com\/wp-content\/uploads\/2024\/07\/6.avif",600,600,false],"1536x1536":["https:\/\/sssmachinery.com\/wp-content\/uploads\/2024\/07\/6.avif",600,600,false],"2048x2048":["https:\/\/sssmachinery.com\/wp-content\/uploads\/2024\/07\/6.avif",600,600,false],"trp-custom-language-flag":["https:\/\/sssmachinery.com\/wp-content\/uploads\/2024\/07\/6-12x12.avif",12,12,true],"woocommerce_thumbnail":["https:\/\/sssmachinery.com\/wp-content\/uploads\/2024\/07\/6-300x300.avif",300,300,true],"woocommerce_single":["https:\/\/sssmachinery.com\/wp-content\/uploads\/2024\/07\/6.avif",600,600,false],"woocommerce_gallery_thumbnail":["https:\/\/sssmachinery.com\/wp-content\/uploads\/2024\/07\/6-100x100.avif",100,100,true]},"uagb_author_info":{"display_name":"info","author_link":"https:\/\/sssmachinery.com\/es\/author\/"},"uagb_comment_info":0,"uagb_excerpt":"Product description a revolutionary solution for preserving the freshness and extending the shelf life of your delectable flatbreads. This state-of-the-art [&hellip;]","_links":{"self":[{"href":"https:\/\/sssmachinery.com\/es\/wp-json\/wp\/v2\/product\/1369"}],"collection":[{"href":"https:\/\/sssmachinery.com\/es\/wp-json\/wp\/v2\/product"}],"about":[{"href":"https:\/\/sssmachinery.com\/es\/wp-json\/wp\/v2\/types\/product"}],"wp:featuredmedia":[{"embeddable":true,"href":"https:\/\/sssmachinery.com\/es\/wp-json\/wp\/v2\/media\/1374"}],"wp:attachment":[{"href":"https:\/\/sssmachinery.com\/es\/wp-json\/wp\/v2\/media?parent=1369"}],"wp:term":[{"taxonomy":"product_cat","embeddable":true,"href":"https:\/\/sssmachinery.com\/es\/wp-json\/wp\/v2\/product_cat?post=1369"},{"taxonomy":"product_tag","embeddable":true,"href":"https:\/\/sssmachinery.com\/es\/wp-json\/wp\/v2\/product_tag?post=1369"}],"curies":[{"name":"wp","href":"https:\/\/api.w.org\/{rel}","templated":true}]}}