{"id":1363,"date":"2024-07-04T08:56:33","date_gmt":"2024-07-04T08:56:33","guid":{"rendered":"https:\/\/sssmachinery.com\/?post_type=product&#038;p=1363"},"modified":"2024-09-02T03:13:10","modified_gmt":"2024-09-02T03:13:10","slug":"mooncake-kubba-coxinha-mochi-encrusting-machine-production-line","status":"publish","type":"product","link":"https:\/\/sssmachinery.com\/es\/producto\/mooncake-kubba-coxinha-mochi-encrusting-machine-production-line\/","title":{"rendered":"Mooncake kubba coxinha mochi incrusting machine L\u00ednea de producci\u00f3n"},"content":{"rendered":"<h1><span style=\"color: #0000ff;\">Descripci\u00f3n del producto<\/span><\/h1>\n<hr \/>\n<p>un sistema revolucionario dise\u00f1ado para agilizar el proceso de incrustaci\u00f3n de una amplia gama de delicias. Esta l\u00ednea de vanguardia cuenta con m\u00f3dulos avanzados que funcionan en perfecta armon\u00eda para incrustar sus mooncakes, kubbas, coxinhas y mochis con precisi\u00f3n y eficiencia, garantizando resultados uniformes y de alta calidad.<\/p>\n<p>El sistema automatizado de incrustaci\u00f3n garantiza una distribuci\u00f3n uniforme de los recubrimientos, ya sean semillas de s\u00e9samo, copos de coco o cualquier otra cobertura deseada. Con su interfaz f\u00e1cil de usar y controles intuitivos, la l\u00ednea de producci\u00f3n es f\u00e1cil de manejar, lo que minimiza el tiempo de inactividad y maximiza la productividad. Su dise\u00f1o modular permite una integraci\u00f3n perfecta en las l\u00edneas de producci\u00f3n existentes, lo que la convierte en una soluci\u00f3n vers\u00e1til y escalable para empresas de todos los tama\u00f1os.<\/p>\n<p>Construida con materiales duraderos y conforme a las normas de seguridad m\u00e1s estrictas, esta l\u00ednea de producci\u00f3n garantiza un rendimiento duradero y fiable. Mejore sus productos de confiter\u00eda y deleite a sus clientes con delicias perfectamente incrustadas gracias a la innovadora l\u00ednea de producci\u00f3n de Mooncake kubba coxinha mochi encrusting machine.<\/p>\n<h2><span style=\"color: #0000ff;\">Par\u00e1metros del formulario<\/span><\/h2>\n<hr \/>\n<table class=\"all magic-14\">\n<tbody>\n<tr>\n<td colspan=\"2\" rowspan=\"1\">\n<div class=\"magic-15\">\n<div class=\"magic-16\" data-spm-anchor-id=\"a2700.details.0.i60.568f7fb95OYrCf\">M\u00e1quina incrustadora<\/div>\n<\/div>\n<\/td>\n<td colspan=\"1\" rowspan=\"9\">\n<div class=\"magic-19\"><\/div>\n<\/td>\n<td colspan=\"2\" rowspan=\"1\">\n<div class=\"magic-20\">\n<div class=\"magic-16\" data-spm-anchor-id=\"a2700.details.0.i59.568f7fb95OYrCf\">M\u00e1quina formadora<\/div>\n<\/div>\n<\/td>\n<td colspan=\"1\" rowspan=\"9\">\n<div class=\"magic-22\"><\/div>\n<\/td>\n<td colspan=\"2\" rowspan=\"1\">\n<div class=\"magic-23\">\n<div class=\"magic-16\">M\u00e1quina de bandejas<\/div>\n<\/div>\n<\/td>\n<\/tr>\n<tr>\n<td colspan=\"1\" rowspan=\"1\">\n<div class=\"magic-25\">Modelo<\/div>\n<\/td>\n<td colspan=\"1\" rowspan=\"1\">\n<div class=\"magic-18\">JKB-360<\/div>\n<\/td>\n<td colspan=\"1\" rowspan=\"1\">\n<div class=\"magic-27\">Modelo<\/div>\n<\/td>\n<td colspan=\"1\" rowspan=\"1\">\n<div class=\"magic-21\">JKC-260<\/div>\n<\/td>\n<td colspan=\"1\" rowspan=\"1\">\n<div class=\"magic-29\">Modelo<\/div>\n<\/td>\n<td class=\"magic-30\" colspan=\"1\" rowspan=\"1\">\n<div class=\"magic-24\">JKPP-460<\/div>\n<\/td>\n<\/tr>\n<tr>\n<td colspan=\"1\" rowspan=\"1\">\n<div class=\"magic-25\">Peso del producto<\/div>\n<\/td>\n<td colspan=\"1\" rowspan=\"1\">\n<div class=\"magic-18\">20-180g\/pc<\/div>\n<\/td>\n<td colspan=\"1\" rowspan=\"1\">\n<div class=\"magic-27\">Peso del producto<\/div>\n<\/td>\n<td colspan=\"1\" rowspan=\"1\">\n<div class=\"magic-21\">20-180g\/pc<\/div>\n<\/td>\n<td colspan=\"1\" rowspan=\"1\">\n<div class=\"magic-29\">Peso del producto<\/div>\n<\/td>\n<td class=\"magic-30\" colspan=\"1\" rowspan=\"1\">\n<div class=\"magic-24\">20-180g\/pc<\/div>\n<\/td>\n<\/tr>\n<tr>\n<td colspan=\"1\" rowspan=\"1\">\n<div class=\"magic-25\">Capacidad<\/div>\n<\/td>\n<td colspan=\"1\" rowspan=\"1\">\n<div class=\"magic-18\">1800-4800pcs\/h<\/div>\n<\/td>\n<td colspan=\"1\" rowspan=\"1\">\n<div class=\"magic-27\">Capacidad<\/div>\n<\/td>\n<td colspan=\"1\" rowspan=\"1\">\n<div class=\"magic-21\">1800-4800pcs\/h<\/div>\n<\/td>\n<td colspan=\"1\" rowspan=\"1\">\n<div class=\"magic-29\">Capacidad<\/div>\n<\/td>\n<td class=\"magic-30\" colspan=\"1\" rowspan=\"1\">\n<div class=\"magic-24\">1800-4800pcs\/h<\/div>\n<\/td>\n<\/tr>\n<tr>\n<td colspan=\"1\" rowspan=\"1\">\n<div class=\"magic-31\">Potencia<\/div>\n<\/td>\n<td colspan=\"1\" rowspan=\"1\">\n<div class=\"magic-32\">3,6 kW<\/div>\n<\/td>\n<td colspan=\"1\" rowspan=\"1\">\n<div class=\"magic-27\">Potencia<\/div>\n<\/td>\n<td colspan=\"1\" rowspan=\"1\">\n<div class=\"magic-21\">0,75 kW<\/div>\n<\/td>\n<td colspan=\"1\" rowspan=\"1\">\n<div class=\"magic-29\">Potencia<\/div>\n<\/td>\n<td colspan=\"1\" rowspan=\"1\">\n<div class=\"magic-24\">1kw<\/div>\n<\/td>\n<\/tr>\n<tr>\n<td colspan=\"1\" rowspan=\"1\">\n<div class=\"magic-31\">Tensi\u00f3n<\/div>\n<\/td>\n<td colspan=\"1\" rowspan=\"1\">\n<div class=\"magic-32\">220V\/380V<\/div>\n<\/td>\n<td colspan=\"1\" rowspan=\"1\">\n<div class=\"magic-27\">Tensi\u00f3n<\/div>\n<\/td>\n<td colspan=\"1\" rowspan=\"1\">\n<div class=\"magic-21\">220V\/380V<\/div>\n<\/td>\n<td colspan=\"1\" rowspan=\"1\">\n<div class=\"magic-29\">Tensi\u00f3n<\/div>\n<\/td>\n<td colspan=\"1\" rowspan=\"1\">\n<div class=\"magic-24\">220V\/380V<\/div>\n<\/td>\n<\/tr>\n<tr>\n<td colspan=\"1\" rowspan=\"1\">\n<div class=\"magic-31\">Frecuencia<\/div>\n<\/td>\n<td colspan=\"1\" rowspan=\"1\">\n<div class=\"magic-32\" data-spm-anchor-id=\"a2700.details.0.i61.568f7fb95OYrCf\">50 Hz<\/div>\n<\/td>\n<td colspan=\"1\" rowspan=\"1\">\n<div class=\"magic-27\">Frecuencia<\/div>\n<\/td>\n<td colspan=\"1\" rowspan=\"1\">\n<div class=\"magic-21\">50 Hz<\/div>\n<\/td>\n<td colspan=\"1\" rowspan=\"1\">\n<div class=\"magic-29\">Frecuencia<\/div>\n<\/td>\n<td colspan=\"1\" rowspan=\"1\">\n<div class=\"magic-24\">50 Hz<\/div>\n<\/td>\n<\/tr>\n<tr>\n<td colspan=\"1\" rowspan=\"1\">\n<div class=\"magic-31\">Dimensi\u00f3n<\/div>\n<\/td>\n<td colspan=\"1\" rowspan=\"1\">\n<div class=\"magic-32\">1455*850*1650<\/div>\n<\/td>\n<td colspan=\"1\" rowspan=\"1\">\n<div class=\"magic-27\">Dimensi\u00f3n<\/div>\n<\/td>\n<td colspan=\"1\" rowspan=\"1\">\n<div class=\"magic-21\">1650*550*1000<\/div>\n<\/td>\n<td colspan=\"1\" rowspan=\"1\">\n<div class=\"magic-29\">Dimensi\u00f3n<\/div>\n<\/td>\n<td colspan=\"1\" rowspan=\"1\">\n<div class=\"magic-24\">1400*1200*1600<\/div>\n<\/td>\n<\/tr>\n<tr>\n<td colspan=\"1\" rowspan=\"1\">\n<div class=\"magic-31\">Peso de la m\u00e1quina<\/div>\n<\/td>\n<td colspan=\"1\" rowspan=\"1\">\n<div class=\"magic-32\">600 kg<\/div>\n<\/td>\n<td colspan=\"1\" rowspan=\"1\">\n<div class=\"magic-27\">Peso de la m\u00e1quina<\/div>\n<\/td>\n<td colspan=\"1\" rowspan=\"1\">\n<div class=\"magic-21\">200KG<\/div>\n<\/td>\n<td colspan=\"1\" rowspan=\"1\">\n<div class=\"magic-29\">Peso de la m\u00e1quina<\/div>\n<\/td>\n<td colspan=\"1\" rowspan=\"1\">\n<div class=\"magic-24\">400KG<\/div>\n<\/td>\n<\/tr>\n<\/tbody>\n<\/table>","protected":false},"excerpt":{"rendered":"<p>Product description a revolutionary system designed to streamline the encrusting process for a wide range of delectable treats. This cutting-edge [&hellip;]<\/p>","protected":false},"featured_media":1368,"template":"","meta":{"_uag_custom_page_level_css":"","_monsterinsights_skip_tracking":false,"_monsterinsights_sitenote_active":false,"_monsterinsights_sitenote_note":"","_monsterinsights_sitenote_category":0,"site-sidebar-layout":"default","site-content-layout":"","ast-site-content-layout":"default","site-content-style":"default","site-sidebar-style":"default","ast-global-header-display":"","ast-banner-title-visibility":"","ast-main-header-display":"","ast-hfb-above-header-display":"","ast-hfb-below-header-display":"","ast-hfb-mobile-header-display":"","site-post-title":"","ast-breadcrumbs-content":"","ast-featured-img":"","footer-sml-layout":"","theme-transparent-header-meta":"default","adv-header-id-meta":"","stick-header-meta":"default","header-above-stick-meta":"","header-main-stick-meta":"","header-below-stick-meta":"","astra-migrate-meta-layouts":"set","ast-page-background-enabled":"default","ast-page-background-meta":{"desktop":{"background-color":"var(--ast-global-color-4)","background-image":"","background-repeat":"repeat","background-position":"center center","background-size":"auto","background-attachment":"scroll","background-type":"","background-media":"","overlay-type":"","overlay-color":"","overlay-opacity":"","overlay-gradient":""},"tablet":{"background-color":"","background-image":"","background-repeat":"repeat","background-position":"center center","background-size":"auto","background-attachment":"scroll","background-type":"","background-media":"","overlay-type":"","overlay-color":"","overlay-opacity":"","overlay-gradient":""},"mobile":{"background-color":"","background-image":"","background-repeat":"repeat","background-position":"center center","background-size":"auto","background-attachment":"scroll","background-type":"","background-media":"","overlay-type":"","overlay-color":"","overlay-opacity":"","overlay-gradient":""}},"ast-content-background-meta":{"desktop":{"background-color":"var(--ast-global-color-5)","background-image":"","background-repeat":"repeat","background-position":"center center","background-size":"auto","background-attachment":"scroll","background-type":"","background-media":"","overlay-type":"","overlay-color":"","overlay-opacity":"","overlay-gradient":""},"tablet":{"background-color":"var(--ast-global-color-5)","background-image":"","background-repeat":"repeat","background-position":"center center","background-size":"auto","background-attachment":"scroll","background-type":"","background-media":"","overlay-type":"","overlay-color":"","overlay-opacity":"","overlay-gradient":""},"mobile":{"background-color":"var(--ast-global-color-5)","background-image":"","background-repeat":"repeat","background-position":"center center","background-size":"auto","background-attachment":"scroll","background-type":"","background-media":"","overlay-type":"","overlay-color":"","overlay-opacity":"","overlay-gradient":""}}},"product_cat":[41,26],"product_tag":[],"yoast_head":"<!-- This site is optimized with the Yoast SEO Premium plugin v22.6 (Yoast SEO v22.6) - https:\/\/yoast.com\/wordpress\/plugins\/seo\/ -->\n<title>Mooncake kubba coxinha mochi encrusting machine Production line - SSS Food Machinery Technology<\/title>\n<meta name=\"robots\" content=\"index, follow, max-snippet:-1, max-image-preview:large, max-video-preview:-1\" \/>\n<link rel=\"canonical\" href=\"https:\/\/sssmachinery.com\/es\/producto\/mooncake-kubba-coxinha-mochi-encrusting-machine-production-line\/\" \/>\n<meta property=\"og:locale\" content=\"es_ES\" \/>\n<meta property=\"og:type\" content=\"article\" \/>\n<meta property=\"og:title\" content=\"Mooncake kubba coxinha mochi encrusting machine Production line\" \/>\n<meta property=\"og:description\" content=\"Product description a revolutionary system designed to streamline the encrusting process for a wide range of delectable treats. This cutting-edge [&hellip;]\" \/>\n<meta property=\"og:url\" content=\"https:\/\/sssmachinery.com\/es\/producto\/mooncake-kubba-coxinha-mochi-encrusting-machine-production-line\/\" \/>\n<meta property=\"og:site_name\" content=\"SSS Food Machinery Technology\" \/>\n<meta property=\"article:modified_time\" content=\"2024-09-02T03:13:10+00:00\" \/>\n<meta name=\"twitter:card\" content=\"summary_large_image\" \/>\n<meta name=\"twitter:label1\" content=\"Tiempo de lectura\" \/>\n\t<meta name=\"twitter:data1\" content=\"2 minutos\" \/>\n<script type=\"application\/ld+json\" class=\"yoast-schema-graph\">{\"@context\":\"https:\/\/schema.org\",\"@graph\":[{\"@type\":\"WebPage\",\"@id\":\"https:\/\/sssmachinery.com\/product\/mooncake-kubba-coxinha-mochi-encrusting-machine-production-line\/\",\"url\":\"https:\/\/sssmachinery.com\/product\/mooncake-kubba-coxinha-mochi-encrusting-machine-production-line\/\",\"name\":\"Mooncake kubba coxinha mochi encrusting machine Production line - SSS Food Machinery Technology\",\"isPartOf\":{\"@id\":\"https:\/\/sssmachinery.com\/#website\"},\"primaryImageOfPage\":{\"@id\":\"https:\/\/sssmachinery.com\/product\/mooncake-kubba-coxinha-mochi-encrusting-machine-production-line\/#primaryimage\"},\"image\":{\"@id\":\"https:\/\/sssmachinery.com\/product\/mooncake-kubba-coxinha-mochi-encrusting-machine-production-line\/#primaryimage\"},\"thumbnailUrl\":\"https:\/\/sssmachinery.com\/wp-content\/uploads\/2024\/07\/1.avif\",\"datePublished\":\"2024-07-04T08:56:33+00:00\",\"dateModified\":\"2024-09-02T03:13:10+00:00\",\"breadcrumb\":{\"@id\":\"https:\/\/sssmachinery.com\/product\/mooncake-kubba-coxinha-mochi-encrusting-machine-production-line\/#breadcrumb\"},\"inLanguage\":\"es-AR\",\"potentialAction\":[{\"@type\":\"ReadAction\",\"target\":[\"https:\/\/sssmachinery.com\/product\/mooncake-kubba-coxinha-mochi-encrusting-machine-production-line\/\"]}]},{\"@type\":\"ImageObject\",\"inLanguage\":\"es-AR\",\"@id\":\"https:\/\/sssmachinery.com\/product\/mooncake-kubba-coxinha-mochi-encrusting-machine-production-line\/#primaryimage\",\"url\":\"https:\/\/sssmachinery.com\/wp-content\/uploads\/2024\/07\/1.avif\",\"contentUrl\":\"https:\/\/sssmachinery.com\/wp-content\/uploads\/2024\/07\/1.avif\",\"width\":600,\"height\":600,\"caption\":\"Encrusting Machine\"},{\"@type\":\"BreadcrumbList\",\"@id\":\"https:\/\/sssmachinery.com\/product\/mooncake-kubba-coxinha-mochi-encrusting-machine-production-line\/#breadcrumb\",\"itemListElement\":[{\"@type\":\"ListItem\",\"position\":1,\"name\":\"\u9996\u9875\",\"item\":\"https:\/\/sssmachinery.com\/\"},{\"@type\":\"ListItem\",\"position\":2,\"name\":\"Products\",\"item\":\"https:\/\/sssmachinery.com\/products\/\"},{\"@type\":\"ListItem\",\"position\":3,\"name\":\"Mooncake kubba coxinha mochi encrusting machine Production line\"}]},{\"@type\":\"WebSite\",\"@id\":\"https:\/\/sssmachinery.com\/#website\",\"url\":\"https:\/\/sssmachinery.com\/\",\"name\":\"SSS Food Machinery Technology\",\"description\":\"BEST SOLUTIONS FOR TORTILLA MACHINERY\",\"publisher\":{\"@id\":\"https:\/\/sssmachinery.com\/#organization\"},\"potentialAction\":[{\"@type\":\"SearchAction\",\"target\":{\"@type\":\"EntryPoint\",\"urlTemplate\":\"https:\/\/sssmachinery.com\/?s={search_term_string}\"},\"query-input\":\"required name=search_term_string\"}],\"inLanguage\":\"es-AR\"},{\"@type\":\"Organization\",\"@id\":\"https:\/\/sssmachinery.com\/#organization\",\"name\":\"SSS Food Machinery Technology\",\"url\":\"https:\/\/sssmachinery.com\/\",\"logo\":{\"@type\":\"ImageObject\",\"inLanguage\":\"es-AR\",\"@id\":\"https:\/\/sssmachinery.com\/#\/schema\/logo\/image\/\",\"url\":\"https:\/\/sssmachinery.com\/wp-content\/uploads\/2024\/05\/cropped-logo-1.png\",\"contentUrl\":\"https:\/\/sssmachinery.com\/wp-content\/uploads\/2024\/05\/cropped-logo-1.png\",\"width\":512,\"height\":512,\"caption\":\"SSS Food Machinery Technology\"},\"image\":{\"@id\":\"https:\/\/sssmachinery.com\/#\/schema\/logo\/image\/\"}}]}<\/script>\n<!-- \/ Yoast SEO Premium plugin. -->","yoast_head_json":{"title":"Mooncake kubba coxinha mochi encrusting machine Production line - SSS Food Machinery Technology","robots":{"index":"index","follow":"follow","max-snippet":"max-snippet:-1","max-image-preview":"max-image-preview:large","max-video-preview":"max-video-preview:-1"},"canonical":"https:\/\/sssmachinery.com\/es\/producto\/mooncake-kubba-coxinha-mochi-encrusting-machine-production-line\/","og_locale":"es_ES","og_type":"article","og_title":"Mooncake kubba coxinha mochi encrusting machine Production line","og_description":"Product description a revolutionary system designed to streamline the encrusting process for a wide range of delectable treats. This cutting-edge [&hellip;]","og_url":"https:\/\/sssmachinery.com\/es\/producto\/mooncake-kubba-coxinha-mochi-encrusting-machine-production-line\/","og_site_name":"SSS Food Machinery Technology","article_modified_time":"2024-09-02T03:13:10+00:00","twitter_card":"summary_large_image","twitter_misc":{"Tiempo de lectura":"2 minutos"},"schema":{"@context":"https:\/\/schema.org","@graph":[{"@type":"WebPage","@id":"https:\/\/sssmachinery.com\/product\/mooncake-kubba-coxinha-mochi-encrusting-machine-production-line\/","url":"https:\/\/sssmachinery.com\/product\/mooncake-kubba-coxinha-mochi-encrusting-machine-production-line\/","name":"Mooncake kubba coxinha mochi encrusting machine Production line - SSS Food Machinery Technology","isPartOf":{"@id":"https:\/\/sssmachinery.com\/#website"},"primaryImageOfPage":{"@id":"https:\/\/sssmachinery.com\/product\/mooncake-kubba-coxinha-mochi-encrusting-machine-production-line\/#primaryimage"},"image":{"@id":"https:\/\/sssmachinery.com\/product\/mooncake-kubba-coxinha-mochi-encrusting-machine-production-line\/#primaryimage"},"thumbnailUrl":"https:\/\/sssmachinery.com\/wp-content\/uploads\/2024\/07\/1.avif","datePublished":"2024-07-04T08:56:33+00:00","dateModified":"2024-09-02T03:13:10+00:00","breadcrumb":{"@id":"https:\/\/sssmachinery.com\/product\/mooncake-kubba-coxinha-mochi-encrusting-machine-production-line\/#breadcrumb"},"inLanguage":"es-AR","potentialAction":[{"@type":"ReadAction","target":["https:\/\/sssmachinery.com\/product\/mooncake-kubba-coxinha-mochi-encrusting-machine-production-line\/"]}]},{"@type":"ImageObject","inLanguage":"es-AR","@id":"https:\/\/sssmachinery.com\/product\/mooncake-kubba-coxinha-mochi-encrusting-machine-production-line\/#primaryimage","url":"https:\/\/sssmachinery.com\/wp-content\/uploads\/2024\/07\/1.avif","contentUrl":"https:\/\/sssmachinery.com\/wp-content\/uploads\/2024\/07\/1.avif","width":600,"height":600,"caption":"Encrusting Machine"},{"@type":"BreadcrumbList","@id":"https:\/\/sssmachinery.com\/product\/mooncake-kubba-coxinha-mochi-encrusting-machine-production-line\/#breadcrumb","itemListElement":[{"@type":"ListItem","position":1,"name":"\u9996\u9875","item":"https:\/\/sssmachinery.com\/"},{"@type":"ListItem","position":2,"name":"Products","item":"https:\/\/sssmachinery.com\/products\/"},{"@type":"ListItem","position":3,"name":"Mooncake kubba coxinha mochi encrusting machine Production line"}]},{"@type":"WebSite","@id":"https:\/\/sssmachinery.com\/#website","url":"https:\/\/sssmachinery.com\/","name":"SSS Food Machinery Technology","description":"BEST SOLUTIONS FOR TORTILLA MACHINERY","publisher":{"@id":"https:\/\/sssmachinery.com\/#organization"},"potentialAction":[{"@type":"SearchAction","target":{"@type":"EntryPoint","urlTemplate":"https:\/\/sssmachinery.com\/?s={search_term_string}"},"query-input":"required name=search_term_string"}],"inLanguage":"es-AR"},{"@type":"Organization","@id":"https:\/\/sssmachinery.com\/#organization","name":"SSS Food Machinery Technology","url":"https:\/\/sssmachinery.com\/","logo":{"@type":"ImageObject","inLanguage":"es-AR","@id":"https:\/\/sssmachinery.com\/#\/schema\/logo\/image\/","url":"https:\/\/sssmachinery.com\/wp-content\/uploads\/2024\/05\/cropped-logo-1.png","contentUrl":"https:\/\/sssmachinery.com\/wp-content\/uploads\/2024\/05\/cropped-logo-1.png","width":512,"height":512,"caption":"SSS Food Machinery Technology"},"image":{"@id":"https:\/\/sssmachinery.com\/#\/schema\/logo\/image\/"}}]}},"uagb_featured_image_src":{"full":["https:\/\/sssmachinery.com\/wp-content\/uploads\/2024\/07\/1.avif",600,600,false],"thumbnail":["https:\/\/sssmachinery.com\/wp-content\/uploads\/2024\/07\/1-150x150.avif",150,150,true],"medium":["https:\/\/sssmachinery.com\/wp-content\/uploads\/2024\/07\/1-300x300.avif",300,300,true],"medium_large":["https:\/\/sssmachinery.com\/wp-content\/uploads\/2024\/07\/1.avif",600,600,false],"large":["https:\/\/sssmachinery.com\/wp-content\/uploads\/2024\/07\/1.avif",600,600,false],"1536x1536":["https:\/\/sssmachinery.com\/wp-content\/uploads\/2024\/07\/1.avif",600,600,false],"2048x2048":["https:\/\/sssmachinery.com\/wp-content\/uploads\/2024\/07\/1.avif",600,600,false],"trp-custom-language-flag":["https:\/\/sssmachinery.com\/wp-content\/uploads\/2024\/07\/1-12x12.avif",12,12,true],"woocommerce_thumbnail":["https:\/\/sssmachinery.com\/wp-content\/uploads\/2024\/07\/1-300x300.avif",300,300,true],"woocommerce_single":["https:\/\/sssmachinery.com\/wp-content\/uploads\/2024\/07\/1.avif",600,600,false],"woocommerce_gallery_thumbnail":["https:\/\/sssmachinery.com\/wp-content\/uploads\/2024\/07\/1-100x100.avif",100,100,true]},"uagb_author_info":{"display_name":"info","author_link":"https:\/\/sssmachinery.com\/es\/author\/"},"uagb_comment_info":0,"uagb_excerpt":"Product description a revolutionary system designed to streamline the encrusting process for a wide range of delectable treats. This cutting-edge [&hellip;]","_links":{"self":[{"href":"https:\/\/sssmachinery.com\/es\/wp-json\/wp\/v2\/product\/1363"}],"collection":[{"href":"https:\/\/sssmachinery.com\/es\/wp-json\/wp\/v2\/product"}],"about":[{"href":"https:\/\/sssmachinery.com\/es\/wp-json\/wp\/v2\/types\/product"}],"wp:featuredmedia":[{"embeddable":true,"href":"https:\/\/sssmachinery.com\/es\/wp-json\/wp\/v2\/media\/1368"}],"wp:attachment":[{"href":"https:\/\/sssmachinery.com\/es\/wp-json\/wp\/v2\/media?parent=1363"}],"wp:term":[{"taxonomy":"product_cat","embeddable":true,"href":"https:\/\/sssmachinery.com\/es\/wp-json\/wp\/v2\/product_cat?post=1363"},{"taxonomy":"product_tag","embeddable":true,"href":"https:\/\/sssmachinery.com\/es\/wp-json\/wp\/v2\/product_tag?post=1363"}],"curies":[{"name":"wp","href":"https:\/\/api.w.org\/{rel}","templated":true}]}}