{"id":1293,"date":"2024-06-21T07:14:17","date_gmt":"2024-06-21T07:14:17","guid":{"rendered":"https:\/\/sssmachinery.com\/?post_type=product&#038;p=1293"},"modified":"2024-06-21T07:14:18","modified_gmt":"2024-06-21T07:14:18","slug":"apple-puree-pulp-production-line-apple-brush-clean-machine-fruit-production-line","status":"publish","type":"product","link":"https:\/\/sssmachinery.com\/es\/producto\/apple-puree-pulp-production-line-apple-brush-clean-machine-fruit-production-line\/","title":{"rendered":"L\u00ednea de producci\u00f3n de pulpa de pur\u00e9 de manzana M\u00e1quina limpiadora de cepillos de manzana L\u00ednea de producci\u00f3n de fruta"},"content":{"rendered":"<h1><span style=\"color: #0000ff;\">Descripci\u00f3n del producto<\/span><\/h1>\n<hr \/>\n<ul>\n<li>La l\u00ednea de producci\u00f3n de pulpa de pur\u00e9 de manzana Apple Brush Clean Machine es un sistema de \u00faltima generaci\u00f3n dise\u00f1ado para mejorar la eficiencia y la productividad en la producci\u00f3n de pur\u00e9 de manzana. Esta avanzada l\u00ednea de producci\u00f3n incluye una m\u00e1quina Apple Brush Clean especializada que limpia eficazmente las manzanas antes de despulparlas.<\/li>\n<li>Con nuestra tecnolog\u00eda de vanguardia, puede estar seguro de obtener una producci\u00f3n de la m\u00e1xima calidad y maximizar el rendimiento al tiempo que minimiza los residuos en su negocio de procesamiento de manzanas. La m\u00e1quina Apple Brush Clean est\u00e1 equipada con componentes de alto rendimiento que garantizan una limpieza y preparaci\u00f3n minuciosas de las manzanas para el despulpado.<\/li>\n<li>Al invertir en nuestra l\u00ednea de producci\u00f3n de pulpa de pur\u00e9 de manzana, puede agilizar su proceso de producci\u00f3n y aumentar su rendimiento global. Nuestras m\u00e1quinas est\u00e1n dise\u00f1adas para ofrecer un rendimiento constante y fiable, ayud\u00e1ndole a conseguir resultados \u00f3ptimos en la producci\u00f3n de pur\u00e9 de manzana.<\/li>\n<li>P\u00f3ngase en contacto con nosotros hoy mismo para recibir un presupuesto gratuito y obtener m\u00e1s informaci\u00f3n sobre c\u00f3mo nuestra avanzada l\u00ednea de producci\u00f3n puede beneficiar a su empresa. Aumente la eficiencia y eleve la calidad de sus productos de pur\u00e9 de manzana con la l\u00ednea de producci\u00f3n de pulpa de pur\u00e9 de manzana Apple Brush Clean Machine.<\/li>\n<\/ul>\n<h2><span style=\"color: #0000ff;\">Par\u00e1metros del formulario<\/span><\/h2>\n<hr \/>\n<table class=\"has-title all magic-4\">\n<tbody>\n<tr>\n<td colspan=\"1\" rowspan=\"1\">\n<div class=\"magic-5\" data-spm-anchor-id=\"a2700.details.0.i61.725725806jUgEy\"><strong>art\u00edculo<\/strong><\/div>\n<\/td>\n<td colspan=\"1\" rowspan=\"1\">\n<div class=\"magic-6\"><strong>valor<\/strong><\/div>\n<\/td>\n<\/tr>\n<tr>\n<td colspan=\"1\" rowspan=\"1\">\n<div class=\"magic-5\"><strong>Industrias aplicables<\/strong><\/div>\n<\/td>\n<td colspan=\"1\" rowspan=\"1\">\n<div class=\"magic-6\"><strong>Planta de fabricaci\u00f3n, F\u00e1brica de alimentos y bebidas, Otros<\/strong><\/div>\n<\/td>\n<\/tr>\n<tr>\n<td colspan=\"1\" rowspan=\"1\">\n<div class=\"magic-5\"><strong>Ubicaci\u00f3n de la sala de exposiciones<\/strong><\/div>\n<\/td>\n<td colspan=\"1\" rowspan=\"1\">\n<div class=\"magic-6\"><strong>Ninguno<\/strong><\/div>\n<\/td>\n<\/tr>\n<tr>\n<td colspan=\"1\" rowspan=\"1\">\n<div class=\"magic-5\"><strong>V\u00eddeo de la inspecci\u00f3n de salida<\/strong><\/div>\n<\/td>\n<td colspan=\"1\" rowspan=\"1\">\n<div class=\"magic-6\"><strong>Proporcionado<\/strong><\/div>\n<\/td>\n<\/tr>\n<tr>\n<td colspan=\"1\" rowspan=\"1\">\n<div class=\"magic-5\"><strong>Informe de ensayo de maquinaria<\/strong><\/div>\n<\/td>\n<td colspan=\"1\" rowspan=\"1\">\n<div class=\"magic-6\"><strong>Proporcionado<\/strong><\/div>\n<\/td>\n<\/tr>\n<tr>\n<td colspan=\"1\" rowspan=\"1\">\n<div class=\"magic-5\"><strong>Tipo de comercializaci\u00f3n<\/strong><\/div>\n<\/td>\n<td colspan=\"1\" rowspan=\"1\">\n<div class=\"magic-6\"><strong>Nuevo producto 2024<\/strong><\/div>\n<\/td>\n<\/tr>\n<tr>\n<td colspan=\"1\" rowspan=\"1\">\n<div class=\"magic-5\"><strong>Garant\u00eda de los componentes principales<\/strong><\/div>\n<\/td>\n<td colspan=\"1\" rowspan=\"1\">\n<div class=\"magic-6\"><strong>1 a\u00f1o<\/strong><\/div>\n<\/td>\n<\/tr>\n<tr>\n<td colspan=\"1\" rowspan=\"1\">\n<div class=\"magic-5\"><strong>Componentes b\u00e1sicos<\/strong><\/div>\n<\/td>\n<td colspan=\"1\" rowspan=\"1\">\n<div class=\"magic-6\"><strong>PLC, Motor, Motor<\/strong><\/div>\n<\/td>\n<\/tr>\n<tr>\n<td colspan=\"1\" rowspan=\"1\">\n<div class=\"magic-5\"><strong>Condici\u00f3n<\/strong><\/div>\n<\/td>\n<td colspan=\"1\" rowspan=\"1\">\n<div class=\"magic-6\"><strong>Nuevo<\/strong><\/div>\n<\/td>\n<\/tr>\n<tr>\n<td colspan=\"1\" rowspan=\"1\">\n<div class=\"magic-5\"><strong>Lugar de origen<\/strong><\/div>\n<\/td>\n<td colspan=\"1\" rowspan=\"1\">\n<div class=\"magic-6\"><strong>China<\/strong><\/div>\n<\/td>\n<\/tr>\n<tr>\n<td colspan=\"1\" rowspan=\"1\">\n<div class=\"magic-5\"><strong>Marca<\/strong><\/div>\n<\/td>\n<td colspan=\"1\" rowspan=\"1\">\n<div class=\"magic-6\"><strong>SSS<\/strong><\/div>\n<\/td>\n<\/tr>\n<tr>\n<td colspan=\"1\" rowspan=\"1\">\n<div class=\"magic-5\"><strong>Tipo<\/strong><\/div>\n<\/td>\n<td colspan=\"1\" rowspan=\"1\">\n<div class=\"magic-6\"><strong>Deshidratador industrial de alimentos<\/strong><\/div>\n<\/td>\n<\/tr>\n<tr>\n<td colspan=\"1\" rowspan=\"1\">\n<div class=\"magic-5\"><strong>Tensi\u00f3n<\/strong><\/div>\n<\/td>\n<td colspan=\"1\" rowspan=\"1\">\n<div class=\"magic-6\"><strong>220V 380V 400V<\/strong><\/div>\n<\/td>\n<\/tr>\n<tr>\n<td colspan=\"1\" rowspan=\"1\">\n<div class=\"magic-5\"><strong>Garant\u00eda<\/strong><\/div>\n<\/td>\n<td colspan=\"1\" rowspan=\"1\">\n<div class=\"magic-6\"><strong>1 a\u00f1o<\/strong><\/div>\n<\/td>\n<\/tr>\n<tr>\n<td colspan=\"1\" rowspan=\"1\">\n<div class=\"magic-5\"><strong>Aplicaci\u00f3n<\/strong><\/div>\n<\/td>\n<td colspan=\"1\" rowspan=\"1\">\n<div class=\"magic-6\"><strong>Manzana pera naranja Membrillo, etc.\u00a0<\/strong><\/div>\n<\/td>\n<\/tr>\n<tr>\n<td colspan=\"1\" rowspan=\"1\">\n<div class=\"magic-5\"><strong>Nombre<\/strong><\/div>\n<\/td>\n<td colspan=\"1\" rowspan=\"1\">\n<div class=\"magic-6\"><strong>L\u00ednea de procesamiento de zumo de pulpa de pur\u00e9 de frutas<\/strong><\/div>\n<\/td>\n<\/tr>\n<tr>\n<td colspan=\"1\" rowspan=\"1\">\n<div class=\"magic-5\"><strong>Servicio posventa<\/strong><\/div>\n<\/td>\n<td colspan=\"1\" rowspan=\"1\">\n<div class=\"magic-6\"><strong>Maquinaria de servicio en el extranjero<\/strong><\/div>\n<\/td>\n<\/tr>\n<tr>\n<td colspan=\"1\" rowspan=\"1\">\n<div class=\"magic-5\"><strong>Material<\/strong><\/div>\n<\/td>\n<td colspan=\"1\" rowspan=\"1\">\n<div class=\"magic-6\"><strong>Acero inoxidable 304<\/strong><\/div>\n<\/td>\n<\/tr>\n<tr>\n<td colspan=\"1\" rowspan=\"1\">\n<div class=\"magic-5\"><strong>Potencia<\/strong><\/div>\n<\/td>\n<td colspan=\"1\" rowspan=\"1\">\n<div class=\"magic-6\"><strong>M\u00e1quinas espec\u00edficas<\/strong><\/div>\n<\/td>\n<\/tr>\n<tr>\n<td colspan=\"1\" rowspan=\"1\">\n<div class=\"magic-5\"><strong>Ventaja<\/strong><\/div>\n<\/td>\n<td colspan=\"1\" rowspan=\"1\">\n<div class=\"magic-6\"><strong>Bajo consumo Alta eficiencia<\/strong><\/div>\n<\/td>\n<\/tr>\n<tr>\n<td colspan=\"1\" rowspan=\"1\">\n<div class=\"magic-5\"><strong>Producto final<\/strong><\/div>\n<\/td>\n<td colspan=\"1\" rowspan=\"1\">\n<div class=\"magic-6\"><strong>Pur\u00e9 Pulpa Zumo Pasta\u00a0<\/strong><\/div>\n<\/td>\n<\/tr>\n<tr>\n<td colspan=\"1\" rowspan=\"1\">\n<div class=\"magic-5\"><strong>Paquete<\/strong><\/div>\n<\/td>\n<td colspan=\"1\" rowspan=\"1\">\n<div class=\"magic-6\"><strong>Paquete de madera o exportaci\u00f3n adecuada<\/strong><\/div>\n<\/td>\n<\/tr>\n<tr>\n<td colspan=\"1\" rowspan=\"1\">\n<div class=\"magic-5\"><strong>Certificaci\u00f3n<\/strong><\/div>\n<\/td>\n<td colspan=\"1\" rowspan=\"1\">\n<div class=\"magic-6\"><strong>CE\/ISO9001<\/strong><\/div>\n<\/td>\n<\/tr>\n<tr>\n<td colspan=\"1\" rowspan=\"1\">\n<div class=\"magic-5\"><strong>Operaci\u00f3n<\/strong><\/div>\n<\/td>\n<td colspan=\"1\" rowspan=\"1\">\n<div class=\"magic-6\"><strong>F\u00e1cilmente<\/strong><\/div>\n<\/td>\n<\/tr>\n<\/tbody>\n<\/table>","protected":false},"excerpt":{"rendered":"<p>Product description The Apple puree pulp production line Apple Brush Clean Machine is a state-of-the-art system designed to enhance efficiency [&hellip;]<\/p>","protected":false},"featured_media":1295,"template":"","meta":{"_uag_custom_page_level_css":"","_monsterinsights_skip_tracking":false,"_monsterinsights_sitenote_active":false,"_monsterinsights_sitenote_note":"","_monsterinsights_sitenote_category":0,"site-sidebar-layout":"default","site-content-layout":"","ast-site-content-layout":"default","site-content-style":"default","site-sidebar-style":"default","ast-global-header-display":"","ast-banner-title-visibility":"","ast-main-header-display":"","ast-hfb-above-header-display":"","ast-hfb-below-header-display":"","ast-hfb-mobile-header-display":"","site-post-title":"","ast-breadcrumbs-content":"","ast-featured-img":"","footer-sml-layout":"","theme-transparent-header-meta":"default","adv-header-id-meta":"","stick-header-meta":"default","header-above-stick-meta":"","header-main-stick-meta":"","header-below-stick-meta":"","astra-migrate-meta-layouts":"set","ast-page-background-enabled":"default","ast-page-background-meta":{"desktop":{"background-color":"var(--ast-global-color-4)","background-image":"","background-repeat":"repeat","background-position":"center center","background-size":"auto","background-attachment":"scroll","background-type":"","background-media":"","overlay-type":"","overlay-color":"","overlay-opacity":"","overlay-gradient":""},"tablet":{"background-color":"","background-image":"","background-repeat":"repeat","background-position":"center center","background-size":"auto","background-attachment":"scroll","background-type":"","background-media":"","overlay-type":"","overlay-color":"","overlay-opacity":"","overlay-gradient":""},"mobile":{"background-color":"","background-image":"","background-repeat":"repeat","background-position":"center center","background-size":"auto","background-attachment":"scroll","background-type":"","background-media":"","overlay-type":"","overlay-color":"","overlay-opacity":"","overlay-gradient":""}},"ast-content-background-meta":{"desktop":{"background-color":"var(--ast-global-color-5)","background-image":"","background-repeat":"repeat","background-position":"center center","background-size":"auto","background-attachment":"scroll","background-type":"","background-media":"","overlay-type":"","overlay-color":"","overlay-opacity":"","overlay-gradient":""},"tablet":{"background-color":"var(--ast-global-color-5)","background-image":"","background-repeat":"repeat","background-position":"center center","background-size":"auto","background-attachment":"scroll","background-type":"","background-media":"","overlay-type":"","overlay-color":"","overlay-opacity":"","overlay-gradient":""},"mobile":{"background-color":"var(--ast-global-color-5)","background-image":"","background-repeat":"repeat","background-position":"center center","background-size":"auto","background-attachment":"scroll","background-type":"","background-media":"","overlay-type":"","overlay-color":"","overlay-opacity":"","overlay-gradient":""}}},"product_cat":[24,31,34],"product_tag":[],"yoast_head":"<!-- This site is optimized with the Yoast SEO Premium plugin v22.6 (Yoast SEO v22.6) - https:\/\/yoast.com\/wordpress\/plugins\/seo\/ -->\n<title>Apple puree pulp production line Apple Brush Clean Machine Fruit production line - SSS Food Machinery Technology<\/title>\n<meta name=\"description\" content=\"Boost efficiency with our advanced Fruit production line. From cleaning to pulping, our machines ensure top-quality output. Maximize yield and minimize waste for your apple processing business. Get a free quote today!\" \/>\n<meta name=\"robots\" content=\"index, follow, max-snippet:-1, max-image-preview:large, max-video-preview:-1\" \/>\n<link rel=\"canonical\" href=\"https:\/\/sssmachinery.com\/es\/producto\/apple-puree-pulp-production-line-apple-brush-clean-machine-fruit-production-line\/\" \/>\n<meta property=\"og:locale\" content=\"es_ES\" \/>\n<meta property=\"og:type\" content=\"article\" \/>\n<meta property=\"og:title\" content=\"Apple puree pulp production line Apple Brush Clean Machine Fruit production line\" \/>\n<meta property=\"og:description\" content=\"Boost efficiency with our advanced Fruit production line. From cleaning to pulping, our machines ensure top-quality output. Maximize yield and minimize waste for your apple processing business. Get a free quote today!\" \/>\n<meta property=\"og:url\" content=\"https:\/\/sssmachinery.com\/es\/producto\/apple-puree-pulp-production-line-apple-brush-clean-machine-fruit-production-line\/\" \/>\n<meta property=\"og:site_name\" content=\"SSS Food Machinery Technology\" \/>\n<meta property=\"article:modified_time\" content=\"2024-06-21T07:14:18+00:00\" \/>\n<meta name=\"twitter:card\" content=\"summary_large_image\" \/>\n<meta name=\"twitter:label1\" content=\"Tiempo de lectura\" \/>\n\t<meta name=\"twitter:data1\" content=\"2 minutos\" \/>\n<script type=\"application\/ld+json\" class=\"yoast-schema-graph\">{\"@context\":\"https:\/\/schema.org\",\"@graph\":[{\"@type\":\"WebPage\",\"@id\":\"https:\/\/sssmachinery.com\/product\/apple-puree-pulp-production-line-apple-brush-clean-machine-fruit-production-line\/\",\"url\":\"https:\/\/sssmachinery.com\/product\/apple-puree-pulp-production-line-apple-brush-clean-machine-fruit-production-line\/\",\"name\":\"Apple puree pulp production line Apple Brush Clean Machine Fruit production line - SSS Food Machinery Technology\",\"isPartOf\":{\"@id\":\"https:\/\/sssmachinery.com\/#website\"},\"primaryImageOfPage\":{\"@id\":\"https:\/\/sssmachinery.com\/product\/apple-puree-pulp-production-line-apple-brush-clean-machine-fruit-production-line\/#primaryimage\"},\"image\":{\"@id\":\"https:\/\/sssmachinery.com\/product\/apple-puree-pulp-production-line-apple-brush-clean-machine-fruit-production-line\/#primaryimage\"},\"thumbnailUrl\":\"https:\/\/sssmachinery.com\/wp-content\/uploads\/2024\/06\/6-1.avif\",\"datePublished\":\"2024-06-21T07:14:17+00:00\",\"dateModified\":\"2024-06-21T07:14:18+00:00\",\"description\":\"Boost efficiency with our advanced Fruit production line. From cleaning to pulping, our machines ensure top-quality output. Maximize yield and minimize waste for your apple processing business. Get a free quote today!\",\"breadcrumb\":{\"@id\":\"https:\/\/sssmachinery.com\/product\/apple-puree-pulp-production-line-apple-brush-clean-machine-fruit-production-line\/#breadcrumb\"},\"inLanguage\":\"es-AR\",\"potentialAction\":[{\"@type\":\"ReadAction\",\"target\":[\"https:\/\/sssmachinery.com\/product\/apple-puree-pulp-production-line-apple-brush-clean-machine-fruit-production-line\/\"]}]},{\"@type\":\"ImageObject\",\"inLanguage\":\"es-AR\",\"@id\":\"https:\/\/sssmachinery.com\/product\/apple-puree-pulp-production-line-apple-brush-clean-machine-fruit-production-line\/#primaryimage\",\"url\":\"https:\/\/sssmachinery.com\/wp-content\/uploads\/2024\/06\/6-1.avif\",\"contentUrl\":\"https:\/\/sssmachinery.com\/wp-content\/uploads\/2024\/06\/6-1.avif\",\"width\":1280,\"height\":1280,\"caption\":\"Fruit production line\"},{\"@type\":\"BreadcrumbList\",\"@id\":\"https:\/\/sssmachinery.com\/product\/apple-puree-pulp-production-line-apple-brush-clean-machine-fruit-production-line\/#breadcrumb\",\"itemListElement\":[{\"@type\":\"ListItem\",\"position\":1,\"name\":\"\u9996\u9875\",\"item\":\"https:\/\/sssmachinery.com\/\"},{\"@type\":\"ListItem\",\"position\":2,\"name\":\"Products\",\"item\":\"https:\/\/sssmachinery.com\/products\/\"},{\"@type\":\"ListItem\",\"position\":3,\"name\":\"Apple puree pulp production line Apple Brush Clean Machine Fruit production line\"}]},{\"@type\":\"WebSite\",\"@id\":\"https:\/\/sssmachinery.com\/#website\",\"url\":\"https:\/\/sssmachinery.com\/\",\"name\":\"SSS Food Machinery Technology\",\"description\":\"BEST SOLUTIONS FOR TORTILLA MACHINERY\",\"publisher\":{\"@id\":\"https:\/\/sssmachinery.com\/#organization\"},\"potentialAction\":[{\"@type\":\"SearchAction\",\"target\":{\"@type\":\"EntryPoint\",\"urlTemplate\":\"https:\/\/sssmachinery.com\/?s={search_term_string}\"},\"query-input\":\"required name=search_term_string\"}],\"inLanguage\":\"es-AR\"},{\"@type\":\"Organization\",\"@id\":\"https:\/\/sssmachinery.com\/#organization\",\"name\":\"SSS Food Machinery Technology\",\"url\":\"https:\/\/sssmachinery.com\/\",\"logo\":{\"@type\":\"ImageObject\",\"inLanguage\":\"es-AR\",\"@id\":\"https:\/\/sssmachinery.com\/#\/schema\/logo\/image\/\",\"url\":\"https:\/\/sssmachinery.com\/wp-content\/uploads\/2024\/05\/cropped-logo-1.png\",\"contentUrl\":\"https:\/\/sssmachinery.com\/wp-content\/uploads\/2024\/05\/cropped-logo-1.png\",\"width\":512,\"height\":512,\"caption\":\"SSS Food Machinery Technology\"},\"image\":{\"@id\":\"https:\/\/sssmachinery.com\/#\/schema\/logo\/image\/\"}}]}<\/script>\n<!-- \/ Yoast SEO Premium plugin. -->","yoast_head_json":{"title":"Apple puree pulp production line Apple Brush Clean Machine Fruit production line - SSS Food Machinery Technology","description":"Boost efficiency with our advanced Fruit production line. From cleaning to pulping, our machines ensure top-quality output. Maximize yield and minimize waste for your apple processing business. Get a free quote today!","robots":{"index":"index","follow":"follow","max-snippet":"max-snippet:-1","max-image-preview":"max-image-preview:large","max-video-preview":"max-video-preview:-1"},"canonical":"https:\/\/sssmachinery.com\/es\/producto\/apple-puree-pulp-production-line-apple-brush-clean-machine-fruit-production-line\/","og_locale":"es_ES","og_type":"article","og_title":"Apple puree pulp production line Apple Brush Clean Machine Fruit production line","og_description":"Boost efficiency with our advanced Fruit production line. From cleaning to pulping, our machines ensure top-quality output. Maximize yield and minimize waste for your apple processing business. Get a free quote today!","og_url":"https:\/\/sssmachinery.com\/es\/producto\/apple-puree-pulp-production-line-apple-brush-clean-machine-fruit-production-line\/","og_site_name":"SSS Food Machinery Technology","article_modified_time":"2024-06-21T07:14:18+00:00","twitter_card":"summary_large_image","twitter_misc":{"Tiempo de lectura":"2 minutos"},"schema":{"@context":"https:\/\/schema.org","@graph":[{"@type":"WebPage","@id":"https:\/\/sssmachinery.com\/product\/apple-puree-pulp-production-line-apple-brush-clean-machine-fruit-production-line\/","url":"https:\/\/sssmachinery.com\/product\/apple-puree-pulp-production-line-apple-brush-clean-machine-fruit-production-line\/","name":"Apple puree pulp production line Apple Brush Clean Machine Fruit production line - SSS Food Machinery Technology","isPartOf":{"@id":"https:\/\/sssmachinery.com\/#website"},"primaryImageOfPage":{"@id":"https:\/\/sssmachinery.com\/product\/apple-puree-pulp-production-line-apple-brush-clean-machine-fruit-production-line\/#primaryimage"},"image":{"@id":"https:\/\/sssmachinery.com\/product\/apple-puree-pulp-production-line-apple-brush-clean-machine-fruit-production-line\/#primaryimage"},"thumbnailUrl":"https:\/\/sssmachinery.com\/wp-content\/uploads\/2024\/06\/6-1.avif","datePublished":"2024-06-21T07:14:17+00:00","dateModified":"2024-06-21T07:14:18+00:00","description":"Boost efficiency with our advanced Fruit production line. From cleaning to pulping, our machines ensure top-quality output. Maximize yield and minimize waste for your apple processing business. Get a free quote today!","breadcrumb":{"@id":"https:\/\/sssmachinery.com\/product\/apple-puree-pulp-production-line-apple-brush-clean-machine-fruit-production-line\/#breadcrumb"},"inLanguage":"es-AR","potentialAction":[{"@type":"ReadAction","target":["https:\/\/sssmachinery.com\/product\/apple-puree-pulp-production-line-apple-brush-clean-machine-fruit-production-line\/"]}]},{"@type":"ImageObject","inLanguage":"es-AR","@id":"https:\/\/sssmachinery.com\/product\/apple-puree-pulp-production-line-apple-brush-clean-machine-fruit-production-line\/#primaryimage","url":"https:\/\/sssmachinery.com\/wp-content\/uploads\/2024\/06\/6-1.avif","contentUrl":"https:\/\/sssmachinery.com\/wp-content\/uploads\/2024\/06\/6-1.avif","width":1280,"height":1280,"caption":"Fruit production line"},{"@type":"BreadcrumbList","@id":"https:\/\/sssmachinery.com\/product\/apple-puree-pulp-production-line-apple-brush-clean-machine-fruit-production-line\/#breadcrumb","itemListElement":[{"@type":"ListItem","position":1,"name":"\u9996\u9875","item":"https:\/\/sssmachinery.com\/"},{"@type":"ListItem","position":2,"name":"Products","item":"https:\/\/sssmachinery.com\/products\/"},{"@type":"ListItem","position":3,"name":"Apple puree pulp production line Apple Brush Clean Machine Fruit production line"}]},{"@type":"WebSite","@id":"https:\/\/sssmachinery.com\/#website","url":"https:\/\/sssmachinery.com\/","name":"SSS Food Machinery Technology","description":"BEST SOLUTIONS FOR TORTILLA MACHINERY","publisher":{"@id":"https:\/\/sssmachinery.com\/#organization"},"potentialAction":[{"@type":"SearchAction","target":{"@type":"EntryPoint","urlTemplate":"https:\/\/sssmachinery.com\/?s={search_term_string}"},"query-input":"required name=search_term_string"}],"inLanguage":"es-AR"},{"@type":"Organization","@id":"https:\/\/sssmachinery.com\/#organization","name":"SSS Food Machinery Technology","url":"https:\/\/sssmachinery.com\/","logo":{"@type":"ImageObject","inLanguage":"es-AR","@id":"https:\/\/sssmachinery.com\/#\/schema\/logo\/image\/","url":"https:\/\/sssmachinery.com\/wp-content\/uploads\/2024\/05\/cropped-logo-1.png","contentUrl":"https:\/\/sssmachinery.com\/wp-content\/uploads\/2024\/05\/cropped-logo-1.png","width":512,"height":512,"caption":"SSS Food Machinery Technology"},"image":{"@id":"https:\/\/sssmachinery.com\/#\/schema\/logo\/image\/"}}]}},"uagb_featured_image_src":{"full":["https:\/\/sssmachinery.com\/wp-content\/uploads\/2024\/06\/6-1.avif",1280,1280,false],"thumbnail":["https:\/\/sssmachinery.com\/wp-content\/uploads\/2024\/06\/6-1-150x150.avif",150,150,true],"medium":["https:\/\/sssmachinery.com\/wp-content\/uploads\/2024\/06\/6-1-300x300.avif",300,300,true],"medium_large":["https:\/\/sssmachinery.com\/wp-content\/uploads\/2024\/06\/6-1-768x768.avif",768,768,true],"large":["https:\/\/sssmachinery.com\/wp-content\/uploads\/2024\/06\/6-1-1024x1024.avif",1024,1024,true],"1536x1536":["https:\/\/sssmachinery.com\/wp-content\/uploads\/2024\/06\/6-1.avif",1280,1280,false],"2048x2048":["https:\/\/sssmachinery.com\/wp-content\/uploads\/2024\/06\/6-1.avif",1280,1280,false],"trp-custom-language-flag":["https:\/\/sssmachinery.com\/wp-content\/uploads\/2024\/06\/6-1-12x12.avif",12,12,true],"woocommerce_thumbnail":["https:\/\/sssmachinery.com\/wp-content\/uploads\/2024\/06\/6-1-300x300.avif",300,300,true],"woocommerce_single":["https:\/\/sssmachinery.com\/wp-content\/uploads\/2024\/06\/6-1-600x600.avif",600,600,true],"woocommerce_gallery_thumbnail":["https:\/\/sssmachinery.com\/wp-content\/uploads\/2024\/06\/6-1-100x100.avif",100,100,true]},"uagb_author_info":{"display_name":"info","author_link":"https:\/\/sssmachinery.com\/es\/author\/"},"uagb_comment_info":0,"uagb_excerpt":"Product description The Apple puree pulp production line Apple Brush Clean Machine is a state-of-the-art system designed to enhance efficiency [&hellip;]","_links":{"self":[{"href":"https:\/\/sssmachinery.com\/es\/wp-json\/wp\/v2\/product\/1293"}],"collection":[{"href":"https:\/\/sssmachinery.com\/es\/wp-json\/wp\/v2\/product"}],"about":[{"href":"https:\/\/sssmachinery.com\/es\/wp-json\/wp\/v2\/types\/product"}],"wp:featuredmedia":[{"embeddable":true,"href":"https:\/\/sssmachinery.com\/es\/wp-json\/wp\/v2\/media\/1295"}],"wp:attachment":[{"href":"https:\/\/sssmachinery.com\/es\/wp-json\/wp\/v2\/media?parent=1293"}],"wp:term":[{"taxonomy":"product_cat","embeddable":true,"href":"https:\/\/sssmachinery.com\/es\/wp-json\/wp\/v2\/product_cat?post=1293"},{"taxonomy":"product_tag","embeddable":true,"href":"https:\/\/sssmachinery.com\/es\/wp-json\/wp\/v2\/product_tag?post=1293"}],"curies":[{"name":"wp","href":"https:\/\/api.w.org\/{rel}","templated":true}]}}