{"id":1147,"date":"2024-06-17T08:18:49","date_gmt":"2024-06-17T08:18:49","guid":{"rendered":"https:\/\/sssmachinery.com\/?post_type=product&#038;p=1147"},"modified":"2024-06-17T08:18:49","modified_gmt":"2024-06-17T08:18:49","slug":"automatic-tomato-paste-production-line-for-fruit-jam-processing","status":"publish","type":"product","link":"https:\/\/sssmachinery.com\/es\/producto\/automatic-tomato-paste-production-line-for-fruit-jam-processing\/","title":{"rendered":"L\u00ednea autom\u00e1tica de producci\u00f3n de pasta de tomate para la elaboraci\u00f3n de mermelada de frutas"},"content":{"rendered":"<h1><span style=\"color: #0000ff;\">Descripci\u00f3n del producto<\/span><\/h1>\n<hr \/>\n<p dir=\"auto\" data-pm-slice=\"1 1 []\">Libere los vibrantes sabores de la naturaleza con nuestra l\u00ednea de procesado de mermeladas y salsas. Este sistema automatizado de \u00faltima generaci\u00f3n est\u00e1 dise\u00f1ado para transformar las frutas m\u00e1s frescas en deliciosas y aterciopeladas mermeladas y salsas que estallan con una explosi\u00f3n de sabor. Imagine capturar la dulzura madurada al sol de los jugosos tomates o la esencia \u00e1cida de las bayas maduras en cada tarro, lote tras lote. Nuestra tecnolog\u00eda de vanguardia garantiza un proceso perfecto, desde la manipulaci\u00f3n cuidadosa de la fruta hasta la cocci\u00f3n y el embotellado precisos, preservando la bondad natural y los colores vibrantes que la naturaleza pretend\u00eda. Con esta extraordinaria l\u00ednea, su pasi\u00f3n por crear mermeladas y salsas artesanales no tendr\u00e1 l\u00edmites. Deleite sus sentidos y eleve sus creaciones culinarias a nuevas cotas de perfecci\u00f3n gustativa.<\/p>\n<h2><span style=\"color: #0000ff;\">Par\u00e1metros del formulario<\/span><\/h2>\n<hr \/>\n<table>\n<tbody>\n<tr>\n<td>art\u00edculo<\/td>\n<td>valor<\/td>\n<\/tr>\n<tr>\n<td>Industrias aplicables<\/td>\n<td>F\u00e1brica de alimentos y bebidas, Tienda de alimentos, Tiendas de alimentos y bebidas, Otros<\/td>\n<\/tr>\n<tr>\n<td>Ubicaci\u00f3n de la sala de exposiciones<\/td>\n<td>Ninguno<\/td>\n<\/tr>\n<tr>\n<td>V\u00eddeo de la inspecci\u00f3n de salida<\/td>\n<td>Proporcionado<\/td>\n<\/tr>\n<tr>\n<td>Informe de ensayo de maquinaria<\/td>\n<td>Proporcionado<\/td>\n<\/tr>\n<tr>\n<td>Tipo de comercializaci\u00f3n<\/td>\n<td>Producto estrella 2019<\/td>\n<\/tr>\n<tr>\n<td>Garant\u00eda de los componentes principales<\/td>\n<td>1 a\u00f1o<\/td>\n<\/tr>\n<tr>\n<td>Componentes b\u00e1sicos<\/td>\n<td>PLC, Motor<\/td>\n<\/tr>\n<tr>\n<td>Condici\u00f3n<\/td>\n<td>Nuevo<\/td>\n<\/tr>\n<tr>\n<td>Lugar de origen<\/td>\n<td>China<\/td>\n<\/tr>\n<tr>\n<td>&nbsp;<\/td>\n<td>Anhui<\/td>\n<\/tr>\n<tr>\n<td>Marca<\/td>\n<td>SSS<\/td>\n<\/tr>\n<tr>\n<td>Tipo<\/td>\n<td>exprimidor<\/td>\n<\/tr>\n<tr>\n<td>Tensi\u00f3n<\/td>\n<td>380v<\/td>\n<\/tr>\n<tr>\n<td>Potencia<\/td>\n<td>150<\/td>\n<\/tr>\n<tr>\n<td>Peso<\/td>\n<td>80000KG<\/td>\n<\/tr>\n<tr>\n<td>Dimensiones (largo*ancho*alto)<\/td>\n<td>1200*8000*3000<\/td>\n<\/tr>\n<tr>\n<td>Garant\u00eda<\/td>\n<td>1 a\u00f1o<\/td>\n<\/tr>\n<tr>\n<td>Aplicaci\u00f3n<\/td>\n<td>Naranja<\/td>\n<\/tr>\n<tr>\n<td>Ventaja<\/td>\n<td>F\u00e1cil operaci\u00f3n<\/td>\n<\/tr>\n<tr>\n<td>Servicio posventa<\/td>\n<td>Asistencia en l\u00ednea<\/td>\n<\/tr>\n<tr>\n<td>Certificaci\u00f3n<\/td>\n<td>Certificado CE<\/td>\n<\/tr>\n<tr>\n<td>Materia prima<\/td>\n<td>Material de acero inoxidable<\/td>\n<\/tr>\n<tr>\n<td>Color<\/td>\n<td>Acero inoxidable Color<\/td>\n<\/tr>\n<tr>\n<td>Paquete<\/td>\n<td>Caja de madera<\/td>\n<\/tr>\n<tr>\n<td>Nombre del producto<\/td>\n<td>M\u00e1quina de pasta de tomate<\/td>\n<\/tr>\n<tr>\n<td>Caracter\u00edstica<\/td>\n<td>Alta eficiencia F\u00e1cil manejo<\/td>\n<\/tr>\n<tr>\n<td>Producto final<\/td>\n<td>Salsa de tomate<\/td>\n<\/tr>\n<\/tbody>\n<\/table>","protected":false},"excerpt":{"rendered":"<p>Descripci\u00f3n del producto \u00a1Desbloquee los vibrantes sabores de la naturaleza con nuestra l\u00ednea de procesamiento de salsa de pasta de mermelada! Este sistema automatizado de \u00faltima generaci\u00f3n es [...]<\/p>","protected":false},"featured_media":1151,"template":"","meta":{"_uag_custom_page_level_css":"","_monsterinsights_skip_tracking":false,"_monsterinsights_sitenote_active":false,"_monsterinsights_sitenote_note":"","_monsterinsights_sitenote_category":0,"site-sidebar-layout":"default","site-content-layout":"","ast-site-content-layout":"default","site-content-style":"default","site-sidebar-style":"default","ast-global-header-display":"","ast-banner-title-visibility":"","ast-main-header-display":"","ast-hfb-above-header-display":"","ast-hfb-below-header-display":"","ast-hfb-mobile-header-display":"","site-post-title":"","ast-breadcrumbs-content":"","ast-featured-img":"","footer-sml-layout":"","theme-transparent-header-meta":"default","adv-header-id-meta":"","stick-header-meta":"default","header-above-stick-meta":"","header-main-stick-meta":"","header-below-stick-meta":"","astra-migrate-meta-layouts":"set","ast-page-background-enabled":"default","ast-page-background-meta":{"desktop":{"background-color":"var(--ast-global-color-4)","background-image":"","background-repeat":"repeat","background-position":"center center","background-size":"auto","background-attachment":"scroll","background-type":"","background-media":"","overlay-type":"","overlay-color":"","overlay-opacity":"","overlay-gradient":""},"tablet":{"background-color":"","background-image":"","background-repeat":"repeat","background-position":"center center","background-size":"auto","background-attachment":"scroll","background-type":"","background-media":"","overlay-type":"","overlay-color":"","overlay-opacity":"","overlay-gradient":""},"mobile":{"background-color":"","background-image":"","background-repeat":"repeat","background-position":"center center","background-size":"auto","background-attachment":"scroll","background-type":"","background-media":"","overlay-type":"","overlay-color":"","overlay-opacity":"","overlay-gradient":""}},"ast-content-background-meta":{"desktop":{"background-color":"var(--ast-global-color-5)","background-image":"","background-repeat":"repeat","background-position":"center center","background-size":"auto","background-attachment":"scroll","background-type":"","background-media":"","overlay-type":"","overlay-color":"","overlay-opacity":"","overlay-gradient":""},"tablet":{"background-color":"var(--ast-global-color-5)","background-image":"","background-repeat":"repeat","background-position":"center center","background-size":"auto","background-attachment":"scroll","background-type":"","background-media":"","overlay-type":"","overlay-color":"","overlay-opacity":"","overlay-gradient":""},"mobile":{"background-color":"var(--ast-global-color-5)","background-image":"","background-repeat":"repeat","background-position":"center center","background-size":"auto","background-attachment":"scroll","background-type":"","background-media":"","overlay-type":"","overlay-color":"","overlay-opacity":"","overlay-gradient":""}}},"product_cat":[38,25],"product_tag":[],"yoast_head":"<!-- This site is optimized with the Yoast SEO Premium plugin v22.6 (Yoast SEO v22.6) - https:\/\/yoast.com\/wordpress\/plugins\/seo\/ -->\n<title>Automatic tomato paste production line for fruit jam processing<\/title>\n<meta name=\"description\" content=\"Revolutionize your fruit jam production with our cutting-edge tomato paste line. Experience unparalleled efficiency as our state-of-the-art technology meticulously processes fresh tomatoes into velvety smooth paste, capturing the essence of ripe flavors. Craft exceptional jams bursting with natural goodness.\" \/>\n<meta name=\"robots\" content=\"index, follow, max-snippet:-1, max-image-preview:large, max-video-preview:-1\" \/>\n<link rel=\"canonical\" href=\"https:\/\/sssmachinery.com\/es\/producto\/automatic-tomato-paste-production-line-for-fruit-jam-processing\/\" \/>\n<meta property=\"og:locale\" content=\"es_ES\" \/>\n<meta property=\"og:type\" content=\"article\" \/>\n<meta property=\"og:title\" content=\"Automatic tomato paste production line for fruit jam processing\" \/>\n<meta property=\"og:description\" content=\"Revolutionize your fruit jam production with our cutting-edge tomato paste line. Experience unparalleled efficiency as our state-of-the-art technology meticulously processes fresh tomatoes into velvety smooth paste, capturing the essence of ripe flavors. Craft exceptional jams bursting with natural goodness.\" \/>\n<meta property=\"og:url\" content=\"https:\/\/sssmachinery.com\/es\/producto\/automatic-tomato-paste-production-line-for-fruit-jam-processing\/\" \/>\n<meta property=\"og:site_name\" content=\"SSS Food Machinery Technology\" \/>\n<meta name=\"twitter:card\" content=\"summary_large_image\" \/>\n<meta name=\"twitter:label1\" content=\"Tiempo de lectura\" \/>\n\t<meta name=\"twitter:data1\" content=\"2 minutos\" \/>\n<script type=\"application\/ld+json\" class=\"yoast-schema-graph\">{\"@context\":\"https:\/\/schema.org\",\"@graph\":[{\"@type\":\"WebPage\",\"@id\":\"https:\/\/sssmachinery.com\/product\/automatic-tomato-paste-production-line-for-fruit-jam-processing\/\",\"url\":\"https:\/\/sssmachinery.com\/product\/automatic-tomato-paste-production-line-for-fruit-jam-processing\/\",\"name\":\"Automatic tomato paste production line for fruit jam processing\",\"isPartOf\":{\"@id\":\"https:\/\/sssmachinery.com\/#website\"},\"primaryImageOfPage\":{\"@id\":\"https:\/\/sssmachinery.com\/product\/automatic-tomato-paste-production-line-for-fruit-jam-processing\/#primaryimage\"},\"image\":{\"@id\":\"https:\/\/sssmachinery.com\/product\/automatic-tomato-paste-production-line-for-fruit-jam-processing\/#primaryimage\"},\"thumbnailUrl\":\"https:\/\/sssmachinery.com\/wp-content\/uploads\/2024\/06\/7.avif\",\"datePublished\":\"2024-06-17T08:18:49+00:00\",\"dateModified\":\"2024-06-17T08:18:49+00:00\",\"description\":\"Revolutionize your fruit jam production with our cutting-edge tomato paste line. Experience unparalleled efficiency as our state-of-the-art technology meticulously processes fresh tomatoes into velvety smooth paste, capturing the essence of ripe flavors. Craft exceptional jams bursting with natural goodness.\",\"breadcrumb\":{\"@id\":\"https:\/\/sssmachinery.com\/product\/automatic-tomato-paste-production-line-for-fruit-jam-processing\/#breadcrumb\"},\"inLanguage\":\"es-AR\",\"potentialAction\":[{\"@type\":\"ReadAction\",\"target\":[\"https:\/\/sssmachinery.com\/product\/automatic-tomato-paste-production-line-for-fruit-jam-processing\/\"]}]},{\"@type\":\"ImageObject\",\"inLanguage\":\"es-AR\",\"@id\":\"https:\/\/sssmachinery.com\/product\/automatic-tomato-paste-production-line-for-fruit-jam-processing\/#primaryimage\",\"url\":\"https:\/\/sssmachinery.com\/wp-content\/uploads\/2024\/06\/7.avif\",\"contentUrl\":\"https:\/\/sssmachinery.com\/wp-content\/uploads\/2024\/06\/7.avif\",\"width\":1000,\"height\":926,\"caption\":\"Jam Paste Sauce Processing Line\"},{\"@type\":\"BreadcrumbList\",\"@id\":\"https:\/\/sssmachinery.com\/product\/automatic-tomato-paste-production-line-for-fruit-jam-processing\/#breadcrumb\",\"itemListElement\":[{\"@type\":\"ListItem\",\"position\":1,\"name\":\"\u9996\u9875\",\"item\":\"https:\/\/sssmachinery.com\/\"},{\"@type\":\"ListItem\",\"position\":2,\"name\":\"Products\",\"item\":\"https:\/\/sssmachinery.com\/products\/\"},{\"@type\":\"ListItem\",\"position\":3,\"name\":\"Automatic tomato paste production line for fruit jam processing\"}]},{\"@type\":\"WebSite\",\"@id\":\"https:\/\/sssmachinery.com\/#website\",\"url\":\"https:\/\/sssmachinery.com\/\",\"name\":\"SSS Food Machinery Technology\",\"description\":\"BEST SOLUTIONS FOR TORTILLA MACHINERY\",\"publisher\":{\"@id\":\"https:\/\/sssmachinery.com\/#organization\"},\"potentialAction\":[{\"@type\":\"SearchAction\",\"target\":{\"@type\":\"EntryPoint\",\"urlTemplate\":\"https:\/\/sssmachinery.com\/?s={search_term_string}\"},\"query-input\":\"required name=search_term_string\"}],\"inLanguage\":\"es-AR\"},{\"@type\":\"Organization\",\"@id\":\"https:\/\/sssmachinery.com\/#organization\",\"name\":\"SSS Food Machinery Technology\",\"url\":\"https:\/\/sssmachinery.com\/\",\"logo\":{\"@type\":\"ImageObject\",\"inLanguage\":\"es-AR\",\"@id\":\"https:\/\/sssmachinery.com\/#\/schema\/logo\/image\/\",\"url\":\"https:\/\/sssmachinery.com\/wp-content\/uploads\/2024\/05\/cropped-logo-1.png\",\"contentUrl\":\"https:\/\/sssmachinery.com\/wp-content\/uploads\/2024\/05\/cropped-logo-1.png\",\"width\":512,\"height\":512,\"caption\":\"SSS Food Machinery Technology\"},\"image\":{\"@id\":\"https:\/\/sssmachinery.com\/#\/schema\/logo\/image\/\"}}]}<\/script>\n<!-- \/ Yoast SEO Premium plugin. -->","yoast_head_json":{"title":"Automatic tomato paste production line for fruit jam processing","description":"Revolutionize your fruit jam production with our cutting-edge tomato paste line. Experience unparalleled efficiency as our state-of-the-art technology meticulously processes fresh tomatoes into velvety smooth paste, capturing the essence of ripe flavors. Craft exceptional jams bursting with natural goodness.","robots":{"index":"index","follow":"follow","max-snippet":"max-snippet:-1","max-image-preview":"max-image-preview:large","max-video-preview":"max-video-preview:-1"},"canonical":"https:\/\/sssmachinery.com\/es\/producto\/automatic-tomato-paste-production-line-for-fruit-jam-processing\/","og_locale":"es_ES","og_type":"article","og_title":"Automatic tomato paste production line for fruit jam processing","og_description":"Revolutionize your fruit jam production with our cutting-edge tomato paste line. Experience unparalleled efficiency as our state-of-the-art technology meticulously processes fresh tomatoes into velvety smooth paste, capturing the essence of ripe flavors. Craft exceptional jams bursting with natural goodness.","og_url":"https:\/\/sssmachinery.com\/es\/producto\/automatic-tomato-paste-production-line-for-fruit-jam-processing\/","og_site_name":"SSS Food Machinery Technology","twitter_card":"summary_large_image","twitter_misc":{"Tiempo de lectura":"2 minutos"},"schema":{"@context":"https:\/\/schema.org","@graph":[{"@type":"WebPage","@id":"https:\/\/sssmachinery.com\/product\/automatic-tomato-paste-production-line-for-fruit-jam-processing\/","url":"https:\/\/sssmachinery.com\/product\/automatic-tomato-paste-production-line-for-fruit-jam-processing\/","name":"Automatic tomato paste production line for fruit jam processing","isPartOf":{"@id":"https:\/\/sssmachinery.com\/#website"},"primaryImageOfPage":{"@id":"https:\/\/sssmachinery.com\/product\/automatic-tomato-paste-production-line-for-fruit-jam-processing\/#primaryimage"},"image":{"@id":"https:\/\/sssmachinery.com\/product\/automatic-tomato-paste-production-line-for-fruit-jam-processing\/#primaryimage"},"thumbnailUrl":"https:\/\/sssmachinery.com\/wp-content\/uploads\/2024\/06\/7.avif","datePublished":"2024-06-17T08:18:49+00:00","dateModified":"2024-06-17T08:18:49+00:00","description":"Revolutionize your fruit jam production with our cutting-edge tomato paste line. Experience unparalleled efficiency as our state-of-the-art technology meticulously processes fresh tomatoes into velvety smooth paste, capturing the essence of ripe flavors. Craft exceptional jams bursting with natural goodness.","breadcrumb":{"@id":"https:\/\/sssmachinery.com\/product\/automatic-tomato-paste-production-line-for-fruit-jam-processing\/#breadcrumb"},"inLanguage":"es-AR","potentialAction":[{"@type":"ReadAction","target":["https:\/\/sssmachinery.com\/product\/automatic-tomato-paste-production-line-for-fruit-jam-processing\/"]}]},{"@type":"ImageObject","inLanguage":"es-AR","@id":"https:\/\/sssmachinery.com\/product\/automatic-tomato-paste-production-line-for-fruit-jam-processing\/#primaryimage","url":"https:\/\/sssmachinery.com\/wp-content\/uploads\/2024\/06\/7.avif","contentUrl":"https:\/\/sssmachinery.com\/wp-content\/uploads\/2024\/06\/7.avif","width":1000,"height":926,"caption":"Jam Paste Sauce Processing Line"},{"@type":"BreadcrumbList","@id":"https:\/\/sssmachinery.com\/product\/automatic-tomato-paste-production-line-for-fruit-jam-processing\/#breadcrumb","itemListElement":[{"@type":"ListItem","position":1,"name":"\u9996\u9875","item":"https:\/\/sssmachinery.com\/"},{"@type":"ListItem","position":2,"name":"Products","item":"https:\/\/sssmachinery.com\/products\/"},{"@type":"ListItem","position":3,"name":"Automatic tomato paste production line for fruit jam processing"}]},{"@type":"WebSite","@id":"https:\/\/sssmachinery.com\/#website","url":"https:\/\/sssmachinery.com\/","name":"SSS Food Machinery Technology","description":"BEST SOLUTIONS FOR TORTILLA MACHINERY","publisher":{"@id":"https:\/\/sssmachinery.com\/#organization"},"potentialAction":[{"@type":"SearchAction","target":{"@type":"EntryPoint","urlTemplate":"https:\/\/sssmachinery.com\/?s={search_term_string}"},"query-input":"required name=search_term_string"}],"inLanguage":"es-AR"},{"@type":"Organization","@id":"https:\/\/sssmachinery.com\/#organization","name":"SSS Food Machinery Technology","url":"https:\/\/sssmachinery.com\/","logo":{"@type":"ImageObject","inLanguage":"es-AR","@id":"https:\/\/sssmachinery.com\/#\/schema\/logo\/image\/","url":"https:\/\/sssmachinery.com\/wp-content\/uploads\/2024\/05\/cropped-logo-1.png","contentUrl":"https:\/\/sssmachinery.com\/wp-content\/uploads\/2024\/05\/cropped-logo-1.png","width":512,"height":512,"caption":"SSS Food Machinery Technology"},"image":{"@id":"https:\/\/sssmachinery.com\/#\/schema\/logo\/image\/"}}]}},"uagb_featured_image_src":{"full":["https:\/\/sssmachinery.com\/wp-content\/uploads\/2024\/06\/7.avif",1000,926,false],"thumbnail":["https:\/\/sssmachinery.com\/wp-content\/uploads\/2024\/06\/7-150x150.avif",150,150,true],"medium":["https:\/\/sssmachinery.com\/wp-content\/uploads\/2024\/06\/7-300x278.avif",300,278,true],"medium_large":["https:\/\/sssmachinery.com\/wp-content\/uploads\/2024\/06\/7-768x711.avif",768,711,true],"large":["https:\/\/sssmachinery.com\/wp-content\/uploads\/2024\/06\/7.avif",1000,926,false],"1536x1536":["https:\/\/sssmachinery.com\/wp-content\/uploads\/2024\/06\/7.avif",1000,926,false],"2048x2048":["https:\/\/sssmachinery.com\/wp-content\/uploads\/2024\/06\/7.avif",1000,926,false],"trp-custom-language-flag":["https:\/\/sssmachinery.com\/wp-content\/uploads\/2024\/06\/7.avif",13,12,false],"woocommerce_thumbnail":["https:\/\/sssmachinery.com\/wp-content\/uploads\/2024\/06\/7-300x300.avif",300,300,true],"woocommerce_single":["https:\/\/sssmachinery.com\/wp-content\/uploads\/2024\/06\/7-600x556.avif",600,556,true],"woocommerce_gallery_thumbnail":["https:\/\/sssmachinery.com\/wp-content\/uploads\/2024\/06\/7-100x100.avif",100,100,true]},"uagb_author_info":{"display_name":"info","author_link":"https:\/\/sssmachinery.com\/es\/author\/"},"uagb_comment_info":0,"uagb_excerpt":"Product description Unlock the vibrant flavors of nature with our Jam Paste Sauce Processing Line! This state-of-the-art automated system is [&hellip;]","_links":{"self":[{"href":"https:\/\/sssmachinery.com\/es\/wp-json\/wp\/v2\/product\/1147"}],"collection":[{"href":"https:\/\/sssmachinery.com\/es\/wp-json\/wp\/v2\/product"}],"about":[{"href":"https:\/\/sssmachinery.com\/es\/wp-json\/wp\/v2\/types\/product"}],"wp:featuredmedia":[{"embeddable":true,"href":"https:\/\/sssmachinery.com\/es\/wp-json\/wp\/v2\/media\/1151"}],"wp:attachment":[{"href":"https:\/\/sssmachinery.com\/es\/wp-json\/wp\/v2\/media?parent=1147"}],"wp:term":[{"taxonomy":"product_cat","embeddable":true,"href":"https:\/\/sssmachinery.com\/es\/wp-json\/wp\/v2\/product_cat?post=1147"},{"taxonomy":"product_tag","embeddable":true,"href":"https:\/\/sssmachinery.com\/es\/wp-json\/wp\/v2\/product_tag?post=1147"}],"curies":[{"name":"wp","href":"https:\/\/api.w.org\/{rel}","templated":true}]}}