{"id":1108,"date":"2024-06-13T08:49:45","date_gmt":"2024-06-13T08:49:45","guid":{"rendered":"https:\/\/sssmachinery.com\/?post_type=product&#038;p=1108"},"modified":"2024-06-17T03:43:57","modified_gmt":"2024-06-17T03:43:57","slug":"tortilla-stacker-machine-tortilla-packing-machine","status":"publish","type":"product","link":"https:\/\/sssmachinery.com\/es\/producto\/tortilla-stacker-machine-tortilla-packing-machine\/","title":{"rendered":"M\u00e1quina apiladora de tortillas m\u00e1quina empaquetadora de tortillas"},"content":{"rendered":"<h1><span style=\"color: #0000ff;\">Descripci\u00f3n del producto<\/span><\/h1>\n<hr \/>\n<p>Una m\u00e1quina apiladora de tortillas es un equipo industrial utilizado en la industria alimentaria, concretamente para apilar y envasar tortillas. Estas m\u00e1quinas est\u00e1n dise\u00f1adas para manejar altos vol\u00famenes de producci\u00f3n, que van de 1000 a 3000 piezas por hora. A continuaci\u00f3n se presentan algunas caracter\u00edsticas y detalles clave sobre una m\u00e1quina de este tipo:<\/p>\n<ol>\n<li><strong>Capacidad<\/strong>: La gama especificada de 1000-3000 piezas por hora permite una producci\u00f3n eficiente, atendiendo a diferentes requisitos de producci\u00f3n.<\/li>\n<li><strong>Automatizaci\u00f3n<\/strong>: La m\u00e1quina est\u00e1 totalmente automatizada, lo que reduce la necesidad de mano de obra y garantiza un apilado y envasado uniformes.<\/li>\n<li><strong>Mecanismo de apilamiento<\/strong>: La m\u00e1quina suele incluir un sistema transportador que lleva las tortillas desde la l\u00ednea de producci\u00f3n hasta la zona de apilado. Se emplean mecanismos precisos, como brazos rob\u00f3ticos o apiladores especializados, para apilar ordenadamente las tortillas en la configuraci\u00f3n deseada.<\/li>\n<li><strong>Integraci\u00f3n de envases<\/strong>: Muchas m\u00e1quinas apiladoras de tortillas est\u00e1n dise\u00f1adas para integrarse con equipos de envasado, como embolsadoras o envolvedoras, para una transici\u00f3n perfecta del apilado al envasado.<\/li>\n<li><strong>Ajustes regulables<\/strong>: La m\u00e1quina puede tener configuraciones ajustables para adaptarse a diferentes tama\u00f1os de tortilla, alturas de apilado y requisitos de envasado, lo que garantiza la versatilidad en la producci\u00f3n.<\/li>\n<li><strong>Saneamiento<\/strong>: Los materiales aptos para uso alimentario y los dise\u00f1os f\u00e1ciles de limpiar son esenciales para mantener una higiene adecuada y cumplir las normas de seguridad alimentaria.<\/li>\n<li><strong>Sistema de control<\/strong>: La m\u00e1quina suele estar equipada con un panel de control o un controlador l\u00f3gico programable (PLC) para controlar y ajustar diversos par\u00e1metros, como la velocidad, el n\u00famero de pilas y la detecci\u00f3n de fallos.<\/li>\n<li><strong>Caracter\u00edsticas de seguridad<\/strong>: Los dispositivos de seguridad, como los botones de parada de emergencia, las protecciones y los enclavamientos, est\u00e1n incorporados para garantizar la seguridad del operario durante el funcionamiento y el mantenimiento.<\/li>\n<\/ol>\n<h2><span style=\"color: #0000ff;\"><b data-spm-anchor-id=\"a2700.pc-decorate.0.i11.76b53333eqSuaZ\">Envasadora al vac\u00edo<\/b><\/span><\/h2>\n<hr \/>\n<table>\n<tbody>\n<tr>\n<td width=\"206\"><strong>art\u00edculo<\/strong><\/td>\n<td><strong>valor<\/strong><\/td>\n<\/tr>\n<tr>\n<td width=\"206\"><strong>Condici\u00f3n<\/strong><\/td>\n<td><strong>Nuevo<\/strong><\/td>\n<\/tr>\n<tr>\n<td width=\"206\"><strong>Marca<\/strong><\/td>\n<td><strong>SSS<\/strong><\/td>\n<\/tr>\n<tr>\n<td width=\"206\"><strong>A\u00f1o<\/strong><\/td>\n<td><strong>2023<\/strong><\/td>\n<\/tr>\n<tr>\n<td width=\"206\"><strong>Peso<\/strong><\/td>\n<td><strong>200KG<\/strong><\/td>\n<\/tr>\n<tr>\n<td width=\"206\"><strong>Lugar de origen<\/strong><\/td>\n<td><strong>China<\/strong><\/td>\n<\/tr>\n<tr>\n<td width=\"206\"><strong>Grado autom\u00e1tico<\/strong><\/td>\n<td><strong>Autom\u00e1tico<\/strong><\/td>\n<\/tr>\n<tr>\n<td width=\"206\"><strong>Tensi\u00f3n<\/strong><\/td>\n<td><strong>220V\/380V<\/strong><\/td>\n<\/tr>\n<tr>\n<td width=\"206\"><strong>Capacidad de la maquinaria<\/strong><\/td>\n<td><strong>30<\/strong><\/td>\n<\/tr>\n<tr>\n<td width=\"206\"><strong>M\u00e1quinas clave<\/strong><\/td>\n<td><strong>Esterilizador de alimentos, Amasadora, Horno de panader\u00eda, Laminadora de masa<\/strong><\/td>\n<\/tr>\n<tr>\n<td width=\"206\"><strong>Tipo de producto<\/strong><\/td>\n<td><strong>Productos de cereales, harina<\/strong><\/td>\n<\/tr>\n<tr>\n<td width=\"206\"><strong>Servicio posventa<\/strong><\/td>\n<td><strong>Servicio en l\u00ednea<\/strong><\/td>\n<\/tr>\n<tr>\n<td width=\"206\"><strong>Ventaja<\/strong><\/td>\n<td><strong>F\u00e1cil manejo Alta eficiencia<\/strong><\/td>\n<\/tr>\n<tr>\n<td width=\"206\"><strong>Materia prima<\/strong><\/td>\n<td><strong>Acero inoxidable 304<\/strong><\/td>\n<\/tr>\n<tr>\n<td width=\"206\"><strong>Producto final<\/strong><\/td>\n<td><strong>Tortilla<\/strong><\/td>\n<\/tr>\n<tr>\n<td width=\"206\"><strong>Certificaci\u00f3n<\/strong><\/td>\n<td><strong>CE ISO<\/strong><\/td>\n<\/tr>\n<tr>\n<td width=\"206\"><strong>Autom\u00e1tico<\/strong><\/td>\n<td><strong>Control por pantalla t\u00e1ctil<\/strong><\/td>\n<\/tr>\n<tr>\n<td width=\"206\"><strong>Funci\u00f3n<\/strong><\/td>\n<td><strong>Formando<\/strong><\/td>\n<\/tr>\n<tr>\n<td width=\"206\"><strong>Garant\u00eda<\/strong><\/td>\n<td><strong>1 a\u00f1o de garant\u00eda<\/strong><\/td>\n<\/tr>\n<tr>\n<td width=\"206\"><strong>Capacidad de producci\u00f3n<\/strong><\/td>\n<td><strong>2800-3800PCS\/H<\/strong><\/td>\n<\/tr>\n<\/tbody>\n<\/table>","protected":false},"excerpt":{"rendered":"<p>Product description A tortilla stacker machine is an industrial equipment used in the food processing industry, specifically for stacking and [&hellip;]<\/p>","protected":false},"featured_media":1110,"template":"","meta":{"_uag_custom_page_level_css":"","_monsterinsights_skip_tracking":false,"_monsterinsights_sitenote_active":false,"_monsterinsights_sitenote_note":"","_monsterinsights_sitenote_category":0,"site-sidebar-layout":"default","site-content-layout":"","ast-site-content-layout":"default","site-content-style":"default","site-sidebar-style":"default","ast-global-header-display":"","ast-banner-title-visibility":"","ast-main-header-display":"","ast-hfb-above-header-display":"","ast-hfb-below-header-display":"","ast-hfb-mobile-header-display":"","site-post-title":"","ast-breadcrumbs-content":"","ast-featured-img":"","footer-sml-layout":"","theme-transparent-header-meta":"default","adv-header-id-meta":"","stick-header-meta":"default","header-above-stick-meta":"","header-main-stick-meta":"","header-below-stick-meta":"","astra-migrate-meta-layouts":"set","ast-page-background-enabled":"default","ast-page-background-meta":{"desktop":{"background-color":"var(--ast-global-color-4)","background-image":"","background-repeat":"repeat","background-position":"center center","background-size":"auto","background-attachment":"scroll","background-type":"","background-media":"","overlay-type":"","overlay-color":"","overlay-opacity":"","overlay-gradient":""},"tablet":{"background-color":"","background-image":"","background-repeat":"repeat","background-position":"center center","background-size":"auto","background-attachment":"scroll","background-type":"","background-media":"","overlay-type":"","overlay-color":"","overlay-opacity":"","overlay-gradient":""},"mobile":{"background-color":"","background-image":"","background-repeat":"repeat","background-position":"center center","background-size":"auto","background-attachment":"scroll","background-type":"","background-media":"","overlay-type":"","overlay-color":"","overlay-opacity":"","overlay-gradient":""}},"ast-content-background-meta":{"desktop":{"background-color":"var(--ast-global-color-5)","background-image":"","background-repeat":"repeat","background-position":"center center","background-size":"auto","background-attachment":"scroll","background-type":"","background-media":"","overlay-type":"","overlay-color":"","overlay-opacity":"","overlay-gradient":""},"tablet":{"background-color":"var(--ast-global-color-5)","background-image":"","background-repeat":"repeat","background-position":"center center","background-size":"auto","background-attachment":"scroll","background-type":"","background-media":"","overlay-type":"","overlay-color":"","overlay-opacity":"","overlay-gradient":""},"mobile":{"background-color":"var(--ast-global-color-5)","background-image":"","background-repeat":"repeat","background-position":"center center","background-size":"auto","background-attachment":"scroll","background-type":"","background-media":"","overlay-type":"","overlay-color":"","overlay-opacity":"","overlay-gradient":""}}},"product_cat":[26,43],"product_tag":[],"yoast_head":"<!-- This site is optimized with the Yoast SEO Premium plugin v22.6 (Yoast SEO v22.6) - https:\/\/yoast.com\/wordpress\/plugins\/seo\/ -->\n<title>Tortilla Stacker machine tortilla packing machine<\/title>\n<meta name=\"description\" content=\"Stack tortillas effortlessly with our high-speed tortilla stacker machine. Engineered for maximum efficiency, it precisely stacks and aligns tortillas for packaging. Boost productivity and reduce labor costs - get perfectly stacked tortillas every time.\" \/>\n<meta name=\"robots\" content=\"index, follow, max-snippet:-1, max-image-preview:large, max-video-preview:-1\" \/>\n<link rel=\"canonical\" href=\"https:\/\/sssmachinery.com\/es\/producto\/tortilla-stacker-machine-tortilla-packing-machine\/\" \/>\n<meta property=\"og:locale\" content=\"es_ES\" \/>\n<meta property=\"og:type\" content=\"article\" \/>\n<meta property=\"og:title\" content=\"Tortilla Stacker machine tortilla packing machine\" \/>\n<meta property=\"og:description\" content=\"Stack tortillas effortlessly with our high-speed tortilla stacker machine. Engineered for maximum efficiency, it precisely stacks and aligns tortillas for packaging. Boost productivity and reduce labor costs - get perfectly stacked tortillas every time.\" \/>\n<meta property=\"og:url\" content=\"https:\/\/sssmachinery.com\/es\/producto\/tortilla-stacker-machine-tortilla-packing-machine\/\" \/>\n<meta property=\"og:site_name\" content=\"SSS Food Machinery Technology\" \/>\n<meta property=\"article:modified_time\" content=\"2024-06-17T03:43:57+00:00\" \/>\n<meta name=\"twitter:card\" content=\"summary_large_image\" \/>\n<meta name=\"twitter:label1\" content=\"Tiempo de lectura\" \/>\n\t<meta name=\"twitter:data1\" content=\"2 minutos\" \/>\n<script type=\"application\/ld+json\" class=\"yoast-schema-graph\">{\"@context\":\"https:\/\/schema.org\",\"@graph\":[{\"@type\":\"WebPage\",\"@id\":\"https:\/\/sssmachinery.com\/product\/tortilla-stacker-machine-tortilla-packing-machine\/\",\"url\":\"https:\/\/sssmachinery.com\/product\/tortilla-stacker-machine-tortilla-packing-machine\/\",\"name\":\"Tortilla Stacker machine tortilla packing machine\",\"isPartOf\":{\"@id\":\"https:\/\/sssmachinery.com\/#website\"},\"primaryImageOfPage\":{\"@id\":\"https:\/\/sssmachinery.com\/product\/tortilla-stacker-machine-tortilla-packing-machine\/#primaryimage\"},\"image\":{\"@id\":\"https:\/\/sssmachinery.com\/product\/tortilla-stacker-machine-tortilla-packing-machine\/#primaryimage\"},\"thumbnailUrl\":\"https:\/\/sssmachinery.com\/wp-content\/uploads\/2024\/06\/H88e549c9dfa14e5c8e82af9deacbd2c3c.avif\",\"datePublished\":\"2024-06-13T08:49:45+00:00\",\"dateModified\":\"2024-06-17T03:43:57+00:00\",\"description\":\"Stack tortillas effortlessly with our high-speed tortilla stacker machine. Engineered for maximum efficiency, it precisely stacks and aligns tortillas for packaging. Boost productivity and reduce labor costs - get perfectly stacked tortillas every time.\",\"breadcrumb\":{\"@id\":\"https:\/\/sssmachinery.com\/product\/tortilla-stacker-machine-tortilla-packing-machine\/#breadcrumb\"},\"inLanguage\":\"es-AR\",\"potentialAction\":[{\"@type\":\"ReadAction\",\"target\":[\"https:\/\/sssmachinery.com\/product\/tortilla-stacker-machine-tortilla-packing-machine\/\"]}]},{\"@type\":\"ImageObject\",\"inLanguage\":\"es-AR\",\"@id\":\"https:\/\/sssmachinery.com\/product\/tortilla-stacker-machine-tortilla-packing-machine\/#primaryimage\",\"url\":\"https:\/\/sssmachinery.com\/wp-content\/uploads\/2024\/06\/H88e549c9dfa14e5c8e82af9deacbd2c3c.avif\",\"contentUrl\":\"https:\/\/sssmachinery.com\/wp-content\/uploads\/2024\/06\/H88e549c9dfa14e5c8e82af9deacbd2c3c.avif\",\"width\":800,\"height\":800,\"caption\":\"Tortilla Stacker machine\"},{\"@type\":\"BreadcrumbList\",\"@id\":\"https:\/\/sssmachinery.com\/product\/tortilla-stacker-machine-tortilla-packing-machine\/#breadcrumb\",\"itemListElement\":[{\"@type\":\"ListItem\",\"position\":1,\"name\":\"\u9996\u9875\",\"item\":\"https:\/\/sssmachinery.com\/\"},{\"@type\":\"ListItem\",\"position\":2,\"name\":\"Products\",\"item\":\"https:\/\/sssmachinery.com\/products\/\"},{\"@type\":\"ListItem\",\"position\":3,\"name\":\"Tortilla Stacker machine tortilla packing machine\"}]},{\"@type\":\"WebSite\",\"@id\":\"https:\/\/sssmachinery.com\/#website\",\"url\":\"https:\/\/sssmachinery.com\/\",\"name\":\"SSS Food Machinery Technology\",\"description\":\"BEST SOLUTIONS FOR TORTILLA MACHINERY\",\"publisher\":{\"@id\":\"https:\/\/sssmachinery.com\/#organization\"},\"potentialAction\":[{\"@type\":\"SearchAction\",\"target\":{\"@type\":\"EntryPoint\",\"urlTemplate\":\"https:\/\/sssmachinery.com\/?s={search_term_string}\"},\"query-input\":\"required name=search_term_string\"}],\"inLanguage\":\"es-AR\"},{\"@type\":\"Organization\",\"@id\":\"https:\/\/sssmachinery.com\/#organization\",\"name\":\"SSS Food Machinery Technology\",\"url\":\"https:\/\/sssmachinery.com\/\",\"logo\":{\"@type\":\"ImageObject\",\"inLanguage\":\"es-AR\",\"@id\":\"https:\/\/sssmachinery.com\/#\/schema\/logo\/image\/\",\"url\":\"https:\/\/sssmachinery.com\/wp-content\/uploads\/2024\/05\/cropped-logo-1.png\",\"contentUrl\":\"https:\/\/sssmachinery.com\/wp-content\/uploads\/2024\/05\/cropped-logo-1.png\",\"width\":512,\"height\":512,\"caption\":\"SSS Food Machinery Technology\"},\"image\":{\"@id\":\"https:\/\/sssmachinery.com\/#\/schema\/logo\/image\/\"}}]}<\/script>\n<!-- \/ Yoast SEO Premium plugin. -->","yoast_head_json":{"title":"Tortilla Stacker machine tortilla packing machine","description":"Stack tortillas effortlessly with our high-speed tortilla stacker machine. Engineered for maximum efficiency, it precisely stacks and aligns tortillas for packaging. Boost productivity and reduce labor costs - get perfectly stacked tortillas every time.","robots":{"index":"index","follow":"follow","max-snippet":"max-snippet:-1","max-image-preview":"max-image-preview:large","max-video-preview":"max-video-preview:-1"},"canonical":"https:\/\/sssmachinery.com\/es\/producto\/tortilla-stacker-machine-tortilla-packing-machine\/","og_locale":"es_ES","og_type":"article","og_title":"Tortilla Stacker machine tortilla packing machine","og_description":"Stack tortillas effortlessly with our high-speed tortilla stacker machine. Engineered for maximum efficiency, it precisely stacks and aligns tortillas for packaging. Boost productivity and reduce labor costs - get perfectly stacked tortillas every time.","og_url":"https:\/\/sssmachinery.com\/es\/producto\/tortilla-stacker-machine-tortilla-packing-machine\/","og_site_name":"SSS Food Machinery Technology","article_modified_time":"2024-06-17T03:43:57+00:00","twitter_card":"summary_large_image","twitter_misc":{"Tiempo de lectura":"2 minutos"},"schema":{"@context":"https:\/\/schema.org","@graph":[{"@type":"WebPage","@id":"https:\/\/sssmachinery.com\/product\/tortilla-stacker-machine-tortilla-packing-machine\/","url":"https:\/\/sssmachinery.com\/product\/tortilla-stacker-machine-tortilla-packing-machine\/","name":"Tortilla Stacker machine tortilla packing machine","isPartOf":{"@id":"https:\/\/sssmachinery.com\/#website"},"primaryImageOfPage":{"@id":"https:\/\/sssmachinery.com\/product\/tortilla-stacker-machine-tortilla-packing-machine\/#primaryimage"},"image":{"@id":"https:\/\/sssmachinery.com\/product\/tortilla-stacker-machine-tortilla-packing-machine\/#primaryimage"},"thumbnailUrl":"https:\/\/sssmachinery.com\/wp-content\/uploads\/2024\/06\/H88e549c9dfa14e5c8e82af9deacbd2c3c.avif","datePublished":"2024-06-13T08:49:45+00:00","dateModified":"2024-06-17T03:43:57+00:00","description":"Stack tortillas effortlessly with our high-speed tortilla stacker machine. Engineered for maximum efficiency, it precisely stacks and aligns tortillas for packaging. Boost productivity and reduce labor costs - get perfectly stacked tortillas every time.","breadcrumb":{"@id":"https:\/\/sssmachinery.com\/product\/tortilla-stacker-machine-tortilla-packing-machine\/#breadcrumb"},"inLanguage":"es-AR","potentialAction":[{"@type":"ReadAction","target":["https:\/\/sssmachinery.com\/product\/tortilla-stacker-machine-tortilla-packing-machine\/"]}]},{"@type":"ImageObject","inLanguage":"es-AR","@id":"https:\/\/sssmachinery.com\/product\/tortilla-stacker-machine-tortilla-packing-machine\/#primaryimage","url":"https:\/\/sssmachinery.com\/wp-content\/uploads\/2024\/06\/H88e549c9dfa14e5c8e82af9deacbd2c3c.avif","contentUrl":"https:\/\/sssmachinery.com\/wp-content\/uploads\/2024\/06\/H88e549c9dfa14e5c8e82af9deacbd2c3c.avif","width":800,"height":800,"caption":"Tortilla Stacker machine"},{"@type":"BreadcrumbList","@id":"https:\/\/sssmachinery.com\/product\/tortilla-stacker-machine-tortilla-packing-machine\/#breadcrumb","itemListElement":[{"@type":"ListItem","position":1,"name":"\u9996\u9875","item":"https:\/\/sssmachinery.com\/"},{"@type":"ListItem","position":2,"name":"Products","item":"https:\/\/sssmachinery.com\/products\/"},{"@type":"ListItem","position":3,"name":"Tortilla Stacker machine tortilla packing machine"}]},{"@type":"WebSite","@id":"https:\/\/sssmachinery.com\/#website","url":"https:\/\/sssmachinery.com\/","name":"SSS Food Machinery Technology","description":"BEST SOLUTIONS FOR TORTILLA MACHINERY","publisher":{"@id":"https:\/\/sssmachinery.com\/#organization"},"potentialAction":[{"@type":"SearchAction","target":{"@type":"EntryPoint","urlTemplate":"https:\/\/sssmachinery.com\/?s={search_term_string}"},"query-input":"required name=search_term_string"}],"inLanguage":"es-AR"},{"@type":"Organization","@id":"https:\/\/sssmachinery.com\/#organization","name":"SSS Food Machinery Technology","url":"https:\/\/sssmachinery.com\/","logo":{"@type":"ImageObject","inLanguage":"es-AR","@id":"https:\/\/sssmachinery.com\/#\/schema\/logo\/image\/","url":"https:\/\/sssmachinery.com\/wp-content\/uploads\/2024\/05\/cropped-logo-1.png","contentUrl":"https:\/\/sssmachinery.com\/wp-content\/uploads\/2024\/05\/cropped-logo-1.png","width":512,"height":512,"caption":"SSS Food Machinery Technology"},"image":{"@id":"https:\/\/sssmachinery.com\/#\/schema\/logo\/image\/"}}]}},"uagb_featured_image_src":{"full":["https:\/\/sssmachinery.com\/wp-content\/uploads\/2024\/06\/H88e549c9dfa14e5c8e82af9deacbd2c3c.avif",800,800,false],"thumbnail":["https:\/\/sssmachinery.com\/wp-content\/uploads\/2024\/06\/H88e549c9dfa14e5c8e82af9deacbd2c3c-150x150.avif",150,150,true],"medium":["https:\/\/sssmachinery.com\/wp-content\/uploads\/2024\/06\/H88e549c9dfa14e5c8e82af9deacbd2c3c-300x300.avif",300,300,true],"medium_large":["https:\/\/sssmachinery.com\/wp-content\/uploads\/2024\/06\/H88e549c9dfa14e5c8e82af9deacbd2c3c-768x768.avif",768,768,true],"large":["https:\/\/sssmachinery.com\/wp-content\/uploads\/2024\/06\/H88e549c9dfa14e5c8e82af9deacbd2c3c.avif",800,800,false],"1536x1536":["https:\/\/sssmachinery.com\/wp-content\/uploads\/2024\/06\/H88e549c9dfa14e5c8e82af9deacbd2c3c.avif",800,800,false],"2048x2048":["https:\/\/sssmachinery.com\/wp-content\/uploads\/2024\/06\/H88e549c9dfa14e5c8e82af9deacbd2c3c.avif",800,800,false],"trp-custom-language-flag":["https:\/\/sssmachinery.com\/wp-content\/uploads\/2024\/06\/H88e549c9dfa14e5c8e82af9deacbd2c3c.avif",12,12,false],"woocommerce_thumbnail":["https:\/\/sssmachinery.com\/wp-content\/uploads\/2024\/06\/H88e549c9dfa14e5c8e82af9deacbd2c3c-300x300.avif",300,300,true],"woocommerce_single":["https:\/\/sssmachinery.com\/wp-content\/uploads\/2024\/06\/H88e549c9dfa14e5c8e82af9deacbd2c3c-600x600.avif",600,600,true],"woocommerce_gallery_thumbnail":["https:\/\/sssmachinery.com\/wp-content\/uploads\/2024\/06\/H88e549c9dfa14e5c8e82af9deacbd2c3c-100x100.avif",100,100,true]},"uagb_author_info":{"display_name":"info","author_link":"https:\/\/sssmachinery.com\/es\/author\/"},"uagb_comment_info":0,"uagb_excerpt":"Product description A tortilla stacker machine is an industrial equipment used in the food processing industry, specifically for stacking and [&hellip;]","_links":{"self":[{"href":"https:\/\/sssmachinery.com\/es\/wp-json\/wp\/v2\/product\/1108"}],"collection":[{"href":"https:\/\/sssmachinery.com\/es\/wp-json\/wp\/v2\/product"}],"about":[{"href":"https:\/\/sssmachinery.com\/es\/wp-json\/wp\/v2\/types\/product"}],"wp:featuredmedia":[{"embeddable":true,"href":"https:\/\/sssmachinery.com\/es\/wp-json\/wp\/v2\/media\/1110"}],"wp:attachment":[{"href":"https:\/\/sssmachinery.com\/es\/wp-json\/wp\/v2\/media?parent=1108"}],"wp:term":[{"taxonomy":"product_cat","embeddable":true,"href":"https:\/\/sssmachinery.com\/es\/wp-json\/wp\/v2\/product_cat?post=1108"},{"taxonomy":"product_tag","embeddable":true,"href":"https:\/\/sssmachinery.com\/es\/wp-json\/wp\/v2\/product_tag?post=1108"}],"curies":[{"name":"wp","href":"https:\/\/api.w.org\/{rel}","templated":true}]}}