{"id":968,"date":"2024-06-03T07:59:39","date_gmt":"2024-06-03T07:59:39","guid":{"rendered":"https:\/\/sssmachinery.com\/?post_type=product&#038;p=968"},"modified":"2024-06-18T01:47:27","modified_gmt":"2024-06-18T01:47:27","slug":"drink-water-production-line-filling-and-packaging-machines-3000-bottles-h","status":"publish","type":"product","link":"https:\/\/sssmachinery.com\/de\/produkt\/drink-water-production-line-filling-and-packaging-machines-3000-bottles-h\/","title":{"rendered":"Produktionslinie f\u00fcr Energy-Drinks 2T\/H PET-Flaschen Hersteller Sprudelwasser Getr\u00e4nkeabf\u00fcllung Produktionslinie"},"content":{"rendered":"<h1 class=\"second-level-title\"><span style=\"color: #0000ff;\">Beschreibung des Produkts<\/span><\/h1>\n<hr \/>\n<div class=\"desc\">\n<ul>\n<li>Die Energy-Drink-Produktionslinie ist eine hochmoderne 3-in-1-Abf\u00fcll- und Verpackungsmaschine, die die Funktionen Waschen, Abf\u00fcllen und Verschlie\u00dfen in einem effizienten System vereint. Angetrieben von einem leistungsstarken Getriebemotor, bietet diese Produktionslinie einen hohen Automatisierungsgrad, der einen nahtlosen Betrieb mit minimalen menschlichen Eingriffen erm\u00f6glicht.<\/li>\n<li>Mit ihrer kompakten Struktur und ihrem sch\u00f6nen Aussehen ist die Energy-Drink-Produktionslinie nicht nur praktisch, sondern auch \u00e4sthetisch ansprechend. Sie ist f\u00fcr eine bequeme Bedienung und Wartung konzipiert, so dass sie leicht zu bedienen und in einem Top-Zustand zu halten ist. Sicherheit und Zuverl\u00e4ssigkeit sind die Hauptmerkmale dieser Maschine, die daf\u00fcr sorgen, dass Ihr Produktionsprozess reibungslos und effizient abl\u00e4uft.<\/li>\n<li>Eines der herausragenden Merkmale der Energy-Drink-Produktionslinie ist ihre stufenlos einstellbare Produktionskapazit\u00e4t. Das bedeutet, dass Sie die Maschine problemlos an Ihre spezifischen Produktionsanforderungen anpassen k\u00f6nnen, unabh\u00e4ngig davon, ob Sie Ihren Betrieb vergr\u00f6\u00dfern oder verkleinern wollen. Mit diesem Ma\u00df an Flexibilit\u00e4t k\u00f6nnen Sie die Effizienz maximieren und Ihre Produktion optimieren.<\/li>\n<li>Insgesamt ist die Energy-Drink-Produktionslinie eine erstklassige L\u00f6sung f\u00fcr Unternehmen, die ihren Produktionsprozess rationalisieren und ihre Produktivit\u00e4t steigern wollen. Ihre fortschrittlichen Funktionen, ihr benutzerfreundliches Design und ihre zuverl\u00e4ssige Leistung machen sie zu einer wertvollen Bereicherung f\u00fcr jeden Hersteller von Energydrinks.<\/li>\n<\/ul>\n<h2><span style=\"color: #0000ff;\">Parameter des Formulars<\/span><\/h2>\n<hr \/>\n<table class=\"has-title all magic-9\">\n<tbody>\n<tr>\n<td colspan=\"1\" rowspan=\"1\">\n<div class=\"magic-15\" style=\"text-align: center;\" data-spm-anchor-id=\"a2700.details.0.i53.747e74032yFyEj\"><strong>Artikel<\/strong><\/div>\n<\/td>\n<td style=\"text-align: center;\" colspan=\"1\" rowspan=\"1\">\n<div class=\"magic-16\"><strong>Wert<\/strong><\/div>\n<\/td>\n<\/tr>\n<tr>\n<td colspan=\"1\" rowspan=\"1\">\n<div class=\"magic-15\" style=\"text-align: center;\"><strong>Zustand<\/strong><\/div>\n<\/td>\n<td style=\"text-align: center;\" colspan=\"1\" rowspan=\"1\">\n<div class=\"magic-16\"><strong>Neu<\/strong><\/div>\n<\/td>\n<\/tr>\n<tr>\n<td colspan=\"1\" rowspan=\"1\">\n<div class=\"magic-15\" style=\"text-align: center;\" data-spm-anchor-id=\"a2700.details.0.i54.747e74032yFyEj\"><strong>Markenname<\/strong><\/div>\n<\/td>\n<td colspan=\"1\" rowspan=\"1\">\n<div class=\"magic-16\" style=\"text-align: center;\"><strong>sss<\/strong><\/div>\n<\/td>\n<\/tr>\n<tr>\n<td colspan=\"1\" rowspan=\"1\">\n<div class=\"magic-15\" style=\"text-align: center;\"><strong>Gewicht<\/strong><\/div>\n<\/td>\n<td style=\"text-align: center;\" colspan=\"1\" rowspan=\"1\">\n<div class=\"magic-16\"><strong>10000KG<\/strong><\/div>\n<\/td>\n<\/tr>\n<tr>\n<td style=\"text-align: center;\" colspan=\"1\" rowspan=\"1\">\n<div class=\"magic-15\"><strong>Automatischer Grad<\/strong><\/div>\n<\/td>\n<td colspan=\"1\" rowspan=\"1\">\n<div class=\"magic-16\" style=\"text-align: center;\"><strong>Halbautomatisch<\/strong><\/div>\n<\/td>\n<\/tr>\n<tr>\n<td colspan=\"1\" rowspan=\"1\">\n<div class=\"magic-15\" style=\"text-align: center;\"><strong>Kapazit\u00e4t des Maschinenparks<\/strong><\/div>\n<\/td>\n<td style=\"text-align: center;\" colspan=\"1\" rowspan=\"1\">\n<div class=\"magic-16\"><strong>angepasst<\/strong><\/div>\n<\/td>\n<\/tr>\n<tr>\n<td style=\"text-align: center;\" colspan=\"1\" rowspan=\"1\">\n<div class=\"magic-15\"><strong>Wichtige Maschinen<\/strong><\/div>\n<\/td>\n<td colspan=\"1\" rowspan=\"1\">\n<div class=\"magic-16\" style=\"text-align: center;\"><strong>Etikettiermaschinen, Abf\u00fcllmaschinen, Verpackungsmaschinen, Versiegelungsmaschinen, Codiermaschinen<\/strong><\/div>\n<\/td>\n<\/tr>\n<tr>\n<td colspan=\"1\" rowspan=\"1\">\n<div class=\"magic-15\" style=\"text-align: center;\"><strong>Produkttyp<\/strong><\/div>\n<\/td>\n<td style=\"text-align: center;\" colspan=\"1\" rowspan=\"1\">\n<div class=\"magic-16\"><strong>Sprudelwasser<\/strong><\/div>\n<\/td>\n<\/tr>\n<tr>\n<td colspan=\"1\" rowspan=\"1\">\n<div class=\"magic-15\" style=\"text-align: center;\"><strong>Produkt<\/strong><\/div>\n<\/td>\n<td colspan=\"1\" rowspan=\"1\">\n<div class=\"magic-16\" style=\"text-align: center;\"><strong>Produktionslinie f\u00fcr Energy-Drinks<\/strong><\/div>\n<\/td>\n<\/tr>\n<tr>\n<td style=\"text-align: center;\" colspan=\"1\" rowspan=\"1\">\n<div class=\"magic-15\"><strong>Verwendung<\/strong><\/div>\n<\/td>\n<td colspan=\"1\" rowspan=\"1\">\n<div class=\"magic-16\" style=\"text-align: center;\"><strong>Ausr\u00fcstung f\u00fcr Getr\u00e4nkeprodukte<\/strong><\/div>\n<\/td>\n<\/tr>\n<tr>\n<td colspan=\"1\" rowspan=\"1\">\n<div class=\"magic-15\" style=\"text-align: center;\"><strong>Typ<\/strong><\/div>\n<\/td>\n<td colspan=\"1\" rowspan=\"1\">\n<div class=\"magic-16\" style=\"text-align: center;\"><strong>Kundenspezifisch<\/strong><\/div>\n<\/td>\n<\/tr>\n<tr>\n<td style=\"text-align: center;\" colspan=\"1\" rowspan=\"1\">\n<div class=\"magic-15\"><strong>Material<\/strong><\/div>\n<\/td>\n<td colspan=\"1\" rowspan=\"1\">\n<div class=\"magic-16\" style=\"text-align: center;\"><strong>SUS304<\/strong><\/div>\n<\/td>\n<\/tr>\n<tr>\n<td colspan=\"1\" rowspan=\"1\">\n<div class=\"magic-15\" style=\"text-align: center;\"><strong>Kapazit\u00e4t<\/strong><\/div>\n<\/td>\n<td style=\"text-align: center;\" colspan=\"1\" rowspan=\"1\">\n<div class=\"magic-16\"><strong>2000-30000bph<\/strong><\/div>\n<\/td>\n<\/tr>\n<tr>\n<td style=\"text-align: center;\" colspan=\"1\" rowspan=\"1\">\n<div class=\"magic-15\"><strong>Produktverpackung<\/strong><\/div>\n<\/td>\n<td colspan=\"1\" rowspan=\"1\">\n<div class=\"magic-16\" style=\"text-align: center;\"><strong>kann<\/strong><\/div>\n<\/td>\n<\/tr>\n<tr>\n<td colspan=\"1\" rowspan=\"1\">\n<div class=\"magic-15\" style=\"text-align: center;\"><strong>Heizverfahren<\/strong><\/div>\n<\/td>\n<td style=\"text-align: center;\" colspan=\"1\" rowspan=\"1\">\n<div class=\"magic-16\"><strong>Dampfheizung<\/strong><\/div>\n<\/td>\n<\/tr>\n<tr>\n<td style=\"text-align: center;\" colspan=\"1\" rowspan=\"1\">\n<div class=\"magic-15\"><strong>Kontrollsystem<\/strong><\/div>\n<\/td>\n<td colspan=\"1\" rowspan=\"1\">\n<div class=\"magic-16\" style=\"text-align: center;\"><strong>Touchscreen<\/strong><\/div>\n<\/td>\n<\/tr>\n<tr>\n<td colspan=\"1\" rowspan=\"1\">\n<div class=\"magic-15\" style=\"text-align: center;\"><strong>Dosenvolumen<\/strong><\/div>\n<\/td>\n<td colspan=\"1\" rowspan=\"1\">\n<div class=\"magic-16\" style=\"text-align: center;\"><strong>250ml,330ml,500ml<\/strong><\/div>\n<\/td>\n<\/tr>\n<tr>\n<td style=\"text-align: center;\" colspan=\"1\" rowspan=\"1\">\n<div class=\"magic-15\"><strong>Merkmal<\/strong><\/div>\n<\/td>\n<td colspan=\"1\" rowspan=\"1\">\n<div class=\"magic-16\" style=\"text-align: center;\"><strong>schl\u00fcsselfertiges Projekt<\/strong><\/div>\n<\/td>\n<\/tr>\n<\/tbody>\n<\/table>\n<\/div>","protected":false},"excerpt":{"rendered":"<p>Product Description The energy drink production line is a state-of-the-art 3 in 1 filling and packaging machine that combines the [&hellip;]<\/p>","protected":false},"featured_media":1160,"template":"","meta":{"_uag_custom_page_level_css":"","_monsterinsights_skip_tracking":false,"_monsterinsights_sitenote_active":false,"_monsterinsights_sitenote_note":"","_monsterinsights_sitenote_category":0,"site-sidebar-layout":"default","site-content-layout":"","ast-site-content-layout":"default","site-content-style":"default","site-sidebar-style":"default","ast-global-header-display":"","ast-banner-title-visibility":"","ast-main-header-display":"","ast-hfb-above-header-display":"","ast-hfb-below-header-display":"","ast-hfb-mobile-header-display":"","site-post-title":"","ast-breadcrumbs-content":"","ast-featured-img":"","footer-sml-layout":"","theme-transparent-header-meta":"default","adv-header-id-meta":"","stick-header-meta":"default","header-above-stick-meta":"","header-main-stick-meta":"","header-below-stick-meta":"","astra-migrate-meta-layouts":"set","ast-page-background-enabled":"default","ast-page-background-meta":{"desktop":{"background-color":"var(--ast-global-color-4)","background-image":"","background-repeat":"repeat","background-position":"center center","background-size":"auto","background-attachment":"scroll","background-type":"","background-media":"","overlay-type":"","overlay-color":"","overlay-opacity":"","overlay-gradient":""},"tablet":{"background-color":"","background-image":"","background-repeat":"repeat","background-position":"center center","background-size":"auto","background-attachment":"scroll","background-type":"","background-media":"","overlay-type":"","overlay-color":"","overlay-opacity":"","overlay-gradient":""},"mobile":{"background-color":"","background-image":"","background-repeat":"repeat","background-position":"center center","background-size":"auto","background-attachment":"scroll","background-type":"","background-media":"","overlay-type":"","overlay-color":"","overlay-opacity":"","overlay-gradient":""}},"ast-content-background-meta":{"desktop":{"background-color":"var(--ast-global-color-5)","background-image":"","background-repeat":"repeat","background-position":"center center","background-size":"auto","background-attachment":"scroll","background-type":"","background-media":"","overlay-type":"","overlay-color":"","overlay-opacity":"","overlay-gradient":""},"tablet":{"background-color":"var(--ast-global-color-5)","background-image":"","background-repeat":"repeat","background-position":"center center","background-size":"auto","background-attachment":"scroll","background-type":"","background-media":"","overlay-type":"","overlay-color":"","overlay-opacity":"","overlay-gradient":""},"mobile":{"background-color":"var(--ast-global-color-5)","background-image":"","background-repeat":"repeat","background-position":"center center","background-size":"auto","background-attachment":"scroll","background-type":"","background-media":"","overlay-type":"","overlay-color":"","overlay-opacity":"","overlay-gradient":""}}},"product_cat":[36,25],"product_tag":[],"yoast_head":"<!-- This site is optimized with the Yoast SEO Premium plugin v22.6 (Yoast SEO v22.6) - https:\/\/yoast.com\/wordpress\/plugins\/seo\/ -->\n<title>Energy drink production line 2T\/H PET bottle manufacturer sparkling water beverage filling production line - SSS Food Machinery Technology<\/title>\n<meta name=\"description\" content=\"Welcome to our page dedicated to our energy drink production line, designed for 2T\/H PET bottle manufacturing and sparkling water beverage filling. Learn more about our top-of-the-line equipment and technology that ensures efficient and high-quality production. Explore our range of products and discover how our production line can help you meet your beverage manufacturing needs.\" \/>\n<meta name=\"robots\" content=\"index, follow, max-snippet:-1, max-image-preview:large, max-video-preview:-1\" \/>\n<link rel=\"canonical\" href=\"https:\/\/sssmachinery.com\/de\/produkt\/drink-water-production-line-filling-and-packaging-machines-3000-bottles-h\/\" \/>\n<meta property=\"og:locale\" content=\"de_DE\" \/>\n<meta property=\"og:type\" content=\"article\" \/>\n<meta property=\"og:title\" content=\"Energy drink production line 2T\/H PET bottle manufacturer sparkling water beverage filling production line\" \/>\n<meta property=\"og:description\" content=\"Welcome to our page dedicated to our energy drink production line, designed for 2T\/H PET bottle manufacturing and sparkling water beverage filling. Learn more about our top-of-the-line equipment and technology that ensures efficient and high-quality production. Explore our range of products and discover how our production line can help you meet your beverage manufacturing needs.\" \/>\n<meta property=\"og:url\" content=\"https:\/\/sssmachinery.com\/de\/produkt\/drink-water-production-line-filling-and-packaging-machines-3000-bottles-h\/\" \/>\n<meta property=\"og:site_name\" content=\"SSS Food Machinery Technology\" \/>\n<meta property=\"article:modified_time\" content=\"2024-06-18T01:47:27+00:00\" \/>\n<meta name=\"twitter:card\" content=\"summary_large_image\" \/>\n<meta name=\"twitter:label1\" content=\"Gesch\u00e4tzte Lesezeit\" \/>\n\t<meta name=\"twitter:data1\" content=\"2\u00a0Minuten\" \/>\n<script type=\"application\/ld+json\" class=\"yoast-schema-graph\">{\"@context\":\"https:\/\/schema.org\",\"@graph\":[{\"@type\":\"WebPage\",\"@id\":\"https:\/\/sssmachinery.com\/product\/drink-water-production-line-filling-and-packaging-machines-3000-bottles-h\/\",\"url\":\"https:\/\/sssmachinery.com\/product\/drink-water-production-line-filling-and-packaging-machines-3000-bottles-h\/\",\"name\":\"Energy drink production line 2T\/H PET bottle manufacturer sparkling water beverage filling production line - SSS Food Machinery Technology\",\"isPartOf\":{\"@id\":\"https:\/\/sssmachinery.com\/#website\"},\"primaryImageOfPage\":{\"@id\":\"https:\/\/sssmachinery.com\/product\/drink-water-production-line-filling-and-packaging-machines-3000-bottles-h\/#primaryimage\"},\"image\":{\"@id\":\"https:\/\/sssmachinery.com\/product\/drink-water-production-line-filling-and-packaging-machines-3000-bottles-h\/#primaryimage\"},\"thumbnailUrl\":\"https:\/\/sssmachinery.com\/wp-content\/uploads\/2024\/06\/1.avif\",\"datePublished\":\"2024-06-03T07:59:39+00:00\",\"dateModified\":\"2024-06-18T01:47:27+00:00\",\"description\":\"Welcome to our page dedicated to our energy drink production line, designed for 2T\/H PET bottle manufacturing and sparkling water beverage filling. Learn more about our top-of-the-line equipment and technology that ensures efficient and high-quality production. Explore our range of products and discover how our production line can help you meet your beverage manufacturing needs.\",\"breadcrumb\":{\"@id\":\"https:\/\/sssmachinery.com\/product\/drink-water-production-line-filling-and-packaging-machines-3000-bottles-h\/#breadcrumb\"},\"inLanguage\":\"de\",\"potentialAction\":[{\"@type\":\"ReadAction\",\"target\":[\"https:\/\/sssmachinery.com\/product\/drink-water-production-line-filling-and-packaging-machines-3000-bottles-h\/\"]}]},{\"@type\":\"ImageObject\",\"inLanguage\":\"de\",\"@id\":\"https:\/\/sssmachinery.com\/product\/drink-water-production-line-filling-and-packaging-machines-3000-bottles-h\/#primaryimage\",\"url\":\"https:\/\/sssmachinery.com\/wp-content\/uploads\/2024\/06\/1.avif\",\"contentUrl\":\"https:\/\/sssmachinery.com\/wp-content\/uploads\/2024\/06\/1.avif\",\"width\":1200,\"height\":1200,\"caption\":\"energy drink production line\"},{\"@type\":\"BreadcrumbList\",\"@id\":\"https:\/\/sssmachinery.com\/product\/drink-water-production-line-filling-and-packaging-machines-3000-bottles-h\/#breadcrumb\",\"itemListElement\":[{\"@type\":\"ListItem\",\"position\":1,\"name\":\"\u9996\u9875\",\"item\":\"https:\/\/sssmachinery.com\/\"},{\"@type\":\"ListItem\",\"position\":2,\"name\":\"Products\",\"item\":\"https:\/\/sssmachinery.com\/products\/\"},{\"@type\":\"ListItem\",\"position\":3,\"name\":\"Energy drink production line 2T\/H PET bottle manufacturer sparkling water beverage filling production line\"}]},{\"@type\":\"WebSite\",\"@id\":\"https:\/\/sssmachinery.com\/#website\",\"url\":\"https:\/\/sssmachinery.com\/\",\"name\":\"SSS Food Machinery Technology\",\"description\":\"BEST SOLUTIONS FOR TORTILLA MACHINERY\",\"publisher\":{\"@id\":\"https:\/\/sssmachinery.com\/#organization\"},\"potentialAction\":[{\"@type\":\"SearchAction\",\"target\":{\"@type\":\"EntryPoint\",\"urlTemplate\":\"https:\/\/sssmachinery.com\/?s={search_term_string}\"},\"query-input\":\"required name=search_term_string\"}],\"inLanguage\":\"de\"},{\"@type\":\"Organization\",\"@id\":\"https:\/\/sssmachinery.com\/#organization\",\"name\":\"SSS Food Machinery Technology\",\"url\":\"https:\/\/sssmachinery.com\/\",\"logo\":{\"@type\":\"ImageObject\",\"inLanguage\":\"de\",\"@id\":\"https:\/\/sssmachinery.com\/#\/schema\/logo\/image\/\",\"url\":\"https:\/\/sssmachinery.com\/wp-content\/uploads\/2024\/05\/cropped-logo-1.png\",\"contentUrl\":\"https:\/\/sssmachinery.com\/wp-content\/uploads\/2024\/05\/cropped-logo-1.png\",\"width\":512,\"height\":512,\"caption\":\"SSS Food Machinery Technology\"},\"image\":{\"@id\":\"https:\/\/sssmachinery.com\/#\/schema\/logo\/image\/\"}}]}<\/script>\n<!-- \/ Yoast SEO Premium plugin. -->","yoast_head_json":{"title":"Energy drink production line 2T\/H PET bottle manufacturer sparkling water beverage filling production line - SSS Food Machinery Technology","description":"Welcome to our page dedicated to our energy drink production line, designed for 2T\/H PET bottle manufacturing and sparkling water beverage filling. Learn more about our top-of-the-line equipment and technology that ensures efficient and high-quality production. Explore our range of products and discover how our production line can help you meet your beverage manufacturing needs.","robots":{"index":"index","follow":"follow","max-snippet":"max-snippet:-1","max-image-preview":"max-image-preview:large","max-video-preview":"max-video-preview:-1"},"canonical":"https:\/\/sssmachinery.com\/de\/produkt\/drink-water-production-line-filling-and-packaging-machines-3000-bottles-h\/","og_locale":"de_DE","og_type":"article","og_title":"Energy drink production line 2T\/H PET bottle manufacturer sparkling water beverage filling production line","og_description":"Welcome to our page dedicated to our energy drink production line, designed for 2T\/H PET bottle manufacturing and sparkling water beverage filling. Learn more about our top-of-the-line equipment and technology that ensures efficient and high-quality production. Explore our range of products and discover how our production line can help you meet your beverage manufacturing needs.","og_url":"https:\/\/sssmachinery.com\/de\/produkt\/drink-water-production-line-filling-and-packaging-machines-3000-bottles-h\/","og_site_name":"SSS Food Machinery Technology","article_modified_time":"2024-06-18T01:47:27+00:00","twitter_card":"summary_large_image","twitter_misc":{"Gesch\u00e4tzte Lesezeit":"2\u00a0Minuten"},"schema":{"@context":"https:\/\/schema.org","@graph":[{"@type":"WebPage","@id":"https:\/\/sssmachinery.com\/product\/drink-water-production-line-filling-and-packaging-machines-3000-bottles-h\/","url":"https:\/\/sssmachinery.com\/product\/drink-water-production-line-filling-and-packaging-machines-3000-bottles-h\/","name":"Energy drink production line 2T\/H PET bottle manufacturer sparkling water beverage filling production line - SSS Food Machinery Technology","isPartOf":{"@id":"https:\/\/sssmachinery.com\/#website"},"primaryImageOfPage":{"@id":"https:\/\/sssmachinery.com\/product\/drink-water-production-line-filling-and-packaging-machines-3000-bottles-h\/#primaryimage"},"image":{"@id":"https:\/\/sssmachinery.com\/product\/drink-water-production-line-filling-and-packaging-machines-3000-bottles-h\/#primaryimage"},"thumbnailUrl":"https:\/\/sssmachinery.com\/wp-content\/uploads\/2024\/06\/1.avif","datePublished":"2024-06-03T07:59:39+00:00","dateModified":"2024-06-18T01:47:27+00:00","description":"Welcome to our page dedicated to our energy drink production line, designed for 2T\/H PET bottle manufacturing and sparkling water beverage filling. Learn more about our top-of-the-line equipment and technology that ensures efficient and high-quality production. Explore our range of products and discover how our production line can help you meet your beverage manufacturing needs.","breadcrumb":{"@id":"https:\/\/sssmachinery.com\/product\/drink-water-production-line-filling-and-packaging-machines-3000-bottles-h\/#breadcrumb"},"inLanguage":"de","potentialAction":[{"@type":"ReadAction","target":["https:\/\/sssmachinery.com\/product\/drink-water-production-line-filling-and-packaging-machines-3000-bottles-h\/"]}]},{"@type":"ImageObject","inLanguage":"de","@id":"https:\/\/sssmachinery.com\/product\/drink-water-production-line-filling-and-packaging-machines-3000-bottles-h\/#primaryimage","url":"https:\/\/sssmachinery.com\/wp-content\/uploads\/2024\/06\/1.avif","contentUrl":"https:\/\/sssmachinery.com\/wp-content\/uploads\/2024\/06\/1.avif","width":1200,"height":1200,"caption":"energy drink production line"},{"@type":"BreadcrumbList","@id":"https:\/\/sssmachinery.com\/product\/drink-water-production-line-filling-and-packaging-machines-3000-bottles-h\/#breadcrumb","itemListElement":[{"@type":"ListItem","position":1,"name":"\u9996\u9875","item":"https:\/\/sssmachinery.com\/"},{"@type":"ListItem","position":2,"name":"Products","item":"https:\/\/sssmachinery.com\/products\/"},{"@type":"ListItem","position":3,"name":"Energy drink production line 2T\/H PET bottle manufacturer sparkling water beverage filling production line"}]},{"@type":"WebSite","@id":"https:\/\/sssmachinery.com\/#website","url":"https:\/\/sssmachinery.com\/","name":"SSS Food Machinery Technology","description":"BEST SOLUTIONS FOR TORTILLA MACHINERY","publisher":{"@id":"https:\/\/sssmachinery.com\/#organization"},"potentialAction":[{"@type":"SearchAction","target":{"@type":"EntryPoint","urlTemplate":"https:\/\/sssmachinery.com\/?s={search_term_string}"},"query-input":"required name=search_term_string"}],"inLanguage":"de"},{"@type":"Organization","@id":"https:\/\/sssmachinery.com\/#organization","name":"SSS Food Machinery Technology","url":"https:\/\/sssmachinery.com\/","logo":{"@type":"ImageObject","inLanguage":"de","@id":"https:\/\/sssmachinery.com\/#\/schema\/logo\/image\/","url":"https:\/\/sssmachinery.com\/wp-content\/uploads\/2024\/05\/cropped-logo-1.png","contentUrl":"https:\/\/sssmachinery.com\/wp-content\/uploads\/2024\/05\/cropped-logo-1.png","width":512,"height":512,"caption":"SSS Food Machinery Technology"},"image":{"@id":"https:\/\/sssmachinery.com\/#\/schema\/logo\/image\/"}}]}},"uagb_featured_image_src":{"full":["https:\/\/sssmachinery.com\/wp-content\/uploads\/2024\/06\/1.avif",1200,1200,false],"thumbnail":["https:\/\/sssmachinery.com\/wp-content\/uploads\/2024\/06\/1-150x150.avif",150,150,true],"medium":["https:\/\/sssmachinery.com\/wp-content\/uploads\/2024\/06\/1-300x300.avif",300,300,true],"medium_large":["https:\/\/sssmachinery.com\/wp-content\/uploads\/2024\/06\/1-768x768.avif",768,768,true],"large":["https:\/\/sssmachinery.com\/wp-content\/uploads\/2024\/06\/1-1024x1024.avif",1024,1024,true],"1536x1536":["https:\/\/sssmachinery.com\/wp-content\/uploads\/2024\/06\/1.avif",1200,1200,false],"2048x2048":["https:\/\/sssmachinery.com\/wp-content\/uploads\/2024\/06\/1.avif",1200,1200,false],"trp-custom-language-flag":["https:\/\/sssmachinery.com\/wp-content\/uploads\/2024\/06\/1.avif",12,12,false],"woocommerce_thumbnail":["https:\/\/sssmachinery.com\/wp-content\/uploads\/2024\/06\/1-300x300.avif",300,300,true],"woocommerce_single":["https:\/\/sssmachinery.com\/wp-content\/uploads\/2024\/06\/1-600x600.avif",600,600,true],"woocommerce_gallery_thumbnail":["https:\/\/sssmachinery.com\/wp-content\/uploads\/2024\/06\/1-100x100.avif",100,100,true]},"uagb_author_info":{"display_name":"info","author_link":"https:\/\/sssmachinery.com\/de\/author\/"},"uagb_comment_info":0,"uagb_excerpt":"Product Description The energy drink production line is a state-of-the-art 3 in 1 filling and packaging machine that combines the [&hellip;]","_links":{"self":[{"href":"https:\/\/sssmachinery.com\/de\/wp-json\/wp\/v2\/product\/968"}],"collection":[{"href":"https:\/\/sssmachinery.com\/de\/wp-json\/wp\/v2\/product"}],"about":[{"href":"https:\/\/sssmachinery.com\/de\/wp-json\/wp\/v2\/types\/product"}],"wp:featuredmedia":[{"embeddable":true,"href":"https:\/\/sssmachinery.com\/de\/wp-json\/wp\/v2\/media\/1160"}],"wp:attachment":[{"href":"https:\/\/sssmachinery.com\/de\/wp-json\/wp\/v2\/media?parent=968"}],"wp:term":[{"taxonomy":"product_cat","embeddable":true,"href":"https:\/\/sssmachinery.com\/de\/wp-json\/wp\/v2\/product_cat?post=968"},{"taxonomy":"product_tag","embeddable":true,"href":"https:\/\/sssmachinery.com\/de\/wp-json\/wp\/v2\/product_tag?post=968"}],"curies":[{"name":"wp","href":"https:\/\/api.w.org\/{rel}","templated":true}]}}