{"id":1424,"date":"2024-10-29T01:31:41","date_gmt":"2024-10-29T01:31:41","guid":{"rendered":"https:\/\/sssmachinery.com\/?post_type=product&#038;p=1424"},"modified":"2024-10-29T01:31:42","modified_gmt":"2024-10-29T01:31:42","slug":"fully-automatic-tortilla-making-machine-high-quality-tortilla-making-machine","status":"publish","type":"product","link":"https:\/\/sssmachinery.com\/de\/produkt\/fully-automatic-tortilla-making-machine-high-quality-tortilla-making-machine\/","title":{"rendered":"Vollautomatische Tortilla-Maschine \/ hochwertige Tortilla-Maschine"},"content":{"rendered":"<div class=\"J_module\">\n<h1 class=\"magic-0\" data-section=\"AliMagic-scr3zz\" data-section-title=\"Product Description\"><span style=\"color: #3366ff;\">Beschreibung des Produkts<\/span><\/h1>\n<hr \/>\n<\/div>\n<div class=\"J_module\">\n<div class=\"detail-decorate-json-renderer-container\">\n<div class=\"magic-16\">\n<div class=\"magic-17\">\n<div class=\"magic-18\">\n<div class=\"magic-19\">\n<h2>1. Funktionsintegration und automatischer Betrieb<\/h2>\n<p>Die Maschine integriert viele Funktionen wie automatisches Mischen, Teigteilen, Kuchenpressen, Backen und K\u00fchlen, usw. Sie realisiert einen vollautomatischen Betrieb durch Ein-Knopf-Bedienung, was die Produktionseffizienz verbessert und die Qualit\u00e4t der Produkte garantiert.<\/p>\n<h2>2. Herstellung von Tortillas hoher Qualit\u00e4t<\/h2>\n<p>Eine pr\u00e4zise Temperaturkontrolle und ein standardisierter Prozess sorgen daf\u00fcr, dass die Tortillas gleichm\u00e4\u00dfig, weich und elastisch sind und einen gleichbleibenden Geschmack aufweisen. Dies entspricht den strengen Qualit\u00e4tsanforderungen der Lebensmittelindustrie und erm\u00f6glicht die Herstellung hochwertiger Tortillas.<\/p>\n<h2>3. Einsparungen bei Hygiene, Sicherheit und Arbeitskosten<\/h2>\n<p>Das vollautomatische System reduziert den manuellen Betrieb, gew\u00e4hrleistet Hygienestandards und senkt die Arbeitskosten erheblich. Es eignet sich f\u00fcr gro\u00dfe Produktionsumgebungen wie Restaurants und Lebensmittelverarbeitung.<\/p>\n<\/div>\n<\/div>\n<\/div>\n<\/div>\n<\/div>\n<\/div>","protected":false},"excerpt":{"rendered":"<p>Product Description 1. Function integration and automatic operation The machine integrates many functions such as automatic mixing, dough dividing, cake [&hellip;]<\/p>","protected":false},"featured_media":1426,"template":"","meta":{"_uag_custom_page_level_css":"","_monsterinsights_skip_tracking":false,"_monsterinsights_sitenote_active":false,"_monsterinsights_sitenote_note":"","_monsterinsights_sitenote_category":0,"site-sidebar-layout":"default","site-content-layout":"","ast-site-content-layout":"default","site-content-style":"default","site-sidebar-style":"default","ast-global-header-display":"","ast-banner-title-visibility":"","ast-main-header-display":"","ast-hfb-above-header-display":"","ast-hfb-below-header-display":"","ast-hfb-mobile-header-display":"","site-post-title":"","ast-breadcrumbs-content":"","ast-featured-img":"","footer-sml-layout":"","theme-transparent-header-meta":"default","adv-header-id-meta":"","stick-header-meta":"default","header-above-stick-meta":"","header-main-stick-meta":"","header-below-stick-meta":"","astra-migrate-meta-layouts":"set","ast-page-background-enabled":"default","ast-page-background-meta":{"desktop":{"background-color":"var(--ast-global-color-4)","background-image":"","background-repeat":"repeat","background-position":"center center","background-size":"auto","background-attachment":"scroll","background-type":"","background-media":"","overlay-type":"","overlay-color":"","overlay-opacity":"","overlay-gradient":""},"tablet":{"background-color":"","background-image":"","background-repeat":"repeat","background-position":"center center","background-size":"auto","background-attachment":"scroll","background-type":"","background-media":"","overlay-type":"","overlay-color":"","overlay-opacity":"","overlay-gradient":""},"mobile":{"background-color":"","background-image":"","background-repeat":"repeat","background-position":"center center","background-size":"auto","background-attachment":"scroll","background-type":"","background-media":"","overlay-type":"","overlay-color":"","overlay-opacity":"","overlay-gradient":""}},"ast-content-background-meta":{"desktop":{"background-color":"var(--ast-global-color-5)","background-image":"","background-repeat":"repeat","background-position":"center center","background-size":"auto","background-attachment":"scroll","background-type":"","background-media":"","overlay-type":"","overlay-color":"","overlay-opacity":"","overlay-gradient":""},"tablet":{"background-color":"var(--ast-global-color-5)","background-image":"","background-repeat":"repeat","background-position":"center center","background-size":"auto","background-attachment":"scroll","background-type":"","background-media":"","overlay-type":"","overlay-color":"","overlay-opacity":"","overlay-gradient":""},"mobile":{"background-color":"var(--ast-global-color-5)","background-image":"","background-repeat":"repeat","background-position":"center center","background-size":"auto","background-attachment":"scroll","background-type":"","background-media":"","overlay-type":"","overlay-color":"","overlay-opacity":"","overlay-gradient":""}}},"product_cat":[27,22],"product_tag":[],"yoast_head":"<!-- This site is optimized with the Yoast SEO Premium plugin v22.6 (Yoast SEO v22.6) - https:\/\/yoast.com\/wordpress\/plugins\/seo\/ -->\n<title>Fully automatic tortilla making machine\/high quality tortilla making machine - SSS Food Machinery Technology<\/title>\n<meta name=\"robots\" content=\"index, follow, max-snippet:-1, max-image-preview:large, max-video-preview:-1\" \/>\n<link rel=\"canonical\" href=\"https:\/\/sssmachinery.com\/de\/produkt\/fully-automatic-tortilla-making-machine-high-quality-tortilla-making-machine\/\" \/>\n<meta property=\"og:locale\" content=\"de_DE\" \/>\n<meta property=\"og:type\" content=\"article\" \/>\n<meta property=\"og:title\" content=\"Fully automatic tortilla making machine\/high quality tortilla making machine\" \/>\n<meta property=\"og:description\" content=\"Product Description 1. Function integration and automatic operation The machine integrates many functions such as automatic mixing, dough dividing, cake [&hellip;]\" \/>\n<meta property=\"og:url\" content=\"https:\/\/sssmachinery.com\/de\/produkt\/fully-automatic-tortilla-making-machine-high-quality-tortilla-making-machine\/\" \/>\n<meta property=\"og:site_name\" content=\"SSS Food Machinery Technology\" \/>\n<meta property=\"article:modified_time\" content=\"2024-10-29T01:31:42+00:00\" \/>\n<meta property=\"og:image\" content=\"https:\/\/sssmachinery.com\/wp-content\/uploads\/2024\/10\/1.png\" \/>\n\t<meta property=\"og:image:width\" content=\"800\" \/>\n\t<meta property=\"og:image:height\" content=\"800\" \/>\n\t<meta property=\"og:image:type\" content=\"image\/png\" \/>\n<meta name=\"twitter:card\" content=\"summary_large_image\" \/>\n<meta name=\"twitter:label1\" content=\"Gesch\u00e4tzte Lesezeit\" \/>\n\t<meta name=\"twitter:data1\" content=\"1\u00a0Minute\" \/>\n<script type=\"application\/ld+json\" class=\"yoast-schema-graph\">{\"@context\":\"https:\/\/schema.org\",\"@graph\":[{\"@type\":\"WebPage\",\"@id\":\"https:\/\/sssmachinery.com\/product\/fully-automatic-tortilla-making-machine-high-quality-tortilla-making-machine\/\",\"url\":\"https:\/\/sssmachinery.com\/product\/fully-automatic-tortilla-making-machine-high-quality-tortilla-making-machine\/\",\"name\":\"Fully automatic tortilla making machine\/high quality tortilla making machine - SSS Food Machinery Technology\",\"isPartOf\":{\"@id\":\"https:\/\/sssmachinery.com\/#website\"},\"primaryImageOfPage\":{\"@id\":\"https:\/\/sssmachinery.com\/product\/fully-automatic-tortilla-making-machine-high-quality-tortilla-making-machine\/#primaryimage\"},\"image\":{\"@id\":\"https:\/\/sssmachinery.com\/product\/fully-automatic-tortilla-making-machine-high-quality-tortilla-making-machine\/#primaryimage\"},\"thumbnailUrl\":\"https:\/\/sssmachinery.com\/wp-content\/uploads\/2024\/10\/1.png\",\"datePublished\":\"2024-10-29T01:31:41+00:00\",\"dateModified\":\"2024-10-29T01:31:42+00:00\",\"breadcrumb\":{\"@id\":\"https:\/\/sssmachinery.com\/product\/fully-automatic-tortilla-making-machine-high-quality-tortilla-making-machine\/#breadcrumb\"},\"inLanguage\":\"de\",\"potentialAction\":[{\"@type\":\"ReadAction\",\"target\":[\"https:\/\/sssmachinery.com\/product\/fully-automatic-tortilla-making-machine-high-quality-tortilla-making-machine\/\"]}]},{\"@type\":\"ImageObject\",\"inLanguage\":\"de\",\"@id\":\"https:\/\/sssmachinery.com\/product\/fully-automatic-tortilla-making-machine-high-quality-tortilla-making-machine\/#primaryimage\",\"url\":\"https:\/\/sssmachinery.com\/wp-content\/uploads\/2024\/10\/1.png\",\"contentUrl\":\"https:\/\/sssmachinery.com\/wp-content\/uploads\/2024\/10\/1.png\",\"width\":800,\"height\":800,\"caption\":\"Tortilla Making Machine\"},{\"@type\":\"BreadcrumbList\",\"@id\":\"https:\/\/sssmachinery.com\/product\/fully-automatic-tortilla-making-machine-high-quality-tortilla-making-machine\/#breadcrumb\",\"itemListElement\":[{\"@type\":\"ListItem\",\"position\":1,\"name\":\"\u9996\u9875\",\"item\":\"https:\/\/sssmachinery.com\/\"},{\"@type\":\"ListItem\",\"position\":2,\"name\":\"Products\",\"item\":\"https:\/\/sssmachinery.com\/products\/\"},{\"@type\":\"ListItem\",\"position\":3,\"name\":\"Fully automatic tortilla making machine\/high quality tortilla making machine\"}]},{\"@type\":\"WebSite\",\"@id\":\"https:\/\/sssmachinery.com\/#website\",\"url\":\"https:\/\/sssmachinery.com\/\",\"name\":\"SSS Food Machinery Technology\",\"description\":\"BEST SOLUTIONS FOR TORTILLA MACHINERY\",\"publisher\":{\"@id\":\"https:\/\/sssmachinery.com\/#organization\"},\"potentialAction\":[{\"@type\":\"SearchAction\",\"target\":{\"@type\":\"EntryPoint\",\"urlTemplate\":\"https:\/\/sssmachinery.com\/?s={search_term_string}\"},\"query-input\":\"required name=search_term_string\"}],\"inLanguage\":\"de\"},{\"@type\":\"Organization\",\"@id\":\"https:\/\/sssmachinery.com\/#organization\",\"name\":\"SSS Food Machinery Technology\",\"url\":\"https:\/\/sssmachinery.com\/\",\"logo\":{\"@type\":\"ImageObject\",\"inLanguage\":\"de\",\"@id\":\"https:\/\/sssmachinery.com\/#\/schema\/logo\/image\/\",\"url\":\"https:\/\/sssmachinery.com\/wp-content\/uploads\/2024\/05\/cropped-logo-1.png\",\"contentUrl\":\"https:\/\/sssmachinery.com\/wp-content\/uploads\/2024\/05\/cropped-logo-1.png\",\"width\":512,\"height\":512,\"caption\":\"SSS Food Machinery Technology\"},\"image\":{\"@id\":\"https:\/\/sssmachinery.com\/#\/schema\/logo\/image\/\"}}]}<\/script>\n<!-- \/ Yoast SEO Premium plugin. -->","yoast_head_json":{"title":"Fully automatic tortilla making machine\/high quality tortilla making machine - SSS Food Machinery Technology","robots":{"index":"index","follow":"follow","max-snippet":"max-snippet:-1","max-image-preview":"max-image-preview:large","max-video-preview":"max-video-preview:-1"},"canonical":"https:\/\/sssmachinery.com\/de\/produkt\/fully-automatic-tortilla-making-machine-high-quality-tortilla-making-machine\/","og_locale":"de_DE","og_type":"article","og_title":"Fully automatic tortilla making machine\/high quality tortilla making machine","og_description":"Product Description 1. Function integration and automatic operation The machine integrates many functions such as automatic mixing, dough dividing, cake [&hellip;]","og_url":"https:\/\/sssmachinery.com\/de\/produkt\/fully-automatic-tortilla-making-machine-high-quality-tortilla-making-machine\/","og_site_name":"SSS Food Machinery Technology","article_modified_time":"2024-10-29T01:31:42+00:00","og_image":[{"width":800,"height":800,"url":"https:\/\/sssmachinery.com\/wp-content\/uploads\/2024\/10\/1.png","type":"image\/png"}],"twitter_card":"summary_large_image","twitter_misc":{"Gesch\u00e4tzte Lesezeit":"1\u00a0Minute"},"schema":{"@context":"https:\/\/schema.org","@graph":[{"@type":"WebPage","@id":"https:\/\/sssmachinery.com\/product\/fully-automatic-tortilla-making-machine-high-quality-tortilla-making-machine\/","url":"https:\/\/sssmachinery.com\/product\/fully-automatic-tortilla-making-machine-high-quality-tortilla-making-machine\/","name":"Fully automatic tortilla making machine\/high quality tortilla making machine - SSS Food Machinery Technology","isPartOf":{"@id":"https:\/\/sssmachinery.com\/#website"},"primaryImageOfPage":{"@id":"https:\/\/sssmachinery.com\/product\/fully-automatic-tortilla-making-machine-high-quality-tortilla-making-machine\/#primaryimage"},"image":{"@id":"https:\/\/sssmachinery.com\/product\/fully-automatic-tortilla-making-machine-high-quality-tortilla-making-machine\/#primaryimage"},"thumbnailUrl":"https:\/\/sssmachinery.com\/wp-content\/uploads\/2024\/10\/1.png","datePublished":"2024-10-29T01:31:41+00:00","dateModified":"2024-10-29T01:31:42+00:00","breadcrumb":{"@id":"https:\/\/sssmachinery.com\/product\/fully-automatic-tortilla-making-machine-high-quality-tortilla-making-machine\/#breadcrumb"},"inLanguage":"de","potentialAction":[{"@type":"ReadAction","target":["https:\/\/sssmachinery.com\/product\/fully-automatic-tortilla-making-machine-high-quality-tortilla-making-machine\/"]}]},{"@type":"ImageObject","inLanguage":"de","@id":"https:\/\/sssmachinery.com\/product\/fully-automatic-tortilla-making-machine-high-quality-tortilla-making-machine\/#primaryimage","url":"https:\/\/sssmachinery.com\/wp-content\/uploads\/2024\/10\/1.png","contentUrl":"https:\/\/sssmachinery.com\/wp-content\/uploads\/2024\/10\/1.png","width":800,"height":800,"caption":"Tortilla Making Machine"},{"@type":"BreadcrumbList","@id":"https:\/\/sssmachinery.com\/product\/fully-automatic-tortilla-making-machine-high-quality-tortilla-making-machine\/#breadcrumb","itemListElement":[{"@type":"ListItem","position":1,"name":"\u9996\u9875","item":"https:\/\/sssmachinery.com\/"},{"@type":"ListItem","position":2,"name":"Products","item":"https:\/\/sssmachinery.com\/products\/"},{"@type":"ListItem","position":3,"name":"Fully automatic tortilla making machine\/high quality tortilla making machine"}]},{"@type":"WebSite","@id":"https:\/\/sssmachinery.com\/#website","url":"https:\/\/sssmachinery.com\/","name":"SSS Food Machinery Technology","description":"BEST SOLUTIONS FOR TORTILLA MACHINERY","publisher":{"@id":"https:\/\/sssmachinery.com\/#organization"},"potentialAction":[{"@type":"SearchAction","target":{"@type":"EntryPoint","urlTemplate":"https:\/\/sssmachinery.com\/?s={search_term_string}"},"query-input":"required name=search_term_string"}],"inLanguage":"de"},{"@type":"Organization","@id":"https:\/\/sssmachinery.com\/#organization","name":"SSS Food Machinery Technology","url":"https:\/\/sssmachinery.com\/","logo":{"@type":"ImageObject","inLanguage":"de","@id":"https:\/\/sssmachinery.com\/#\/schema\/logo\/image\/","url":"https:\/\/sssmachinery.com\/wp-content\/uploads\/2024\/05\/cropped-logo-1.png","contentUrl":"https:\/\/sssmachinery.com\/wp-content\/uploads\/2024\/05\/cropped-logo-1.png","width":512,"height":512,"caption":"SSS Food Machinery Technology"},"image":{"@id":"https:\/\/sssmachinery.com\/#\/schema\/logo\/image\/"}}]}},"uagb_featured_image_src":{"full":["https:\/\/sssmachinery.com\/wp-content\/uploads\/2024\/10\/1.png",800,800,false],"thumbnail":["https:\/\/sssmachinery.com\/wp-content\/uploads\/2024\/10\/1-150x150.png",150,150,true],"medium":["https:\/\/sssmachinery.com\/wp-content\/uploads\/2024\/10\/1-300x300.png",300,300,true],"medium_large":["https:\/\/sssmachinery.com\/wp-content\/uploads\/2024\/10\/1-768x768.png",768,768,true],"large":["https:\/\/sssmachinery.com\/wp-content\/uploads\/2024\/10\/1.png",800,800,false],"1536x1536":["https:\/\/sssmachinery.com\/wp-content\/uploads\/2024\/10\/1.png",800,800,false],"2048x2048":["https:\/\/sssmachinery.com\/wp-content\/uploads\/2024\/10\/1.png",800,800,false],"trp-custom-language-flag":["https:\/\/sssmachinery.com\/wp-content\/uploads\/2024\/10\/1-12x12.png",12,12,true],"woocommerce_thumbnail":["https:\/\/sssmachinery.com\/wp-content\/uploads\/2024\/10\/1-300x300.png",300,300,true],"woocommerce_single":["https:\/\/sssmachinery.com\/wp-content\/uploads\/2024\/10\/1-600x600.png",600,600,true],"woocommerce_gallery_thumbnail":["https:\/\/sssmachinery.com\/wp-content\/uploads\/2024\/10\/1-100x100.png",100,100,true]},"uagb_author_info":{"display_name":"info","author_link":"https:\/\/sssmachinery.com\/de\/author\/"},"uagb_comment_info":0,"uagb_excerpt":"Product Description 1. Function integration and automatic operation The machine integrates many functions such as automatic mixing, dough dividing, cake [&hellip;]","_links":{"self":[{"href":"https:\/\/sssmachinery.com\/de\/wp-json\/wp\/v2\/product\/1424"}],"collection":[{"href":"https:\/\/sssmachinery.com\/de\/wp-json\/wp\/v2\/product"}],"about":[{"href":"https:\/\/sssmachinery.com\/de\/wp-json\/wp\/v2\/types\/product"}],"wp:featuredmedia":[{"embeddable":true,"href":"https:\/\/sssmachinery.com\/de\/wp-json\/wp\/v2\/media\/1426"}],"wp:attachment":[{"href":"https:\/\/sssmachinery.com\/de\/wp-json\/wp\/v2\/media?parent=1424"}],"wp:term":[{"taxonomy":"product_cat","embeddable":true,"href":"https:\/\/sssmachinery.com\/de\/wp-json\/wp\/v2\/product_cat?post=1424"},{"taxonomy":"product_tag","embeddable":true,"href":"https:\/\/sssmachinery.com\/de\/wp-json\/wp\/v2\/product_tag?post=1424"}],"curies":[{"name":"wp","href":"https:\/\/api.w.org\/{rel}","templated":true}]}}