{"id":1378,"date":"2024-07-04T09:19:26","date_gmt":"2024-07-04T09:19:26","guid":{"rendered":"https:\/\/sssmachinery.com\/?post_type=product&#038;p=1378"},"modified":"2024-09-02T03:10:53","modified_gmt":"2024-09-02T03:10:53","slug":"sss-pt-200-full-automatic-arabic-pita-nan-bread-making-machine","status":"publish","type":"product","link":"https:\/\/sssmachinery.com\/de\/produkt\/sss-pt-200-full-automatic-arabic-pita-nan-bread-making-machine\/","title":{"rendered":"SSS-PT-200 Vollautomatische Maschine zur Herstellung von arabischem Pita-Nan-Brot"},"content":{"rendered":"<h1><span style=\"color: #0000ff;\">Beschreibung des Produkts<\/span><\/h1>\n<hr \/>\n<p>Die vollautomatische arabische Pita-Nan-Brotbackmaschine SSS-PT-200 ist eine hochmoderne L\u00f6sung f\u00fcr gewerbliche B\u00e4ckereien und Lebensmittelproduktionsbetriebe. Dieses vollautomatische System wurde entwickelt, um die Produktion von traditionellem arabischem Fladenbrot, Nan und anderen Fladenbroten mit unvergleichlicher Effizienz und Konsistenz zu rationalisieren.<\/p>\n<p>Mit ihrer robusten Edelstahlkonstruktion und dem benutzerfreundlichen Bedienfeld bietet die SSS-PT-200 einen nahtlosen Betrieb vom Teigmischen bis zum Backen. Das fortschrittliche Teighandhabungssystem gew\u00e4hrleistet eine pr\u00e4zise Portionierung und Formgebung, w\u00e4hrend der Hochleistungsofen gleichm\u00e4\u00dfig gebackene Fladenbrote mit einer perfekten goldbraunen Kruste liefert. Mit ihrer hohen Produktionskapazit\u00e4t kann diese Maschine bis zu 2.000 Pita- oder Nan-Brote pro Stunde herstellen und ist damit die ideale Wahl f\u00fcr Betriebe mit hohen St\u00fcckzahlen.<\/p>\n<p>Dar\u00fcber hinaus verf\u00fcgt der SSS-PT-200 \u00fcber eine Reihe von anpassbaren Einstellungen, mit denen Sie Temperatur, Backzeit und andere Parameter anpassen k\u00f6nnen, um die gew\u00fcnschte Textur und das gew\u00fcnschte Geschmacksprofil f\u00fcr Ihre Produkte zu erzielen. Sein kompaktes Design und die leicht zu reinigenden Komponenten machen ihn zu einer platzsparenden und wartungsarmen L\u00f6sung f\u00fcr jede Gro\u00dfk\u00fcche. Nutzen Sie den Komfort der Automatisierung und verbessern Sie Ihre Fladenbrotproduktion mit der vollautomatischen arabischen Pita Nan-Brotbackmaschine SSS-PT-200.<\/p>\n<h2><span style=\"color: #0000ff;\">Parameter des Formulars<\/span><\/h2>\n<hr \/>\n<table class=\"has-title all magic-15\">\n<tbody>\n<tr>\n<td colspan=\"1\" rowspan=\"1\">\n<div class=\"magic-16\" data-spm-anchor-id=\"a2700.details.0.i60.359160c5UdufR5\"><span class=\"magic-12\">Modell<\/span><\/div>\n<\/td>\n<td colspan=\"1\" rowspan=\"1\">\n<div class=\"magic-17\"><span class=\"magic-12\">Pita-Maschine<\/span><\/div>\n<\/td>\n<\/tr>\n<tr>\n<td colspan=\"1\" rowspan=\"1\">\n<div class=\"magic-16\"><span class=\"magic-12\">Spannung<\/span><\/div>\n<\/td>\n<td colspan=\"1\" rowspan=\"1\">\n<div class=\"magic-17\"><span class=\"magic-12\">220V\/380V\/50Hz 1phasig (kann angepasst werden)<\/span><\/div>\n<\/td>\n<\/tr>\n<tr>\n<td colspan=\"1\" rowspan=\"1\">\n<div class=\"magic-16\"><span class=\"magic-12\">Material<\/span><\/div>\n<\/td>\n<td colspan=\"1\" rowspan=\"1\">\n<div class=\"magic-17\"><span class=\"magic-12\">Rostfreier Stahl<\/span><\/div>\n<\/td>\n<\/tr>\n<tr>\n<td colspan=\"1\" rowspan=\"1\">\n<div class=\"magic-16\"><span class=\"magic-12\">Geschwindigkeit<\/span><\/div>\n<\/td>\n<td colspan=\"1\" rowspan=\"1\">\n<div class=\"magic-17\"><span class=\"magic-12\">Einstellbar<\/span><\/div>\n<\/td>\n<\/tr>\n<tr>\n<td colspan=\"1\" rowspan=\"1\">\n<div class=\"magic-16\"><span class=\"magic-12\">Dicke<\/span><\/div>\n<\/td>\n<td colspan=\"1\" rowspan=\"1\">\n<div class=\"magic-17\"><span class=\"magic-12\">1-6mm kann eingestellt werden<\/span><\/div>\n<\/td>\n<\/tr>\n<tr>\n<td colspan=\"1\" rowspan=\"1\">\n<div class=\"magic-16\"><span class=\"magic-12\">Ausgabe<\/span><\/div>\n<\/td>\n<td colspan=\"1\" rowspan=\"1\">\n<div class=\"magic-17\"><span class=\"magic-12\">1500-5000St\u00fcck\/h<\/span><\/div>\n<\/td>\n<\/tr>\n<tr>\n<td colspan=\"1\" rowspan=\"1\">\n<div class=\"magic-16\"><span class=\"magic-12\">Strom<\/span><\/div>\n<\/td>\n<td colspan=\"1\" rowspan=\"1\">\n<div class=\"magic-17\"><span class=\"magic-12\">3kw<\/span><\/div>\n<\/td>\n<\/tr>\n<tr>\n<td colspan=\"1\" rowspan=\"1\">\n<div class=\"magic-16\"><span class=\"magic-12\">Gr\u00f6\u00dfe der Maschine<\/span><\/div>\n<\/td>\n<td colspan=\"1\" rowspan=\"1\">\n<div class=\"magic-17\"><span class=\"magic-12\">1700*580*1170mm<\/span><\/div>\n<\/td>\n<\/tr>\n<tr>\n<td colspan=\"1\" rowspan=\"1\">\n<div class=\"magic-16\"><span class=\"magic-12\">Gewicht<\/span><\/div>\n<\/td>\n<td colspan=\"1\" rowspan=\"1\">\n<div class=\"magic-17\"><span class=\"magic-12\">400kgs<\/span><\/div>\n<\/td>\n<\/tr>\n<tr>\n<td colspan=\"1\" rowspan=\"1\">\n<div class=\"magic-16\"><span class=\"magic-12\">Geschwindigkeit<\/span><\/div>\n<\/td>\n<td colspan=\"1\" rowspan=\"1\">\n<div class=\"magic-17\"><span class=\"magic-12\">Einstellbar<\/span><\/div>\n<\/td>\n<\/tr>\n<\/tbody>\n<\/table>","protected":false},"excerpt":{"rendered":"<p>Product description SSS-PT-200 Full Automatic Arabic Pita Nan Bread Making Machine is a state-of-the-art solution for commercial bakeries and food [&hellip;]<\/p>","protected":false},"featured_media":1383,"template":"","meta":{"_uag_custom_page_level_css":"","_monsterinsights_skip_tracking":false,"_monsterinsights_sitenote_active":false,"_monsterinsights_sitenote_note":"","_monsterinsights_sitenote_category":0,"site-sidebar-layout":"default","site-content-layout":"","ast-site-content-layout":"default","site-content-style":"default","site-sidebar-style":"default","ast-global-header-display":"","ast-banner-title-visibility":"","ast-main-header-display":"","ast-hfb-above-header-display":"","ast-hfb-below-header-display":"","ast-hfb-mobile-header-display":"","site-post-title":"","ast-breadcrumbs-content":"","ast-featured-img":"","footer-sml-layout":"","theme-transparent-header-meta":"default","adv-header-id-meta":"","stick-header-meta":"default","header-above-stick-meta":"","header-main-stick-meta":"","header-below-stick-meta":"","astra-migrate-meta-layouts":"set","ast-page-background-enabled":"default","ast-page-background-meta":{"desktop":{"background-color":"var(--ast-global-color-4)","background-image":"","background-repeat":"repeat","background-position":"center center","background-size":"auto","background-attachment":"scroll","background-type":"","background-media":"","overlay-type":"","overlay-color":"","overlay-opacity":"","overlay-gradient":""},"tablet":{"background-color":"","background-image":"","background-repeat":"repeat","background-position":"center center","background-size":"auto","background-attachment":"scroll","background-type":"","background-media":"","overlay-type":"","overlay-color":"","overlay-opacity":"","overlay-gradient":""},"mobile":{"background-color":"","background-image":"","background-repeat":"repeat","background-position":"center center","background-size":"auto","background-attachment":"scroll","background-type":"","background-media":"","overlay-type":"","overlay-color":"","overlay-opacity":"","overlay-gradient":""}},"ast-content-background-meta":{"desktop":{"background-color":"var(--ast-global-color-5)","background-image":"","background-repeat":"repeat","background-position":"center center","background-size":"auto","background-attachment":"scroll","background-type":"","background-media":"","overlay-type":"","overlay-color":"","overlay-opacity":"","overlay-gradient":""},"tablet":{"background-color":"var(--ast-global-color-5)","background-image":"","background-repeat":"repeat","background-position":"center center","background-size":"auto","background-attachment":"scroll","background-type":"","background-media":"","overlay-type":"","overlay-color":"","overlay-opacity":"","overlay-gradient":""},"mobile":{"background-color":"var(--ast-global-color-5)","background-image":"","background-repeat":"repeat","background-position":"center center","background-size":"auto","background-attachment":"scroll","background-type":"","background-media":"","overlay-type":"","overlay-color":"","overlay-opacity":"","overlay-gradient":""}}},"product_cat":[29,22],"product_tag":[],"yoast_head":"<!-- This site is optimized with the Yoast SEO Premium plugin v22.6 (Yoast SEO v22.6) - https:\/\/yoast.com\/wordpress\/plugins\/seo\/ -->\n<title>SSS-PT-200 Full Automatic Arabic Pita Nan Bread Making Machine - SSS Food Machinery Technology<\/title>\n<meta name=\"robots\" content=\"index, follow, max-snippet:-1, max-image-preview:large, max-video-preview:-1\" \/>\n<link rel=\"canonical\" href=\"https:\/\/sssmachinery.com\/de\/produkt\/sss-pt-200-full-automatic-arabic-pita-nan-bread-making-machine\/\" \/>\n<meta property=\"og:locale\" content=\"de_DE\" \/>\n<meta property=\"og:type\" content=\"article\" \/>\n<meta property=\"og:title\" content=\"SSS-PT-200 Full Automatic Arabic Pita Nan Bread Making Machine\" \/>\n<meta property=\"og:description\" content=\"Product description SSS-PT-200 Full Automatic Arabic Pita Nan Bread Making Machine is a state-of-the-art solution for commercial bakeries and food [&hellip;]\" \/>\n<meta property=\"og:url\" content=\"https:\/\/sssmachinery.com\/de\/produkt\/sss-pt-200-full-automatic-arabic-pita-nan-bread-making-machine\/\" \/>\n<meta property=\"og:site_name\" content=\"SSS Food Machinery Technology\" \/>\n<meta property=\"article:modified_time\" content=\"2024-09-02T03:10:53+00:00\" \/>\n<meta name=\"twitter:card\" content=\"summary_large_image\" \/>\n<meta name=\"twitter:label1\" content=\"Gesch\u00e4tzte Lesezeit\" \/>\n\t<meta name=\"twitter:data1\" content=\"2\u00a0Minuten\" \/>\n<script type=\"application\/ld+json\" class=\"yoast-schema-graph\">{\"@context\":\"https:\/\/schema.org\",\"@graph\":[{\"@type\":\"WebPage\",\"@id\":\"https:\/\/sssmachinery.com\/product\/sss-pt-200-full-automatic-arabic-pita-nan-bread-making-machine\/\",\"url\":\"https:\/\/sssmachinery.com\/product\/sss-pt-200-full-automatic-arabic-pita-nan-bread-making-machine\/\",\"name\":\"SSS-PT-200 Full Automatic Arabic Pita Nan Bread Making Machine - SSS Food Machinery Technology\",\"isPartOf\":{\"@id\":\"https:\/\/sssmachinery.com\/#website\"},\"primaryImageOfPage\":{\"@id\":\"https:\/\/sssmachinery.com\/product\/sss-pt-200-full-automatic-arabic-pita-nan-bread-making-machine\/#primaryimage\"},\"image\":{\"@id\":\"https:\/\/sssmachinery.com\/product\/sss-pt-200-full-automatic-arabic-pita-nan-bread-making-machine\/#primaryimage\"},\"thumbnailUrl\":\"https:\/\/sssmachinery.com\/wp-content\/uploads\/2024\/07\/11.avif\",\"datePublished\":\"2024-07-04T09:19:26+00:00\",\"dateModified\":\"2024-09-02T03:10:53+00:00\",\"breadcrumb\":{\"@id\":\"https:\/\/sssmachinery.com\/product\/sss-pt-200-full-automatic-arabic-pita-nan-bread-making-machine\/#breadcrumb\"},\"inLanguage\":\"de\",\"potentialAction\":[{\"@type\":\"ReadAction\",\"target\":[\"https:\/\/sssmachinery.com\/product\/sss-pt-200-full-automatic-arabic-pita-nan-bread-making-machine\/\"]}]},{\"@type\":\"ImageObject\",\"inLanguage\":\"de\",\"@id\":\"https:\/\/sssmachinery.com\/product\/sss-pt-200-full-automatic-arabic-pita-nan-bread-making-machine\/#primaryimage\",\"url\":\"https:\/\/sssmachinery.com\/wp-content\/uploads\/2024\/07\/11.avif\",\"contentUrl\":\"https:\/\/sssmachinery.com\/wp-content\/uploads\/2024\/07\/11.avif\",\"width\":1000,\"height\":1000,\"caption\":\"Pita making machine\"},{\"@type\":\"BreadcrumbList\",\"@id\":\"https:\/\/sssmachinery.com\/product\/sss-pt-200-full-automatic-arabic-pita-nan-bread-making-machine\/#breadcrumb\",\"itemListElement\":[{\"@type\":\"ListItem\",\"position\":1,\"name\":\"\u9996\u9875\",\"item\":\"https:\/\/sssmachinery.com\/\"},{\"@type\":\"ListItem\",\"position\":2,\"name\":\"Products\",\"item\":\"https:\/\/sssmachinery.com\/products\/\"},{\"@type\":\"ListItem\",\"position\":3,\"name\":\"SSS-PT-200 Full Automatic Arabic Pita Nan Bread Making Machine\"}]},{\"@type\":\"WebSite\",\"@id\":\"https:\/\/sssmachinery.com\/#website\",\"url\":\"https:\/\/sssmachinery.com\/\",\"name\":\"SSS Food Machinery Technology\",\"description\":\"BEST SOLUTIONS FOR TORTILLA MACHINERY\",\"publisher\":{\"@id\":\"https:\/\/sssmachinery.com\/#organization\"},\"potentialAction\":[{\"@type\":\"SearchAction\",\"target\":{\"@type\":\"EntryPoint\",\"urlTemplate\":\"https:\/\/sssmachinery.com\/?s={search_term_string}\"},\"query-input\":\"required name=search_term_string\"}],\"inLanguage\":\"de\"},{\"@type\":\"Organization\",\"@id\":\"https:\/\/sssmachinery.com\/#organization\",\"name\":\"SSS Food Machinery Technology\",\"url\":\"https:\/\/sssmachinery.com\/\",\"logo\":{\"@type\":\"ImageObject\",\"inLanguage\":\"de\",\"@id\":\"https:\/\/sssmachinery.com\/#\/schema\/logo\/image\/\",\"url\":\"https:\/\/sssmachinery.com\/wp-content\/uploads\/2024\/05\/cropped-logo-1.png\",\"contentUrl\":\"https:\/\/sssmachinery.com\/wp-content\/uploads\/2024\/05\/cropped-logo-1.png\",\"width\":512,\"height\":512,\"caption\":\"SSS Food Machinery Technology\"},\"image\":{\"@id\":\"https:\/\/sssmachinery.com\/#\/schema\/logo\/image\/\"}}]}<\/script>\n<!-- \/ Yoast SEO Premium plugin. -->","yoast_head_json":{"title":"SSS-PT-200 Full Automatic Arabic Pita Nan Bread Making Machine - SSS Food Machinery Technology","robots":{"index":"index","follow":"follow","max-snippet":"max-snippet:-1","max-image-preview":"max-image-preview:large","max-video-preview":"max-video-preview:-1"},"canonical":"https:\/\/sssmachinery.com\/de\/produkt\/sss-pt-200-full-automatic-arabic-pita-nan-bread-making-machine\/","og_locale":"de_DE","og_type":"article","og_title":"SSS-PT-200 Full Automatic Arabic Pita Nan Bread Making Machine","og_description":"Product description SSS-PT-200 Full Automatic Arabic Pita Nan Bread Making Machine is a state-of-the-art solution for commercial bakeries and food [&hellip;]","og_url":"https:\/\/sssmachinery.com\/de\/produkt\/sss-pt-200-full-automatic-arabic-pita-nan-bread-making-machine\/","og_site_name":"SSS Food Machinery Technology","article_modified_time":"2024-09-02T03:10:53+00:00","twitter_card":"summary_large_image","twitter_misc":{"Gesch\u00e4tzte Lesezeit":"2\u00a0Minuten"},"schema":{"@context":"https:\/\/schema.org","@graph":[{"@type":"WebPage","@id":"https:\/\/sssmachinery.com\/product\/sss-pt-200-full-automatic-arabic-pita-nan-bread-making-machine\/","url":"https:\/\/sssmachinery.com\/product\/sss-pt-200-full-automatic-arabic-pita-nan-bread-making-machine\/","name":"SSS-PT-200 Full Automatic Arabic Pita Nan Bread Making Machine - SSS Food Machinery Technology","isPartOf":{"@id":"https:\/\/sssmachinery.com\/#website"},"primaryImageOfPage":{"@id":"https:\/\/sssmachinery.com\/product\/sss-pt-200-full-automatic-arabic-pita-nan-bread-making-machine\/#primaryimage"},"image":{"@id":"https:\/\/sssmachinery.com\/product\/sss-pt-200-full-automatic-arabic-pita-nan-bread-making-machine\/#primaryimage"},"thumbnailUrl":"https:\/\/sssmachinery.com\/wp-content\/uploads\/2024\/07\/11.avif","datePublished":"2024-07-04T09:19:26+00:00","dateModified":"2024-09-02T03:10:53+00:00","breadcrumb":{"@id":"https:\/\/sssmachinery.com\/product\/sss-pt-200-full-automatic-arabic-pita-nan-bread-making-machine\/#breadcrumb"},"inLanguage":"de","potentialAction":[{"@type":"ReadAction","target":["https:\/\/sssmachinery.com\/product\/sss-pt-200-full-automatic-arabic-pita-nan-bread-making-machine\/"]}]},{"@type":"ImageObject","inLanguage":"de","@id":"https:\/\/sssmachinery.com\/product\/sss-pt-200-full-automatic-arabic-pita-nan-bread-making-machine\/#primaryimage","url":"https:\/\/sssmachinery.com\/wp-content\/uploads\/2024\/07\/11.avif","contentUrl":"https:\/\/sssmachinery.com\/wp-content\/uploads\/2024\/07\/11.avif","width":1000,"height":1000,"caption":"Pita making machine"},{"@type":"BreadcrumbList","@id":"https:\/\/sssmachinery.com\/product\/sss-pt-200-full-automatic-arabic-pita-nan-bread-making-machine\/#breadcrumb","itemListElement":[{"@type":"ListItem","position":1,"name":"\u9996\u9875","item":"https:\/\/sssmachinery.com\/"},{"@type":"ListItem","position":2,"name":"Products","item":"https:\/\/sssmachinery.com\/products\/"},{"@type":"ListItem","position":3,"name":"SSS-PT-200 Full Automatic Arabic Pita Nan Bread Making Machine"}]},{"@type":"WebSite","@id":"https:\/\/sssmachinery.com\/#website","url":"https:\/\/sssmachinery.com\/","name":"SSS Food Machinery Technology","description":"BEST SOLUTIONS FOR TORTILLA MACHINERY","publisher":{"@id":"https:\/\/sssmachinery.com\/#organization"},"potentialAction":[{"@type":"SearchAction","target":{"@type":"EntryPoint","urlTemplate":"https:\/\/sssmachinery.com\/?s={search_term_string}"},"query-input":"required name=search_term_string"}],"inLanguage":"de"},{"@type":"Organization","@id":"https:\/\/sssmachinery.com\/#organization","name":"SSS Food Machinery Technology","url":"https:\/\/sssmachinery.com\/","logo":{"@type":"ImageObject","inLanguage":"de","@id":"https:\/\/sssmachinery.com\/#\/schema\/logo\/image\/","url":"https:\/\/sssmachinery.com\/wp-content\/uploads\/2024\/05\/cropped-logo-1.png","contentUrl":"https:\/\/sssmachinery.com\/wp-content\/uploads\/2024\/05\/cropped-logo-1.png","width":512,"height":512,"caption":"SSS Food Machinery Technology"},"image":{"@id":"https:\/\/sssmachinery.com\/#\/schema\/logo\/image\/"}}]}},"uagb_featured_image_src":{"full":["https:\/\/sssmachinery.com\/wp-content\/uploads\/2024\/07\/11.avif",1000,1000,false],"thumbnail":["https:\/\/sssmachinery.com\/wp-content\/uploads\/2024\/07\/11-150x150.avif",150,150,true],"medium":["https:\/\/sssmachinery.com\/wp-content\/uploads\/2024\/07\/11-300x300.avif",300,300,true],"medium_large":["https:\/\/sssmachinery.com\/wp-content\/uploads\/2024\/07\/11-768x768.avif",768,768,true],"large":["https:\/\/sssmachinery.com\/wp-content\/uploads\/2024\/07\/11.avif",1000,1000,false],"1536x1536":["https:\/\/sssmachinery.com\/wp-content\/uploads\/2024\/07\/11.avif",1000,1000,false],"2048x2048":["https:\/\/sssmachinery.com\/wp-content\/uploads\/2024\/07\/11.avif",1000,1000,false],"trp-custom-language-flag":["https:\/\/sssmachinery.com\/wp-content\/uploads\/2024\/07\/11-12x12.avif",12,12,true],"woocommerce_thumbnail":["https:\/\/sssmachinery.com\/wp-content\/uploads\/2024\/07\/11-300x300.avif",300,300,true],"woocommerce_single":["https:\/\/sssmachinery.com\/wp-content\/uploads\/2024\/07\/11-600x600.avif",600,600,true],"woocommerce_gallery_thumbnail":["https:\/\/sssmachinery.com\/wp-content\/uploads\/2024\/07\/11-100x100.avif",100,100,true]},"uagb_author_info":{"display_name":"info","author_link":"https:\/\/sssmachinery.com\/de\/author\/"},"uagb_comment_info":0,"uagb_excerpt":"Product description SSS-PT-200 Full Automatic Arabic Pita Nan Bread Making Machine is a state-of-the-art solution for commercial bakeries and food [&hellip;]","_links":{"self":[{"href":"https:\/\/sssmachinery.com\/de\/wp-json\/wp\/v2\/product\/1378"}],"collection":[{"href":"https:\/\/sssmachinery.com\/de\/wp-json\/wp\/v2\/product"}],"about":[{"href":"https:\/\/sssmachinery.com\/de\/wp-json\/wp\/v2\/types\/product"}],"wp:featuredmedia":[{"embeddable":true,"href":"https:\/\/sssmachinery.com\/de\/wp-json\/wp\/v2\/media\/1383"}],"wp:attachment":[{"href":"https:\/\/sssmachinery.com\/de\/wp-json\/wp\/v2\/media?parent=1378"}],"wp:term":[{"taxonomy":"product_cat","embeddable":true,"href":"https:\/\/sssmachinery.com\/de\/wp-json\/wp\/v2\/product_cat?post=1378"},{"taxonomy":"product_tag","embeddable":true,"href":"https:\/\/sssmachinery.com\/de\/wp-json\/wp\/v2\/product_tag?post=1378"}],"curies":[{"name":"wp","href":"https:\/\/api.w.org\/{rel}","templated":true}]}}