{"id":988,"date":"2024-06-05T01:27:23","date_gmt":"2024-06-05T01:27:23","guid":{"rendered":"https:\/\/sssmachinery.com\/?post_type=product&#038;p=988"},"modified":"2024-06-12T02:16:49","modified_gmt":"2024-06-12T02:16:49","slug":"full-automatic-lavash-production-line-high-quality-8000pcs-per-hour-tortilla-making-machine","status":"publish","type":"product","link":"https:\/\/sssmachinery.com\/ar\/product\/full-automatic-lavash-production-line-high-quality-8000pcs-per-hour-tortilla-making-machine\/","title":{"rendered":"\u062e\u0637 \u0625\u0646\u062a\u0627\u062c \u0623\u0648\u062a\u0648\u0645\u0627\u062a\u064a\u0643\u064a \u0643\u0627\u0645\u0644 \u0639\u0627\u0644\u064a \u0627\u0644\u062c\u0648\u062f\u0629 8000 \u0642\u0637\u0639\u0629 \u0641\u064a \u0627\u0644\u0633\u0627\u0639\u0629 \u0622\u0644\u0629 \u0635\u0646\u0639 \u0627\u0644\u062a\u0648\u0631\u062a\u064a\u0644\u0627"},"content":{"rendered":"<h1><span style=\"color: #0000ff;\"><strong>\u0648\u0635\u0641 \u0627\u0644\u0645\u0646\u062a\u062c<\/strong><\/span><\/h1>\n<hr \/>\n<h4><strong>\u0627\u0644\u0645\u064a\u0632\u0627\u062a \u0627\u0644\u0631\u0626\u064a\u0633\u064a\u0629<\/strong><\/h4>\n<p>1) \u0627\u0644\u0646\u0642\u0644 \u0627\u0644\u0623\u0648\u062a\u0648\u0645\u0627\u062a\u064a\u0643\u064a \u0644\u0643\u0631\u0627\u062a \u0627\u0644\u0639\u062c\u064a\u0646 \u0625\u0644\u0649 \u0627\u0644\u062a\u0633\u062e\u064a\u0646 \u0627\u0644\u0647\u064a\u062f\u0631\u0648\u0644\u064a\u0643\u064a \u0644\u062a\u0634\u0643\u064a\u0644 \u0627\u0644\u0643\u0645\u0628\u0631.<br \/>\n2) \u064a\u0642\u0648\u0645 \u0646\u0638\u0627\u0645 \u0627\u0644\u0643\u0628\u0633 \u0627\u0644\u0647\u064a\u062f\u0631\u0648\u0644\u064a\u0643\u064a \u0628\u0627\u0644\u0636\u063a\u0637 \u0628\u0634\u0643\u0644 \u0645\u062b\u0627\u0644\u064a \u0639\u0644\u0649 \u0643\u0631\u0629 \u0627\u0644\u0639\u062c\u064a\u0646 \u0641\u064a \u062c\u0644\u062f \u0627\u0644\u062a\u0648\u0631\u062a\u064a\u0644\u0627.<br \/>\n3) \u0627\u0644\u062d\u0632\u0627\u0645 \u0627\u0644\u0646\u0627\u0642\u0644 \u0644\u0641\u0631\u0646 \u0627\u0644\u062e\u0628\u0632 \u0645\u0635\u0646\u0648\u0639 \u0645\u0646 \u0627\u0644\u062a\u0641\u0644\u0648\u0646 \u0627\u0644\u0630\u064a \u064a\u0645\u0646\u0639 \u0627\u0644\u062a\u0635\u0627\u0642 \u0642\u0634\u0631\u0629 \u0627\u0644\u062a\u0648\u0631\u062a\u064a\u0644\u0627 \u0639\u0644\u0649 \u0627\u0644\u062d\u0632\u0627\u0645 \u0627\u0644\u0646\u0627\u0642\u0644.<br \/>\n4) \u0627\u0644\u0639\u0645\u0644 \u0641\u064a \u0623\u062a\u0645\u062a\u0629 \u0639\u0627\u0644\u064a\u0629 \u0648\u062a\u062b\u0642\u064a\u0641 \u0641\u0643\u0631\u064a\u060c \u0644\u0627 \u062a\u0644\u0648\u062b.<br \/>\n5) 3*6\u0645 \u062e\u0637 \u062a\u0628\u0631\u064a\u062f 3*6\u0645.<\/p>\n<h4><strong>\u0627\u0644\u0623\u062c\u0632\u0627\u0621 \u0627\u0644\u0645\u0643\u0648\u0646\u0629 \u0644\u0643\u0644 \u0645\u0627\u0643\u064a\u0646\u0629 \u0641\u064a \u062e\u0637 \u0625\u0646\u062a\u0627\u062c \u0627\u0644\u062a\u0648\u0631\u062a\u064a\u0644\u0627<\/strong><\/h4>\n<p>1: \u062a\u062a\u0643\u0648\u0646 \u0627\u0644\u0623\u0633\u0637\u0648\u0627\u0646\u0629 \u0645\u0646 \u0645\u0643\u0648\u0646 \u0627\u0644\u062f\u0631\u0641\u0644\u0629 \u0627\u0644\u0623\u0648\u0644\u060c \u0648\u0645\u0643\u0648\u0646 \u0627\u0644\u062f\u0631\u0641\u0644\u0629 \u0627\u0644\u062b\u0627\u0646\u064a\u060c \u0648\u0645\u0643\u0648\u0646 \u0627\u0644\u062f\u0631\u0641\u0644\u0629 \u0627\u0644\u062b\u0627\u0644\u062b\u060c \u0648\u0622\u0644\u064a\u0629 \u0627\u0644\u062f\u0631\u0641\u0644\u0629\u060c \u0648<br \/>\n\u0622\u0644\u064a\u0629 \u0627\u0644\u0646\u0642\u0644.<br \/>\n2: \u064a\u062a\u0643\u0648\u0646 \u0645\u0642\u0633\u0645 \u0627\u0644\u0639\u062c\u064a\u0646 \u0645\u0646 \u0645\u062c\u0645\u0648\u0639\u0629 \u0627\u0644\u0633\u0643\u064a\u0646 \u0648\u0622\u0644\u064a\u0629 \u0627\u0644\u0646\u0642\u0644 \u0648\u062c\u0647\u0627\u0632 \u0627\u0644\u062a\u0642\u0633\u064a\u0645.<br \/>\n3: \u062a\u062a\u0643\u0648\u0646 \u0637\u0627\u0648\u0644\u0629 \u0627\u0644\u0646\u0642\u0644 \u0645\u0646 \u0622\u0644\u064a\u0629 \u0646\u0642\u0644.4: \u062a\u062a\u0643\u0648\u0646 \u0622\u0644\u0629 \u0627\u0644\u0636\u063a\u0637 \u0645\u0646 \u0623\u0644\u0648\u0627\u062d \u062a\u0633\u062e\u064a\u0646 \u0639\u0644\u0648\u064a\u0629 \u0648\u0633\u0641\u0644\u064a\u0629,<br \/>\n\u0627\u0644\u0622\u0644\u064a\u0629 \u0627\u0644\u0647\u064a\u062f\u0631\u0648\u0644\u064a\u0643\u064a\u0629\u060c \u0627\u0644\u062d\u0632\u0627\u0645 \u0627\u0644\u0646\u0627\u0642\u0644 \u0630\u0648 \u062f\u0631\u062c\u0629 \u0627\u0644\u062d\u0631\u0627\u0631\u0629 \u0627\u0644\u0639\u0627\u0644\u064a\u0629 \u0648\u0627\u0644\u0646\u0627\u0642\u0644<br \/>\n\u0627\u0644\u0633\u0644\u0633\u0644\u0629.<br \/>\n4: \u064a\u062a\u0643\u0648\u0646 \u0627\u0644\u0641\u0631\u0646 \u0645\u0646 \u0623\u0646\u0628\u0648\u0628 \u062a\u0633\u062e\u064a\u0646 \u0643\u0647\u0631\u0628\u0627\u0626\u064a \u0648\u0644\u0648\u062d\u0629 \u0633\u0644\u0633\u0644\u0629 \u0648\u0633\u0644\u0633\u0644\u0629 \u0646\u0627\u0642\u0644\u0629.<br \/>\n5: \u064a\u062a\u0643\u0648\u0646 \u0646\u0627\u0642\u0644 \u0627\u0644\u062a\u0628\u0631\u064a\u062f \u0645\u0646 \u0633\u0644\u0633\u0644\u0629 \u062a\u0628\u0631\u064a\u062f\u060c \u0648\u0645\u062d\u0631\u0643 \u0646\u0642\u0644\u060c \u0648\u0645\u0631\u0648\u062d\u0629 \u062a\u0628\u0631\u064a\u062f.<br \/>\n6: \u064a\u062a\u0643\u0648\u0646 \u0645\u0643\u062f\u0633 \u0627\u0644\u0639\u062f\u0627\u062f \u0645\u0646 \u0622\u0644\u064a\u0629 \u0639\u062f \u0643\u0647\u0631\u0648\u0636\u0648\u0626\u064a\u0629 \u0648\u0622\u0644\u064a\u0629 \u0646\u0642\u0644 \u0648\u062c\u0647\u0627\u0632 \u0647\u0648\u0627\u0626\u064a.<\/p>\n<h2><span style=\"color: #0000ff;\">\u0627\u0644\u0645\u0648\u0627\u0635\u0641\u0627\u062a<\/span><\/h2>\n<hr \/>\n<table style=\"height: 229px;\" width=\"1224\">\n<tbody>\n<tr>\n<td width=\"193\"><strong>\u0627\u0644\u0637\u0631\u0627\u0632<\/strong><\/td>\n<td width=\"193\"><strong>SSS-BP-60<\/strong><\/td>\n<\/tr>\n<tr>\n<td width=\"193\"><strong>\u0627\u0644\u0642\u062f\u0631\u0629 \u0627\u0644\u0627\u0633\u062a\u064a\u0639\u0627\u0628\u064a\u0629<\/strong><\/td>\n<td width=\"193\"><strong>2000-3800 \u0642\u0637\u0639\u0629\/\u0633\u0627\u0639\u0629<\/strong><\/td>\n<\/tr>\n<tr>\n<td width=\"193\"><strong>\u0625\u062c\u0645\u0627\u0644\u064a \u0637\u0627\u0642\u0629 \u0627\u0644\u062a\u0634\u063a\u064a\u0644<\/strong><\/td>\n<td width=\"193\"><strong>42.57 \u0643\u064a\u0644\u0648\u0648\u0627\u0637<\/strong><\/td>\n<\/tr>\n<tr>\n<td width=\"193\"><strong>\u0627\u0644\u0628\u064f\u0639\u062f<\/strong><\/td>\n<td width=\"193\"><strong>26000 \u00d7 2030 \u00d7 2030 \u00d7 1915 \u0645\u0645<\/strong><\/td>\n<\/tr>\n<tr>\n<td width=\"193\"><strong>\u0642\u0637\u0631 \u0627\u0644\u0645\u0646\u062a\u062c<\/strong><\/td>\n<td width=\"193\"><strong>\u2264270 \u0645\u0645<\/strong><\/td>\n<\/tr>\n<tr>\n<td width=\"193\"><strong>\u0627\u0633\u062a\u0647\u0644\u0627\u0643 \u0627\u0644\u063a\u0627\u0632<\/strong><\/td>\n<td width=\"193\"><strong>4-14 \u0645\u00b3\/\u0633\u0627\u0639\u0629<\/strong><\/td>\n<\/tr>\n<\/tbody>\n<\/table>","protected":false},"excerpt":{"rendered":"<p>Product description MAIN FEATURES 1) Automatic conveying of dough ball to hydraulic heating forming chember. 2) Hydraulic pressing system perfectly [&hellip;]<\/p>","protected":false},"featured_media":1062,"template":"","meta":{"_uag_custom_page_level_css":"","_monsterinsights_skip_tracking":false,"_monsterinsights_sitenote_active":false,"_monsterinsights_sitenote_note":"","_monsterinsights_sitenote_category":0,"site-sidebar-layout":"default","site-content-layout":"","ast-site-content-layout":"default","site-content-style":"default","site-sidebar-style":"default","ast-global-header-display":"","ast-banner-title-visibility":"","ast-main-header-display":"","ast-hfb-above-header-display":"","ast-hfb-below-header-display":"","ast-hfb-mobile-header-display":"","site-post-title":"","ast-breadcrumbs-content":"","ast-featured-img":"","footer-sml-layout":"","theme-transparent-header-meta":"default","adv-header-id-meta":"","stick-header-meta":"default","header-above-stick-meta":"","header-main-stick-meta":"","header-below-stick-meta":"","astra-migrate-meta-layouts":"set","ast-page-background-enabled":"default","ast-page-background-meta":{"desktop":{"background-color":"var(--ast-global-color-4)","background-image":"","background-repeat":"repeat","background-position":"center center","background-size":"auto","background-attachment":"scroll","background-type":"","background-media":"","overlay-type":"","overlay-color":"","overlay-opacity":"","overlay-gradient":""},"tablet":{"background-color":"","background-image":"","background-repeat":"repeat","background-position":"center center","background-size":"auto","background-attachment":"scroll","background-type":"","background-media":"","overlay-type":"","overlay-color":"","overlay-opacity":"","overlay-gradient":""},"mobile":{"background-color":"","background-image":"","background-repeat":"repeat","background-position":"center center","background-size":"auto","background-attachment":"scroll","background-type":"","background-media":"","overlay-type":"","overlay-color":"","overlay-opacity":"","overlay-gradient":""}},"ast-content-background-meta":{"desktop":{"background-color":"var(--ast-global-color-5)","background-image":"","background-repeat":"repeat","background-position":"center center","background-size":"auto","background-attachment":"scroll","background-type":"","background-media":"","overlay-type":"","overlay-color":"","overlay-opacity":"","overlay-gradient":""},"tablet":{"background-color":"var(--ast-global-color-5)","background-image":"","background-repeat":"repeat","background-position":"center center","background-size":"auto","background-attachment":"scroll","background-type":"","background-media":"","overlay-type":"","overlay-color":"","overlay-opacity":"","overlay-gradient":""},"mobile":{"background-color":"var(--ast-global-color-5)","background-image":"","background-repeat":"repeat","background-position":"center center","background-size":"auto","background-attachment":"scroll","background-type":"","background-media":"","overlay-type":"","overlay-color":"","overlay-opacity":"","overlay-gradient":""}}},"product_cat":[22,28],"product_tag":[],"yoast_head":"<!-- This site is optimized with the Yoast SEO Premium plugin v22.6 (Yoast SEO v22.6) - https:\/\/yoast.com\/wordpress\/plugins\/seo\/ -->\n<title>Full automatic production line high quality 8000pcs per hour tortilla making machine - SSS Food Machinery Technology<\/title>\n<meta name=\"description\" content=\"Fully automatic tortilla making machine. this machine ensures consistent quality and efficiency. Get a factory-direct price on this performing equipment .\" \/>\n<meta name=\"robots\" content=\"index, follow, max-snippet:-1, max-image-preview:large, max-video-preview:-1\" \/>\n<link rel=\"canonical\" href=\"https:\/\/sssmachinery.com\/ar\/product\/full-automatic-lavash-production-line-high-quality-8000pcs-per-hour-tortilla-making-machine\/\" \/>\n<meta property=\"og:locale\" content=\"ar_AR\" \/>\n<meta property=\"og:type\" content=\"article\" \/>\n<meta property=\"og:title\" content=\"Full automatic production line high quality 8000pcs per hour tortilla making machine\" \/>\n<meta property=\"og:description\" content=\"Fully automatic tortilla making machine. this machine ensures consistent quality and efficiency. Get a factory-direct price on this performing equipment .\" \/>\n<meta property=\"og:url\" content=\"https:\/\/sssmachinery.com\/ar\/product\/full-automatic-lavash-production-line-high-quality-8000pcs-per-hour-tortilla-making-machine\/\" \/>\n<meta property=\"og:site_name\" content=\"SSS Food Machinery Technology\" \/>\n<meta property=\"article:modified_time\" content=\"2024-06-12T02:16:49+00:00\" \/>\n<meta property=\"og:image\" content=\"https:\/\/sssmachinery.com\/wp-content\/uploads\/2024\/06\/IMG_0064-1.jpg\" \/>\n\t<meta property=\"og:image:width\" content=\"750\" \/>\n\t<meta property=\"og:image:height\" content=\"750\" \/>\n\t<meta property=\"og:image:type\" content=\"image\/jpeg\" \/>\n<meta name=\"twitter:card\" content=\"summary_large_image\" \/>\n<meta name=\"twitter:label1\" content=\"\u0648\u0642\u062a \u0627\u0644\u0642\u0631\u0627\u0621\u0629 \u0627\u0644\u0645\u064f\u0642\u062f\u0651\u0631\" \/>\n\t<meta name=\"twitter:data1\" content=\"\u062f\u0642\u064a\u0642\u062a\u0627\u0646\" \/>\n<script type=\"application\/ld+json\" class=\"yoast-schema-graph\">{\"@context\":\"https:\/\/schema.org\",\"@graph\":[{\"@type\":\"WebPage\",\"@id\":\"https:\/\/sssmachinery.com\/product\/full-automatic-lavash-production-line-high-quality-8000pcs-per-hour-tortilla-making-machine\/\",\"url\":\"https:\/\/sssmachinery.com\/product\/full-automatic-lavash-production-line-high-quality-8000pcs-per-hour-tortilla-making-machine\/\",\"name\":\"Full automatic production line high quality 8000pcs per hour tortilla making machine - SSS Food Machinery Technology\",\"isPartOf\":{\"@id\":\"https:\/\/sssmachinery.com\/#website\"},\"primaryImageOfPage\":{\"@id\":\"https:\/\/sssmachinery.com\/product\/full-automatic-lavash-production-line-high-quality-8000pcs-per-hour-tortilla-making-machine\/#primaryimage\"},\"image\":{\"@id\":\"https:\/\/sssmachinery.com\/product\/full-automatic-lavash-production-line-high-quality-8000pcs-per-hour-tortilla-making-machine\/#primaryimage\"},\"thumbnailUrl\":\"https:\/\/sssmachinery.com\/wp-content\/uploads\/2024\/06\/IMG_0064-1.jpg\",\"datePublished\":\"2024-06-05T01:27:23+00:00\",\"dateModified\":\"2024-06-12T02:16:49+00:00\",\"description\":\"Fully automatic tortilla making machine. this machine ensures consistent quality and efficiency. Get a factory-direct price on this performing equipment .\",\"breadcrumb\":{\"@id\":\"https:\/\/sssmachinery.com\/product\/full-automatic-lavash-production-line-high-quality-8000pcs-per-hour-tortilla-making-machine\/#breadcrumb\"},\"inLanguage\":\"ar\",\"potentialAction\":[{\"@type\":\"ReadAction\",\"target\":[\"https:\/\/sssmachinery.com\/product\/full-automatic-lavash-production-line-high-quality-8000pcs-per-hour-tortilla-making-machine\/\"]}]},{\"@type\":\"ImageObject\",\"inLanguage\":\"ar\",\"@id\":\"https:\/\/sssmachinery.com\/product\/full-automatic-lavash-production-line-high-quality-8000pcs-per-hour-tortilla-making-machine\/#primaryimage\",\"url\":\"https:\/\/sssmachinery.com\/wp-content\/uploads\/2024\/06\/IMG_0064-1.jpg\",\"contentUrl\":\"https:\/\/sssmachinery.com\/wp-content\/uploads\/2024\/06\/IMG_0064-1.jpg\",\"width\":750,\"height\":750,\"caption\":\"Tortilla Machine Production line\"},{\"@type\":\"BreadcrumbList\",\"@id\":\"https:\/\/sssmachinery.com\/product\/full-automatic-lavash-production-line-high-quality-8000pcs-per-hour-tortilla-making-machine\/#breadcrumb\",\"itemListElement\":[{\"@type\":\"ListItem\",\"position\":1,\"name\":\"\u9996\u9875\",\"item\":\"https:\/\/sssmachinery.com\/\"},{\"@type\":\"ListItem\",\"position\":2,\"name\":\"Products\",\"item\":\"https:\/\/sssmachinery.com\/products\/\"},{\"@type\":\"ListItem\",\"position\":3,\"name\":\"Full automatic production line high quality 8000pcs per hour tortilla making machine\"}]},{\"@type\":\"WebSite\",\"@id\":\"https:\/\/sssmachinery.com\/#website\",\"url\":\"https:\/\/sssmachinery.com\/\",\"name\":\"SSS Food Machinery Technology\",\"description\":\"BEST SOLUTIONS FOR TORTILLA MACHINERY\",\"publisher\":{\"@id\":\"https:\/\/sssmachinery.com\/#organization\"},\"potentialAction\":[{\"@type\":\"SearchAction\",\"target\":{\"@type\":\"EntryPoint\",\"urlTemplate\":\"https:\/\/sssmachinery.com\/?s={search_term_string}\"},\"query-input\":\"required name=search_term_string\"}],\"inLanguage\":\"ar\"},{\"@type\":\"Organization\",\"@id\":\"https:\/\/sssmachinery.com\/#organization\",\"name\":\"SSS Food Machinery Technology\",\"url\":\"https:\/\/sssmachinery.com\/\",\"logo\":{\"@type\":\"ImageObject\",\"inLanguage\":\"ar\",\"@id\":\"https:\/\/sssmachinery.com\/#\/schema\/logo\/image\/\",\"url\":\"https:\/\/sssmachinery.com\/wp-content\/uploads\/2024\/05\/cropped-logo-1.png\",\"contentUrl\":\"https:\/\/sssmachinery.com\/wp-content\/uploads\/2024\/05\/cropped-logo-1.png\",\"width\":512,\"height\":512,\"caption\":\"SSS Food Machinery Technology\"},\"image\":{\"@id\":\"https:\/\/sssmachinery.com\/#\/schema\/logo\/image\/\"}}]}<\/script>\n<!-- \/ Yoast SEO Premium plugin. -->","yoast_head_json":{"title":"Full automatic production line high quality 8000pcs per hour tortilla making machine - SSS Food Machinery Technology","description":"Fully automatic tortilla making machine. this machine ensures consistent quality and efficiency. Get a factory-direct price on this performing equipment .","robots":{"index":"index","follow":"follow","max-snippet":"max-snippet:-1","max-image-preview":"max-image-preview:large","max-video-preview":"max-video-preview:-1"},"canonical":"https:\/\/sssmachinery.com\/ar\/product\/full-automatic-lavash-production-line-high-quality-8000pcs-per-hour-tortilla-making-machine\/","og_locale":"ar_AR","og_type":"article","og_title":"Full automatic production line high quality 8000pcs per hour tortilla making machine","og_description":"Fully automatic tortilla making machine. this machine ensures consistent quality and efficiency. Get a factory-direct price on this performing equipment .","og_url":"https:\/\/sssmachinery.com\/ar\/product\/full-automatic-lavash-production-line-high-quality-8000pcs-per-hour-tortilla-making-machine\/","og_site_name":"SSS Food Machinery Technology","article_modified_time":"2024-06-12T02:16:49+00:00","og_image":[{"width":750,"height":750,"url":"https:\/\/sssmachinery.com\/wp-content\/uploads\/2024\/06\/IMG_0064-1.jpg","type":"image\/jpeg"}],"twitter_card":"summary_large_image","twitter_misc":{"\u0648\u0642\u062a \u0627\u0644\u0642\u0631\u0627\u0621\u0629 \u0627\u0644\u0645\u064f\u0642\u062f\u0651\u0631":"\u062f\u0642\u064a\u0642\u062a\u0627\u0646"},"schema":{"@context":"https:\/\/schema.org","@graph":[{"@type":"WebPage","@id":"https:\/\/sssmachinery.com\/product\/full-automatic-lavash-production-line-high-quality-8000pcs-per-hour-tortilla-making-machine\/","url":"https:\/\/sssmachinery.com\/product\/full-automatic-lavash-production-line-high-quality-8000pcs-per-hour-tortilla-making-machine\/","name":"Full automatic production line high quality 8000pcs per hour tortilla making machine - SSS Food Machinery Technology","isPartOf":{"@id":"https:\/\/sssmachinery.com\/#website"},"primaryImageOfPage":{"@id":"https:\/\/sssmachinery.com\/product\/full-automatic-lavash-production-line-high-quality-8000pcs-per-hour-tortilla-making-machine\/#primaryimage"},"image":{"@id":"https:\/\/sssmachinery.com\/product\/full-automatic-lavash-production-line-high-quality-8000pcs-per-hour-tortilla-making-machine\/#primaryimage"},"thumbnailUrl":"https:\/\/sssmachinery.com\/wp-content\/uploads\/2024\/06\/IMG_0064-1.jpg","datePublished":"2024-06-05T01:27:23+00:00","dateModified":"2024-06-12T02:16:49+00:00","description":"Fully automatic tortilla making machine. this machine ensures consistent quality and efficiency. Get a factory-direct price on this performing equipment .","breadcrumb":{"@id":"https:\/\/sssmachinery.com\/product\/full-automatic-lavash-production-line-high-quality-8000pcs-per-hour-tortilla-making-machine\/#breadcrumb"},"inLanguage":"ar","potentialAction":[{"@type":"ReadAction","target":["https:\/\/sssmachinery.com\/product\/full-automatic-lavash-production-line-high-quality-8000pcs-per-hour-tortilla-making-machine\/"]}]},{"@type":"ImageObject","inLanguage":"ar","@id":"https:\/\/sssmachinery.com\/product\/full-automatic-lavash-production-line-high-quality-8000pcs-per-hour-tortilla-making-machine\/#primaryimage","url":"https:\/\/sssmachinery.com\/wp-content\/uploads\/2024\/06\/IMG_0064-1.jpg","contentUrl":"https:\/\/sssmachinery.com\/wp-content\/uploads\/2024\/06\/IMG_0064-1.jpg","width":750,"height":750,"caption":"Tortilla Machine Production line"},{"@type":"BreadcrumbList","@id":"https:\/\/sssmachinery.com\/product\/full-automatic-lavash-production-line-high-quality-8000pcs-per-hour-tortilla-making-machine\/#breadcrumb","itemListElement":[{"@type":"ListItem","position":1,"name":"\u9996\u9875","item":"https:\/\/sssmachinery.com\/"},{"@type":"ListItem","position":2,"name":"Products","item":"https:\/\/sssmachinery.com\/products\/"},{"@type":"ListItem","position":3,"name":"Full automatic production line high quality 8000pcs per hour tortilla making machine"}]},{"@type":"WebSite","@id":"https:\/\/sssmachinery.com\/#website","url":"https:\/\/sssmachinery.com\/","name":"SSS Food Machinery Technology","description":"BEST SOLUTIONS FOR TORTILLA MACHINERY","publisher":{"@id":"https:\/\/sssmachinery.com\/#organization"},"potentialAction":[{"@type":"SearchAction","target":{"@type":"EntryPoint","urlTemplate":"https:\/\/sssmachinery.com\/?s={search_term_string}"},"query-input":"required name=search_term_string"}],"inLanguage":"ar"},{"@type":"Organization","@id":"https:\/\/sssmachinery.com\/#organization","name":"SSS Food Machinery Technology","url":"https:\/\/sssmachinery.com\/","logo":{"@type":"ImageObject","inLanguage":"ar","@id":"https:\/\/sssmachinery.com\/#\/schema\/logo\/image\/","url":"https:\/\/sssmachinery.com\/wp-content\/uploads\/2024\/05\/cropped-logo-1.png","contentUrl":"https:\/\/sssmachinery.com\/wp-content\/uploads\/2024\/05\/cropped-logo-1.png","width":512,"height":512,"caption":"SSS Food Machinery Technology"},"image":{"@id":"https:\/\/sssmachinery.com\/#\/schema\/logo\/image\/"}}]}},"uagb_featured_image_src":{"full":["https:\/\/sssmachinery.com\/wp-content\/uploads\/2024\/06\/IMG_0064-1.jpg",750,750,false],"thumbnail":["https:\/\/sssmachinery.com\/wp-content\/uploads\/2024\/06\/IMG_0064-1-150x150.jpg",150,150,true],"medium":["https:\/\/sssmachinery.com\/wp-content\/uploads\/2024\/06\/IMG_0064-1-300x300.jpg",300,300,true],"medium_large":["https:\/\/sssmachinery.com\/wp-content\/uploads\/2024\/06\/IMG_0064-1.jpg",750,750,false],"large":["https:\/\/sssmachinery.com\/wp-content\/uploads\/2024\/06\/IMG_0064-1.jpg",750,750,false],"1536x1536":["https:\/\/sssmachinery.com\/wp-content\/uploads\/2024\/06\/IMG_0064-1.jpg",750,750,false],"2048x2048":["https:\/\/sssmachinery.com\/wp-content\/uploads\/2024\/06\/IMG_0064-1.jpg",750,750,false],"trp-custom-language-flag":["https:\/\/sssmachinery.com\/wp-content\/uploads\/2024\/06\/IMG_0064-1.jpg",12,12,false],"woocommerce_thumbnail":["https:\/\/sssmachinery.com\/wp-content\/uploads\/2024\/06\/IMG_0064-1-300x300.jpg",300,300,true],"woocommerce_single":["https:\/\/sssmachinery.com\/wp-content\/uploads\/2024\/06\/IMG_0064-1-600x600.jpg",600,600,true],"woocommerce_gallery_thumbnail":["https:\/\/sssmachinery.com\/wp-content\/uploads\/2024\/06\/IMG_0064-1-100x100.jpg",100,100,true]},"uagb_author_info":{"display_name":"info","author_link":"https:\/\/sssmachinery.com\/ar\/author\/"},"uagb_comment_info":0,"uagb_excerpt":"Product description MAIN FEATURES 1) Automatic conveying of dough ball to hydraulic heating forming chember. 2) Hydraulic pressing system perfectly [&hellip;]","_links":{"self":[{"href":"https:\/\/sssmachinery.com\/ar\/wp-json\/wp\/v2\/product\/988"}],"collection":[{"href":"https:\/\/sssmachinery.com\/ar\/wp-json\/wp\/v2\/product"}],"about":[{"href":"https:\/\/sssmachinery.com\/ar\/wp-json\/wp\/v2\/types\/product"}],"wp:featuredmedia":[{"embeddable":true,"href":"https:\/\/sssmachinery.com\/ar\/wp-json\/wp\/v2\/media\/1062"}],"wp:attachment":[{"href":"https:\/\/sssmachinery.com\/ar\/wp-json\/wp\/v2\/media?parent=988"}],"wp:term":[{"taxonomy":"product_cat","embeddable":true,"href":"https:\/\/sssmachinery.com\/ar\/wp-json\/wp\/v2\/product_cat?post=988"},{"taxonomy":"product_tag","embeddable":true,"href":"https:\/\/sssmachinery.com\/ar\/wp-json\/wp\/v2\/product_tag?post=988"}],"curies":[{"name":"wp","href":"https:\/\/api.w.org\/{rel}","templated":true}]}}